{"id":9811,"date":"2019-08-27T12:02:11","date_gmt":"2019-08-27T16:02:11","guid":{"rendered":"https:\/\/thebasie.org\/?page_id=9811"},"modified":"2020-05-27T11:33:30","modified_gmt":"2020-05-27T15:33:30","slug":"clases-generos","status":"publish","type":"page","link":"https:\/\/thebasie.org\/es\/clases-generos\/","title":{"rendered":"Clases \u2013 G\u00e9neros"},"content":{"rendered":"<div class=\"nav-paa\" style=\"text-align: center; font-family: 'Montserrat'; font-weight: bold; margin: 30px;\">\n<p><img loading=\"lazy\" decoding=\"async\" class=\"alignnone size-full wp-image-10486\" src=\"https:\/\/thebasie.org\/wp-content\/uploads\/2019\/11\/performing-arts.jpg\" alt=\"\" width=\"1800\" height=\"157\" srcset=\"https:\/\/thebasie.org\/wp-content\/uploads\/2019\/11\/performing-arts.jpg 1800w, https:\/\/thebasie.org\/wp-content\/uploads\/2019\/11\/performing-arts-300x26.jpg 300w, https:\/\/thebasie.org\/wp-content\/uploads\/2019\/11\/performing-arts-768x67.jpg 768w, https:\/\/thebasie.org\/wp-content\/uploads\/2019\/11\/performing-arts-1024x89.jpg 1024w\" sizes=\"auto, (max-width: 1800px) 100vw, 1800px\" \/><a href=\"https:\/\/thebasie.org\/es\/clases-generos\/#acting\">INTERINO<\/a>\u00a0\u2022 <a href=\"#musical-theatre-broadway\">TEATRO MUSICAL \/ BROADWAY<\/a> \u2022 <a href=\"#tv-and-film\">TV Y CINE<\/a> \u2022 <a href=\"#dance\">DANZA Y MOVIMIENTO<\/a> \u2022 <a href=\"#backstage\">ENTRE BASTIDORES Y DETR\u00c1S DE ESCENAS<\/a> \u2022 <a href=\"#visual-arts\">ARTES VISUALES<\/a> \u00a0<a href=\"#family-fun\">DIVERSI\u00d3N FAMILIAR<\/a> \u2022 <a href=\"#weekend-workshops\">TALLERES DE FIN DE SEMANA<\/a> \u2022 <a href=\"#private-instruction\">INSTRUCCI\u00d3N PRIVADA<\/a> \u2022 <a href=\"#masterclasses\">CLASES MAESTRAS<\/a> \u2022 <a href=\"#ongoing-classes\">CLASES CONTINUAS<\/a><\/p>\n<p>&nbsp;<\/p>\n<p><span style=\"font-size: 24pt;\"><img loading=\"lazy\" decoding=\"async\" class=\"alignnone size-full wp-image-10487\" src=\"https:\/\/thebasie.org\/wp-content\/uploads\/2019\/11\/music.jpg\" alt=\"\" width=\"1800\" height=\"157\" srcset=\"https:\/\/thebasie.org\/wp-content\/uploads\/2019\/11\/music.jpg 1800w, https:\/\/thebasie.org\/wp-content\/uploads\/2019\/11\/music-300x26.jpg 300w, https:\/\/thebasie.org\/wp-content\/uploads\/2019\/11\/music-768x67.jpg 768w, https:\/\/thebasie.org\/wp-content\/uploads\/2019\/11\/music-1024x89.jpg 1024w\" sizes=\"auto, (max-width: 1800px) 100vw, 1800px\" \/><br \/>\n<\/span><\/p>\n<p><a href=\"#music-for-beginners\">M\u00daSICOS PRINCIPIANTES<\/a> \u2022 <a href=\"#music-for-developing-musicians\">\u00a0M\u00daSICOS EN DESARROLLO<\/a> \u2022 <a href=\"#programs-for-advanced-musicians\">M\u00daSICOS AVANZADOS<\/a> \u2022 <a href=\"#music-programs-adults\">ADULTOS<\/a> \u2022 <a href=\"#vocal\">VOCAL<\/a><br \/>\n<a href=\"#private-music-instruction\">CLASES PRIVADAS DE M\u00daSICA<\/a> \u2022 <a href=\"#masterclasses\">CLASES MAESTRAS<\/a> \u2022 <a href=\"#ongoing-music-classes\">CLASES CONTINUAS<\/a><\/p>\n<\/div>","protected":false},"excerpt":{"rendered":"<p>ACTUACI\u00d3N \u2022 TEATRO MUSICAL \/ BROADWAY \u2022 TV Y CINE \u2022 BAILE Y MOVIMIENTO \u2022 BACKSTAGE Y DETR\u00c1S DE ESCENAS \u2022 ARTES VISUALES DIVERSI\u00d3N FAMILIAR \u2022 TALLERES DE FIN DE SEMANA \u2022 INSTRUCCI\u00d3N PRIVADA \u2022 MASTERCLASSES \u2022 CLASES CONTINUAS M\u00daSICOS PRINCIPIANTES \u2022 M\u00daSICOS EN DESARROLLO \u2022 M\u00daSICOS AVANZADOS \u2022 ADULTOS \u2022 M\u00daSICA VOCAL PRIVADA LECCIONES \u2022 MASTERCLASSES \u2022 CONTINUAS [\u2026]<\/p>","protected":false},"author":1,"featured_media":0,"parent":0,"menu_order":0,"comment_status":"closed","ping_status":"closed","template":"template-classes-genres.php","meta":{"_acf_changed":false,"footnotes":""},"class_list":["post-9811","page","type-page","status-publish","hentry"],"acf":[],"yoast_head":"<!-- This site is optimized with the Yoast SEO Premium plugin v26.7 (Yoast SEO v26.7) - https:\/\/yoast.com\/wordpress\/plugins\/seo\/ -->\n<title>Count Basie Center Performing Arts Academy - Red Bank, NJ<\/title>\n<meta name=\"description\" content=\"Performing Arts, Vocals, Musical Theatre, Acting for Commercials Television + Film, Broadway, Rock Jazz and Classical Music Instruction, Private Instruction\" \/>\n<meta name=\"robots\" content=\"index, follow, max-snippet:-1, max-image-preview:large, max-video-preview:-1\" \/>\n<link rel=\"canonical\" href=\"https:\/\/thebasie.org\/es\/clases-generos\/\" \/>\n<meta property=\"og:locale\" content=\"es_MX\" \/>\n<meta property=\"og:type\" content=\"article\" \/>\n<meta property=\"og:title\" content=\"Registrations Open: Fall &#039;19 at the Basie Center Academy\" \/>\n<meta property=\"og:description\" content=\"Performing Arts, Vocals, Musical Theatre, Acting for Commercials Television + Film, Broadway, Rock Jazz and Classical Music Instruction, Private Instruction\" \/>\n<meta property=\"og:url\" content=\"https:\/\/thebasie.org\/es\/clases-generos\/\" \/>\n<meta property=\"og:site_name\" content=\"Count Basie Center for the Arts\" \/>\n<meta property=\"article:publisher\" content=\"http:\/\/www.facebook.com\/basiecenter\" \/>\n<meta property=\"article:modified_time\" content=\"2020-05-27T15:33:30+00:00\" \/>\n<meta property=\"og:image\" content=\"https:\/\/thebasie.org\/wp-content\/uploads\/2019\/08\/PAA-1-Fall-2019-FACEBOOK-1200x630.jpg\" \/>\n\t<meta property=\"og:image:width\" content=\"1200\" \/>\n\t<meta property=\"og:image:height\" content=\"630\" \/>\n\t<meta property=\"og:image:type\" content=\"image\/jpeg\" \/>\n<meta name=\"twitter:card\" content=\"summary_large_image\" \/>\n<meta name=\"twitter:title\" content=\"Classes - Genres\" \/>\n<meta name=\"twitter:site\" content=\"@basiecenter\" \/>\n<script type=\"application\/ld+json\" class=\"yoast-schema-graph\">{\"@context\":\"https:\/\/schema.org\",\"@graph\":[{\"@type\":\"WebPage\",\"@id\":\"https:\/\/thebasie.org\/classes-genres\/\",\"url\":\"https:\/\/thebasie.org\/classes-genres\/\",\"name\":\"Count Basie Center Performing Arts Academy - Red Bank, NJ\",\"isPartOf\":{\"@id\":\"https:\/\/thebasie.org\/#website\"},\"primaryImageOfPage\":{\"@id\":\"https:\/\/thebasie.org\/classes-genres\/#primaryimage\"},\"image\":{\"@id\":\"https:\/\/thebasie.org\/classes-genres\/#primaryimage\"},\"thumbnailUrl\":\"https:\/\/thebasie.org\/wp-content\/uploads\/2019\/11\/performing-arts.jpg\",\"datePublished\":\"2019-08-27T16:02:11+00:00\",\"dateModified\":\"2020-05-27T15:33:30+00:00\",\"description\":\"Performing Arts, Vocals, Musical Theatre, Acting for Commercials Television + Film, Broadway, Rock Jazz and Classical Music Instruction, Private Instruction\",\"breadcrumb\":{\"@id\":\"https:\/\/thebasie.org\/classes-genres\/#breadcrumb\"},\"inLanguage\":\"es\",\"potentialAction\":[{\"@type\":\"ReadAction\",\"target\":[\"https:\/\/thebasie.org\/classes-genres\/\"]}]},{\"@type\":\"ImageObject\",\"inLanguage\":\"es\",\"@id\":\"https:\/\/thebasie.org\/classes-genres\/#primaryimage\",\"url\":\"https:\/\/thebasie.org\/wp-content\/uploads\/2019\/11\/performing-arts.jpg\",\"contentUrl\":\"https:\/\/thebasie.org\/wp-content\/uploads\/2019\/11\/performing-arts.jpg\"},{\"@type\":\"BreadcrumbList\",\"@id\":\"https:\/\/thebasie.org\/classes-genres\/#breadcrumb\",\"itemListElement\":[{\"@type\":\"ListItem\",\"position\":1,\"name\":\"Home\",\"item\":\"https:\/\/thebasie.org\/\"},{\"@type\":\"ListItem\",\"position\":2,\"name\":\"Classes &#8211; Genres\"}]},{\"@type\":\"WebSite\",\"@id\":\"https:\/\/thebasie.org\/#website\",\"url\":\"https:\/\/thebasie.org\/\",\"name\":\"Count Basie Center for the Arts\",\"description\":\"Count Basie Center for the Arts\",\"potentialAction\":[{\"@type\":\"SearchAction\",\"target\":{\"@type\":\"EntryPoint\",\"urlTemplate\":\"https:\/\/thebasie.org\/?s={search_term_string}\"},\"query-input\":{\"@type\":\"PropertyValueSpecification\",\"valueRequired\":true,\"valueName\":\"search_term_string\"}}],\"inLanguage\":\"es\"}]}<\/script>\n<!-- \/ Yoast SEO Premium plugin. -->","yoast_head_json":{"title":"Academia de artes esc\u00e9nicas Count Basie Center - Red Bank, NJ","description":"Artes esc\u00e9nicas, voz, teatro musical, actuaci\u00f3n para comerciales, televisi\u00f3n y cine, Broadway, instrucci\u00f3n de rock, jazz y m\u00fasica cl\u00e1sica, instrucci\u00f3n privada","robots":{"index":"index","follow":"follow","max-snippet":"max-snippet:-1","max-image-preview":"max-image-preview:large","max-video-preview":"max-video-preview:-1"},"canonical":"https:\/\/thebasie.org\/es\/clases-generos\/","og_locale":"es_MX","og_type":"article","og_title":"Registrations Open: Fall '19 at the Basie Center Academy","og_description":"Performing Arts, Vocals, Musical Theatre, Acting for Commercials Television + Film, Broadway, Rock Jazz and Classical Music Instruction, Private Instruction","og_url":"https:\/\/thebasie.org\/es\/clases-generos\/","og_site_name":"Count Basie Center for the Arts","article_publisher":"http:\/\/www.facebook.com\/basiecenter","article_modified_time":"2020-05-27T15:33:30+00:00","og_image":[{"width":1200,"height":630,"url":"https:\/\/thebasie.org\/wp-content\/uploads\/2019\/08\/PAA-1-Fall-2019-FACEBOOK-1200x630.jpg","type":"image\/jpeg"}],"twitter_card":"summary_large_image","twitter_title":"Classes - Genres","twitter_site":"@basiecenter","schema":{"@context":"https:\/\/schema.org","@graph":[{"@type":"WebPage","@id":"https:\/\/thebasie.org\/classes-genres\/","url":"https:\/\/thebasie.org\/classes-genres\/","name":"Academia de artes esc\u00e9nicas Count Basie Center - Red Bank, NJ","isPartOf":{"@id":"https:\/\/thebasie.org\/#website"},"primaryImageOfPage":{"@id":"https:\/\/thebasie.org\/classes-genres\/#primaryimage"},"image":{"@id":"https:\/\/thebasie.org\/classes-genres\/#primaryimage"},"thumbnailUrl":"https:\/\/thebasie.org\/wp-content\/uploads\/2019\/11\/performing-arts.jpg","datePublished":"2019-08-27T16:02:11+00:00","dateModified":"2020-05-27T15:33:30+00:00","description":"Artes esc\u00e9nicas, voz, teatro musical, actuaci\u00f3n para comerciales, televisi\u00f3n y cine, Broadway, instrucci\u00f3n de rock, jazz y m\u00fasica cl\u00e1sica, instrucci\u00f3n privada","breadcrumb":{"@id":"https:\/\/thebasie.org\/classes-genres\/#breadcrumb"},"inLanguage":"es","potentialAction":[{"@type":"ReadAction","target":["https:\/\/thebasie.org\/classes-genres\/"]}]},{"@type":"ImageObject","inLanguage":"es","@id":"https:\/\/thebasie.org\/classes-genres\/#primaryimage","url":"https:\/\/thebasie.org\/wp-content\/uploads\/2019\/11\/performing-arts.jpg","contentUrl":"https:\/\/thebasie.org\/wp-content\/uploads\/2019\/11\/performing-arts.jpg"},{"@type":"BreadcrumbList","@id":"https:\/\/thebasie.org\/classes-genres\/#breadcrumb","itemListElement":[{"@type":"ListItem","position":1,"name":"Home","item":"https:\/\/thebasie.org\/"},{"@type":"ListItem","position":2,"name":"Classes &#8211; Genres"}]},{"@type":"WebSite","@id":"https:\/\/thebasie.org\/#website","url":"https:\/\/thebasie.org\/","name":"Count Basie Center for the Arts","description":"Count Basie Center for the Arts","potentialAction":[{"@type":"SearchAction","target":{"@type":"EntryPoint","urlTemplate":"https:\/\/thebasie.org\/?s={search_term_string}"},"query-input":{"@type":"PropertyValueSpecification","valueRequired":true,"valueName":"search_term_string"}}],"inLanguage":"es"}]}},"_links":{"self":[{"href":"https:\/\/thebasie.org\/es\/wp-json\/wp\/v2\/pages\/9811","targetHints":{"allow":["GET"]}}],"collection":[{"href":"https:\/\/thebasie.org\/es\/wp-json\/wp\/v2\/pages"}],"about":[{"href":"https:\/\/thebasie.org\/es\/wp-json\/wp\/v2\/types\/page"}],"author":[{"embeddable":true,"href":"https:\/\/thebasie.org\/es\/wp-json\/wp\/v2\/users\/1"}],"replies":[{"embeddable":true,"href":"https:\/\/thebasie.org\/es\/wp-json\/wp\/v2\/comments?post=9811"}],"version-history":[{"count":0,"href":"https:\/\/thebasie.org\/es\/wp-json\/wp\/v2\/pages\/9811\/revisions"}],"wp:attachment":[{"href":"https:\/\/thebasie.org\/es\/wp-json\/wp\/v2\/media?parent=9811"}],"curies":[{"name":"Gracias","href":"https:\/\/api.w.org\/{rel}","templated":true}]}}