{"id":9787,"date":"2019-08-22T12:48:49","date_gmt":"2019-08-22T16:48:49","guid":{"rendered":"https:\/\/thebasie.org\/?page_id=9787"},"modified":"2023-03-29T18:04:16","modified_gmt":"2023-03-29T22:04:16","slug":"patio-de-juegos","status":"publish","type":"page","link":"https:\/\/thebasie.org\/es\/patio-de-juegos\/","title":{"rendered":"Parque de actores"},"content":{"rendered":"<p><img loading=\"lazy\" decoding=\"async\" class=\"alignnone wp-image-9788 size-full\" src=\"https:\/\/thebasie.org\/wp-content\/uploads\/2019\/08\/Commercial-Agents-Showcase-Header-2.jpg\" alt=\"\" width=\"1240\" height=\"482\" srcset=\"https:\/\/thebasie.org\/wp-content\/uploads\/2019\/08\/Commercial-Agents-Showcase-Header-2.jpg 1240w, https:\/\/thebasie.org\/wp-content\/uploads\/2019\/08\/Commercial-Agents-Showcase-Header-2-300x117.jpg 300w, https:\/\/thebasie.org\/wp-content\/uploads\/2019\/08\/Commercial-Agents-Showcase-Header-2-768x299.jpg 768w, https:\/\/thebasie.org\/wp-content\/uploads\/2019\/08\/Commercial-Agents-Showcase-Header-2-1024x398.jpg 1024w\" sizes=\"auto, (max-width: 1240px) 100vw, 1240px\" \/><\/p>\n<div class=\"basiepromo\">\n<div class=\"basiepromolistingclass\">\n<h1 class=\"title-paa\">Zona de juegos para actores en la Academia Basie<\/h1>\n<p>\u00a1La famosa Escuela de Teatro Actors Playground de Freehold uni\u00f3 fuerzas con la Academia de las Artes Basie Center!<\/p>\n<p>Durante casi 15 a\u00f1os, esta escuela \u00fanica ha ofrecido el m\u00e1s alto nivel de formaci\u00f3n profesional en el arte de la actuaci\u00f3n y se ha convertido en un elemento b\u00e1sico de la comunidad art\u00edstica de Nueva Jersey.<\/p>\n<p>La s\u00f3lida base de respeto y aliento de Playground permite un plan de estudios desafiante y diverso a nivel de conservatorio impartido por un personal de maestros dedicados y ampliamente capacitados. Los estudiantes pueden esperar capacitarse en una atm\u00f3sfera creativa y de apoyo donde estudian las \u00faltimas versiones de la t\u00e9cnica de actuaci\u00f3n moderna, as\u00ed como improvisaci\u00f3n al estilo Second City, estudio avanzado de escenas, elocuci\u00f3n y habla, actuaci\u00f3n para la c\u00e1mara y audiciones en todos los niveles. Los estudiantes tambi\u00e9n tendr\u00e1n oportunidades de entrenar con actores conocidos y hacer audiciones para representaci\u00f3n teatral de alto nivel.<\/p>\n<p>&nbsp;<\/p>\n<p><span style=\"font-size: 18pt;\"><strong>El Centro Count Basie y la Escuela de Teatro Actors Playground anuncian una asociaci\u00f3n<\/strong><\/span><\/p>\n<p><strong><img loading=\"lazy\" decoding=\"async\" class=\"wp-image-9887 alignright\" src=\"https:\/\/thebasie.org\/wp-content\/uploads\/2019\/09\/playground-preview.jpg\" alt=\"Logotipo del parque de juegos del actor\" width=\"435\" height=\"343\" \/><\/strong><\/p>\n<p><strong>(4 DE SEPTIEMBRE \u2013 RED BANK, Nueva Jersey)<\/strong> El <strong>Count Basie Center for the Arts<\/strong> y de dominio absoluto <strong>Actores Parque Infantil Escuela De Teatro<\/strong> han anunciado una nueva asociaci\u00f3n para que el programa de la reconocida escuela de actuaci\u00f3n est\u00e9 disponible en Red Bank a trav\u00e9s de la Academia de Artes Esc\u00e9nicas del Basie Center.<\/p>\n<p>&quot;Estamos entusiasmados de agregar otro socio clave para complementar y profundizar nuestra oferta actual para actores j\u00f3venes&quot;, dijo <strong>Yvonne Scudiery, vicepresidenta de Educaci\u00f3n, Centro para las Artes Count Basie<\/strong>. \u201cLa visi\u00f3n de Basie Center Academy es convertirse en una potencia para la educaci\u00f3n art\u00edstica: un lugar donde los principiantes puedan medir su inter\u00e9s y luego avanzar hacia una capacitaci\u00f3n m\u00e1s profunda y seria. Esta visi\u00f3n es compartida por el cuerpo docente profesional de Actors Playground y estamos encantados de anunciar esta colaboraci\u00f3n y darles la bienvenida a la familia Basie\u201d.<\/p>\n<p>&quot;Qu\u00e9 oportunidad tan incre\u00edble para llevar el trabajo que hemos estado haciendo con nuestros hijos en Freehold durante los \u00faltimos 15 a\u00f1os al epicentro art\u00edstico que es el Centro Count Basie&quot;, dijo <strong>Ralph Colombino, fundador de la Escuela de Teatro Actors Playground<\/strong>. \u201cThe Basie ha brindado a los ni\u00f1os y adolescentes del condado de Monmouth un hogar art\u00edstico durante d\u00e9cadas. Es nuestra responsabilidad educar a tantos j\u00f3venes al m\u00e1s alto nivel como podamos, y hacerlo en lo que ser\u00e1 el mayor centro para las artes de Nueva Jersey es emocionante\u201d.<\/p>\n<p>El programa Actors Playground en el Basie Center se llevar\u00e1 a cabo los mi\u00e9rcoles entre octubre y junio. Se ofrecer\u00e1n dos itinerarios: uno para estudiantes de 8 a 12 a\u00f1os (de 4:00 p. m. a 5:30 p. m.) y otro para estudiantes de 13 a 18 a\u00f1os de 5:30 p. m. a 7:30 p. m. El plan de pago mensual del programa incluye clases semanales, <em>m\u00e1s<\/em> ayuda o entrenamiento adicional que un estudiante puede necesitar antes de grandes audiciones.<\/p>\n<p>Puede encontrar informaci\u00f3n adicional sobre el programa y la inscripci\u00f3n. <a href=\"https:\/\/thebasie.org\/es\/patio-de-recreo-de-actores\/\">aqu\u00ed<\/a>.<\/p>\n<p>&nbsp;<\/p>\n<\/div>\n<\/div>","protected":false},"excerpt":{"rendered":"<p>Actors Playground en la Academia Basie \u00a1La famosa Escuela de Teatro Actors Playground de Freehold uni\u00f3 fuerzas con la Academia de las Artes Basie Center! Durante casi 15 a\u00f1os, esta escuela \u00fanica ha ofrecido el m\u00e1s alto nivel de formaci\u00f3n profesional en el arte de la actuaci\u00f3n y se ha convertido en un elemento b\u00e1sico de la comunidad art\u00edstica de Nueva Jersey. El patio de juegos [\u2026]<\/p>","protected":false},"author":11,"featured_media":0,"parent":0,"menu_order":0,"comment_status":"closed","ping_status":"closed","template":"template-no_title.php","meta":{"_acf_changed":false,"footnotes":""},"class_list":["post-9787","page","type-page","status-publish","hentry"],"acf":[],"yoast_head":"<!-- This site is optimized with the Yoast SEO Premium plugin v26.7 (Yoast SEO v26.7) - https:\/\/yoast.com\/wordpress\/plugins\/seo\/ -->\n<title>Actors Playground - Count Basie Center for the Arts<\/title>\n<meta name=\"robots\" content=\"index, follow, max-snippet:-1, max-image-preview:large, max-video-preview:-1\" \/>\n<link rel=\"canonical\" href=\"https:\/\/thebasie.org\/es\/patio-de-juegos\/\" \/>\n<meta property=\"og:locale\" content=\"es_MX\" \/>\n<meta property=\"og:type\" content=\"article\" \/>\n<meta property=\"og:title\" content=\"Actors Playground\" \/>\n<meta property=\"og:description\" content=\"Actors Playground at the Basie Academy Freehold\u2019s famed Actors Playground School of Theatre joined forces with the Basie Center Academy of the Arts! For nearly 15 years, this unique school has offered the highest level of professional training in the art of acting and has become a staple of New Jersey\u2019s arts community. The Playground\u2019s [&hellip;]\" \/>\n<meta property=\"og:url\" content=\"https:\/\/thebasie.org\/es\/patio-de-juegos\/\" \/>\n<meta property=\"og:site_name\" content=\"Count Basie Center for the Arts\" \/>\n<meta property=\"article:publisher\" content=\"http:\/\/www.facebook.com\/basiecenter\" \/>\n<meta property=\"article:modified_time\" content=\"2023-03-29T22:04:16+00:00\" \/>\n<meta property=\"og:image\" content=\"https:\/\/thebasie.org\/wp-content\/uploads\/2019\/08\/Commercial-Agents-Showcase-Header-2.jpg\" \/>\n<meta name=\"twitter:card\" content=\"summary_large_image\" \/>\n<meta name=\"twitter:site\" content=\"@basiecenter\" \/>\n<meta name=\"twitter:label1\" content=\"Tiempo de lectura\" \/>\n\t<meta name=\"twitter:data1\" content=\"3 minutos\" \/>\n<script type=\"application\/ld+json\" class=\"yoast-schema-graph\">{\"@context\":\"https:\/\/schema.org\",\"@graph\":[{\"@type\":\"WebPage\",\"@id\":\"https:\/\/thebasie.org\/playground\/\",\"url\":\"https:\/\/thebasie.org\/playground\/\",\"name\":\"Actors Playground - Count Basie Center for the Arts\",\"isPartOf\":{\"@id\":\"https:\/\/thebasie.org\/#website\"},\"primaryImageOfPage\":{\"@id\":\"https:\/\/thebasie.org\/playground\/#primaryimage\"},\"image\":{\"@id\":\"https:\/\/thebasie.org\/playground\/#primaryimage\"},\"thumbnailUrl\":\"https:\/\/thebasie.org\/wp-content\/uploads\/2019\/08\/Commercial-Agents-Showcase-Header-2.jpg\",\"datePublished\":\"2019-08-22T16:48:49+00:00\",\"dateModified\":\"2023-03-29T22:04:16+00:00\",\"breadcrumb\":{\"@id\":\"https:\/\/thebasie.org\/playground\/#breadcrumb\"},\"inLanguage\":\"es\",\"potentialAction\":[{\"@type\":\"ReadAction\",\"target\":[\"https:\/\/thebasie.org\/playground\/\"]}]},{\"@type\":\"ImageObject\",\"inLanguage\":\"es\",\"@id\":\"https:\/\/thebasie.org\/playground\/#primaryimage\",\"url\":\"https:\/\/thebasie.org\/wp-content\/uploads\/2019\/08\/Commercial-Agents-Showcase-Header-2.jpg\",\"contentUrl\":\"https:\/\/thebasie.org\/wp-content\/uploads\/2019\/08\/Commercial-Agents-Showcase-Header-2.jpg\"},{\"@type\":\"BreadcrumbList\",\"@id\":\"https:\/\/thebasie.org\/playground\/#breadcrumb\",\"itemListElement\":[{\"@type\":\"ListItem\",\"position\":1,\"name\":\"Home\",\"item\":\"https:\/\/thebasie.org\/\"},{\"@type\":\"ListItem\",\"position\":2,\"name\":\"Actors Playground\"}]},{\"@type\":\"WebSite\",\"@id\":\"https:\/\/thebasie.org\/#website\",\"url\":\"https:\/\/thebasie.org\/\",\"name\":\"Count Basie Center for the Arts\",\"description\":\"Count Basie Center for the Arts\",\"potentialAction\":[{\"@type\":\"SearchAction\",\"target\":{\"@type\":\"EntryPoint\",\"urlTemplate\":\"https:\/\/thebasie.org\/?s={search_term_string}\"},\"query-input\":{\"@type\":\"PropertyValueSpecification\",\"valueRequired\":true,\"valueName\":\"search_term_string\"}}],\"inLanguage\":\"es\"}]}<\/script>\n<!-- \/ Yoast SEO Premium plugin. -->","yoast_head_json":{"title":"Zona de juegos para actores - Centro de las Artes Count Basie","robots":{"index":"index","follow":"follow","max-snippet":"max-snippet:-1","max-image-preview":"max-image-preview:large","max-video-preview":"max-video-preview:-1"},"canonical":"https:\/\/thebasie.org\/es\/patio-de-juegos\/","og_locale":"es_MX","og_type":"article","og_title":"Actors Playground","og_description":"Actors Playground at the Basie Academy Freehold\u2019s famed Actors Playground School of Theatre joined forces with the Basie Center Academy of the Arts! For nearly 15 years, this unique school has offered the highest level of professional training in the art of acting and has become a staple of New Jersey\u2019s arts community. The Playground\u2019s [&hellip;]","og_url":"https:\/\/thebasie.org\/es\/patio-de-juegos\/","og_site_name":"Count Basie Center for the Arts","article_publisher":"http:\/\/www.facebook.com\/basiecenter","article_modified_time":"2023-03-29T22:04:16+00:00","og_image":[{"url":"https:\/\/thebasie.org\/wp-content\/uploads\/2019\/08\/Commercial-Agents-Showcase-Header-2.jpg","type":"","width":"","height":""}],"twitter_card":"summary_large_image","twitter_site":"@basiecenter","twitter_misc":{"Tiempo de lectura":"3 minutos"},"schema":{"@context":"https:\/\/schema.org","@graph":[{"@type":"WebPage","@id":"https:\/\/thebasie.org\/playground\/","url":"https:\/\/thebasie.org\/playground\/","name":"Zona de juegos para actores - Centro de las Artes Count Basie","isPartOf":{"@id":"https:\/\/thebasie.org\/#website"},"primaryImageOfPage":{"@id":"https:\/\/thebasie.org\/playground\/#primaryimage"},"image":{"@id":"https:\/\/thebasie.org\/playground\/#primaryimage"},"thumbnailUrl":"https:\/\/thebasie.org\/wp-content\/uploads\/2019\/08\/Commercial-Agents-Showcase-Header-2.jpg","datePublished":"2019-08-22T16:48:49+00:00","dateModified":"2023-03-29T22:04:16+00:00","breadcrumb":{"@id":"https:\/\/thebasie.org\/playground\/#breadcrumb"},"inLanguage":"es","potentialAction":[{"@type":"ReadAction","target":["https:\/\/thebasie.org\/playground\/"]}]},{"@type":"ImageObject","inLanguage":"es","@id":"https:\/\/thebasie.org\/playground\/#primaryimage","url":"https:\/\/thebasie.org\/wp-content\/uploads\/2019\/08\/Commercial-Agents-Showcase-Header-2.jpg","contentUrl":"https:\/\/thebasie.org\/wp-content\/uploads\/2019\/08\/Commercial-Agents-Showcase-Header-2.jpg"},{"@type":"BreadcrumbList","@id":"https:\/\/thebasie.org\/playground\/#breadcrumb","itemListElement":[{"@type":"ListItem","position":1,"name":"Home","item":"https:\/\/thebasie.org\/"},{"@type":"ListItem","position":2,"name":"Actors Playground"}]},{"@type":"WebSite","@id":"https:\/\/thebasie.org\/#website","url":"https:\/\/thebasie.org\/","name":"Count Basie Center for the Arts","description":"Count Basie Center for the Arts","potentialAction":[{"@type":"SearchAction","target":{"@type":"EntryPoint","urlTemplate":"https:\/\/thebasie.org\/?s={search_term_string}"},"query-input":{"@type":"PropertyValueSpecification","valueRequired":true,"valueName":"search_term_string"}}],"inLanguage":"es"}]}},"_links":{"self":[{"href":"https:\/\/thebasie.org\/es\/wp-json\/wp\/v2\/pages\/9787","targetHints":{"allow":["GET"]}}],"collection":[{"href":"https:\/\/thebasie.org\/es\/wp-json\/wp\/v2\/pages"}],"about":[{"href":"https:\/\/thebasie.org\/es\/wp-json\/wp\/v2\/types\/page"}],"author":[{"embeddable":true,"href":"https:\/\/thebasie.org\/es\/wp-json\/wp\/v2\/users\/11"}],"replies":[{"embeddable":true,"href":"https:\/\/thebasie.org\/es\/wp-json\/wp\/v2\/comments?post=9787"}],"version-history":[{"count":0,"href":"https:\/\/thebasie.org\/es\/wp-json\/wp\/v2\/pages\/9787\/revisions"}],"wp:attachment":[{"href":"https:\/\/thebasie.org\/es\/wp-json\/wp\/v2\/media?parent=9787"}],"curies":[{"name":"Gracias","href":"https:\/\/api.w.org\/{rel}","templated":true}]}}