{"id":9242,"date":"2019-05-28T10:23:12","date_gmt":"2019-05-28T14:23:12","guid":{"rendered":"https:\/\/thebasie.org\/?page_id=9242"},"modified":"2026-04-07T12:20:14","modified_gmt":"2026-04-07T16:20:14","slug":"campamento-de-musica","status":"publish","type":"page","link":"https:\/\/thebasie.org\/es\/campamento-de-musica\/","title":{"rendered":"El campamento de m\u00fasica Louis y Gia Maione Prima"},"content":{"rendered":"<p style=\"text-align: center;\"><img loading=\"lazy\" decoding=\"async\" class=\"alignleft wp-image-28675 size-full\" style=\"margin-top: 50px;\" src=\"https:\/\/thebasie.org\/wp-content\/uploads\/2024\/04\/R1-PRIMA-MUSIC-CAMP-HEADER-2024.jpg\" alt=\"Campamento de m\u00fasica Louis &amp; Gia Maione Prime\" width=\"1240\" height=\"480\" srcset=\"https:\/\/thebasie.org\/wp-content\/uploads\/2024\/04\/R1-PRIMA-MUSIC-CAMP-HEADER-2024.jpg 1240w, https:\/\/thebasie.org\/wp-content\/uploads\/2024\/04\/R1-PRIMA-MUSIC-CAMP-HEADER-2024-300x116.jpg 300w, https:\/\/thebasie.org\/wp-content\/uploads\/2024\/04\/R1-PRIMA-MUSIC-CAMP-HEADER-2024-1024x396.jpg 1024w, https:\/\/thebasie.org\/wp-content\/uploads\/2024\/04\/R1-PRIMA-MUSIC-CAMP-HEADER-2024-768x297.jpg 768w, https:\/\/thebasie.org\/wp-content\/uploads\/2024\/04\/R1-PRIMA-MUSIC-CAMP-HEADER-2024-18x7.jpg 18w\" sizes=\"auto, (max-width: 1240px) 100vw, 1240px\" \/><\/p>\n<p><img loading=\"lazy\" decoding=\"async\" class=\"wp-image-12851 alignleft\" src=\"https:\/\/thebasie.org\/wp-content\/uploads\/2020\/07\/Prima-Jazz-Camp-Pic.jpg\" alt=\"\" width=\"464\" height=\"513\" srcset=\"https:\/\/thebasie.org\/wp-content\/uploads\/2020\/07\/Prima-Jazz-Camp-Pic.jpg 1024w, https:\/\/thebasie.org\/wp-content\/uploads\/2020\/07\/Prima-Jazz-Camp-Pic-271x300.jpg 271w, https:\/\/thebasie.org\/wp-content\/uploads\/2020\/07\/Prima-Jazz-Camp-Pic-926x1024.jpg 926w, https:\/\/thebasie.org\/wp-content\/uploads\/2020\/07\/Prima-Jazz-Camp-Pic-768x849.jpg 768w, https:\/\/thebasie.org\/wp-content\/uploads\/2020\/07\/Prima-Jazz-Camp-Pic-521x576.jpg 521w\" sizes=\"auto, (max-width: 464px) 100vw, 464px\" \/><\/p>\n<div style=\"max-width: 600px; text-align: center; display: inline-block; margin: 40px;\">\nPatrocinado por la Fundaci\u00f3n Gia Maione Prima, el campamento de m\u00fasica Louis &amp; Gia Maione Prima es un campamento de m\u00fasica gratuito en colaboraci\u00f3n con el Count Basie Center for the Arts y el Jazz Arts Project de Red Bank.<\/p>\n<p>Abierto a estudiantes del condado de Monmouth que ingresan a 4.\u00ba a 8.\u00ba grado en septiembre, de entre 9 y 14 a\u00f1os, el Campamento Musical Louis &amp; Gia Maione Prima conecta a j\u00f3venes m\u00fasicos con instrumentos e instructores de renombre mundial. La Fundaci\u00f3n Gia Maione Prima, que lleva el nombre del cantante y viuda del gran Louis Prima, apoya y fomenta la apreciaci\u00f3n del jazz estadounidense, la m\u00fasica popular estadounidense y la interpretaci\u00f3n de jazz, as\u00ed como las bellas artes.<\/p>\n<p><strong style=\"font-size: 24px; line-height: 24px;\">Campamento de m\u00fasica Louis y Gia Maione Prima<\/strong><br \/>\n<strong style=\"font-size: 24px; line-height: 24px;\">Del 3 al 7 y del 10 al 14 de agosto<br \/>\n8:30 a. m. \u2013 12:30 p. m.<\/strong><\/p>\n<p><a href=\"https:\/\/www.cognitoforms.com\/f\/y0Eelz0XyE6AEYZU8wUSag\/201\" style=\"display: block; background-color: #59a8e3; height: 50px; width: 150px; color: white; line-height: 46px; font-weight: bold; margin: 0 auto;\">Reg\u00edstrate hoy<\/a><\/p>\n<p>Por favor comun\u00edquese con <a href=\"mailto:Education@theBasie.org\">Educaci\u00f3n@theBasie.org<\/a> para m\u00e1s informaci\u00f3n.<br \/>\n<img loading=\"lazy\" decoding=\"async\" src=\"https:\/\/thebasie.org\/wp-content\/uploads\/2026\/04\/R2-Prima-Music-Camp-2026-Sponsors-1800x750-1.jpg\" alt=\"\" width=\"1800\" height=\"378\" class=\"alignleft size-full wp-image-36019\" style=\"max-width: 600px;\" srcset=\"https:\/\/thebasie.org\/wp-content\/uploads\/2026\/04\/R2-Prima-Music-Camp-2026-Sponsors-1800x750-1.jpg 1800w, https:\/\/thebasie.org\/wp-content\/uploads\/2026\/04\/R2-Prima-Music-Camp-2026-Sponsors-1800x750-1-300x63.jpg 300w, https:\/\/thebasie.org\/wp-content\/uploads\/2026\/04\/R2-Prima-Music-Camp-2026-Sponsors-1800x750-1-1024x215.jpg 1024w, https:\/\/thebasie.org\/wp-content\/uploads\/2026\/04\/R2-Prima-Music-Camp-2026-Sponsors-1800x750-1-768x161.jpg 768w, https:\/\/thebasie.org\/wp-content\/uploads\/2026\/04\/R2-Prima-Music-Camp-2026-Sponsors-1800x750-1-1536x323.jpg 1536w, https:\/\/thebasie.org\/wp-content\/uploads\/2026\/04\/R2-Prima-Music-Camp-2026-Sponsors-1800x750-1-18x4.jpg 18w\" sizes=\"auto, (max-width: 1800px) 100vw, 1800px\" \/><\/p>\n<\/div>\n<div><img loading=\"lazy\" decoding=\"async\" class=\"alignnone size-full wp-image-12854\" src=\"https:\/\/thebasie.org\/wp-content\/uploads\/2020\/07\/MAIONE-PRIMA-MUSIC-CAMP-Footer-2-1-scaled.jpg\" alt=\"\" width=\"2560\" height=\"510\" srcset=\"https:\/\/thebasie.org\/wp-content\/uploads\/2020\/07\/MAIONE-PRIMA-MUSIC-CAMP-Footer-2-1-scaled.jpg 2560w, https:\/\/thebasie.org\/wp-content\/uploads\/2020\/07\/MAIONE-PRIMA-MUSIC-CAMP-Footer-2-1-300x60.jpg 300w, https:\/\/thebasie.org\/wp-content\/uploads\/2020\/07\/MAIONE-PRIMA-MUSIC-CAMP-Footer-2-1-1024x204.jpg 1024w, https:\/\/thebasie.org\/wp-content\/uploads\/2020\/07\/MAIONE-PRIMA-MUSIC-CAMP-Footer-2-1-768x153.jpg 768w, https:\/\/thebasie.org\/wp-content\/uploads\/2020\/07\/MAIONE-PRIMA-MUSIC-CAMP-Footer-2-1-1536x306.jpg 1536w, https:\/\/thebasie.org\/wp-content\/uploads\/2020\/07\/MAIONE-PRIMA-MUSIC-CAMP-Footer-2-1-2048x408.jpg 2048w\" sizes=\"auto, (max-width: 2560px) 100vw, 2560px\" \/><\/div>","protected":false},"excerpt":{"rendered":"<p>Patrocinado por la Fundaci\u00f3n Gia Maione Prima, el campamento musical Louis &amp; Gia Maione Prima es un campamento musical gratuito en colaboraci\u00f3n con el Centro de Artes Count Basie y el Proyecto de Artes Jazz de Red Bank. Abierto a estudiantes del condado de Monmouth que ingresan a 4.\u00ba a 8.\u00ba grado en septiembre, de entre 9 y 14 a\u00f1os, [\u2026]<\/p>","protected":false},"author":3,"featured_media":0,"parent":0,"menu_order":0,"comment_status":"closed","ping_status":"closed","template":"template-no_title.php","meta":{"_acf_changed":false,"footnotes":""},"class_list":["post-9242","page","type-page","status-publish","hentry"],"acf":[],"yoast_head":"<!-- This site is optimized with the Yoast SEO Premium plugin v26.7 (Yoast SEO v26.7) - https:\/\/yoast.com\/wordpress\/plugins\/seo\/ -->\n<title>The Louis &amp; Gia Maione Prima Music Camp - Count Basie Center for the Arts<\/title>\n<meta name=\"description\" content=\"The Louis &amp; Gia Maione Prima Music Camp is a free summer music camp for Monmouth County students presented by the Basie Center at Red Bank Middle School\" \/>\n<meta name=\"robots\" content=\"index, follow, max-snippet:-1, max-image-preview:large, max-video-preview:-1\" \/>\n<link rel=\"canonical\" href=\"https:\/\/thebasie.org\/es\/campamento-de-musica\/\" \/>\n<meta property=\"og:locale\" content=\"es_MX\" \/>\n<meta property=\"og:type\" content=\"article\" \/>\n<meta property=\"og:title\" content=\"Free Louis &amp; Gia Maione Prima Music Camp set for summer; registrations now open!\" \/>\n<meta property=\"og:description\" content=\"The Louis &amp; Gia Maione Prima Music Camp is a free summer music camp for Monmouth County students presented by the Basie Center at Red Bank Middle School\" \/>\n<meta property=\"og:url\" content=\"https:\/\/thebasie.org\/es\/campamento-de-musica\/\" \/>\n<meta property=\"og:site_name\" content=\"Count Basie Center for the Arts\" \/>\n<meta property=\"article:publisher\" content=\"http:\/\/www.facebook.com\/basiecenter\" \/>\n<meta property=\"article:modified_time\" content=\"2026-04-07T16:20:14+00:00\" \/>\n<meta property=\"og:image\" content=\"https:\/\/thebasie.org\/wp-content\/uploads\/2024\/04\/R1-PRIMA-MUSIC-CAMP-FACEBOOK-2024.jpg\" \/>\n\t<meta property=\"og:image:width\" content=\"1200\" \/>\n\t<meta property=\"og:image:height\" content=\"630\" \/>\n\t<meta property=\"og:image:type\" content=\"image\/jpeg\" \/>\n<meta name=\"twitter:card\" content=\"summary_large_image\" \/>\n<meta name=\"twitter:title\" content=\"Free Louis &amp; Gia Maione Prima Music Camp set for summer; registrations now open!\" \/>\n<meta name=\"twitter:image\" content=\"https:\/\/thebasie.org\/wp-content\/uploads\/2022\/06\/R5-Prima-Jazz-Camp-Jazz-Arts-Project-Facebook.jpg\" \/>\n<meta name=\"twitter:site\" content=\"@basiecenter\" \/>\n<meta name=\"twitter:label1\" content=\"Tiempo de lectura\" \/>\n\t<meta name=\"twitter:data1\" content=\"2 minutos\" \/>\n<script type=\"application\/ld+json\" class=\"yoast-schema-graph\">{\"@context\":\"https:\/\/schema.org\",\"@graph\":[{\"@type\":\"WebPage\",\"@id\":\"https:\/\/thebasie.org\/musiccamp\/\",\"url\":\"https:\/\/thebasie.org\/musiccamp\/\",\"name\":\"The Louis & Gia Maione Prima Music Camp - Count Basie Center for the Arts\",\"isPartOf\":{\"@id\":\"https:\/\/thebasie.org\/#website\"},\"primaryImageOfPage\":{\"@id\":\"https:\/\/thebasie.org\/musiccamp\/#primaryimage\"},\"image\":{\"@id\":\"https:\/\/thebasie.org\/musiccamp\/#primaryimage\"},\"thumbnailUrl\":\"https:\/\/thebasie.org\/wp-content\/uploads\/2024\/04\/R1-PRIMA-MUSIC-CAMP-HEADER-2024.jpg\",\"datePublished\":\"2019-05-28T14:23:12+00:00\",\"dateModified\":\"2026-04-07T16:20:14+00:00\",\"description\":\"The Louis & Gia Maione Prima Music Camp is a free summer music camp for Monmouth County students presented by the Basie Center at Red Bank Middle School\",\"breadcrumb\":{\"@id\":\"https:\/\/thebasie.org\/musiccamp\/#breadcrumb\"},\"inLanguage\":\"es\",\"potentialAction\":[{\"@type\":\"ReadAction\",\"target\":[\"https:\/\/thebasie.org\/musiccamp\/\"]}]},{\"@type\":\"ImageObject\",\"inLanguage\":\"es\",\"@id\":\"https:\/\/thebasie.org\/musiccamp\/#primaryimage\",\"url\":\"https:\/\/thebasie.org\/wp-content\/uploads\/2024\/04\/R1-PRIMA-MUSIC-CAMP-HEADER-2024.jpg\",\"contentUrl\":\"https:\/\/thebasie.org\/wp-content\/uploads\/2024\/04\/R1-PRIMA-MUSIC-CAMP-HEADER-2024.jpg\"},{\"@type\":\"BreadcrumbList\",\"@id\":\"https:\/\/thebasie.org\/musiccamp\/#breadcrumb\",\"itemListElement\":[{\"@type\":\"ListItem\",\"position\":1,\"name\":\"Home\",\"item\":\"https:\/\/thebasie.org\/\"},{\"@type\":\"ListItem\",\"position\":2,\"name\":\"The Louis &#038; Gia Maione Prima Music Camp\"}]},{\"@type\":\"WebSite\",\"@id\":\"https:\/\/thebasie.org\/#website\",\"url\":\"https:\/\/thebasie.org\/\",\"name\":\"Count Basie Center for the Arts\",\"description\":\"Count Basie Center for the Arts\",\"potentialAction\":[{\"@type\":\"SearchAction\",\"target\":{\"@type\":\"EntryPoint\",\"urlTemplate\":\"https:\/\/thebasie.org\/?s={search_term_string}\"},\"query-input\":{\"@type\":\"PropertyValueSpecification\",\"valueRequired\":true,\"valueName\":\"search_term_string\"}}],\"inLanguage\":\"es\"}]}<\/script>\n<!-- \/ Yoast SEO Premium plugin. -->","yoast_head_json":{"title":"Campamento de m\u00fasica Louis &amp; Gia Maione Prima - Centro de las Artes Count Basie","description":"El campamento de m\u00fasica Louis &amp; Gia Maione Prima es un campamento de m\u00fasica de verano gratuito para estudiantes del condado de Monmouth presentado por el Centro Basie de la escuela secundaria Red Bank.","robots":{"index":"index","follow":"follow","max-snippet":"max-snippet:-1","max-image-preview":"max-image-preview:large","max-video-preview":"max-video-preview:-1"},"canonical":"https:\/\/thebasie.org\/es\/campamento-de-musica\/","og_locale":"es_MX","og_type":"article","og_title":"Free Louis & Gia Maione Prima Music Camp set for summer; registrations now open!","og_description":"The Louis & Gia Maione Prima Music Camp is a free summer music camp for Monmouth County students presented by the Basie Center at Red Bank Middle School","og_url":"https:\/\/thebasie.org\/es\/campamento-de-musica\/","og_site_name":"Count Basie Center for the Arts","article_publisher":"http:\/\/www.facebook.com\/basiecenter","article_modified_time":"2026-04-07T16:20:14+00:00","og_image":[{"width":1200,"height":630,"url":"https:\/\/thebasie.org\/wp-content\/uploads\/2024\/04\/R1-PRIMA-MUSIC-CAMP-FACEBOOK-2024.jpg","type":"image\/jpeg"}],"twitter_card":"summary_large_image","twitter_title":"Free Louis & Gia Maione Prima Music Camp set for summer; registrations now open!","twitter_image":"https:\/\/thebasie.org\/wp-content\/uploads\/2022\/06\/R5-Prima-Jazz-Camp-Jazz-Arts-Project-Facebook.jpg","twitter_site":"@basiecenter","twitter_misc":{"Tiempo de lectura":"2 minutos"},"schema":{"@context":"https:\/\/schema.org","@graph":[{"@type":"WebPage","@id":"https:\/\/thebasie.org\/musiccamp\/","url":"https:\/\/thebasie.org\/musiccamp\/","name":"Campamento de m\u00fasica Louis &amp; Gia Maione Prima - Centro de las Artes Count Basie","isPartOf":{"@id":"https:\/\/thebasie.org\/#website"},"primaryImageOfPage":{"@id":"https:\/\/thebasie.org\/musiccamp\/#primaryimage"},"image":{"@id":"https:\/\/thebasie.org\/musiccamp\/#primaryimage"},"thumbnailUrl":"https:\/\/thebasie.org\/wp-content\/uploads\/2024\/04\/R1-PRIMA-MUSIC-CAMP-HEADER-2024.jpg","datePublished":"2019-05-28T14:23:12+00:00","dateModified":"2026-04-07T16:20:14+00:00","description":"El campamento de m\u00fasica Louis &amp; Gia Maione Prima es un campamento de m\u00fasica de verano gratuito para estudiantes del condado de Monmouth presentado por el Centro Basie de la escuela secundaria Red Bank.","breadcrumb":{"@id":"https:\/\/thebasie.org\/musiccamp\/#breadcrumb"},"inLanguage":"es","potentialAction":[{"@type":"ReadAction","target":["https:\/\/thebasie.org\/musiccamp\/"]}]},{"@type":"ImageObject","inLanguage":"es","@id":"https:\/\/thebasie.org\/musiccamp\/#primaryimage","url":"https:\/\/thebasie.org\/wp-content\/uploads\/2024\/04\/R1-PRIMA-MUSIC-CAMP-HEADER-2024.jpg","contentUrl":"https:\/\/thebasie.org\/wp-content\/uploads\/2024\/04\/R1-PRIMA-MUSIC-CAMP-HEADER-2024.jpg"},{"@type":"BreadcrumbList","@id":"https:\/\/thebasie.org\/musiccamp\/#breadcrumb","itemListElement":[{"@type":"ListItem","position":1,"name":"Home","item":"https:\/\/thebasie.org\/"},{"@type":"ListItem","position":2,"name":"The Louis &#038; Gia Maione Prima Music Camp"}]},{"@type":"WebSite","@id":"https:\/\/thebasie.org\/#website","url":"https:\/\/thebasie.org\/","name":"Count Basie Center for the Arts","description":"Count Basie Center for the Arts","potentialAction":[{"@type":"SearchAction","target":{"@type":"EntryPoint","urlTemplate":"https:\/\/thebasie.org\/?s={search_term_string}"},"query-input":{"@type":"PropertyValueSpecification","valueRequired":true,"valueName":"search_term_string"}}],"inLanguage":"es"}]}},"_links":{"self":[{"href":"https:\/\/thebasie.org\/es\/wp-json\/wp\/v2\/pages\/9242","targetHints":{"allow":["GET"]}}],"collection":[{"href":"https:\/\/thebasie.org\/es\/wp-json\/wp\/v2\/pages"}],"about":[{"href":"https:\/\/thebasie.org\/es\/wp-json\/wp\/v2\/types\/page"}],"author":[{"embeddable":true,"href":"https:\/\/thebasie.org\/es\/wp-json\/wp\/v2\/users\/3"}],"replies":[{"embeddable":true,"href":"https:\/\/thebasie.org\/es\/wp-json\/wp\/v2\/comments?post=9242"}],"version-history":[{"count":4,"href":"https:\/\/thebasie.org\/es\/wp-json\/wp\/v2\/pages\/9242\/revisions"}],"predecessor-version":[{"id":36020,"href":"https:\/\/thebasie.org\/es\/wp-json\/wp\/v2\/pages\/9242\/revisions\/36020"}],"wp:attachment":[{"href":"https:\/\/thebasie.org\/es\/wp-json\/wp\/v2\/media?parent=9242"}],"curies":[{"name":"Gracias","href":"https:\/\/api.w.org\/{rel}","templated":true}]}}