{"id":8779,"date":"2019-05-01T14:15:11","date_gmt":"2019-05-01T18:15:11","guid":{"rendered":"https:\/\/thebasie.org\/?page_id=8779"},"modified":"2026-01-08T10:01:53","modified_gmt":"2026-01-08T15:01:53","slug":"comida","status":"publish","type":"page","link":"https:\/\/thebasie.org\/es\/comida\/","title":{"rendered":"Restaurantes Asociados"},"content":{"rendered":"<style type=\"text\/css\">.dining .event-btn {background: #faa636; margin-top: 20px; color: #000000; font-family: 'Montserrat', sans-serif; font-weight: bold; font-size: 20px; letter-spacing: 1px;} .restaurant {display: inline-block; max-width: 700px}<\/style>\n<div class=\"dining\">\n<p><img loading=\"lazy\" decoding=\"async\" class=\"size-full wp-image-9167 aligncenter\" src=\"https:\/\/thebasie.org\/wp-content\/uploads\/2019\/05\/R1-RESTAURANT-PARTNERS.jpg\" alt=\"Socios para cenar\" width=\"1240\" height=\"480\" srcset=\"https:\/\/thebasie.org\/wp-content\/uploads\/2019\/05\/R1-RESTAURANT-PARTNERS.jpg 1240w, https:\/\/thebasie.org\/wp-content\/uploads\/2019\/05\/R1-RESTAURANT-PARTNERS-300x116.jpg 300w, https:\/\/thebasie.org\/wp-content\/uploads\/2019\/05\/R1-RESTAURANT-PARTNERS-768x297.jpg 768w, https:\/\/thebasie.org\/wp-content\/uploads\/2019\/05\/R1-RESTAURANT-PARTNERS-1024x396.jpg 1024w\" sizes=\"auto, (max-width: 1240px) 100vw, 1240px\" \/><\/p>\n<p style=\"text-align: center;\"><span style=\"font-size: 18pt;\">Cuando pides entradas para una actuaci\u00f3n en el Count Basie Center, desbloqueas el acceso a exclusivas<\/span><\/p>\n<p style=\"text-align: center;\"><span style=\"font-size: 18pt;\">ofertas gastron\u00f3micas con algunos de Red <\/span><span style=\"font-size: 18pt;\">\u00a1Los restaurantes m\u00e1s populares del banco!<\/span><\/p>\n<p>&nbsp;<\/p>\n<p><strong><a href=\"https:\/\/thebistroatredbank.com\/\"><img loading=\"lazy\" decoding=\"async\" src=\"https:\/\/thebasie.org\/wp-content\/uploads\/2023\/02\/bistro-red-bank-update.jpg\" alt=\"\" width=\"478\" height=\"169\" class=\"alignleft wp-image-23271\" srcset=\"https:\/\/thebasie.org\/wp-content\/uploads\/2023\/02\/bistro-red-bank-update.jpg 478w, https:\/\/thebasie.org\/wp-content\/uploads\/2023\/02\/bistro-red-bank-update-300x106.jpg 300w\" sizes=\"auto, (max-width: 478px) 100vw, 478px\" \/><\/a><\/p>\n<div class=\"restaurant\">\n<span style=\"font-size: 14pt;\">BISTRO EN BANCO ROJO<\/span><\/strong><br \/>\n14 Broad St, Banco Rojo<\/p>\n<p><em>Certificado de regalo exclusivo $50 y un postre gratis.<\/em><\/p>\n<p><span style=\"font-size: 12pt;\">BISTRO BANCO ROJO. Un ancla de la escena de restaurantes del centro de Red Bank. Desde 1996, este Red Bank BYO ha destacado la pasi\u00f3n por los ingredientes frescos del mercado y ha mantenido las t\u00e9cnicas simples. Con una cocina abierta, un horno de ladrillos y una barra de sushi, nuestro men\u00fa ecl\u00e9ctico demuestra tener algo para todos. Ofrecemos una selecci\u00f3n de platos tradicionales, as\u00ed como versiones innovadoras de sushi, ensaladas, pizzas al horno y pastas caseras.<\/span><\/p>\n<p><a class=\"event-btn\" href=\"https:\/\/www.ticketmaster.com\/event\/1D00551F9AF23D87\">OBT\u00c9N OFERTA DE COMEDOR<\/a>\n<\/div>\n<hr \/>\n<p>&nbsp;<\/p>\n<p><strong><a href=\"https:\/\/www.pazzoredbank.com\/\"><img loading=\"lazy\" decoding=\"async\" class=\"alignleft wp-image-9169\" src=\"https:\/\/thebasie.org\/wp-content\/uploads\/2019\/05\/Pazzo.jpg\" alt=\"Pazzo\" width=\"478\" height=\"169\" srcset=\"https:\/\/thebasie.org\/wp-content\/uploads\/2019\/05\/Pazzo.jpg 478w, https:\/\/thebasie.org\/wp-content\/uploads\/2019\/05\/Pazzo-300x106.jpg 300w\" sizes=\"auto, (max-width: 478px) 100vw, 478px\" \/><\/a><\/p>\n<div class=\"restaurant\">\n<span style=\"font-size: 14pt;\">PAZO<\/span><\/strong><br \/>\n<span class=\"LrzXr\">141 W Front St, Banco Rojo<\/span><\/p>\n<p><em>Certificado de regalo $50 y un aperitivo gratis<\/em><\/p>\n<p>A menudo nos preguntan \u00bfpor qu\u00e9 el nombre Pazzo? Bueno, Pazzo en italiano significa \u201cloco\u201d, \u00a1y a nosotros nos vuelve locos la buena comida! Nuestra cocina italiana est\u00e1 elaborada con los ingredientes m\u00e1s frescos de granjas locales e importadores directos de Italia. Vinos, cervezas artesanales y c\u00f3cteles exclusivos se combinan con nuestros platos para mejorar su experiencia gastron\u00f3mica.<\/p>\n<p><a class=\"event-btn\" href=\"https:\/\/www.ticketmaster.com\/event\/1D005679C2EE27FF\">OBT\u00c9N OFERTA DE COMEDOR<\/a>\n<\/div>\n<p>&nbsp;<\/p>\n<hr \/>\n<p>&nbsp;<\/p>\n<p><strong><a href=\"https:\/\/www.triumphbrewing.com\/\"><img loading=\"lazy\" decoding=\"async\" src=\"https:\/\/thebasie.org\/wp-content\/uploads\/2024\/01\/UPDATE-Triumphbar.jpg\" alt=\"\" width=\"478\" height=\"169\" class=\"alignleft wp-image-27354\" srcset=\"https:\/\/thebasie.org\/wp-content\/uploads\/2024\/01\/UPDATE-Triumphbar.jpg 478w, https:\/\/thebasie.org\/wp-content\/uploads\/2024\/01\/UPDATE-Triumphbar-300x106.jpg 300w, https:\/\/thebasie.org\/wp-content\/uploads\/2024\/01\/UPDATE-Triumphbar-18x6.jpg 18w\" sizes=\"auto, (max-width: 478px) 100vw, 478px\" \/><\/a><\/p>\n<div class=\"restaurant\">\n<span style=\"font-size: 14pt;\">Compa\u00f1\u00eda cervecera Triumph<\/span><\/strong><br \/>\n1 Puente Ave, Banco Rojo<\/p>\n<p><em>$50 Certificado de Regalo + postre gratis<\/em><\/p>\n<p>Triumph Brewing Company es un restaurante y cervecer\u00eda de servicio completo que sirve cenas cinco d\u00edas a la semana y almuerzos los domingos. Todas las cervezas que se sirven son elaboradas internamente y se complementan con una barra completa. A solo cinco minutos a pie de Basie, Triumph ofrece m\u00fasica en vivo de jueves a s\u00e1bado sin cobertura. Comedor en el patio, estacionamiento gratuito en garaje, espacio privado para fiestas y especialidades del d\u00eda disponibles. <a href=\"https:\/\/www.triumphbrewing.com\/\">www.triumphbrewing.com<\/a><\/p>\n<p><a class=\"event-btn\" href=\"https:\/\/www.ticketmaster.com\/event\/1D005CC2FF3C6EAC\">OBT\u00c9N OFERTA DE COMEDOR<\/a>\n<\/div>\n<\/div>","protected":false},"excerpt":{"rendered":"<p>Al comprar entradas para una actuaci\u00f3n en el Count Basie Center, \u00a1desbloqueas el acceso a ofertas exclusivas en algunos de los restaurantes m\u00e1s populares de Red Bank! BISTRO AT RED BANK, 14 Broad St, Red Bank, Certificado de regalo exclusivo de $50 y postre gratis. BISTRO RED BANK. Un referente de la escena gastron\u00f3mica del centro de Red Bank. [\u2026]<\/p>","protected":false},"author":3,"featured_media":0,"parent":0,"menu_order":0,"comment_status":"closed","ping_status":"closed","template":"","meta":{"_acf_changed":false,"footnotes":""},"class_list":["post-8779","page","type-page","status-publish","hentry"],"acf":[],"yoast_head":"<!-- This site is optimized with the Yoast SEO Premium plugin v26.7 (Yoast SEO v26.7) - https:\/\/yoast.com\/wordpress\/plugins\/seo\/ -->\n<title>Dining Partners - Count Basie Center for the Arts<\/title>\n<meta name=\"description\" content=\"When you buy tickets to an event at the Count Basie Center for the Arts, you unlock special deals at some of Red Bank&#039;s hottest dining destinations.\" \/>\n<meta name=\"robots\" content=\"noindex, nofollow\" \/>\n<meta property=\"og:locale\" content=\"es_MX\" \/>\n<meta property=\"og:type\" content=\"article\" \/>\n<meta property=\"og:title\" content=\"A Perfect Night Out: Dinner + A Show at the Basie Center\" \/>\n<meta property=\"og:description\" content=\"When you buy tickets to an event at the Count Basie Center for the Arts, you unlock special deals at some of Red Bank&#039;s hottest dining destinations.\" \/>\n<meta property=\"og:url\" content=\"https:\/\/thebasie.org\/es\/comida\/\" \/>\n<meta property=\"og:site_name\" content=\"Count Basie Center for the Arts\" \/>\n<meta property=\"article:publisher\" content=\"http:\/\/www.facebook.com\/basiecenter\" \/>\n<meta property=\"article:modified_time\" content=\"2026-01-08T15:01:53+00:00\" \/>\n<meta property=\"og:image\" content=\"https:\/\/thebasie.org\/wp-content\/uploads\/2022\/03\/R1-RESTAURANT-PARTNERS-FACEBOOK-Pazzo-Bistro.jpg\" \/>\n\t<meta property=\"og:image:width\" content=\"1200\" \/>\n\t<meta property=\"og:image:height\" content=\"628\" \/>\n\t<meta property=\"og:image:type\" content=\"image\/jpeg\" \/>\n<meta name=\"twitter:card\" content=\"summary_large_image\" \/>\n<meta name=\"twitter:title\" content=\"A Perfect Night Out: Dinner + A Show at the Basie Center\" \/>\n<meta name=\"twitter:image\" content=\"https:\/\/thebasie.org\/wp-content\/uploads\/2022\/03\/R1-RESTAURANT-PARTNERS-FACEBOOK-Pazzo-Bistro.jpg\" \/>\n<meta name=\"twitter:site\" content=\"@basiecenter\" \/>\n<meta name=\"twitter:label1\" content=\"Tiempo de lectura\" \/>\n\t<meta name=\"twitter:data1\" content=\"2 minutos\" \/>\n<script type=\"application\/ld+json\" class=\"yoast-schema-graph\">{\"@context\":\"https:\/\/schema.org\",\"@graph\":[{\"@type\":\"WebPage\",\"@id\":\"https:\/\/thebasie.org\/dining\/\",\"url\":\"https:\/\/thebasie.org\/dining\/\",\"name\":\"Dining Partners - Count Basie Center for the Arts\",\"isPartOf\":{\"@id\":\"https:\/\/thebasie.org\/#website\"},\"primaryImageOfPage\":{\"@id\":\"https:\/\/thebasie.org\/dining\/#primaryimage\"},\"image\":{\"@id\":\"https:\/\/thebasie.org\/dining\/#primaryimage\"},\"thumbnailUrl\":\"https:\/\/thebasie.org\/wp-content\/uploads\/2019\/05\/R1-RESTAURANT-PARTNERS.jpg\",\"datePublished\":\"2019-05-01T18:15:11+00:00\",\"dateModified\":\"2026-01-08T15:01:53+00:00\",\"description\":\"When you buy tickets to an event at the Count Basie Center for the Arts, you unlock special deals at some of Red Bank's hottest dining destinations.\",\"breadcrumb\":{\"@id\":\"https:\/\/thebasie.org\/dining\/#breadcrumb\"},\"inLanguage\":\"es\",\"potentialAction\":[{\"@type\":\"ReadAction\",\"target\":[\"https:\/\/thebasie.org\/dining\/\"]}]},{\"@type\":\"ImageObject\",\"inLanguage\":\"es\",\"@id\":\"https:\/\/thebasie.org\/dining\/#primaryimage\",\"url\":\"https:\/\/thebasie.org\/wp-content\/uploads\/2019\/05\/R1-RESTAURANT-PARTNERS.jpg\",\"contentUrl\":\"https:\/\/thebasie.org\/wp-content\/uploads\/2019\/05\/R1-RESTAURANT-PARTNERS.jpg\"},{\"@type\":\"BreadcrumbList\",\"@id\":\"https:\/\/thebasie.org\/dining\/#breadcrumb\",\"itemListElement\":[{\"@type\":\"ListItem\",\"position\":1,\"name\":\"Home\",\"item\":\"https:\/\/thebasie.org\/\"},{\"@type\":\"ListItem\",\"position\":2,\"name\":\"Dining Partners\"}]},{\"@type\":\"WebSite\",\"@id\":\"https:\/\/thebasie.org\/#website\",\"url\":\"https:\/\/thebasie.org\/\",\"name\":\"Count Basie Center for the Arts\",\"description\":\"Count Basie Center for the Arts\",\"potentialAction\":[{\"@type\":\"SearchAction\",\"target\":{\"@type\":\"EntryPoint\",\"urlTemplate\":\"https:\/\/thebasie.org\/?s={search_term_string}\"},\"query-input\":{\"@type\":\"PropertyValueSpecification\",\"valueRequired\":true,\"valueName\":\"search_term_string\"}}],\"inLanguage\":\"es\"}]}<\/script>\n<!-- \/ Yoast SEO Premium plugin. -->","yoast_head_json":{"title":"Socios gastron\u00f3micos - Centro Count Basie para las Artes","description":"Cuando compras entradas para un evento en el Centro para las Artes Count Basie, desbloqueas ofertas especiales en algunos de los destinos gastron\u00f3micos m\u00e1s populares de Red Bank.","robots":{"index":"noindex","follow":"nofollow"},"og_locale":"es_MX","og_type":"article","og_title":"A Perfect Night Out: Dinner + A Show at the Basie Center","og_description":"When you buy tickets to an event at the Count Basie Center for the Arts, you unlock special deals at some of Red Bank's hottest dining destinations.","og_url":"https:\/\/thebasie.org\/es\/comida\/","og_site_name":"Count Basie Center for the Arts","article_publisher":"http:\/\/www.facebook.com\/basiecenter","article_modified_time":"2026-01-08T15:01:53+00:00","og_image":[{"width":1200,"height":628,"url":"https:\/\/thebasie.org\/wp-content\/uploads\/2022\/03\/R1-RESTAURANT-PARTNERS-FACEBOOK-Pazzo-Bistro.jpg","type":"image\/jpeg"}],"twitter_card":"summary_large_image","twitter_title":"A Perfect Night Out: Dinner + A Show at the Basie Center","twitter_image":"https:\/\/thebasie.org\/wp-content\/uploads\/2022\/03\/R1-RESTAURANT-PARTNERS-FACEBOOK-Pazzo-Bistro.jpg","twitter_site":"@basiecenter","twitter_misc":{"Tiempo de lectura":"2 minutos"},"schema":{"@context":"https:\/\/schema.org","@graph":[{"@type":"WebPage","@id":"https:\/\/thebasie.org\/dining\/","url":"https:\/\/thebasie.org\/dining\/","name":"Socios gastron\u00f3micos - Centro Count Basie para las Artes","isPartOf":{"@id":"https:\/\/thebasie.org\/#website"},"primaryImageOfPage":{"@id":"https:\/\/thebasie.org\/dining\/#primaryimage"},"image":{"@id":"https:\/\/thebasie.org\/dining\/#primaryimage"},"thumbnailUrl":"https:\/\/thebasie.org\/wp-content\/uploads\/2019\/05\/R1-RESTAURANT-PARTNERS.jpg","datePublished":"2019-05-01T18:15:11+00:00","dateModified":"2026-01-08T15:01:53+00:00","description":"Cuando compras entradas para un evento en el Centro para las Artes Count Basie, desbloqueas ofertas especiales en algunos de los destinos gastron\u00f3micos m\u00e1s populares de Red Bank.","breadcrumb":{"@id":"https:\/\/thebasie.org\/dining\/#breadcrumb"},"inLanguage":"es","potentialAction":[{"@type":"ReadAction","target":["https:\/\/thebasie.org\/dining\/"]}]},{"@type":"ImageObject","inLanguage":"es","@id":"https:\/\/thebasie.org\/dining\/#primaryimage","url":"https:\/\/thebasie.org\/wp-content\/uploads\/2019\/05\/R1-RESTAURANT-PARTNERS.jpg","contentUrl":"https:\/\/thebasie.org\/wp-content\/uploads\/2019\/05\/R1-RESTAURANT-PARTNERS.jpg"},{"@type":"BreadcrumbList","@id":"https:\/\/thebasie.org\/dining\/#breadcrumb","itemListElement":[{"@type":"ListItem","position":1,"name":"Home","item":"https:\/\/thebasie.org\/"},{"@type":"ListItem","position":2,"name":"Dining Partners"}]},{"@type":"WebSite","@id":"https:\/\/thebasie.org\/#website","url":"https:\/\/thebasie.org\/","name":"Count Basie Center for the Arts","description":"Count Basie Center for the Arts","potentialAction":[{"@type":"SearchAction","target":{"@type":"EntryPoint","urlTemplate":"https:\/\/thebasie.org\/?s={search_term_string}"},"query-input":{"@type":"PropertyValueSpecification","valueRequired":true,"valueName":"search_term_string"}}],"inLanguage":"es"}]}},"_links":{"self":[{"href":"https:\/\/thebasie.org\/es\/wp-json\/wp\/v2\/pages\/8779","targetHints":{"allow":["GET"]}}],"collection":[{"href":"https:\/\/thebasie.org\/es\/wp-json\/wp\/v2\/pages"}],"about":[{"href":"https:\/\/thebasie.org\/es\/wp-json\/wp\/v2\/types\/page"}],"author":[{"embeddable":true,"href":"https:\/\/thebasie.org\/es\/wp-json\/wp\/v2\/users\/3"}],"replies":[{"embeddable":true,"href":"https:\/\/thebasie.org\/es\/wp-json\/wp\/v2\/comments?post=8779"}],"version-history":[{"count":1,"href":"https:\/\/thebasie.org\/es\/wp-json\/wp\/v2\/pages\/8779\/revisions"}],"predecessor-version":[{"id":34811,"href":"https:\/\/thebasie.org\/es\/wp-json\/wp\/v2\/pages\/8779\/revisions\/34811"}],"wp:attachment":[{"href":"https:\/\/thebasie.org\/es\/wp-json\/wp\/v2\/media?parent=8779"}],"curies":[{"name":"Gracias","href":"https:\/\/api.w.org\/{rel}","templated":true}]}}