{"id":8775,"date":"2019-04-03T11:08:06","date_gmt":"2019-04-03T15:08:06","guid":{"rendered":"https:\/\/thebasie.org\/?page_id=8775"},"modified":"2019-08-26T10:33:21","modified_gmt":"2019-08-26T14:33:21","slug":"membresia-de-prueba","status":"publish","type":"page","link":"https:\/\/thebasie.org\/es\/membresia-de-prueba\/","title":{"rendered":"membres\u00eda de prueba"},"content":{"rendered":"<style type=\"text\/css\">.title-paa { color: #3185c9; font-size: 26px; letter-spacing: 0px; text-transform: none !important; } .wrapper-paa {text-align: center;} .section-paa { max-width: 500px; display: inline-block; text-align: left; margin: 40px; vertical-align: top;}<\/style>\n<p><img loading=\"lazy\" decoding=\"async\" class=\"alignnone wp-image-9786 size-full\" src=\"https:\/\/thebasie.org\/wp-content\/uploads\/2019\/08\/Commercial-Agents-Showcase-Header-1.jpg\" alt=\"\" width=\"1240\" height=\"482\" srcset=\"https:\/\/thebasie.org\/wp-content\/uploads\/2019\/08\/Commercial-Agents-Showcase-Header-1.jpg 1240w, https:\/\/thebasie.org\/wp-content\/uploads\/2019\/08\/Commercial-Agents-Showcase-Header-1-300x117.jpg 300w, https:\/\/thebasie.org\/wp-content\/uploads\/2019\/08\/Commercial-Agents-Showcase-Header-1-768x299.jpg 768w, https:\/\/thebasie.org\/wp-content\/uploads\/2019\/08\/Commercial-Agents-Showcase-Header-1-1024x398.jpg 1024w\" sizes=\"auto, (max-width: 1240px) 100vw, 1240px\" \/><\/p>\n<p><span style=\"font-size: 14pt;\">La Academia de Artes Esc\u00e9nicas del Count Basie Center alberga los programas de interpretaci\u00f3n musical m\u00e1s populares y completos de la regi\u00f3n.<\/span><\/p>\n<p>William \u201cCount\u201d Basie fue una de las estrellas musicales originales de Estados Unidos, por lo que no es de extra\u00f1ar que los programas de interpretaci\u00f3n musical de la Academia de Artes Esc\u00e9nicas del Centro Count Basie sean insuperables.<\/p>\n<div class=\"wrapper-paa\">\n<div class=\"section-paa\">\n<img loading=\"lazy\" decoding=\"async\" class=\"size-full wp-image-1993 aligncenter\" src=\"https:\/\/thebasie.org\/wp-content\/uploads\/2017\/05\/ROCKIT2.jpg\" alt=\"\" width=\"1240\" height=\"479\" srcset=\"https:\/\/thebasie.org\/wp-content\/uploads\/2017\/05\/ROCKIT2.jpg 1240w, https:\/\/thebasie.org\/wp-content\/uploads\/2017\/05\/ROCKIT2-300x116.jpg 300w, https:\/\/thebasie.org\/wp-content\/uploads\/2017\/05\/ROCKIT2-768x297.jpg 768w, https:\/\/thebasie.org\/wp-content\/uploads\/2017\/05\/ROCKIT2-1024x396.jpg 1024w\" sizes=\"auto, (max-width: 1240px) 100vw, 1240px\" \/><\/p>\n<p>ROCKIT: El <strong>Academia Rockit<\/strong>, nuestro programa residente de presentaciones de rock and roll, est\u00e1 dirigido por el <a href=\"https:\/\/www.rockitacademy.org\/\"><strong>Fundaci\u00f3n Rockit Live<\/strong><\/a><strong>,<\/strong> una organizaci\u00f3n sin fines de lucro 501(c)(3). \u00a1Rockit! ejecuta cuatro programas de siete semanas por a\u00f1o, donde los ni\u00f1os de 8 a 18 a\u00f1os aprenden un repertorio espec\u00edfico de canciones, complementado con instrucci\u00f3n individual. Al finalizar su sesi\u00f3n, hasta cuarenta y cinco j\u00f3venes m\u00fasicos forman grupos separados para actuar en vivo en el hist\u00f3rico escenario Asbury Park Press del Basie.<\/p>\n<p>\u00a1Llamando a todos los vocalistas, bateristas, guitarristas, bajistas, teclistas, m\u00fasicos de metales y cuerdas! \u00a1El Rockito! Live Academy, nuestro programa residente de presentaciones de rock and roll, ejecuta cuatro programas de seis semanas por a\u00f1o, donde los ni\u00f1os de 8 a 18 a\u00f1os aprenden un repertorio espec\u00edfico de canciones complementado con instrucci\u00f3n individual. Al finalizar la experiencia, hasta 45 j\u00f3venes m\u00fasicos forman grupos separados y act\u00faan en vivo en el escenario del Basie Center. Se anima a los vocalistas, bateristas, guitarristas, bajistas, teclistas, m\u00fasicos de metales y cuerdas a complementar sus estudios privados con nuestro programa colaborativo. \u00a1El Rockito! \u00a1La Academia est\u00e1 dirigida por Rockit! Live Foundation, una organizaci\u00f3n sin fines de lucro 501(c)(3).<\/p>\n<p><strong>AUDICIONES: s\u00e1bado 14 de septiembre<sup>el<\/sup> 10am-8pm \u2022 Llama al 732-224-8778 x 125 para reservar tu horario. \u00a0<\/strong><br \/>\n<a href=\"https:\/\/thebasie.org\/es\/download\/SUMMER-2019-Rockit-Application.pdf\/\">Haga clic aqu\u00ed para descargar la solicitud de verano de 2019 (PDF)<\/a><\/p>\n<p>S\u00f3lo los estudiantes aceptados pueden registrarse. Cualquier duda favor de llamar al 732-224-8778 x 125<\/p>\n<p>La orientaci\u00f3n para los estudiantes aceptados se llevar\u00e1 a cabo el s\u00e1bado 21 de septiembre a las 10 a.m.<\/p>\n<p>Ensayos: Los estudiantes aceptados ser\u00e1n asignados a un horario de ensayo de banda de 90 minutos a las 4:00 p. m., 5:30 p. m. o 7:00 p. m., ya sea los martes, mi\u00e9rcoles, jueves, viernes o s\u00e1bados entre las 9:00 a. m. y las 5:30 p. m. Las fechas del calendario de ensayos para esta sesi\u00f3n son las siguientes:<\/p>\n<p style=\"padding-left: 40px;\">Martes: 24 de septiembre: 1, 8, 15, 22, 29 de octubre<br \/>\nMi\u00e9rcoles: 25 de septiembre: 2, 9, 16, 23, 30 de octubre<br \/>\nJueves: 26 de septiembre: 3, 10, 17, 24, 31 de octubre<br \/>\nViernes: 27 de septiembre: 4, 11, 18, 25 de octubre: 1 de noviembre<br \/>\nS\u00e1bados: 28 de septiembre: 5, 12, 19, 26 de octubre: 2 de noviembre<\/p>\n<p><strong>Concierto: domingo 3 de noviembre<sup>tercero<\/sup>, 15:00 horas en el escenario del Count Basie Center <\/strong><\/p>\n<p><strong>Para obtener m\u00e1s informaci\u00f3n, visite www.rockitlive.org o el Count Basie Center 732-224-8778 x125<\/strong><\/p>\n<p><!-- <a href=\"https:\/\/campscui.active.com\/orgs\/CountBasieTheatreCamps?season=2608508&amp;session=42314608\">Click here for Rockit Academy Spring 2019 registration.<\/a> -->\n<\/div>\n<div class=\"section-paa\">\n<img loading=\"lazy\" decoding=\"async\" class=\"aligncenter size-full wp-image-1214\" src=\"https:\/\/thebasie.org\/wp-content\/uploads\/2017\/05\/jazzartsacademy.jpg\" alt=\"Academia de Artes de Jazz\" width=\"1240\" height=\"482\" srcset=\"https:\/\/thebasie.org\/wp-content\/uploads\/2017\/05\/jazzartsacademy.jpg 1240w, https:\/\/thebasie.org\/wp-content\/uploads\/2017\/05\/jazzartsacademy-300x117.jpg 300w, https:\/\/thebasie.org\/wp-content\/uploads\/2017\/05\/jazzartsacademy-768x299.jpg 768w, https:\/\/thebasie.org\/wp-content\/uploads\/2017\/05\/jazzartsacademy-1024x398.jpg 1024w\" sizes=\"auto, (max-width: 1240px) 100vw, 1240px\" \/><\/p>\n<p>El <strong>Academia de Artes de Jazz en Basie<\/strong> es un programa de capacitaci\u00f3n integral que dura todo el a\u00f1o y que brinda experiencia del mundo real a aspirantes a m\u00fasicos de jazz adolescentes, y produce varias docenas de eventos cada a\u00f1o, que van desde noches \u00edntimas en caf\u00e9s de jazz hasta eventos a gran escala en salas de conciertos y festivales. <a href=\"http:\/\/www.jazzartsproject.org\/\"><strong>El proyecto de artes del jazz<\/strong><\/a> Tambi\u00e9n ofrece talleres educativos y programas especiales para j\u00f3venes. La Jazz Arts Academy en Basie es una asociaci\u00f3n con Jazz Arts Project de Red Bank, una organizaci\u00f3n art\u00edstica sin fines de lucro que ofrece eventos de jazz de clase mundial, programas de educaci\u00f3n musical, talleres y programas especiales para j\u00f3venes.<\/p>\n<p>Ensayos: 4-6PM \u25cf EDADES: 13-19 \u25cf Domingos del 29 de septiembre al 1 de diciembre<br \/>\nESTUDIANTES QUE REGRESAN: $ 340 \u25cf ESTUDIANTES NUEVOS: $380<\/p>\n<p><a href=\"https:\/\/campscui.active.com\/orgs\/CountBasieTheatreCamps?season=2685810&amp;session=43922410\">Haga clic aqu\u00ed para registrarse en Jazz Arts Academy. <\/a><\/p>\n<p>Para obtener m\u00e1s informaci\u00f3n sobre Jazz Arts Academy en Basie, llame al 732.224.8778 x 125.\n<\/p><\/div>\n<div class=\"section-paa\">\n<img loading=\"lazy\" decoding=\"async\" class=\"aligncenter size-full wp-image-771\" src=\"https:\/\/thebasie.org\/wp-content\/uploads\/2017\/05\/monconservatory.jpg\" alt=\"\" width=\"1240\" height=\"482\" srcset=\"https:\/\/thebasie.org\/wp-content\/uploads\/2017\/05\/monconservatory.jpg 1240w, https:\/\/thebasie.org\/wp-content\/uploads\/2017\/05\/monconservatory-300x117.jpg 300w, https:\/\/thebasie.org\/wp-content\/uploads\/2017\/05\/monconservatory-768x299.jpg 768w, https:\/\/thebasie.org\/wp-content\/uploads\/2017\/05\/monconservatory-1024x398.jpg 1024w\" sizes=\"auto, (max-width: 1240px) 100vw, 1240px\" \/><\/p>\n<p>&nbsp;<\/p>\n<p>La tradici\u00f3n de 50 a\u00f1os de la <strong>Conservatorio de M\u00fasica de Monmouth<\/strong> ahora es parte de la Academia de Artes Esc\u00e9nicas de la Academia Basie. Durante los \u00faltimos 50 a\u00f1os, se ha ense\u00f1ado a m\u00e1s de 10,000 estudiantes del \u00e1rea a interpretar, comprender y apreciar la m\u00fasica cl\u00e1sica a trav\u00e9s del conservatorio, una misi\u00f3n que continuar\u00e1 bajo el paraguas de la Academia Basie. El Conservatorio de Monmouth se compromete a hacer que la m\u00fasica sea accesible para estudiantes y residentes de la comunidad de todas las edades y recursos econ\u00f3micos a trav\u00e9s de becas, programas de extensi\u00f3n y conciertos p\u00fablicos gratuitos.<\/p>\n<p>El nuevo campus del Conservatorio, ubicado en 65 Chestnut Street en Red Bank, incluye diez estudios de instrucci\u00f3n privados, una sala de conjuntos y mucho estacionamiento gratuito para los padres.<\/p>\n<p>La instrucci\u00f3n instrumental privada est\u00e1 programada durante todo el a\u00f1o y los estudiantes pueden inscribirse en cualquier momento para recibir lecciones de:<\/p>\n<ul>\n<li>Piano<\/li>\n<li>Viol\u00edn<\/li>\n<li>Viola<\/li>\n<li>Violonchelo<\/li>\n<li>Bajo de cuerdas<\/li>\n<li>Guitarra<\/li>\n<li>Flauta<\/li>\n<li>Clarinete<\/li>\n<li>Oboe<\/li>\n<li>Saxof\u00f3n<\/li>\n<li>Trompeta<\/li>\n<li>Tuba<\/li>\n<li>Cuerno franc\u00e9s<\/li>\n<li>Bombardino<\/li>\n<li>Tromb\u00f3n<\/li>\n<li>Organo<\/li>\n<li>Grabadora<\/li>\n<li>La\u00fad<\/li>\n<\/ul>\n<p>Adem\u00e1s, formaci\u00f3n de orquestas para j\u00f3venes y adultos, conjuntos de guitarra y violonchelo y m\u00e1s.<\/p>\n<p>Para obtener informaci\u00f3n adicional sobre el Conservatorio, visite <a href=\"http:\/\/www.monmouthconservatory.org\">www.monmouthconservatory.org<\/a> o llame al 732-741-8880 o al 732.224.8778 x 124.\n<\/div>\n<div class=\"section-paa\">\n<img loading=\"lazy\" decoding=\"async\" class=\"aligncenter size-full wp-image-772\" src=\"https:\/\/thebasie.org\/wp-content\/uploads\/2017\/05\/cbtvoices.jpg\" alt=\"\" width=\"1240\" height=\"482\" srcset=\"https:\/\/thebasie.org\/wp-content\/uploads\/2017\/05\/cbtvoices.jpg 1240w, https:\/\/thebasie.org\/wp-content\/uploads\/2017\/05\/cbtvoices-300x117.jpg 300w, https:\/\/thebasie.org\/wp-content\/uploads\/2017\/05\/cbtvoices-768x299.jpg 768w, https:\/\/thebasie.org\/wp-content\/uploads\/2017\/05\/cbtvoices-1024x398.jpg 1024w\" sizes=\"auto, (max-width: 1240px) 100vw, 1240px\" \/><\/p>\n<p>El <strong>CONTAR VOCES DEL CENTRO BASIE <\/strong>es un conjunto coral formado por los mejores cantantes de la regi\u00f3n de 7\u00ba a 12\u00ba grado, que han actuado con todos, desde Foreigner hasta Patti LuPone. Este oto\u00f1o, el elenco de Voices se reunir\u00e1 una vez m\u00e1s para unirse a la ganadora del Tony, Bernadette Peters, y otras leyendas en el hist\u00f3rico escenario de Basie. Visite theBASIE.org para obtener informaci\u00f3n sobre audiciones y pr\u00f3ximas apariciones de VOICES.<\/p>\n<p>Para obtener m\u00e1s informaci\u00f3n sobre VOCES del Centro Count Basie, llame al 732.224.8778 x 125.<\/p>\n<\/div>\n<div class=\"section-paa\">\n<img loading=\"lazy\" decoding=\"async\" class=\"aligncenter size-full wp-image-773\" src=\"https:\/\/thebasie.org\/wp-content\/uploads\/2017\/05\/paa.jpg\" alt=\"Academia de artes esc\u00e9nicas\" width=\"1240\" height=\"482\" srcset=\"https:\/\/thebasie.org\/wp-content\/uploads\/2017\/05\/paa.jpg 1240w, https:\/\/thebasie.org\/wp-content\/uploads\/2017\/05\/paa-300x117.jpg 300w, https:\/\/thebasie.org\/wp-content\/uploads\/2017\/05\/paa-768x299.jpg 768w, https:\/\/thebasie.org\/wp-content\/uploads\/2017\/05\/paa-1024x398.jpg 1024w\" sizes=\"auto, (max-width: 1240px) 100vw, 1240px\" \/><\/p>\n<p>La Academia de Artes Esc\u00e9nicas del Count Basie Center tambi\u00e9n ofrece programas musicales de Broadway para ni\u00f1os, instrucci\u00f3n vocal privada y en grupo, ingenier\u00eda de audio, composici\u00f3n digital y m\u00e1s. Hacer clic <a href=\"https:\/\/thebasie.org\/es\/educacion\/\">aqu\u00ed<\/a> para conocer todas las ofertas de nuestra Academia.<\/p>\n<\/div>\n<\/div>","protected":false},"excerpt":{"rendered":"<p>La Academia de Artes Esc\u00e9nicas del Count Basie Center alberga los programas de interpretaci\u00f3n musical m\u00e1s populares y completos de la regi\u00f3n. William \u201cCount\u201d Basie fue una de las estrellas musicales originales de Estados Unidos, por lo que no es de extra\u00f1ar que los programas de interpretaci\u00f3n musical de la Academia de Artes Esc\u00e9nicas del Centro Count Basie sean insuperables. ROCKIT: The Rockit Academy, nuestro rock residente [\u2026]<\/p>","protected":false},"author":4,"featured_media":0,"parent":0,"menu_order":0,"comment_status":"closed","ping_status":"closed","template":"template-no_title.php","meta":{"_acf_changed":false,"footnotes":""},"class_list":["post-8775","page","type-page","status-publish","hentry"],"acf":[],"yoast_head":"<!-- This site is optimized with the Yoast SEO Premium plugin v26.7 (Yoast SEO v26.7) - https:\/\/yoast.com\/wordpress\/plugins\/seo\/ -->\n<title>test-membership - Count Basie Center for the Arts<\/title>\n<meta name=\"robots\" content=\"index, follow, max-snippet:-1, max-image-preview:large, max-video-preview:-1\" \/>\n<link rel=\"canonical\" href=\"https:\/\/thebasie.org\/es\/membresia-de-prueba\/\" \/>\n<meta property=\"og:locale\" content=\"es_MX\" \/>\n<meta property=\"og:type\" content=\"article\" \/>\n<meta property=\"og:title\" content=\"test-membership\" \/>\n<meta property=\"og:description\" content=\"The Count Basie Center&#8217;s Performing Arts Academy is home to the region&#8217;s most popular and comprehensive music performance programs. William \u201cCount\u201d Basie was one of America\u2019s original music stars, so it\u2019s no wonder that the Count Basie Center Performing Arts Academy\u2019s music performance programs are second to none! ROCKIT: The Rockit Academy, our resident rock [&hellip;]\" \/>\n<meta property=\"og:url\" content=\"https:\/\/thebasie.org\/es\/membresia-de-prueba\/\" \/>\n<meta property=\"og:site_name\" content=\"Count Basie Center for the Arts\" \/>\n<meta property=\"article:publisher\" content=\"http:\/\/www.facebook.com\/basiecenter\" \/>\n<meta property=\"article:modified_time\" content=\"2019-08-26T14:33:21+00:00\" \/>\n<meta property=\"og:image\" content=\"https:\/\/thebasie.org\/wp-content\/uploads\/2019\/08\/Commercial-Agents-Showcase-Header-1.jpg\" \/>\n<meta name=\"twitter:card\" content=\"summary_large_image\" \/>\n<meta name=\"twitter:site\" content=\"@basiecenter\" \/>\n<meta name=\"twitter:label1\" content=\"Tiempo de lectura\" \/>\n\t<meta name=\"twitter:data1\" content=\"4 minutos\" \/>\n<script type=\"application\/ld+json\" class=\"yoast-schema-graph\">{\"@context\":\"https:\/\/schema.org\",\"@graph\":[{\"@type\":\"WebPage\",\"@id\":\"https:\/\/thebasie.org\/test-membership\/\",\"url\":\"https:\/\/thebasie.org\/test-membership\/\",\"name\":\"test-membership - Count Basie Center for the Arts\",\"isPartOf\":{\"@id\":\"https:\/\/thebasie.org\/#website\"},\"primaryImageOfPage\":{\"@id\":\"https:\/\/thebasie.org\/test-membership\/#primaryimage\"},\"image\":{\"@id\":\"https:\/\/thebasie.org\/test-membership\/#primaryimage\"},\"thumbnailUrl\":\"https:\/\/thebasie.org\/wp-content\/uploads\/2019\/08\/Commercial-Agents-Showcase-Header-1.jpg\",\"datePublished\":\"2019-04-03T15:08:06+00:00\",\"dateModified\":\"2019-08-26T14:33:21+00:00\",\"breadcrumb\":{\"@id\":\"https:\/\/thebasie.org\/test-membership\/#breadcrumb\"},\"inLanguage\":\"es\",\"potentialAction\":[{\"@type\":\"ReadAction\",\"target\":[\"https:\/\/thebasie.org\/test-membership\/\"]}]},{\"@type\":\"ImageObject\",\"inLanguage\":\"es\",\"@id\":\"https:\/\/thebasie.org\/test-membership\/#primaryimage\",\"url\":\"https:\/\/thebasie.org\/wp-content\/uploads\/2019\/08\/Commercial-Agents-Showcase-Header-1.jpg\",\"contentUrl\":\"https:\/\/thebasie.org\/wp-content\/uploads\/2019\/08\/Commercial-Agents-Showcase-Header-1.jpg\"},{\"@type\":\"BreadcrumbList\",\"@id\":\"https:\/\/thebasie.org\/test-membership\/#breadcrumb\",\"itemListElement\":[{\"@type\":\"ListItem\",\"position\":1,\"name\":\"Home\",\"item\":\"https:\/\/thebasie.org\/\"},{\"@type\":\"ListItem\",\"position\":2,\"name\":\"test-membership\"}]},{\"@type\":\"WebSite\",\"@id\":\"https:\/\/thebasie.org\/#website\",\"url\":\"https:\/\/thebasie.org\/\",\"name\":\"Count Basie Center for the Arts\",\"description\":\"Count Basie Center for the Arts\",\"potentialAction\":[{\"@type\":\"SearchAction\",\"target\":{\"@type\":\"EntryPoint\",\"urlTemplate\":\"https:\/\/thebasie.org\/?s={search_term_string}\"},\"query-input\":{\"@type\":\"PropertyValueSpecification\",\"valueRequired\":true,\"valueName\":\"search_term_string\"}}],\"inLanguage\":\"es\"}]}<\/script>\n<!-- \/ Yoast SEO Premium plugin. -->","yoast_head_json":{"title":"membres\u00eda de prueba - Centro de las Artes Count Basie","robots":{"index":"index","follow":"follow","max-snippet":"max-snippet:-1","max-image-preview":"max-image-preview:large","max-video-preview":"max-video-preview:-1"},"canonical":"https:\/\/thebasie.org\/es\/membresia-de-prueba\/","og_locale":"es_MX","og_type":"article","og_title":"test-membership","og_description":"The Count Basie Center&#8217;s Performing Arts Academy is home to the region&#8217;s most popular and comprehensive music performance programs. William \u201cCount\u201d Basie was one of America\u2019s original music stars, so it\u2019s no wonder that the Count Basie Center Performing Arts Academy\u2019s music performance programs are second to none! ROCKIT: The Rockit Academy, our resident rock [&hellip;]","og_url":"https:\/\/thebasie.org\/es\/membresia-de-prueba\/","og_site_name":"Count Basie Center for the Arts","article_publisher":"http:\/\/www.facebook.com\/basiecenter","article_modified_time":"2019-08-26T14:33:21+00:00","og_image":[{"url":"https:\/\/thebasie.org\/wp-content\/uploads\/2019\/08\/Commercial-Agents-Showcase-Header-1.jpg","type":"","width":"","height":""}],"twitter_card":"summary_large_image","twitter_site":"@basiecenter","twitter_misc":{"Tiempo de lectura":"4 minutos"},"schema":{"@context":"https:\/\/schema.org","@graph":[{"@type":"WebPage","@id":"https:\/\/thebasie.org\/test-membership\/","url":"https:\/\/thebasie.org\/test-membership\/","name":"membres\u00eda de prueba - Centro de las Artes Count Basie","isPartOf":{"@id":"https:\/\/thebasie.org\/#website"},"primaryImageOfPage":{"@id":"https:\/\/thebasie.org\/test-membership\/#primaryimage"},"image":{"@id":"https:\/\/thebasie.org\/test-membership\/#primaryimage"},"thumbnailUrl":"https:\/\/thebasie.org\/wp-content\/uploads\/2019\/08\/Commercial-Agents-Showcase-Header-1.jpg","datePublished":"2019-04-03T15:08:06+00:00","dateModified":"2019-08-26T14:33:21+00:00","breadcrumb":{"@id":"https:\/\/thebasie.org\/test-membership\/#breadcrumb"},"inLanguage":"es","potentialAction":[{"@type":"ReadAction","target":["https:\/\/thebasie.org\/test-membership\/"]}]},{"@type":"ImageObject","inLanguage":"es","@id":"https:\/\/thebasie.org\/test-membership\/#primaryimage","url":"https:\/\/thebasie.org\/wp-content\/uploads\/2019\/08\/Commercial-Agents-Showcase-Header-1.jpg","contentUrl":"https:\/\/thebasie.org\/wp-content\/uploads\/2019\/08\/Commercial-Agents-Showcase-Header-1.jpg"},{"@type":"BreadcrumbList","@id":"https:\/\/thebasie.org\/test-membership\/#breadcrumb","itemListElement":[{"@type":"ListItem","position":1,"name":"Home","item":"https:\/\/thebasie.org\/"},{"@type":"ListItem","position":2,"name":"test-membership"}]},{"@type":"WebSite","@id":"https:\/\/thebasie.org\/#website","url":"https:\/\/thebasie.org\/","name":"Count Basie Center for the Arts","description":"Count Basie Center for the Arts","potentialAction":[{"@type":"SearchAction","target":{"@type":"EntryPoint","urlTemplate":"https:\/\/thebasie.org\/?s={search_term_string}"},"query-input":{"@type":"PropertyValueSpecification","valueRequired":true,"valueName":"search_term_string"}}],"inLanguage":"es"}]}},"_links":{"self":[{"href":"https:\/\/thebasie.org\/es\/wp-json\/wp\/v2\/pages\/8775","targetHints":{"allow":["GET"]}}],"collection":[{"href":"https:\/\/thebasie.org\/es\/wp-json\/wp\/v2\/pages"}],"about":[{"href":"https:\/\/thebasie.org\/es\/wp-json\/wp\/v2\/types\/page"}],"author":[{"embeddable":true,"href":"https:\/\/thebasie.org\/es\/wp-json\/wp\/v2\/users\/4"}],"replies":[{"embeddable":true,"href":"https:\/\/thebasie.org\/es\/wp-json\/wp\/v2\/comments?post=8775"}],"version-history":[{"count":0,"href":"https:\/\/thebasie.org\/es\/wp-json\/wp\/v2\/pages\/8775\/revisions"}],"wp:attachment":[{"href":"https:\/\/thebasie.org\/es\/wp-json\/wp\/v2\/media?parent=8775"}],"curies":[{"name":"Gracias","href":"https:\/\/api.w.org\/{rel}","templated":true}]}}