{"id":8612,"date":"2019-03-14T09:18:02","date_gmt":"2019-03-14T13:18:02","guid":{"rendered":"https:\/\/thebasie.org\/?page_id=8612"},"modified":"2022-10-26T22:28:48","modified_gmt":"2022-10-27T02:28:48","slug":"gala-verano-2019","status":"publish","type":"page","link":"https:\/\/thebasie.org\/es\/gala-verano-2019\/","title":{"rendered":"Gala de Verano 2019"},"content":{"rendered":"<style type=\"text\/css\">.basiepromo { text-align: center; line-height: 0px !important; } .basiepromo img { margin-bottom: 0px !important; } body { background-color: #000;}   @media screen and (max-width:600px) {    }<\/style>\n<div style=\"text-align: center; color: #fff; margin-top: 50px; margin-bottom: 50px;\"><strong>Las entradas para la gala de verano de este a\u00f1o ya no est\u00e1n disponibles para su compra online.<\/strong><br \/>\n<strong>Para obtener m\u00e1s informaci\u00f3n, comun\u00edquese con la Oficina de Desarrollo del Centro Count Basie para las Artes al 732.224.8778 x 135<\/strong><\/div>\n<div class=\"basiepromo\" style=\"text-align: center;\"><img loading=\"lazy\" decoding=\"async\" class=\"aligncenter wp-image-9344\" src=\"https:\/\/thebasie.org\/wp-content\/uploads\/2019\/06\/GALA.jpg\" alt=\"Corte Gala\" width=\"1000\" height=\"1932\" srcset=\"https:\/\/thebasie.org\/wp-content\/uploads\/2019\/06\/GALA.jpg 1000w, https:\/\/thebasie.org\/wp-content\/uploads\/2019\/06\/GALA-155x300.jpg 155w, https:\/\/thebasie.org\/wp-content\/uploads\/2019\/06\/GALA-768x1484.jpg 768w, https:\/\/thebasie.org\/wp-content\/uploads\/2019\/06\/GALA-530x1024.jpg 530w, https:\/\/thebasie.org\/wp-content\/uploads\/2019\/06\/GALA-298x576.jpg 298w\" sizes=\"auto, (max-width: 1000px) 100vw, 1000px\" \/><a href=\"https:\/\/fs30.formsite.com\/countbasietheatre\/bom3e8b3ik\/index.html\" target=\"_blank\" rel=\"noopener noreferrer\"><img loading=\"lazy\" decoding=\"async\" class=\"aligncenter wp-image-9326\" src=\"https:\/\/thebasie.org\/wp-content\/uploads\/2019\/06\/R8-Sponsor-Webpage-8.jpg\" alt=\"\" width=\"1000\" height=\"371\" srcset=\"https:\/\/thebasie.org\/wp-content\/uploads\/2019\/06\/R8-Sponsor-Webpage-8.jpg 1000w, https:\/\/thebasie.org\/wp-content\/uploads\/2019\/06\/R8-Sponsor-Webpage-8-300x111.jpg 300w, https:\/\/thebasie.org\/wp-content\/uploads\/2019\/06\/R8-Sponsor-Webpage-8-768x285.jpg 768w\" sizes=\"auto, (max-width: 1000px) 100vw, 1000px\" \/><img loading=\"lazy\" decoding=\"async\" class=\"aligncenter\" src=\"https:\/\/thebasie.org\/wp-content\/uploads\/2019\/06\/R8-Sponsor-Webpage-9.jpg\" alt=\"\" width=\"1000\" height=\"1358\" \/><\/a><a href=\"https:\/\/fs30.formsite.com\/countbasietheatre\/bom3e8b3ik\/index.html\" target=\"_blank\" rel=\"noopener noreferrer\"><br \/>\n<\/a><img loading=\"lazy\" decoding=\"async\" class=\"aligncenter\" src=\"https:\/\/thebasie.org\/wp-content\/uploads\/2019\/06\/June-12-Sponsor-List.jpg\" alt=\"\" width=\"1000\" height=\"1358\" \/><\/div>","protected":false},"excerpt":{"rendered":"<p>Las entradas para la gala de verano de este a\u00f1o ya no est\u00e1n disponibles para su compra online. Para obtener m\u00e1s informaci\u00f3n, comun\u00edquese con la Oficina de Desarrollo del Centro para las Artes Count Basie al 732.224.8778 x 135<\/p>","protected":false},"author":11,"featured_media":0,"parent":0,"menu_order":0,"comment_status":"closed","ping_status":"closed","template":"template-no_title.php","meta":{"_acf_changed":false,"footnotes":""},"class_list":["post-8612","page","type-page","status-publish","hentry"],"acf":[],"yoast_head":"<!-- This site is optimized with the Yoast SEO Premium plugin v26.7 (Yoast SEO v26.7) - https:\/\/yoast.com\/wordpress\/plugins\/seo\/ -->\n<title>Summer Gala 2019 - Count Basie Center for the Arts<\/title>\n<meta name=\"robots\" content=\"index, follow, max-snippet:-1, max-image-preview:large, max-video-preview:-1\" \/>\n<link rel=\"canonical\" href=\"https:\/\/thebasie.org\/es\/gala-verano-2019\/\" \/>\n<meta property=\"og:locale\" content=\"es_MX\" \/>\n<meta property=\"og:type\" content=\"article\" \/>\n<meta property=\"og:title\" content=\"Summer Gala 2019\" \/>\n<meta property=\"og:description\" content=\"Tickets for this year&#8217;s summer gala are no longer available for purchase online. For more information, contact the Count Basie Center for the Arts Development Office at 732.224.8778 x 135\" \/>\n<meta property=\"og:url\" content=\"https:\/\/thebasie.org\/es\/gala-verano-2019\/\" \/>\n<meta property=\"og:site_name\" content=\"Count Basie Center for the Arts\" \/>\n<meta property=\"article:publisher\" content=\"http:\/\/www.facebook.com\/basiecenter\" \/>\n<meta property=\"article:modified_time\" content=\"2022-10-27T02:28:48+00:00\" \/>\n<meta property=\"og:image\" content=\"https:\/\/thebasie.org\/wp-content\/uploads\/2019\/06\/GALA.jpg\" \/>\n<meta name=\"twitter:card\" content=\"summary_large_image\" \/>\n<meta name=\"twitter:site\" content=\"@basiecenter\" \/>\n<meta name=\"twitter:label1\" content=\"Tiempo de lectura\" \/>\n\t<meta name=\"twitter:data1\" content=\"2 minutos\" \/>\n<script type=\"application\/ld+json\" class=\"yoast-schema-graph\">{\"@context\":\"https:\/\/schema.org\",\"@graph\":[{\"@type\":\"WebPage\",\"@id\":\"https:\/\/thebasie.org\/summer-gala-2019\/\",\"url\":\"https:\/\/thebasie.org\/summer-gala-2019\/\",\"name\":\"Summer Gala 2019 - Count Basie Center for the Arts\",\"isPartOf\":{\"@id\":\"https:\/\/thebasie.org\/#website\"},\"primaryImageOfPage\":{\"@id\":\"https:\/\/thebasie.org\/summer-gala-2019\/#primaryimage\"},\"image\":{\"@id\":\"https:\/\/thebasie.org\/summer-gala-2019\/#primaryimage\"},\"thumbnailUrl\":\"https:\/\/thebasie.org\/wp-content\/uploads\/2019\/06\/GALA.jpg\",\"datePublished\":\"2019-03-14T13:18:02+00:00\",\"dateModified\":\"2022-10-27T02:28:48+00:00\",\"breadcrumb\":{\"@id\":\"https:\/\/thebasie.org\/summer-gala-2019\/#breadcrumb\"},\"inLanguage\":\"es\",\"potentialAction\":[{\"@type\":\"ReadAction\",\"target\":[\"https:\/\/thebasie.org\/summer-gala-2019\/\"]}]},{\"@type\":\"ImageObject\",\"inLanguage\":\"es\",\"@id\":\"https:\/\/thebasie.org\/summer-gala-2019\/#primaryimage\",\"url\":\"https:\/\/thebasie.org\/wp-content\/uploads\/2019\/06\/GALA.jpg\",\"contentUrl\":\"https:\/\/thebasie.org\/wp-content\/uploads\/2019\/06\/GALA.jpg\"},{\"@type\":\"BreadcrumbList\",\"@id\":\"https:\/\/thebasie.org\/summer-gala-2019\/#breadcrumb\",\"itemListElement\":[{\"@type\":\"ListItem\",\"position\":1,\"name\":\"Home\",\"item\":\"https:\/\/thebasie.org\/\"},{\"@type\":\"ListItem\",\"position\":2,\"name\":\"Summer Gala 2019\"}]},{\"@type\":\"WebSite\",\"@id\":\"https:\/\/thebasie.org\/#website\",\"url\":\"https:\/\/thebasie.org\/\",\"name\":\"Count Basie Center for the Arts\",\"description\":\"Count Basie Center for the Arts\",\"potentialAction\":[{\"@type\":\"SearchAction\",\"target\":{\"@type\":\"EntryPoint\",\"urlTemplate\":\"https:\/\/thebasie.org\/?s={search_term_string}\"},\"query-input\":{\"@type\":\"PropertyValueSpecification\",\"valueRequired\":true,\"valueName\":\"search_term_string\"}}],\"inLanguage\":\"es\"}]}<\/script>\n<!-- \/ Yoast SEO Premium plugin. -->","yoast_head_json":{"title":"Gala de Verano 2019 - Centro de las Artes Count Basie","robots":{"index":"index","follow":"follow","max-snippet":"max-snippet:-1","max-image-preview":"max-image-preview:large","max-video-preview":"max-video-preview:-1"},"canonical":"https:\/\/thebasie.org\/es\/gala-verano-2019\/","og_locale":"es_MX","og_type":"article","og_title":"Summer Gala 2019","og_description":"Tickets for this year&#8217;s summer gala are no longer available for purchase online. For more information, contact the Count Basie Center for the Arts Development Office at 732.224.8778 x 135","og_url":"https:\/\/thebasie.org\/es\/gala-verano-2019\/","og_site_name":"Count Basie Center for the Arts","article_publisher":"http:\/\/www.facebook.com\/basiecenter","article_modified_time":"2022-10-27T02:28:48+00:00","og_image":[{"url":"https:\/\/thebasie.org\/wp-content\/uploads\/2019\/06\/GALA.jpg","type":"","width":"","height":""}],"twitter_card":"summary_large_image","twitter_site":"@basiecenter","twitter_misc":{"Tiempo de lectura":"2 minutos"},"schema":{"@context":"https:\/\/schema.org","@graph":[{"@type":"WebPage","@id":"https:\/\/thebasie.org\/summer-gala-2019\/","url":"https:\/\/thebasie.org\/summer-gala-2019\/","name":"Gala de Verano 2019 - Centro de las Artes Count Basie","isPartOf":{"@id":"https:\/\/thebasie.org\/#website"},"primaryImageOfPage":{"@id":"https:\/\/thebasie.org\/summer-gala-2019\/#primaryimage"},"image":{"@id":"https:\/\/thebasie.org\/summer-gala-2019\/#primaryimage"},"thumbnailUrl":"https:\/\/thebasie.org\/wp-content\/uploads\/2019\/06\/GALA.jpg","datePublished":"2019-03-14T13:18:02+00:00","dateModified":"2022-10-27T02:28:48+00:00","breadcrumb":{"@id":"https:\/\/thebasie.org\/summer-gala-2019\/#breadcrumb"},"inLanguage":"es","potentialAction":[{"@type":"ReadAction","target":["https:\/\/thebasie.org\/summer-gala-2019\/"]}]},{"@type":"ImageObject","inLanguage":"es","@id":"https:\/\/thebasie.org\/summer-gala-2019\/#primaryimage","url":"https:\/\/thebasie.org\/wp-content\/uploads\/2019\/06\/GALA.jpg","contentUrl":"https:\/\/thebasie.org\/wp-content\/uploads\/2019\/06\/GALA.jpg"},{"@type":"BreadcrumbList","@id":"https:\/\/thebasie.org\/summer-gala-2019\/#breadcrumb","itemListElement":[{"@type":"ListItem","position":1,"name":"Home","item":"https:\/\/thebasie.org\/"},{"@type":"ListItem","position":2,"name":"Summer Gala 2019"}]},{"@type":"WebSite","@id":"https:\/\/thebasie.org\/#website","url":"https:\/\/thebasie.org\/","name":"Count Basie Center for the Arts","description":"Count Basie Center for the Arts","potentialAction":[{"@type":"SearchAction","target":{"@type":"EntryPoint","urlTemplate":"https:\/\/thebasie.org\/?s={search_term_string}"},"query-input":{"@type":"PropertyValueSpecification","valueRequired":true,"valueName":"search_term_string"}}],"inLanguage":"es"}]}},"_links":{"self":[{"href":"https:\/\/thebasie.org\/es\/wp-json\/wp\/v2\/pages\/8612","targetHints":{"allow":["GET"]}}],"collection":[{"href":"https:\/\/thebasie.org\/es\/wp-json\/wp\/v2\/pages"}],"about":[{"href":"https:\/\/thebasie.org\/es\/wp-json\/wp\/v2\/types\/page"}],"author":[{"embeddable":true,"href":"https:\/\/thebasie.org\/es\/wp-json\/wp\/v2\/users\/11"}],"replies":[{"embeddable":true,"href":"https:\/\/thebasie.org\/es\/wp-json\/wp\/v2\/comments?post=8612"}],"version-history":[{"count":0,"href":"https:\/\/thebasie.org\/es\/wp-json\/wp\/v2\/pages\/8612\/revisions"}],"wp:attachment":[{"href":"https:\/\/thebasie.org\/es\/wp-json\/wp\/v2\/media?parent=8612"}],"curies":[{"name":"Gracias","href":"https:\/\/api.w.org\/{rel}","templated":true}]}}