{"id":8,"date":"2017-03-16T20:54:21","date_gmt":"2017-03-16T20:54:21","guid":{"rendered":"https:\/\/thebasie.org\/?page_id=8"},"modified":"2018-09-07T15:12:53","modified_gmt":"2018-09-07T19:12:53","slug":"visitando-el-banco-rojo","status":"publish","type":"page","link":"https:\/\/thebasie.org\/es\/visitando-el-banco-rojo\/","title":{"rendered":"Visitando Red Bank"},"content":{"rendered":"<p><img loading=\"lazy\" decoding=\"async\" class=\"wp-image-1647 alignleft\" src=\"https:\/\/thebasie.org\/wp-content\/uploads\/2017\/03\/redbank.jpg\" alt=\"banco rojo\" width=\"506\" height=\"334\" srcset=\"https:\/\/thebasie.org\/wp-content\/uploads\/2017\/03\/redbank.jpg 860w, https:\/\/thebasie.org\/wp-content\/uploads\/2017\/03\/redbank-300x198.jpg 300w, https:\/\/thebasie.org\/wp-content\/uploads\/2017\/03\/redbank-768x507.jpg 768w\" sizes=\"auto, (max-width: 506px) 100vw, 506px\" \/><\/p>\n<div style=\"display: inline-block; max-width: 600px;\">El hist\u00f3rico Centro para las Artes Count Basie est\u00e1 ubicado en el coraz\u00f3n de Red Bank, Nueva Jersey.<br \/>\nA solo minutos del oc\u00e9ano, Red Bank es una hermosa y encantadora ciudad construida a orillas del r\u00edo Navesink y hogar de cientos de tiendas y boutiques, restaurantes galardonados y otros negocios. Cada a\u00f1o, el Centro Count Basie atrae a m\u00e1s de 220.000 visitantes a Red Bank, sin mencionar a los miles que acuden en masa a las famosas ferias callejeras, cine y m\u00fasica de Red Bank. \u00bfViaja a Red Bank? Visita nuestro <a href=\"https:\/\/thebasie.org\/es\/llegando-aqui\/\">Direcciones y estacionamiento<\/a> p\u00e1gina. Tambi\u00e9n puedes aprovechar <a href=\"http:\/\/www.njtransit.com\/rg\/rg_servlet.srv?hdnPageAction=TrainStationLookupFrom&amp;selStation=130\">NJTransit<\/a> Servicio de tren o autob\u00fas hasta el municipio. O, si est\u00e1s un poco m\u00e1s cerca, considera usar Uber o Lyft. \u00bfBuscas un buen bocado para comer o un hotel una vez que est\u00e9s aqu\u00ed? Visita nuestro <a href=\"https:\/\/thebasie.org\/es\/restaurants\/\">Restaurantes y hoteles<\/a> p\u00e1gina para obtener una lista de puntos de acceso del \u00e1rea que respaldan al Count Basie Center, una organizaci\u00f3n sin fines de lucro. Obtenga informaci\u00f3n adicional sobre nuestra peque\u00f1a y genial ciudad y todo lo que sucede a continuaci\u00f3n:<a href=\"http:\/\/www.redbanknj.org\" target=\"_blank\" rel=\"noopener noreferrer\">Municipio de Red Bank, Nueva Jersey | P\u00e1gina web oficial<\/a><br \/>\n<a href=\"http:\/\/www.visit.redbank.com\/\" target=\"_blank\" rel=\"noopener noreferrer\">VisitaRedBank.com<\/a><br \/>\n<a href=\"http:\/\/www.redbank.org\/rivercenter\">Centro del r\u00edo Red Bank<\/a><br \/>\n<a href=\"http:\/\/www.redbank.com\/\" target=\"_blank\" rel=\"noopener noreferrer\">RedBank.com<\/a><br \/>\n<a href=\"https:\/\/www.monmoutharts.org\/\" target=\"_blank\" rel=\"noopener noreferrer\">Consejo de las Artes de Monmouth<\/a><\/div>","protected":false},"excerpt":{"rendered":"<p>El hist\u00f3rico Centro para las Artes Count Basie est\u00e1 ubicado en el coraz\u00f3n de Red Bank, Nueva Jersey. A solo minutos del oc\u00e9ano, Red Bank es una hermosa y encantadora ciudad construida a orillas del r\u00edo Navesink y hogar de cientos de tiendas y boutiques, restaurantes galardonados y otros negocios. Cada a\u00f1o, el [\u2026]<\/p>","protected":false},"author":1,"featured_media":0,"parent":0,"menu_order":0,"comment_status":"closed","ping_status":"closed","template":"","meta":{"_acf_changed":false,"footnotes":""},"class_list":["post-8","page","type-page","status-publish","hentry"],"acf":[],"yoast_head":"<!-- This site is optimized with the Yoast SEO Premium plugin v26.7 (Yoast SEO v26.7) - https:\/\/yoast.com\/wordpress\/plugins\/seo\/ -->\n<title>Visiting Red Bank - Count Basie Center for the Arts<\/title>\n<meta name=\"robots\" content=\"index, follow, max-snippet:-1, max-image-preview:large, max-video-preview:-1\" \/>\n<link rel=\"canonical\" href=\"https:\/\/thebasie.org\/es\/visitando-el-banco-rojo\/\" \/>\n<meta property=\"og:locale\" content=\"es_MX\" \/>\n<meta property=\"og:type\" content=\"article\" \/>\n<meta property=\"og:title\" content=\"Visiting Red Bank\" \/>\n<meta property=\"og:description\" content=\"The historic Count Basie Center for the Arts is located in the heart of Red Bank, New Jersey. Just minutes from the ocean, Red Bank is a beautiful and charming town built on the banks of the Navesink River, and home to hundreds of shops and boutiques, award-winning restaurants and other businesses. Each year, the [&hellip;]\" \/>\n<meta property=\"og:url\" content=\"https:\/\/thebasie.org\/es\/visitando-el-banco-rojo\/\" \/>\n<meta property=\"og:site_name\" content=\"Count Basie Center for the Arts\" \/>\n<meta property=\"article:publisher\" content=\"http:\/\/www.facebook.com\/basiecenter\" \/>\n<meta property=\"article:modified_time\" content=\"2018-09-07T19:12:53+00:00\" \/>\n<meta property=\"og:image\" content=\"https:\/\/thebasie.org\/wp-content\/uploads\/2017\/03\/redbank.jpg\" \/>\n<meta name=\"twitter:card\" content=\"summary_large_image\" \/>\n<meta name=\"twitter:site\" content=\"@basiecenter\" \/>\n<meta name=\"twitter:label1\" content=\"Tiempo de lectura\" \/>\n\t<meta name=\"twitter:data1\" content=\"1 minuto\" \/>\n<script type=\"application\/ld+json\" class=\"yoast-schema-graph\">{\"@context\":\"https:\/\/schema.org\",\"@graph\":[{\"@type\":\"WebPage\",\"@id\":\"https:\/\/thebasie.org\/visiting-red-bank\/\",\"url\":\"https:\/\/thebasie.org\/visiting-red-bank\/\",\"name\":\"Visiting Red Bank - Count Basie Center for the Arts\",\"isPartOf\":{\"@id\":\"https:\/\/thebasie.org\/#website\"},\"primaryImageOfPage\":{\"@id\":\"https:\/\/thebasie.org\/visiting-red-bank\/#primaryimage\"},\"image\":{\"@id\":\"https:\/\/thebasie.org\/visiting-red-bank\/#primaryimage\"},\"thumbnailUrl\":\"https:\/\/thebasie.org\/wp-content\/uploads\/2017\/03\/redbank.jpg\",\"datePublished\":\"2017-03-16T20:54:21+00:00\",\"dateModified\":\"2018-09-07T19:12:53+00:00\",\"breadcrumb\":{\"@id\":\"https:\/\/thebasie.org\/visiting-red-bank\/#breadcrumb\"},\"inLanguage\":\"es\",\"potentialAction\":[{\"@type\":\"ReadAction\",\"target\":[\"https:\/\/thebasie.org\/visiting-red-bank\/\"]}]},{\"@type\":\"ImageObject\",\"inLanguage\":\"es\",\"@id\":\"https:\/\/thebasie.org\/visiting-red-bank\/#primaryimage\",\"url\":\"https:\/\/thebasie.org\/wp-content\/uploads\/2017\/03\/redbank.jpg\",\"contentUrl\":\"https:\/\/thebasie.org\/wp-content\/uploads\/2017\/03\/redbank.jpg\"},{\"@type\":\"BreadcrumbList\",\"@id\":\"https:\/\/thebasie.org\/visiting-red-bank\/#breadcrumb\",\"itemListElement\":[{\"@type\":\"ListItem\",\"position\":1,\"name\":\"Home\",\"item\":\"https:\/\/thebasie.org\/\"},{\"@type\":\"ListItem\",\"position\":2,\"name\":\"Visiting Red Bank\"}]},{\"@type\":\"WebSite\",\"@id\":\"https:\/\/thebasie.org\/#website\",\"url\":\"https:\/\/thebasie.org\/\",\"name\":\"Count Basie Center for the Arts\",\"description\":\"Count Basie Center for the Arts\",\"potentialAction\":[{\"@type\":\"SearchAction\",\"target\":{\"@type\":\"EntryPoint\",\"urlTemplate\":\"https:\/\/thebasie.org\/?s={search_term_string}\"},\"query-input\":{\"@type\":\"PropertyValueSpecification\",\"valueRequired\":true,\"valueName\":\"search_term_string\"}}],\"inLanguage\":\"es\"}]}<\/script>\n<!-- \/ Yoast SEO Premium plugin. -->","yoast_head_json":{"title":"Visitando Red Bank - Centro para las Artes Count Basie","robots":{"index":"index","follow":"follow","max-snippet":"max-snippet:-1","max-image-preview":"max-image-preview:large","max-video-preview":"max-video-preview:-1"},"canonical":"https:\/\/thebasie.org\/es\/visitando-el-banco-rojo\/","og_locale":"es_MX","og_type":"article","og_title":"Visiting Red Bank","og_description":"The historic Count Basie Center for the Arts is located in the heart of Red Bank, New Jersey. Just minutes from the ocean, Red Bank is a beautiful and charming town built on the banks of the Navesink River, and home to hundreds of shops and boutiques, award-winning restaurants and other businesses. Each year, the [&hellip;]","og_url":"https:\/\/thebasie.org\/es\/visitando-el-banco-rojo\/","og_site_name":"Count Basie Center for the Arts","article_publisher":"http:\/\/www.facebook.com\/basiecenter","article_modified_time":"2018-09-07T19:12:53+00:00","og_image":[{"url":"https:\/\/thebasie.org\/wp-content\/uploads\/2017\/03\/redbank.jpg","type":"","width":"","height":""}],"twitter_card":"summary_large_image","twitter_site":"@basiecenter","twitter_misc":{"Tiempo de lectura":"1 minuto"},"schema":{"@context":"https:\/\/schema.org","@graph":[{"@type":"WebPage","@id":"https:\/\/thebasie.org\/visiting-red-bank\/","url":"https:\/\/thebasie.org\/visiting-red-bank\/","name":"Visitando Red Bank - Centro para las Artes Count Basie","isPartOf":{"@id":"https:\/\/thebasie.org\/#website"},"primaryImageOfPage":{"@id":"https:\/\/thebasie.org\/visiting-red-bank\/#primaryimage"},"image":{"@id":"https:\/\/thebasie.org\/visiting-red-bank\/#primaryimage"},"thumbnailUrl":"https:\/\/thebasie.org\/wp-content\/uploads\/2017\/03\/redbank.jpg","datePublished":"2017-03-16T20:54:21+00:00","dateModified":"2018-09-07T19:12:53+00:00","breadcrumb":{"@id":"https:\/\/thebasie.org\/visiting-red-bank\/#breadcrumb"},"inLanguage":"es","potentialAction":[{"@type":"ReadAction","target":["https:\/\/thebasie.org\/visiting-red-bank\/"]}]},{"@type":"ImageObject","inLanguage":"es","@id":"https:\/\/thebasie.org\/visiting-red-bank\/#primaryimage","url":"https:\/\/thebasie.org\/wp-content\/uploads\/2017\/03\/redbank.jpg","contentUrl":"https:\/\/thebasie.org\/wp-content\/uploads\/2017\/03\/redbank.jpg"},{"@type":"BreadcrumbList","@id":"https:\/\/thebasie.org\/visiting-red-bank\/#breadcrumb","itemListElement":[{"@type":"ListItem","position":1,"name":"Home","item":"https:\/\/thebasie.org\/"},{"@type":"ListItem","position":2,"name":"Visiting Red Bank"}]},{"@type":"WebSite","@id":"https:\/\/thebasie.org\/#website","url":"https:\/\/thebasie.org\/","name":"Count Basie Center for the Arts","description":"Count Basie Center for the Arts","potentialAction":[{"@type":"SearchAction","target":{"@type":"EntryPoint","urlTemplate":"https:\/\/thebasie.org\/?s={search_term_string}"},"query-input":{"@type":"PropertyValueSpecification","valueRequired":true,"valueName":"search_term_string"}}],"inLanguage":"es"}]}},"_links":{"self":[{"href":"https:\/\/thebasie.org\/es\/wp-json\/wp\/v2\/pages\/8","targetHints":{"allow":["GET"]}}],"collection":[{"href":"https:\/\/thebasie.org\/es\/wp-json\/wp\/v2\/pages"}],"about":[{"href":"https:\/\/thebasie.org\/es\/wp-json\/wp\/v2\/types\/page"}],"author":[{"embeddable":true,"href":"https:\/\/thebasie.org\/es\/wp-json\/wp\/v2\/users\/1"}],"replies":[{"embeddable":true,"href":"https:\/\/thebasie.org\/es\/wp-json\/wp\/v2\/comments?post=8"}],"version-history":[{"count":0,"href":"https:\/\/thebasie.org\/es\/wp-json\/wp\/v2\/pages\/8\/revisions"}],"wp:attachment":[{"href":"https:\/\/thebasie.org\/es\/wp-json\/wp\/v2\/media?parent=8"}],"curies":[{"name":"Gracias","href":"https:\/\/api.w.org\/{rel}","templated":true}]}}