{"id":608,"date":"2017-05-09T15:13:34","date_gmt":"2017-05-09T19:13:34","guid":{"rendered":"https:\/\/thebasie.org\/?page_id=608"},"modified":"2026-04-20T15:56:40","modified_gmt":"2026-04-20T19:56:40","slug":"restauranteshoteles","status":"publish","type":"page","link":"https:\/\/thebasie.org\/es\/restauranteshoteles\/","title":{"rendered":"Restaurantes y Hoteles"},"content":{"rendered":"<p>&nbsp;<\/p>\n<p><span style=\"font-size: 14pt;\"><strong>Estos destacados restaurantes y hoteles apoyan el Centro para las Artes Count Basie.<\/strong><\/span><\/p>\n<p>&nbsp;<\/p>\n<p><img loading=\"lazy\" decoding=\"async\" class=\"aligncenter size-full wp-image-1082\" src=\"https:\/\/thebasie.org\/wp-content\/uploads\/2017\/05\/R1-RESTAURANTSHEADER.jpg\" alt=\"Restaurantes\" width=\"1240\" height=\"482\" srcset=\"https:\/\/thebasie.org\/wp-content\/uploads\/2017\/05\/R1-RESTAURANTSHEADER.jpg 1240w, https:\/\/thebasie.org\/wp-content\/uploads\/2017\/05\/R1-RESTAURANTSHEADER-300x117.jpg 300w, https:\/\/thebasie.org\/wp-content\/uploads\/2017\/05\/R1-RESTAURANTSHEADER-768x299.jpg 768w, https:\/\/thebasie.org\/wp-content\/uploads\/2017\/05\/R1-RESTAURANTSHEADER-1024x398.jpg 1024w\" sizes=\"auto, (max-width: 1240px) 100vw, 1240px\" \/><\/p>\n<p>&nbsp;<\/p>\n<hr style=\"clear: both; position: relative; top: 30px; margin-bottom: 30px;\" \/>\n<p>&nbsp;<\/p>\n<p><a href=\"http:\/\/www.pazzoredbank.com\"><img loading=\"lazy\" decoding=\"async\" class=\"alignleft\" src=\"https:\/\/thebasie.org\/wp-content\/uploads\/2021\/01\/restaurants-hotels-logo-pazzo.jpg\" alt=\"\" width=\"200\" height=\"200\" \/>Pazzo <\/a><br \/>\n141 calle frontal oeste<br \/>\nRed Bank, NJ 07701<br \/>\n732-747-4551<\/p>\n<p>&nbsp;<\/p>\n<hr style=\"clear: both; position: relative; top: 30px; margin-bottom: 30px;\" \/>\n<p>&nbsp;<\/p>\n<p><a href=\"http:\/\/www.thebistroatredbank.com\/\"><img decoding=\"async\" src=\"https:\/\/thebasie.org\/wp-content\/uploads\/2024\/04\/restaurants-hotels-logo-Bistro-new.jpg\" alt=\"\" class=\"alignleft\" \/>El bistr\u00f3 en Red Bank<\/a><br \/>\n14 calle ancha<br \/>\nRed Bank, NJ 07701<br \/>\n732-530-5553<\/p>\n<p>&nbsp;<\/p>\n<hr style=\"clear: both; position: relative; top: 30px; margin-bottom: 30px;\" \/>\n<p>&nbsp;<\/p>\n<p><a href=\"https:\/\/www.triumphbrewing.com\/\"><img decoding=\"async\" src=\"https:\/\/thebasie.org\/wp-content\/uploads\/2024\/04\/restaurants-hotels-logo-Triumph-new.jpg\" alt=\"\" class=\"alignleft\" \/>Cervecer\u00eda Triumph<\/a><br \/>\nRestaurante y cervecer\u00eda<br \/>\n1 Avenida del Puente<br \/>\nRed Bank, NJ 07701<br \/>\n732-852-7300<\/p>\n<p>&nbsp;<\/p>\n<hr style=\"clear: both; position: relative; top: 30px; margin-bottom: 30px;\" \/>\n<p>&nbsp;<\/p>\n<p><a href=\"https:\/\/26westonthenavesink.com\/\"><img decoding=\"async\" src=\"https:\/\/thebasie.org\/wp-content\/uploads\/2024\/04\/restaurants-hotels-logo-26-West-On-The-Navesink.jpg\" alt=\"\" class=\"alignleft\" \/>26 Oeste en Navesink<\/a><br \/>\n26 Calle frontal oeste<br \/>\nRed Bank, NJ 07701<br \/>\n732-383-5664<\/p>\n<p>&nbsp;<\/p>\n<hr style=\"clear: both; position: relative; top: 30px; margin-bottom: 30px;\" \/>\n<p>&nbsp;<\/p>\n<p><a href=\"https:\/\/www.bagelstationrb.com\/\"><img loading=\"lazy\" decoding=\"async\" src=\"https:\/\/thebasie.org\/wp-content\/uploads\/2024\/02\/restaurants-hotels-logo-bagel-station.jpg\" alt=\"\" width=\"200\" height=\"200\" class=\"alignleft\" \/> Estaci\u00f3n de panecillos<\/a><br \/>\nCalle Monmouth 168<br \/>\nRed Bank, NJ 07701<br \/>\n732-842-0002<\/p>\n<p>&nbsp;<\/p>\n<hr style=\"clear: both; position: relative; top: 30px; margin-bottom: 30px;\" \/>\n<p>&nbsp;<\/p>\n<p><a href=\"http:\/\/www.bombayriver.com\/\"><img decoding=\"async\" src=\"https:\/\/thebasie.org\/wp-content\/uploads\/2024\/04\/restaurants-hotels-logo-Bombay-River.jpg\" alt=\"\" class=\"alignleft\" \/><\/a><\/p>\n<div style=\"display: block; min-width: 300px; float: left;\"><a href=\"http:\/\/www.bombayriver.com\/\">R\u00edo Bombay<\/a><br \/>\n90 Broad St<br \/>\nRed Bank, NJ 07701<br \/>\n732-530-1598<\/div>\n<p>&nbsp;<\/p>\n<hr style=\"clear: both; position: relative; top: 30px; margin-bottom: 30px;\" \/>\n<p>&nbsp;<\/p>\n<p><a href=\"http:\/\/www.charsteakhouse.com\"><img loading=\"lazy\" decoding=\"async\" class=\"alignleft\" src=\"https:\/\/thebasie.org\/wp-content\/uploads\/2021\/01\/restaurants-hotels-logo-char.jpg\" alt=\"\" width=\"200\" height=\"200\" \/>Asador Char<\/a><br \/>\n33 calle ancha.<br \/>\nRed Bank, NJ 07701<br \/>\n732-450-2427<\/p>\n<p>&nbsp;<\/p>\n<hr style=\"clear: both; position: relative; top: 30px; margin-bottom: 30px;\" \/>\n<p>&nbsp;<\/p>\n<p><a href=\"http:\/\/www.thedublinhouse.net\"><img loading=\"lazy\" decoding=\"async\" class=\"alignleft\" src=\"https:\/\/thebasie.org\/wp-content\/uploads\/2021\/01\/restaurants-hotels-logo-dublin-house.jpg\" alt=\"\" width=\"200\" height=\"200\" \/>Casa de Dubl\u00edn<\/a><br \/>\nCalle Monmouth 30<br \/>\nRed Bank, NJ 07701<br \/>\n732-747-6699<\/p>\n<p>&nbsp;<\/p>\n<hr style=\"clear: both; position: relative; top: 30px; margin-bottom: 30px;\" \/>\n<p>&nbsp;<\/p>\n<p><a href=\"http:\/\/www.mcloonespierhouse.com\"><img loading=\"lazy\" decoding=\"async\" class=\"alignleft\" src=\"https:\/\/thebasie.org\/wp-content\/uploads\/2021\/01\/restaurants-hotels-logo-mcloones.jpg\" alt=\"\" width=\"200\" height=\"200\" \/>Casa del muelle de McLoone<\/a><br \/>\n1 Ocean Avenue en Pier Village<br \/>\nLong Branch, Nueva Jersey 07740<br \/>\n732-923-1006<\/p>\n<p>&nbsp;<\/p>\n<hr style=\"clear: both; position: relative; top: 30px; margin-bottom: 30px;\" \/>\n<p>&nbsp;<\/p>\n<p><a href=\"https:\/\/www.meltingpot.com\/red-bank-nj\/\"><img loading=\"lazy\" decoding=\"async\" src=\"https:\/\/thebasie.org\/wp-content\/uploads\/2022\/09\/restaurants-hotels-logo-melting-pot.jpg\" alt=\"\" width=\"200\" height=\"200\" class=\"alignleft\" \/>Crisol<\/a><br \/>\n2 Puente Ave<br \/>\nRed Bank, NJ 07701<br \/>\n732-475-9222<\/p>\n<p>&nbsp;<\/p>\n<hr style=\"clear: both; position: relative; top: 30px; margin-bottom: 30px;\" \/>\n<p>&nbsp;<\/p>\n<p><a href=\"https:\/\/www.neapolinj.com\/\"><img loading=\"lazy\" decoding=\"async\" src=\"https:\/\/thebasie.org\/wp-content\/uploads\/2024\/01\/restaurants-hotels-logo-neapoli-italian-kitchen.jpg\" alt=\"\" width=\"200\" height=\"200\" class=\"alignleft\" \/> Cocina italiana de N\u00e1poles<\/a><br \/>\nCalle Wallace 10<br \/>\nRed Bank, NJ 07701<br \/>\n732-741-1321<\/p>\n<p>&nbsp;<\/p>\n<hr style=\"clear: both; position: relative; top: 30px; margin-bottom: 30px;\" \/>\n<p>&nbsp;<\/p>\n<p><a href=\"https:\/\/parisbaguette.com\/\"><img decoding=\"async\" src=\"https:\/\/thebasie.org\/wp-content\/uploads\/2024\/04\/restaurants-hotels-logo-paris-baguette.jpg\" alt=\"\" class=\"alignleft\" \/>Baguette de Par\u00eds<\/a><br \/>\n128 calle ancha<br \/>\nRed Bank, NJ 07701<br \/>\n732-414-9378<\/p>\n<p>&nbsp;<\/p>\n<hr style=\"clear: both; position: relative; top: 30px; margin-bottom: 30px;\" \/>\n<p>&nbsp;<\/p>\n<p><a href=\"https:\/\/www.patriziasofbrooklyn.com\/location\/red-bank\/\"><img loading=\"lazy\" decoding=\"async\" class=\"alignleft\" src=\"https:\/\/thebasie.org\/wp-content\/uploads\/2021\/01\/restaurants-hotels-logo-patrizias.jpg\" alt=\"\" width=\"200\" height=\"200\" \/>Patrizia del Banco Rojo<\/a><br \/>\n28 calle ancha<br \/>\nRed Bank, NJ 07701<br \/>\n732-741-5555<\/p>\n<p>&nbsp;<\/p>\n<hr style=\"clear: both; position: relative; top: 30px; margin-bottom: 30px;\" \/>\n<p>&nbsp;<\/p>\n<p><a href=\"https:\/\/www.theoysterpointhotel.com\/pearl-restaurant-lounge\/\"><img loading=\"lazy\" decoding=\"async\" src=\"https:\/\/thebasie.org\/wp-content\/uploads\/2026\/03\/restaurants-hotels-logo-oyster-point-hotel.jpg\" alt=\"\" width=\"200\" height=\"200\" class=\"alignleft\" \/>Restaurante y sal\u00f3n Pearl<\/a><br \/>\n146 Bodman Pl<br \/>\nRed Bank, NJ 07701<br \/>\n732-530-8200<\/p>\n<p>&nbsp;<\/p>\n<hr style=\"clear: both; position: relative; top: 30px; margin-bottom: 30px;\" \/>\n<p>&nbsp;<\/p>\n<p><a href=\"http:\/\/teakrestaurant.com\/\"><img loading=\"lazy\" decoding=\"async\" class=\"alignleft\" src=\"https:\/\/thebasie.org\/wp-content\/uploads\/2021\/01\/restaurants-hotels-logo-teak.jpg\" alt=\"\" width=\"200\" height=\"200\" \/>Restaurante Teca<\/a><br \/>\n64 Monmouth Calle<br \/>\nRed Bank, NJ 07701<br \/>\n732-747-5775<\/p>\n<p>&nbsp;<\/p>\n<hr style=\"clear: both; position: relative; top: 30px; margin-bottom: 30px;\" \/>\n<p>&nbsp;<\/p>\n<p><a href=\"https:\/\/jbjsoulkitchen.org\"><img decoding=\"async\" class=\"alignleft\" src=\"https:\/\/thebasie.org\/wp-content\/uploads\/2021\/04\/Soul_Kitchen.jpg\" \/>La cocina del alma de JBJ<\/a><br \/>\nCalle Monmouth 207<br \/>\nRed Bank, NJ 07701<br \/>\n732-842-0900<\/p>\n<p>&nbsp;<\/p>\n<hr style=\"clear: both; position: relative; top: 30px; margin-bottom: 30px;\" \/>\n<p>&nbsp;<\/p>\n<p><a href=\"http:\/\/www.robinsonalehouse.com\"><img loading=\"lazy\" decoding=\"async\" class=\"alignleft\" src=\"https:\/\/thebasie.org\/wp-content\/uploads\/2021\/01\/restaurants-hotels-logo-robinson-ale-house.jpg\" alt=\"\" width=\"200\" height=\"200\" \/>La casa de cerveza Robinson<\/a><br \/>\n26 calle ancha<br \/>\nRed Bank, NJ 07701<br \/>\n732-383-8219<\/p>\n<p>&nbsp;<\/p>\n<hr style=\"clear: both; position: relative; top: 30px; margin-bottom: 30px;\" \/>\n<p>&nbsp;<\/p>\n<p><a href=\"http:\/\/urbancoalhouse.com\/\"><img decoding=\"async\" class=\"alignleft\" src=\"https:\/\/thebasie.org\/wp-content\/uploads\/2019\/10\/restaurants-hotels-logo-urban-coalhouse.jpg\" \/>Urban CoalHouse Pizza + Bar<\/a><br \/>\n2 Puente Ave<br \/>\nRed Bank, NJ 07701<br \/>\n732-212-1700<\/p>\n<p>&nbsp;<\/p>\n<p>&nbsp;<\/p>\n<p>&nbsp;<\/p>\n<p>&nbsp;<\/p>\n<p><img loading=\"lazy\" decoding=\"async\" class=\"aligncenter size-full wp-image-1696\" src=\"https:\/\/thebasie.org\/wp-content\/uploads\/2017\/05\/restaurants-and-hotels-title-red-bank-hotels-1.jpg\" alt=\"\" width=\"1240\" height=\"482\" srcset=\"https:\/\/thebasie.org\/wp-content\/uploads\/2017\/05\/restaurants-and-hotels-title-red-bank-hotels-1.jpg 1240w, https:\/\/thebasie.org\/wp-content\/uploads\/2017\/05\/restaurants-and-hotels-title-red-bank-hotels-1-300x117.jpg 300w, https:\/\/thebasie.org\/wp-content\/uploads\/2017\/05\/restaurants-and-hotels-title-red-bank-hotels-1-768x299.jpg 768w, https:\/\/thebasie.org\/wp-content\/uploads\/2017\/05\/restaurants-and-hotels-title-red-bank-hotels-1-1024x398.jpg 1024w\" sizes=\"auto, (max-width: 1240px) 100vw, 1240px\" \/><\/p>\n<p>&nbsp;<\/p>\n<p>&nbsp;<\/p>\n<p><a href=\"http:\/\/www.marriott.com\/hotels\/travel\/ewrrb-courtyard-lincroft-red-bank\/\"><img loading=\"lazy\" decoding=\"async\" class=\"alignleft\" src=\"https:\/\/thebasie.org\/wp-content\/uploads\/2021\/01\/restaurants-hotels-logo-courtyard.jpg\" alt=\"\" width=\"200\" height=\"200\" \/>Patio Lincroft\/Red Bank<\/a><br \/>\n245 Carretera de media milla<br \/>\nRed Bank, NJ 07701<br \/>\n732-530-5552<\/p>\n<p>El Courtyard Lincroft\/Red Bank by Marriott est\u00e1 ubicado en la salida 109 de Garden State Parkway, a solo minutos del centro de Red Bank. Disfrute de habitaciones recientemente renovadas que cuentan con ropa de cama y almohadas nuevas, un escritorio amplio y bien iluminado, silla ergon\u00f3mica y acceso gratuito a Internet de alta velocidad. El Courtyard by Marriott ofrece un gimnasio, jacuzzi, piscina cubierta, el Courtyard Caf\u00e9 y es una instalaci\u00f3n 100% libre de humo.<br \/>\n<span style=\"font-size: 10pt;\"><em>Distancia: 2,0 millas<\/em><\/span><br \/>\n<span style=\"font-size: 10pt;\"><em> Tiempo de viaje: 5 minutos<\/em><\/span><\/p>\n<p>&nbsp;<\/p>\n<hr \/>\n<p>&nbsp;<\/p>\n<p><a href=\"http:\/\/www.mollypitcher-oysterpoint.com\"><img loading=\"lazy\" decoding=\"async\" class=\"alignleft\" src=\"https:\/\/thebasie.org\/wp-content\/uploads\/2021\/01\/restaurants-hotels-logo-molly-pitcher-inn.jpg\" alt=\"\" width=\"200\" height=\"200\" \/>Molly Jarra Inn<\/a><br \/>\n88 Avenida Riverside<br \/>\nRed Bank, NJ 07701<br \/>\n732-747-2500 extensi\u00f3n. 579<\/p>\n<p>El Molly Pitcher Inn en Red Bank es uno de los hoteles de servicio completo frente al mar con m\u00e1s encanto de Estados Unidos. Ubicada a orillas del r\u00edo Navesink, la posada ofrece extraordinarias vistas al agua, excelente comida y alojamiento de lujo. El hotel se encuentra a 10 minutos de Basie, adem\u00e1s de los restaurantes, tiendas de antig\u00fcedades, bares y salones de Red Bank, y ofrece 106 habitaciones, incluidas suites, 10 salas de reuniones, una piscina al aire libre, un gimnasio, un puerto deportivo e Internet inal\u00e1mbrico de alta velocidad.<br \/>\n<span style=\"font-size: 10pt;\"><em>Distancia: 0,3 millas<\/em><\/span><br \/>\n<span style=\"font-size: 10pt;\"><em> Tiempo de conducci\u00f3n: 1 minuto<\/em><\/span><\/p>\n<p>&nbsp;<\/p>\n<hr style=\"clear: both;\" \/>\n<p>&nbsp;<\/p>\n<p><a href=\"http:\/\/www.mollypitcher-oysterpoint.com\"><img loading=\"lazy\" decoding=\"async\" class=\"alignleft\" src=\"https:\/\/thebasie.org\/wp-content\/uploads\/2021\/01\/restaurants-hotels-logo-oyster-point-hotel.jpg\" alt=\"\" width=\"200\" height=\"200\" \/>Hotel Oyster Point<\/a><br \/>\n146 Lugar Bodman<br \/>\nRed Bank, NJ 07701<br \/>\n732-747-2500 extensi\u00f3n. 579<\/p>\n<p>El Oyster Point Hotel es la propiedad hermana contempor\u00e1nea del Molly Pitcher Inn. El hotel se encuentra a poca distancia de Basie, adem\u00e1s de las boutiques, restaurantes, tiendas de antig\u00fcedades, parques y salones de Red Bank. La propiedad cuenta con 58 habitaciones de lujo que incluyen suites, gimnasio de cortes\u00eda, puerto deportivo e Internet inal\u00e1mbrico de alta velocidad, excelente cocina y el mejor servicio.<br \/>\n<span style=\"font-size: 10pt;\"><em>Distancia: 0,6 millas<\/em><\/span><br \/>\n<span style=\"font-size: 10pt;\"><em> Tiempo de viaje: 2 minutos<\/em><\/span><\/p>\n<p>&nbsp;<\/p>\n<hr \/>\n<p>&nbsp;<\/p>\n<p><a href=\"https:\/\/www.sonesta.com\/sonesta-select\/nj\/tinton-falls\/sonesta-select-tinton-falls-eatontown\" id=\"sonesta\"><img loading=\"lazy\" decoding=\"async\" class=\"alignleft\" src=\"https:\/\/thebasie.org\/wp-content\/uploads\/2023\/09\/Sonesta-Select.jpg\" alt=\"\" width=\"200\" height=\"200\" \/>Sonesta Select Tinton Falls Eatontown<\/a><br \/>\n600 Camino de la Esperanza<br \/>\nTinton Falls, Nueva Jersey 07724<br \/>\n732.389.2100<\/p>\n<p>Ubicado en el coraz\u00f3n del condado de Monmouth, nuestro hotel de Tinton Falls es el destino perfecto para viajeros de negocios, vacaciones familiares y escapadas de fin de semana. Disfrute de un f\u00e1cil acceso a las principales atracciones de la zona, como la Universidad de Monmouth, Asbury Park y el centro comercial Monmouth. Las playas de la costa de Jersey est\u00e1n a s\u00f3lo 40 minutos en coche. Explore una amplia gama de comodidades y experimente calidad y comodidad a un precio asequible.<br \/>\n<span style=\"font-size: 10pt;\"><em>Distancia: 5,0 millas<\/em><\/span><br \/>\n<span style=\"font-size: 10pt;\"><em> Tiempo de viaje: 15 minutos<\/em><\/span><\/p>\n<p>&nbsp;<\/p>","protected":false},"excerpt":{"rendered":"<p>&nbsp; These outstanding restaurants and hotels support the Count Basie Center for the Arts. &nbsp; &nbsp; &nbsp; Pazzo 141 West Front Street Red Bank, NJ 07701 732-747-4551 &nbsp; &nbsp; The Bistro at Red Bank 14 Broad Street Red Bank, NJ 07701 732-530-5553 &nbsp; &nbsp; Triumph Brewing Co Restaurant &#038; Brewery 1 Bridge Avenue Red Bank, [&hellip;]<\/p>","protected":false},"author":3,"featured_media":0,"parent":0,"menu_order":0,"comment_status":"closed","ping_status":"closed","template":"","meta":{"_acf_changed":false,"footnotes":""},"class_list":["post-608","page","type-page","status-publish","hentry"],"acf":[],"yoast_head":"<!-- This site is optimized with the Yoast SEO Premium plugin v26.7 (Yoast SEO v26.7) - https:\/\/yoast.com\/wordpress\/plugins\/seo\/ -->\n<title>Restaurants &amp; Hotels - Count Basie Center for the Arts<\/title>\n<meta name=\"robots\" content=\"index, follow, max-snippet:-1, max-image-preview:large, max-video-preview:-1\" \/>\n<link rel=\"canonical\" href=\"https:\/\/thebasie.org\/es\/restauranteshoteles\/\" \/>\n<meta property=\"og:locale\" content=\"es_MX\" \/>\n<meta property=\"og:type\" content=\"article\" \/>\n<meta property=\"og:title\" content=\"Restaurants &amp; Hotels\" \/>\n<meta property=\"og:description\" content=\"&nbsp; These outstanding restaurants and hotels support the Count Basie Center for the Arts. &nbsp; &nbsp; &nbsp; Pazzo 141 West Front Street Red Bank, NJ 07701 732-747-4551 &nbsp; &nbsp; The Bistro at Red Bank 14 Broad Street Red Bank, NJ 07701 732-530-5553 &nbsp; &nbsp; Triumph Brewing Co Restaurant &#038; Brewery 1 Bridge Avenue Red Bank, [&hellip;]\" \/>\n<meta property=\"og:url\" content=\"https:\/\/thebasie.org\/es\/restauranteshoteles\/\" \/>\n<meta property=\"og:site_name\" content=\"Count Basie Center for the Arts\" \/>\n<meta property=\"article:publisher\" content=\"http:\/\/www.facebook.com\/basiecenter\" \/>\n<meta property=\"article:modified_time\" content=\"2026-04-20T19:56:40+00:00\" \/>\n<meta property=\"og:image\" content=\"https:\/\/thebasie.org\/wp-content\/uploads\/2017\/05\/R1-RESTAURANTSHEADER.jpg\" \/>\n\t<meta property=\"og:image:width\" content=\"1240\" \/>\n\t<meta property=\"og:image:height\" content=\"482\" \/>\n\t<meta property=\"og:image:type\" content=\"image\/jpeg\" \/>\n<meta name=\"twitter:card\" content=\"summary_large_image\" \/>\n<meta name=\"twitter:site\" content=\"@basiecenter\" \/>\n<meta name=\"twitter:label1\" content=\"Tiempo de lectura\" \/>\n\t<meta name=\"twitter:data1\" content=\"8 minutos\" \/>\n<script type=\"application\/ld+json\" class=\"yoast-schema-graph\">{\"@context\":\"https:\/\/schema.org\",\"@graph\":[{\"@type\":\"WebPage\",\"@id\":\"https:\/\/thebasie.org\/restaurantshotels\/\",\"url\":\"https:\/\/thebasie.org\/restaurantshotels\/\",\"name\":\"Restaurants & Hotels - Count Basie Center for the Arts\",\"isPartOf\":{\"@id\":\"https:\/\/thebasie.org\/#website\"},\"primaryImageOfPage\":{\"@id\":\"https:\/\/thebasie.org\/restaurantshotels\/#primaryimage\"},\"image\":{\"@id\":\"https:\/\/thebasie.org\/restaurantshotels\/#primaryimage\"},\"thumbnailUrl\":\"https:\/\/thebasie.org\/wp-content\/uploads\/2017\/05\/R1-RESTAURANTSHEADER.jpg\",\"datePublished\":\"2017-05-09T19:13:34+00:00\",\"dateModified\":\"2026-04-20T19:56:40+00:00\",\"breadcrumb\":{\"@id\":\"https:\/\/thebasie.org\/restaurantshotels\/#breadcrumb\"},\"inLanguage\":\"es\",\"potentialAction\":[{\"@type\":\"ReadAction\",\"target\":[\"https:\/\/thebasie.org\/restaurantshotels\/\"]}]},{\"@type\":\"ImageObject\",\"inLanguage\":\"es\",\"@id\":\"https:\/\/thebasie.org\/restaurantshotels\/#primaryimage\",\"url\":\"https:\/\/thebasie.org\/wp-content\/uploads\/2017\/05\/R1-RESTAURANTSHEADER.jpg\",\"contentUrl\":\"https:\/\/thebasie.org\/wp-content\/uploads\/2017\/05\/R1-RESTAURANTSHEADER.jpg\"},{\"@type\":\"BreadcrumbList\",\"@id\":\"https:\/\/thebasie.org\/restaurantshotels\/#breadcrumb\",\"itemListElement\":[{\"@type\":\"ListItem\",\"position\":1,\"name\":\"Home\",\"item\":\"https:\/\/thebasie.org\/\"},{\"@type\":\"ListItem\",\"position\":2,\"name\":\"Restaurants &#038; Hotels\"}]},{\"@type\":\"WebSite\",\"@id\":\"https:\/\/thebasie.org\/#website\",\"url\":\"https:\/\/thebasie.org\/\",\"name\":\"Count Basie Center for the Arts\",\"description\":\"Count Basie Center for the Arts\",\"potentialAction\":[{\"@type\":\"SearchAction\",\"target\":{\"@type\":\"EntryPoint\",\"urlTemplate\":\"https:\/\/thebasie.org\/?s={search_term_string}\"},\"query-input\":{\"@type\":\"PropertyValueSpecification\",\"valueRequired\":true,\"valueName\":\"search_term_string\"}}],\"inLanguage\":\"es\"}]}<\/script>\n<!-- \/ Yoast SEO Premium plugin. -->","yoast_head_json":{"title":"Restaurantes y hoteles - Centro de las Artes Count Basie","robots":{"index":"index","follow":"follow","max-snippet":"max-snippet:-1","max-image-preview":"max-image-preview:large","max-video-preview":"max-video-preview:-1"},"canonical":"https:\/\/thebasie.org\/es\/restauranteshoteles\/","og_locale":"es_MX","og_type":"article","og_title":"Restaurants & Hotels","og_description":"&nbsp; These outstanding restaurants and hotels support the Count Basie Center for the Arts. &nbsp; &nbsp; &nbsp; Pazzo 141 West Front Street Red Bank, NJ 07701 732-747-4551 &nbsp; &nbsp; The Bistro at Red Bank 14 Broad Street Red Bank, NJ 07701 732-530-5553 &nbsp; &nbsp; Triumph Brewing Co Restaurant &#038; Brewery 1 Bridge Avenue Red Bank, [&hellip;]","og_url":"https:\/\/thebasie.org\/es\/restauranteshoteles\/","og_site_name":"Count Basie Center for the Arts","article_publisher":"http:\/\/www.facebook.com\/basiecenter","article_modified_time":"2026-04-20T19:56:40+00:00","og_image":[{"width":1240,"height":482,"url":"https:\/\/thebasie.org\/wp-content\/uploads\/2017\/05\/R1-RESTAURANTSHEADER.jpg","type":"image\/jpeg"}],"twitter_card":"summary_large_image","twitter_site":"@basiecenter","twitter_misc":{"Tiempo de lectura":"8 minutos"},"schema":{"@context":"https:\/\/schema.org","@graph":[{"@type":"WebPage","@id":"https:\/\/thebasie.org\/restaurantshotels\/","url":"https:\/\/thebasie.org\/restaurantshotels\/","name":"Restaurantes y hoteles - Centro de las Artes Count Basie","isPartOf":{"@id":"https:\/\/thebasie.org\/#website"},"primaryImageOfPage":{"@id":"https:\/\/thebasie.org\/restaurantshotels\/#primaryimage"},"image":{"@id":"https:\/\/thebasie.org\/restaurantshotels\/#primaryimage"},"thumbnailUrl":"https:\/\/thebasie.org\/wp-content\/uploads\/2017\/05\/R1-RESTAURANTSHEADER.jpg","datePublished":"2017-05-09T19:13:34+00:00","dateModified":"2026-04-20T19:56:40+00:00","breadcrumb":{"@id":"https:\/\/thebasie.org\/restaurantshotels\/#breadcrumb"},"inLanguage":"es","potentialAction":[{"@type":"ReadAction","target":["https:\/\/thebasie.org\/restaurantshotels\/"]}]},{"@type":"ImageObject","inLanguage":"es","@id":"https:\/\/thebasie.org\/restaurantshotels\/#primaryimage","url":"https:\/\/thebasie.org\/wp-content\/uploads\/2017\/05\/R1-RESTAURANTSHEADER.jpg","contentUrl":"https:\/\/thebasie.org\/wp-content\/uploads\/2017\/05\/R1-RESTAURANTSHEADER.jpg"},{"@type":"BreadcrumbList","@id":"https:\/\/thebasie.org\/restaurantshotels\/#breadcrumb","itemListElement":[{"@type":"ListItem","position":1,"name":"Home","item":"https:\/\/thebasie.org\/"},{"@type":"ListItem","position":2,"name":"Restaurants &#038; Hotels"}]},{"@type":"WebSite","@id":"https:\/\/thebasie.org\/#website","url":"https:\/\/thebasie.org\/","name":"Count Basie Center for the Arts","description":"Count Basie Center for the Arts","potentialAction":[{"@type":"SearchAction","target":{"@type":"EntryPoint","urlTemplate":"https:\/\/thebasie.org\/?s={search_term_string}"},"query-input":{"@type":"PropertyValueSpecification","valueRequired":true,"valueName":"search_term_string"}}],"inLanguage":"es"}]}},"_links":{"self":[{"href":"https:\/\/thebasie.org\/es\/wp-json\/wp\/v2\/pages\/608","targetHints":{"allow":["GET"]}}],"collection":[{"href":"https:\/\/thebasie.org\/es\/wp-json\/wp\/v2\/pages"}],"about":[{"href":"https:\/\/thebasie.org\/es\/wp-json\/wp\/v2\/types\/page"}],"author":[{"embeddable":true,"href":"https:\/\/thebasie.org\/es\/wp-json\/wp\/v2\/users\/3"}],"replies":[{"embeddable":true,"href":"https:\/\/thebasie.org\/es\/wp-json\/wp\/v2\/comments?post=608"}],"version-history":[{"count":4,"href":"https:\/\/thebasie.org\/es\/wp-json\/wp\/v2\/pages\/608\/revisions"}],"predecessor-version":[{"id":36155,"href":"https:\/\/thebasie.org\/es\/wp-json\/wp\/v2\/pages\/608\/revisions\/36155"}],"wp:attachment":[{"href":"https:\/\/thebasie.org\/es\/wp-json\/wp\/v2\/media?parent=608"}],"curies":[{"name":"Gracias","href":"https:\/\/api.w.org\/{rel}","templated":true}]}}