{"id":593,"date":"2017-05-09T14:35:31","date_gmt":"2017-05-09T18:35:31","guid":{"rendered":"https:\/\/thebasie.org\/?page_id=593"},"modified":"2019-11-01T12:40:55","modified_gmt":"2019-11-01T16:40:55","slug":"programas-de-actuaciones-musicales","status":"publish","type":"page","link":"https:\/\/thebasie.org\/es\/programas-de-actuaciones-musicales\/","title":{"rendered":"Programas de interpretaci\u00f3n musical del Basie Center"},"content":{"rendered":"<p><img loading=\"lazy\" decoding=\"async\" class=\"alignnone size-full wp-image-9829\" src=\"https:\/\/thebasie.org\/wp-content\/uploads\/2019\/08\/music-performance-1.jpg\" alt=\"\" width=\"1240\" height=\"479\" srcset=\"https:\/\/thebasie.org\/wp-content\/uploads\/2019\/08\/music-performance-1.jpg 1240w, https:\/\/thebasie.org\/wp-content\/uploads\/2019\/08\/music-performance-1-300x116.jpg 300w, https:\/\/thebasie.org\/wp-content\/uploads\/2019\/08\/music-performance-1-768x297.jpg 768w, https:\/\/thebasie.org\/wp-content\/uploads\/2019\/08\/music-performance-1-1024x396.jpg 1024w\" sizes=\"auto, (max-width: 1240px) 100vw, 1240px\" \/><\/p>\n<p style=\"text-align: center;\">\u00a0\u00a0 <a href=\"https:\/\/thebasie.org\/es\/programas-de-actuaciones-musicales\/#Monmouthconservatory\">CONSERVATORIO DE M\u00daSICA DE MONMOUTH<\/a> \u2022 <a href=\"https:\/\/thebasie.org\/es\/programas-de-actuaciones-musicales\/#Jazzarts\">ACADEMIA DE ARTES DE JAZZ<\/a><\/p>\n<p style=\"text-align: center;\"><span style=\"font-size: 12pt;\">La Academia de Artes Esc\u00e9nicas del Count Basie Center alberga los programas de interpretaci\u00f3n musical m\u00e1s populares y completos de la regi\u00f3n. <\/span><span style=\"font-size: 12pt;\">William \u201cCount\u201d Basie fue una de las estrellas musicales originales de Estados Unidos, por lo que no es de extra\u00f1ar que los programas de interpretaci\u00f3n musical de la Academia de Artes Esc\u00e9nicas del Centro Count Basie sean insuperables.<\/span><\/p>\n<hr \/>\n<p>&nbsp;<\/p>\n<p><img loading=\"lazy\" decoding=\"async\" class=\"aligncenter size-full wp-image-771\" src=\"https:\/\/thebasie.org\/wp-content\/uploads\/2017\/05\/monconservatory.jpg\" alt=\"\" width=\"1240\" height=\"482\" srcset=\"https:\/\/thebasie.org\/wp-content\/uploads\/2017\/05\/monconservatory.jpg 1240w, https:\/\/thebasie.org\/wp-content\/uploads\/2017\/05\/monconservatory-300x117.jpg 300w, https:\/\/thebasie.org\/wp-content\/uploads\/2017\/05\/monconservatory-768x299.jpg 768w, https:\/\/thebasie.org\/wp-content\/uploads\/2017\/05\/monconservatory-1024x398.jpg 1024w\" sizes=\"auto, (max-width: 1240px) 100vw, 1240px\" \/><\/p>\n<h1 id=\"Monmouthconservatory\" style=\"margin-top: 20px; color: #3185c9; margin-bottom: 20px;\"><span style=\"font-size: 18pt;\">Conservatorio de M\u00fasica de Monmouth<\/span><\/h1>\n<p>La tradici\u00f3n de 50 a\u00f1os de la <strong>Conservatorio de M\u00fasica de Monmouth<\/strong> ahora es parte de la Academia de Artes Esc\u00e9nicas de la Academia Basie. Durante los \u00faltimos 50 a\u00f1os, se ha ense\u00f1ado a m\u00e1s de 10,000 estudiantes del \u00e1rea a interpretar, comprender y apreciar la m\u00fasica cl\u00e1sica a trav\u00e9s del conservatorio, una misi\u00f3n que continuar\u00e1 bajo el paraguas de la Academia Basie. El Conservatorio de Monmouth se compromete a hacer que la m\u00fasica sea accesible para estudiantes y residentes de la comunidad de todas las edades y recursos econ\u00f3micos a trav\u00e9s de becas, programas de extensi\u00f3n y conciertos p\u00fablicos gratuitos.<\/p>\n<p>El nuevo campus del Conservatorio, ubicado en 65 Chestnut Street en Red Bank, incluye diez estudios de instrucci\u00f3n privados, una sala de conjuntos y mucho estacionamiento gratuito para los padres.<\/p>\n<p>La instrucci\u00f3n instrumental privada est\u00e1 programada durante todo el a\u00f1o y los estudiantes pueden inscribirse en cualquier momento para recibir lecciones de:<\/p>\n<table style=\"height: 317px; width: 543px;\" cellspacing=\"0\" cellpadding=\"-400\">\n<tbody>\n<tr style=\"height: 56px;\">\n<td style=\"width: 152px; height: 56px;\">\n<ul>\n<li>Piano<\/li>\n<\/ul>\n<\/td>\n<td style=\"width: 183px; height: 56px;\">\n<ul>\n<li>Flauta<\/li>\n<\/ul>\n<\/td>\n<td style=\"width: 200px; height: 56px;\">\n<ul>\n<li>Cuerno franc\u00e9s<\/li>\n<\/ul>\n<\/td>\n<\/tr>\n<tr style=\"height: 56px;\">\n<td style=\"width: 152px; height: 56px;\">\n<ul>\n<li>Viol\u00edn<\/li>\n<\/ul>\n<\/td>\n<td style=\"width: 183px; height: 56px;\">\n<ul>\n<li>Clarinete<\/li>\n<\/ul>\n<\/td>\n<td style=\"width: 200px; height: 56px;\">\n<ul>\n<li>Bombardino<\/li>\n<\/ul>\n<\/td>\n<\/tr>\n<tr style=\"height: 56px;\">\n<td style=\"width: 152px; height: 56px;\">\n<ul>\n<li>Viola<\/li>\n<\/ul>\n<\/td>\n<td style=\"width: 183px; height: 56px;\">\n<ul>\n<li>Oboe<\/li>\n<\/ul>\n<\/td>\n<td style=\"width: 200px; height: 56px;\">\n<ul>\n<li>Tromb\u00f3n<\/li>\n<\/ul>\n<\/td>\n<\/tr>\n<tr style=\"height: 21px;\">\n<td style=\"width: 152px; height: 21px;\">\n<ul>\n<li>Violonchelo<\/li>\n<\/ul>\n<\/td>\n<td style=\"width: 183px; height: 21px;\">\n<ul>\n<li>Saxof\u00f3n<\/li>\n<\/ul>\n<\/td>\n<td style=\"width: 200px; height: 21px;\">\n<ul>\n<li>Organo<\/li>\n<\/ul>\n<\/td>\n<\/tr>\n<tr style=\"height: 40px;\">\n<td style=\"width: 152px; height: 40px;\">\n<ul>\n<li>Bajo de cuerdas<\/li>\n<\/ul>\n<\/td>\n<td style=\"width: 183px; height: 40px;\">\n<ul>\n<li>Trompeta<\/li>\n<\/ul>\n<\/td>\n<td style=\"width: 200px; height: 40px;\">\n<ul>\n<li>Grabadora<\/li>\n<\/ul>\n<\/td>\n<\/tr>\n<tr style=\"height: 2px;\">\n<td style=\"width: 152px; height: 2px;\">\n<ul>\n<li>Guitarra<\/li>\n<\/ul>\n<\/td>\n<td style=\"width: 183px; height: 2px;\">\n<ul>\n<li>Tuba<\/li>\n<\/ul>\n<\/td>\n<td style=\"width: 200px; height: 2px;\">\n<ul>\n<li>La\u00fad<\/li>\n<\/ul>\n<\/td>\n<\/tr>\n<\/tbody>\n<\/table>\n<p>Adem\u00e1s, formaci\u00f3n de orquestas para j\u00f3venes y adultos, conjuntos de guitarra y violonchelo y m\u00e1s.<\/p>\n<p>Para obtener informaci\u00f3n adicional sobre el Conservatorio, visite <a href=\"http:\/\/www.monmouthconservatory.org\">www.monmouthconservatory.org<\/a> o llame al 732-741-8880 o al 732.224.8778 x 124.<\/p>\n<p>&nbsp;<\/p>\n<hr \/>\n<p><!-- <a href=\"https:\/\/campscui.active.com\/orgs\/CountBasieTheatreCamps?season=2608508&amp;session=42314608\">Click here for Rockit Academy Spring 2019 registration.<\/a> --><\/p>\n<p>&nbsp;<\/p>\n<p><img loading=\"lazy\" decoding=\"async\" class=\"aligncenter size-full wp-image-1214\" src=\"https:\/\/thebasie.org\/wp-content\/uploads\/2017\/05\/jazzartsacademy.jpg\" alt=\"Academia de Artes de Jazz\" width=\"1240\" height=\"482\" srcset=\"https:\/\/thebasie.org\/wp-content\/uploads\/2017\/05\/jazzartsacademy.jpg 1240w, https:\/\/thebasie.org\/wp-content\/uploads\/2017\/05\/jazzartsacademy-300x117.jpg 300w, https:\/\/thebasie.org\/wp-content\/uploads\/2017\/05\/jazzartsacademy-768x299.jpg 768w, https:\/\/thebasie.org\/wp-content\/uploads\/2017\/05\/jazzartsacademy-1024x398.jpg 1024w\" sizes=\"auto, (max-width: 1240px) 100vw, 1240px\" \/><\/p>\n<h1 id=\"Jazzarts\">Academia de Artes de Jazz en Basie<\/h1>\n<p>El <strong>Academia de Artes de Jazz en Basie<\/strong> es un programa de capacitaci\u00f3n integral que dura todo el a\u00f1o y que brinda experiencia del mundo real a aspirantes a m\u00fasicos de jazz adolescentes, y produce varias docenas de eventos cada a\u00f1o, que van desde noches \u00edntimas en caf\u00e9s de jazz hasta eventos a gran escala en salas de conciertos y festivales. La Jazz Arts Academy en Basie es una asociaci\u00f3n con Red Bank&#039;s <strong><a href=\"http:\/\/www.jazzartsproject.org\/\">Proyecto de artes del jazz<\/a><\/strong>, una organizaci\u00f3n art\u00edstica sin fines de lucro que ofrece eventos de jazz de primer nivel, programas de educaci\u00f3n musical, talleres educativos y programas especiales para j\u00f3venes.<\/p>\n<p>Ensayos: 4-6PM \u25cf EDADES: 13-19 \u25cf Domingos del 29 de septiembre al 1 de diciembre<br \/>\nESTUDIANTES QUE REGRESAN: $ 340 \u25cf ESTUDIANTES NUEVOS: $380<\/p>\n<p><a class=\"btn btn--red\" href=\"https:\/\/campscui.active.com\/orgs\/CountBasieTheatreCamps#\/selectSessions\/2685810\/filter\/session=43922410\">\u00a1REGISTRO!<\/a><\/p>\n<p>Para obtener m\u00e1s informaci\u00f3n sobre Jazz Arts Academy en Basie, llame al 732.224.8778 x 125.<\/p>\n<p>&nbsp;<\/p>\n<hr \/>\n<p>&nbsp;<\/p>\n<p><img loading=\"lazy\" decoding=\"async\" class=\"aligncenter size-full wp-image-773\" src=\"https:\/\/thebasie.org\/wp-content\/uploads\/2017\/05\/paa.jpg\" alt=\"Academia de artes esc\u00e9nicas\" width=\"1240\" height=\"482\" srcset=\"https:\/\/thebasie.org\/wp-content\/uploads\/2017\/05\/paa.jpg 1240w, https:\/\/thebasie.org\/wp-content\/uploads\/2017\/05\/paa-300x117.jpg 300w, https:\/\/thebasie.org\/wp-content\/uploads\/2017\/05\/paa-768x299.jpg 768w, https:\/\/thebasie.org\/wp-content\/uploads\/2017\/05\/paa-1024x398.jpg 1024w\" sizes=\"auto, (max-width: 1240px) 100vw, 1240px\" \/><\/p>\n<p>&nbsp;<\/p>\n<p>La Academia de Artes Esc\u00e9nicas del Count Basie Center tambi\u00e9n ofrece programas musicales de Broadway para ni\u00f1os, instrucci\u00f3n vocal privada y en grupo, ingenier\u00eda de audio, composici\u00f3n digital y m\u00e1s. Hacer clic <a href=\"https:\/\/thebasie.org\/es\/educacion\/\">aqu\u00ed<\/a> para conocer todas las ofertas de nuestra Academia.<\/p>","protected":false},"excerpt":{"rendered":"<p>\u00a0\u00a0 CONSERVATORIO DE M\u00daSICA DE MONMOUTH \u2022 ACADEMIA DE ARTES DEL JAZZ La Academia de Artes Esc\u00e9nicas del Centro Count Basie es el hogar de los programas de interpretaci\u00f3n musical m\u00e1s populares y completos de la regi\u00f3n. William \u201cCount\u201d Basie fue una de las estrellas musicales originales de Estados Unidos, por lo que no es de extra\u00f1ar que los programas de interpretaci\u00f3n musical de la Academia de Artes Esc\u00e9nicas del Centro Count Basie sean los segundos [\u2026]<\/p>","protected":false},"author":3,"featured_media":0,"parent":0,"menu_order":0,"comment_status":"closed","ping_status":"closed","template":"template-no_title.php","meta":{"_acf_changed":false,"footnotes":""},"class_list":["post-593","page","type-page","status-publish","hentry"],"acf":[],"yoast_head":"<!-- This site is optimized with the Yoast SEO Premium plugin v26.7 (Yoast SEO v26.7) - https:\/\/yoast.com\/wordpress\/plugins\/seo\/ -->\n<title>Private + group music instruction at the Basie Center Academy<\/title>\n<meta name=\"description\" content=\"Private and group instruction in rock, jazz and classical music, inc. guitar, piano, violin, viola, cello, flute, percussion, trumpet, vocals + more\" \/>\n<meta name=\"robots\" content=\"index, follow, max-snippet:-1, max-image-preview:large, max-video-preview:-1\" \/>\n<link rel=\"canonical\" href=\"https:\/\/thebasie.org\/es\/programas-de-actuaciones-musicales\/\" \/>\n<meta property=\"og:locale\" content=\"es_MX\" \/>\n<meta property=\"og:type\" content=\"article\" \/>\n<meta property=\"og:title\" content=\"Music performance programs at the Basie Center&#039;s Performing Arts Academy\" \/>\n<meta property=\"og:description\" content=\"Rock, Jazz, Blues and Classical Music Instruction from the Count Basie Center Performing Arts Academy\" \/>\n<meta property=\"og:url\" content=\"https:\/\/thebasie.org\/es\/programas-de-actuaciones-musicales\/\" \/>\n<meta property=\"og:site_name\" content=\"Count Basie Center for the Arts\" \/>\n<meta property=\"article:publisher\" content=\"http:\/\/www.facebook.com\/basiecenter\" \/>\n<meta property=\"article:modified_time\" content=\"2019-11-01T16:40:55+00:00\" \/>\n<meta property=\"og:image\" content=\"https:\/\/thebasie.org\/wp-content\/uploads\/2019\/08\/PAA-Fall-2019-FACEBOOK-1200x630-MCM.jpg\" \/>\n\t<meta property=\"og:image:width\" content=\"1200\" \/>\n\t<meta property=\"og:image:height\" content=\"630\" \/>\n\t<meta property=\"og:image:type\" content=\"image\/jpeg\" \/>\n<meta name=\"twitter:card\" content=\"summary_large_image\" \/>\n<meta name=\"twitter:title\" content=\"The Basie Center&#039;s Music Performance Programs\" \/>\n<meta name=\"twitter:site\" content=\"@basiecenter\" \/>\n<meta name=\"twitter:label1\" content=\"Tiempo de lectura\" \/>\n\t<meta name=\"twitter:data1\" content=\"2 minutos\" \/>\n<script type=\"application\/ld+json\" class=\"yoast-schema-graph\">{\"@context\":\"https:\/\/schema.org\",\"@graph\":[{\"@type\":\"WebPage\",\"@id\":\"https:\/\/thebasie.org\/musicalperformanceprograms\/\",\"url\":\"https:\/\/thebasie.org\/musicalperformanceprograms\/\",\"name\":\"Private + group music instruction at the Basie Center Academy\",\"isPartOf\":{\"@id\":\"https:\/\/thebasie.org\/#website\"},\"primaryImageOfPage\":{\"@id\":\"https:\/\/thebasie.org\/musicalperformanceprograms\/#primaryimage\"},\"image\":{\"@id\":\"https:\/\/thebasie.org\/musicalperformanceprograms\/#primaryimage\"},\"thumbnailUrl\":\"https:\/\/thebasie.org\/wp-content\/uploads\/2019\/08\/music-performance-1.jpg\",\"datePublished\":\"2017-05-09T18:35:31+00:00\",\"dateModified\":\"2019-11-01T16:40:55+00:00\",\"description\":\"Private and group instruction in rock, jazz and classical music, inc. guitar, piano, violin, viola, cello, flute, percussion, trumpet, vocals + more\",\"breadcrumb\":{\"@id\":\"https:\/\/thebasie.org\/musicalperformanceprograms\/#breadcrumb\"},\"inLanguage\":\"es\",\"potentialAction\":[{\"@type\":\"ReadAction\",\"target\":[\"https:\/\/thebasie.org\/musicalperformanceprograms\/\"]}]},{\"@type\":\"ImageObject\",\"inLanguage\":\"es\",\"@id\":\"https:\/\/thebasie.org\/musicalperformanceprograms\/#primaryimage\",\"url\":\"https:\/\/thebasie.org\/wp-content\/uploads\/2019\/08\/music-performance-1.jpg\",\"contentUrl\":\"https:\/\/thebasie.org\/wp-content\/uploads\/2019\/08\/music-performance-1.jpg\"},{\"@type\":\"BreadcrumbList\",\"@id\":\"https:\/\/thebasie.org\/musicalperformanceprograms\/#breadcrumb\",\"itemListElement\":[{\"@type\":\"ListItem\",\"position\":1,\"name\":\"Home\",\"item\":\"https:\/\/thebasie.org\/\"},{\"@type\":\"ListItem\",\"position\":2,\"name\":\"The Basie Center&#8217;s Music Performance Programs\"}]},{\"@type\":\"WebSite\",\"@id\":\"https:\/\/thebasie.org\/#website\",\"url\":\"https:\/\/thebasie.org\/\",\"name\":\"Count Basie Center for the Arts\",\"description\":\"Count Basie Center for the Arts\",\"potentialAction\":[{\"@type\":\"SearchAction\",\"target\":{\"@type\":\"EntryPoint\",\"urlTemplate\":\"https:\/\/thebasie.org\/?s={search_term_string}\"},\"query-input\":{\"@type\":\"PropertyValueSpecification\",\"valueRequired\":true,\"valueName\":\"search_term_string\"}}],\"inLanguage\":\"es\"}]}<\/script>\n<!-- \/ Yoast SEO Premium plugin. -->","yoast_head_json":{"title":"Instrucci\u00f3n musical privada + grupal en Basie Center Academy","description":"Instrucci\u00f3n privada y grupal en rock, jazz y m\u00fasica cl\u00e1sica, inc. guitarra, piano, viol\u00edn, viola, violonchelo, flauta, percusi\u00f3n, trompeta, voz + m\u00e1s","robots":{"index":"index","follow":"follow","max-snippet":"max-snippet:-1","max-image-preview":"max-image-preview:large","max-video-preview":"max-video-preview:-1"},"canonical":"https:\/\/thebasie.org\/es\/programas-de-actuaciones-musicales\/","og_locale":"es_MX","og_type":"article","og_title":"Music performance programs at the Basie Center's Performing Arts Academy","og_description":"Rock, Jazz, Blues and Classical Music Instruction from the Count Basie Center Performing Arts Academy","og_url":"https:\/\/thebasie.org\/es\/programas-de-actuaciones-musicales\/","og_site_name":"Count Basie Center for the Arts","article_publisher":"http:\/\/www.facebook.com\/basiecenter","article_modified_time":"2019-11-01T16:40:55+00:00","og_image":[{"width":1200,"height":630,"url":"https:\/\/thebasie.org\/wp-content\/uploads\/2019\/08\/PAA-Fall-2019-FACEBOOK-1200x630-MCM.jpg","type":"image\/jpeg"}],"twitter_card":"summary_large_image","twitter_title":"The Basie Center's Music Performance Programs","twitter_site":"@basiecenter","twitter_misc":{"Tiempo de lectura":"2 minutos"},"schema":{"@context":"https:\/\/schema.org","@graph":[{"@type":"WebPage","@id":"https:\/\/thebasie.org\/musicalperformanceprograms\/","url":"https:\/\/thebasie.org\/musicalperformanceprograms\/","name":"Instrucci\u00f3n musical privada + grupal en Basie Center Academy","isPartOf":{"@id":"https:\/\/thebasie.org\/#website"},"primaryImageOfPage":{"@id":"https:\/\/thebasie.org\/musicalperformanceprograms\/#primaryimage"},"image":{"@id":"https:\/\/thebasie.org\/musicalperformanceprograms\/#primaryimage"},"thumbnailUrl":"https:\/\/thebasie.org\/wp-content\/uploads\/2019\/08\/music-performance-1.jpg","datePublished":"2017-05-09T18:35:31+00:00","dateModified":"2019-11-01T16:40:55+00:00","description":"Instrucci\u00f3n privada y grupal en rock, jazz y m\u00fasica cl\u00e1sica, inc. guitarra, piano, viol\u00edn, viola, violonchelo, flauta, percusi\u00f3n, trompeta, voz + m\u00e1s","breadcrumb":{"@id":"https:\/\/thebasie.org\/musicalperformanceprograms\/#breadcrumb"},"inLanguage":"es","potentialAction":[{"@type":"ReadAction","target":["https:\/\/thebasie.org\/musicalperformanceprograms\/"]}]},{"@type":"ImageObject","inLanguage":"es","@id":"https:\/\/thebasie.org\/musicalperformanceprograms\/#primaryimage","url":"https:\/\/thebasie.org\/wp-content\/uploads\/2019\/08\/music-performance-1.jpg","contentUrl":"https:\/\/thebasie.org\/wp-content\/uploads\/2019\/08\/music-performance-1.jpg"},{"@type":"BreadcrumbList","@id":"https:\/\/thebasie.org\/musicalperformanceprograms\/#breadcrumb","itemListElement":[{"@type":"ListItem","position":1,"name":"Home","item":"https:\/\/thebasie.org\/"},{"@type":"ListItem","position":2,"name":"The Basie Center&#8217;s Music Performance Programs"}]},{"@type":"WebSite","@id":"https:\/\/thebasie.org\/#website","url":"https:\/\/thebasie.org\/","name":"Count Basie Center for the Arts","description":"Count Basie Center for the Arts","potentialAction":[{"@type":"SearchAction","target":{"@type":"EntryPoint","urlTemplate":"https:\/\/thebasie.org\/?s={search_term_string}"},"query-input":{"@type":"PropertyValueSpecification","valueRequired":true,"valueName":"search_term_string"}}],"inLanguage":"es"}]}},"_links":{"self":[{"href":"https:\/\/thebasie.org\/es\/wp-json\/wp\/v2\/pages\/593","targetHints":{"allow":["GET"]}}],"collection":[{"href":"https:\/\/thebasie.org\/es\/wp-json\/wp\/v2\/pages"}],"about":[{"href":"https:\/\/thebasie.org\/es\/wp-json\/wp\/v2\/types\/page"}],"author":[{"embeddable":true,"href":"https:\/\/thebasie.org\/es\/wp-json\/wp\/v2\/users\/3"}],"replies":[{"embeddable":true,"href":"https:\/\/thebasie.org\/es\/wp-json\/wp\/v2\/comments?post=593"}],"version-history":[{"count":0,"href":"https:\/\/thebasie.org\/es\/wp-json\/wp\/v2\/pages\/593\/revisions"}],"wp:attachment":[{"href":"https:\/\/thebasie.org\/es\/wp-json\/wp\/v2\/media?parent=593"}],"curies":[{"name":"Gracias","href":"https:\/\/api.w.org\/{rel}","templated":true}]}}