{"id":4633,"date":"2018-03-09T16:45:11","date_gmt":"2018-03-09T21:45:11","guid":{"rendered":"https:\/\/thebasie.org\/?page_id=4633"},"modified":"2022-10-21T10:05:43","modified_gmt":"2022-10-21T14:05:43","slug":"los-regalos-basie","status":"publish","type":"page","link":"https:\/\/thebasie.org\/es\/los-regalos-basie\/","title":{"rendered":"Los regalos de Basie"},"content":{"rendered":"<style type=\"text\/css\"> .drive-info { margin-top: 50px; } .wrapper-drive-in-shows { text-align: center;} .drive-in-title { color: #3185c9; } .drive-in-show { max-width: 550px; display: inline-block; margin: 0px 20px 36px 20px}  <\/style>\n<p><img loading=\"lazy\" decoding=\"async\" class=\"alignnone wp-image-4638 size-full\" src=\"https:\/\/thebasie.org\/wp-content\/uploads\/2018\/03\/THE-BASIE-PRESENTS-HEADER-1240x340.jpg\" alt=\"\" width=\"1240\" height=\"340\" srcset=\"https:\/\/thebasie.org\/wp-content\/uploads\/2018\/03\/THE-BASIE-PRESENTS-HEADER-1240x340.jpg 1240w, https:\/\/thebasie.org\/wp-content\/uploads\/2018\/03\/THE-BASIE-PRESENTS-HEADER-1240x340-300x82.jpg 300w, https:\/\/thebasie.org\/wp-content\/uploads\/2018\/03\/THE-BASIE-PRESENTS-HEADER-1240x340-768x211.jpg 768w, https:\/\/thebasie.org\/wp-content\/uploads\/2018\/03\/THE-BASIE-PRESENTS-HEADER-1240x340-1024x281.jpg 1024w\" sizes=\"auto, (max-width: 1240px) 100vw, 1240px\" \/><\/p>\n<div><\/div>\n<div style=\"text-align: center; margin-bottom: 30px; color: #00aeef;\" data-darkreader-inline-color=\"\">La misi\u00f3n de Basie es inspirar, educar y entretener a trav\u00e9s de sus distintas y atractivas ofertas culturales y art\u00edsticas que reflejan la diversidad de la regi\u00f3n. The Basie Presents se dedica a extender esa misi\u00f3n a todos los rincones de nuestra comunidad.<\/div>\n<div class=\"wrapper-drive-in-shows\">\n<div class=\"drive-in-show\" style=\"margin-bottom: 30px;\"><a href=\"https:\/\/www.ticketmaster.com\/event\/3B005D4CC5CC21D7\"><img loading=\"lazy\" decoding=\"async\" src=\"https:\/\/thebasie.org\/wp-content\/uploads\/2022\/10\/PAT-METHENY-THE-BASIE-PRESENTS-WEBPAGE-LISTING-550x1000-1.jpg\" alt=\"\" width=\"550\" height=\"1000\" class=\"alignnone size-full wp-image-21875\" srcset=\"https:\/\/thebasie.org\/wp-content\/uploads\/2022\/10\/PAT-METHENY-THE-BASIE-PRESENTS-WEBPAGE-LISTING-550x1000-1.jpg 550w, https:\/\/thebasie.org\/wp-content\/uploads\/2022\/10\/PAT-METHENY-THE-BASIE-PRESENTS-WEBPAGE-LISTING-550x1000-1-165x300.jpg 165w, https:\/\/thebasie.org\/wp-content\/uploads\/2022\/10\/PAT-METHENY-THE-BASIE-PRESENTS-WEBPAGE-LISTING-550x1000-1-317x576.jpg 317w\" sizes=\"auto, (max-width: 550px) 100vw, 550px\" \/><\/a><\/div>\n<\/div>","protected":false},"excerpt":{"rendered":"<p>La misi\u00f3n de Basie es inspirar, educar y entretener a trav\u00e9s de sus distintas y atractivas ofertas culturales y art\u00edsticas que reflejan la diversidad de la regi\u00f3n. The Basie Presents se dedica a extender esa misi\u00f3n a todos los rincones de nuestra comunidad.<\/p>","protected":false},"author":4,"featured_media":0,"parent":0,"menu_order":0,"comment_status":"closed","ping_status":"closed","template":"template-no_title.php","meta":{"_acf_changed":false,"footnotes":""},"class_list":["post-4633","page","type-page","status-publish","hentry"],"acf":[],"yoast_head":"<!-- This site is optimized with the Yoast SEO Premium plugin v26.7 (Yoast SEO v26.7) - https:\/\/yoast.com\/wordpress\/plugins\/seo\/ -->\n<title>The Basie Presents - Count Basie Center for the Arts<\/title>\n<meta name=\"robots\" content=\"index, follow, max-snippet:-1, max-image-preview:large, max-video-preview:-1\" \/>\n<link rel=\"canonical\" href=\"https:\/\/thebasie.org\/es\/los-regalos-basie\/\" \/>\n<meta property=\"og:locale\" content=\"es_MX\" \/>\n<meta property=\"og:type\" content=\"article\" \/>\n<meta property=\"og:title\" content=\"The Basie Presents Pat Metheny Side-Eye as part of the Blue Note Jazz Fest in NYC\" \/>\n<meta property=\"og:description\" content=\"The Basie mission is to inspire, educate and entertain through its distinct and engaging cultural and artistic offerings that reflect the diversity of the region. The Basie Presents is dedicated to extending that mission to all corners of our community.\" \/>\n<meta property=\"og:url\" content=\"https:\/\/thebasie.org\/es\/los-regalos-basie\/\" \/>\n<meta property=\"og:site_name\" content=\"Count Basie Center for the Arts\" \/>\n<meta property=\"article:publisher\" content=\"http:\/\/www.facebook.com\/basiecenter\" \/>\n<meta property=\"article:modified_time\" content=\"2022-10-21T14:05:43+00:00\" \/>\n<meta property=\"og:image\" content=\"https:\/\/thebasie.org\/wp-content\/uploads\/2022\/10\/Pat-Metheny-Side-Eye_1920x1080.png\" \/>\n\t<meta property=\"og:image:width\" content=\"1920\" \/>\n\t<meta property=\"og:image:height\" content=\"1080\" \/>\n\t<meta property=\"og:image:type\" content=\"image\/png\" \/>\n<meta name=\"twitter:card\" content=\"summary_large_image\" \/>\n<meta name=\"twitter:title\" content=\"The Basie Presents Pat Metheny Side-Eye as part of the Blue Note Jazz Fest in NYC\" \/>\n<meta name=\"twitter:image\" content=\"https:\/\/thebasie.org\/wp-content\/uploads\/2022\/10\/Pat-Metheny-Side-Eye_1080x1080.png\" \/>\n<meta name=\"twitter:site\" content=\"@basiecenter\" \/>\n<meta name=\"twitter:label1\" content=\"Tiempo de lectura\" \/>\n\t<meta name=\"twitter:data1\" content=\"1 minuto\" \/>\n<script type=\"application\/ld+json\" class=\"yoast-schema-graph\">{\"@context\":\"https:\/\/schema.org\",\"@graph\":[{\"@type\":\"WebPage\",\"@id\":\"https:\/\/thebasie.org\/the-basie-presents\/\",\"url\":\"https:\/\/thebasie.org\/the-basie-presents\/\",\"name\":\"The Basie Presents - Count Basie Center for the Arts\",\"isPartOf\":{\"@id\":\"https:\/\/thebasie.org\/#website\"},\"primaryImageOfPage\":{\"@id\":\"https:\/\/thebasie.org\/the-basie-presents\/#primaryimage\"},\"image\":{\"@id\":\"https:\/\/thebasie.org\/the-basie-presents\/#primaryimage\"},\"thumbnailUrl\":\"https:\/\/thebasie.org\/wp-content\/uploads\/2018\/03\/THE-BASIE-PRESENTS-HEADER-1240x340.jpg\",\"datePublished\":\"2018-03-09T21:45:11+00:00\",\"dateModified\":\"2022-10-21T14:05:43+00:00\",\"breadcrumb\":{\"@id\":\"https:\/\/thebasie.org\/the-basie-presents\/#breadcrumb\"},\"inLanguage\":\"es\",\"potentialAction\":[{\"@type\":\"ReadAction\",\"target\":[\"https:\/\/thebasie.org\/the-basie-presents\/\"]}]},{\"@type\":\"ImageObject\",\"inLanguage\":\"es\",\"@id\":\"https:\/\/thebasie.org\/the-basie-presents\/#primaryimage\",\"url\":\"https:\/\/thebasie.org\/wp-content\/uploads\/2018\/03\/THE-BASIE-PRESENTS-HEADER-1240x340.jpg\",\"contentUrl\":\"https:\/\/thebasie.org\/wp-content\/uploads\/2018\/03\/THE-BASIE-PRESENTS-HEADER-1240x340.jpg\"},{\"@type\":\"BreadcrumbList\",\"@id\":\"https:\/\/thebasie.org\/the-basie-presents\/#breadcrumb\",\"itemListElement\":[{\"@type\":\"ListItem\",\"position\":1,\"name\":\"Home\",\"item\":\"https:\/\/thebasie.org\/\"},{\"@type\":\"ListItem\",\"position\":2,\"name\":\"The Basie Presents\"}]},{\"@type\":\"WebSite\",\"@id\":\"https:\/\/thebasie.org\/#website\",\"url\":\"https:\/\/thebasie.org\/\",\"name\":\"Count Basie Center for the Arts\",\"description\":\"Count Basie Center for the Arts\",\"potentialAction\":[{\"@type\":\"SearchAction\",\"target\":{\"@type\":\"EntryPoint\",\"urlTemplate\":\"https:\/\/thebasie.org\/?s={search_term_string}\"},\"query-input\":{\"@type\":\"PropertyValueSpecification\",\"valueRequired\":true,\"valueName\":\"search_term_string\"}}],\"inLanguage\":\"es\"}]}<\/script>\n<!-- \/ Yoast SEO Premium plugin. -->","yoast_head_json":{"title":"The Basie presenta - Centro de las Artes Count Basie","robots":{"index":"index","follow":"follow","max-snippet":"max-snippet:-1","max-image-preview":"max-image-preview:large","max-video-preview":"max-video-preview:-1"},"canonical":"https:\/\/thebasie.org\/es\/los-regalos-basie\/","og_locale":"es_MX","og_type":"article","og_title":"The Basie Presents Pat Metheny Side-Eye as part of the Blue Note Jazz Fest in NYC","og_description":"The Basie mission is to inspire, educate and entertain through its distinct and engaging cultural and artistic offerings that reflect the diversity of the region. The Basie Presents is dedicated to extending that mission to all corners of our community.","og_url":"https:\/\/thebasie.org\/es\/los-regalos-basie\/","og_site_name":"Count Basie Center for the Arts","article_publisher":"http:\/\/www.facebook.com\/basiecenter","article_modified_time":"2022-10-21T14:05:43+00:00","og_image":[{"width":1920,"height":1080,"url":"https:\/\/thebasie.org\/wp-content\/uploads\/2022\/10\/Pat-Metheny-Side-Eye_1920x1080.png","type":"image\/png"}],"twitter_card":"summary_large_image","twitter_title":"The Basie Presents Pat Metheny Side-Eye as part of the Blue Note Jazz Fest in NYC","twitter_image":"https:\/\/thebasie.org\/wp-content\/uploads\/2022\/10\/Pat-Metheny-Side-Eye_1080x1080.png","twitter_site":"@basiecenter","twitter_misc":{"Tiempo de lectura":"1 minuto"},"schema":{"@context":"https:\/\/schema.org","@graph":[{"@type":"WebPage","@id":"https:\/\/thebasie.org\/the-basie-presents\/","url":"https:\/\/thebasie.org\/the-basie-presents\/","name":"The Basie presenta - Centro de las Artes Count Basie","isPartOf":{"@id":"https:\/\/thebasie.org\/#website"},"primaryImageOfPage":{"@id":"https:\/\/thebasie.org\/the-basie-presents\/#primaryimage"},"image":{"@id":"https:\/\/thebasie.org\/the-basie-presents\/#primaryimage"},"thumbnailUrl":"https:\/\/thebasie.org\/wp-content\/uploads\/2018\/03\/THE-BASIE-PRESENTS-HEADER-1240x340.jpg","datePublished":"2018-03-09T21:45:11+00:00","dateModified":"2022-10-21T14:05:43+00:00","breadcrumb":{"@id":"https:\/\/thebasie.org\/the-basie-presents\/#breadcrumb"},"inLanguage":"es","potentialAction":[{"@type":"ReadAction","target":["https:\/\/thebasie.org\/the-basie-presents\/"]}]},{"@type":"ImageObject","inLanguage":"es","@id":"https:\/\/thebasie.org\/the-basie-presents\/#primaryimage","url":"https:\/\/thebasie.org\/wp-content\/uploads\/2018\/03\/THE-BASIE-PRESENTS-HEADER-1240x340.jpg","contentUrl":"https:\/\/thebasie.org\/wp-content\/uploads\/2018\/03\/THE-BASIE-PRESENTS-HEADER-1240x340.jpg"},{"@type":"BreadcrumbList","@id":"https:\/\/thebasie.org\/the-basie-presents\/#breadcrumb","itemListElement":[{"@type":"ListItem","position":1,"name":"Home","item":"https:\/\/thebasie.org\/"},{"@type":"ListItem","position":2,"name":"The Basie Presents"}]},{"@type":"WebSite","@id":"https:\/\/thebasie.org\/#website","url":"https:\/\/thebasie.org\/","name":"Count Basie Center for the Arts","description":"Count Basie Center for the Arts","potentialAction":[{"@type":"SearchAction","target":{"@type":"EntryPoint","urlTemplate":"https:\/\/thebasie.org\/?s={search_term_string}"},"query-input":{"@type":"PropertyValueSpecification","valueRequired":true,"valueName":"search_term_string"}}],"inLanguage":"es"}]}},"_links":{"self":[{"href":"https:\/\/thebasie.org\/es\/wp-json\/wp\/v2\/pages\/4633","targetHints":{"allow":["GET"]}}],"collection":[{"href":"https:\/\/thebasie.org\/es\/wp-json\/wp\/v2\/pages"}],"about":[{"href":"https:\/\/thebasie.org\/es\/wp-json\/wp\/v2\/types\/page"}],"author":[{"embeddable":true,"href":"https:\/\/thebasie.org\/es\/wp-json\/wp\/v2\/users\/4"}],"replies":[{"embeddable":true,"href":"https:\/\/thebasie.org\/es\/wp-json\/wp\/v2\/comments?post=4633"}],"version-history":[{"count":0,"href":"https:\/\/thebasie.org\/es\/wp-json\/wp\/v2\/pages\/4633\/revisions"}],"wp:attachment":[{"href":"https:\/\/thebasie.org\/es\/wp-json\/wp\/v2\/media?parent=4633"}],"curies":[{"name":"Gracias","href":"https:\/\/api.w.org\/{rel}","templated":true}]}}