{"id":41,"date":"2017-03-27T20:08:23","date_gmt":"2017-03-27T20:08:23","guid":{"rendered":"https:\/\/thebasie.org\/?page_id=41"},"modified":"2026-03-03T13:55:20","modified_gmt":"2026-03-03T18:55:20","slug":"pagina-delantera","status":"publish","type":"page","link":"https:\/\/thebasie.org\/es\/","title":{"rendered":"P\u00e1gina delantera"},"content":{"rendered":"","protected":false},"excerpt":{"rendered":"","protected":false},"author":1,"featured_media":0,"parent":0,"menu_order":0,"comment_status":"closed","ping_status":"closed","template":"","meta":{"_acf_changed":false,"footnotes":""},"class_list":["post-41","page","type-page","status-publish","hentry"],"acf":[],"yoast_head":"<!-- This site is optimized with the Yoast SEO Premium plugin v26.7 (Yoast SEO v26.7) - https:\/\/yoast.com\/wordpress\/plugins\/seo\/ -->\n<title>TheBASIE.org - The official home of the Count Basie Center for the Arts<\/title>\n<meta name=\"description\" content=\"Info on concerts, arts ed classes and the mission of the nonprofit Count Basie Center for the Arts in Red Bank, NJ.\" \/>\n<meta name=\"robots\" content=\"index, follow, max-snippet:-1, max-image-preview:large, max-video-preview:-1\" \/>\n<link rel=\"canonical\" href=\"https:\/\/thebasie.org\/es\/\" \/>\n<meta property=\"og:locale\" content=\"es_MX\" \/>\n<meta property=\"og:type\" content=\"article\" \/>\n<meta property=\"og:title\" content=\"Count Basie Center for the Arts\" \/>\n<meta property=\"og:description\" content=\"The official Count Basie Center for the Arts site, providing directions, info on the historic organization&#039;s nonprofit mission and work in arts education, plus tickets to events at Hackensack Meridian Health Theatre, The Vogel, Basie Center Cinemas + more.\" \/>\n<meta property=\"og:url\" content=\"https:\/\/thebasie.org\/es\/\" \/>\n<meta property=\"og:site_name\" content=\"Count Basie Center for the Arts\" \/>\n<meta property=\"article:publisher\" content=\"http:\/\/www.facebook.com\/basiecenter\" \/>\n<meta property=\"article:modified_time\" content=\"2026-03-03T18:55:20+00:00\" \/>\n<meta property=\"og:image\" content=\"https:\/\/thebasie.org\/wp-content\/uploads\/2020\/03\/basielogo.jpg\" \/>\n\t<meta property=\"og:image:width\" content=\"1200\" \/>\n\t<meta property=\"og:image:height\" content=\"628\" \/>\n\t<meta property=\"og:image:type\" content=\"image\/jpeg\" \/>\n<meta name=\"twitter:card\" content=\"summary_large_image\" \/>\n<meta name=\"twitter:title\" content=\"theBASIE.org\" \/>\n<meta name=\"twitter:description\" content=\"The @basiecenter in Red Bank, NJ. Visit us at theBASIE.org\" \/>\n<meta name=\"twitter:image\" content=\"https:\/\/thebasie.org\/wp-content\/uploads\/2020\/03\/basielogo.jpg\" \/>\n<meta name=\"twitter:site\" content=\"@basiecenter\" \/>\n<script type=\"application\/ld+json\" class=\"yoast-schema-graph\">{\"@context\":\"https:\/\/schema.org\",\"@graph\":[{\"@type\":\"WebPage\",\"@id\":\"https:\/\/thebasie.org\/\",\"url\":\"https:\/\/thebasie.org\/\",\"name\":\"TheBASIE.org - The official home of the Count Basie Center for the Arts\",\"isPartOf\":{\"@id\":\"https:\/\/thebasie.org\/#website\"},\"datePublished\":\"2017-03-27T20:08:23+00:00\",\"dateModified\":\"2026-03-03T18:55:20+00:00\",\"description\":\"Info on concerts, arts ed classes and the mission of the nonprofit Count Basie Center for the Arts in Red Bank, NJ.\",\"breadcrumb\":{\"@id\":\"https:\/\/thebasie.org\/#breadcrumb\"},\"inLanguage\":\"es\",\"potentialAction\":[{\"@type\":\"ReadAction\",\"target\":[\"https:\/\/thebasie.org\/\"]}]},{\"@type\":\"BreadcrumbList\",\"@id\":\"https:\/\/thebasie.org\/#breadcrumb\",\"itemListElement\":[{\"@type\":\"ListItem\",\"position\":1,\"name\":\"Home\",\"item\":\"https:\/\/thebasie.org\/\"},{\"@type\":\"ListItem\",\"position\":2,\"name\":\"Front Page\"}]},{\"@type\":\"WebSite\",\"@id\":\"https:\/\/thebasie.org\/#website\",\"url\":\"https:\/\/thebasie.org\/\",\"name\":\"Count Basie Center for the Arts\",\"description\":\"Count Basie Center for the Arts\",\"potentialAction\":[{\"@type\":\"SearchAction\",\"target\":{\"@type\":\"EntryPoint\",\"urlTemplate\":\"https:\/\/thebasie.org\/?s={search_term_string}\"},\"query-input\":{\"@type\":\"PropertyValueSpecification\",\"valueRequired\":true,\"valueName\":\"search_term_string\"}}],\"inLanguage\":\"es\"}]}<\/script>\n<!-- \/ Yoast SEO Premium plugin. -->","yoast_head_json":{"title":"TheBASIE.org - El hogar oficial del Centro Count Basie para las Artes","description":"Informaci\u00f3n sobre conciertos, clases de educaci\u00f3n art\u00edstica y la misi\u00f3n del Centro para las Artes Count Basie sin fines de lucro en Red Bank, NJ.","robots":{"index":"index","follow":"follow","max-snippet":"max-snippet:-1","max-image-preview":"max-image-preview:large","max-video-preview":"max-video-preview:-1"},"canonical":"https:\/\/thebasie.org\/es\/","og_locale":"es_MX","og_type":"article","og_title":"Count Basie Center for the Arts","og_description":"The official Count Basie Center for the Arts site, providing directions, info on the historic organization's nonprofit mission and work in arts education, plus tickets to events at Hackensack Meridian Health Theatre, The Vogel, Basie Center Cinemas + more.","og_url":"https:\/\/thebasie.org\/es\/","og_site_name":"Count Basie Center for the Arts","article_publisher":"http:\/\/www.facebook.com\/basiecenter","article_modified_time":"2026-03-03T18:55:20+00:00","og_image":[{"width":1200,"height":628,"url":"https:\/\/thebasie.org\/wp-content\/uploads\/2020\/03\/basielogo.jpg","type":"image\/jpeg"}],"twitter_card":"summary_large_image","twitter_title":"theBASIE.org","twitter_description":"The @basiecenter in Red Bank, NJ. Visit us at theBASIE.org","twitter_image":"https:\/\/thebasie.org\/wp-content\/uploads\/2020\/03\/basielogo.jpg","twitter_site":"@basiecenter","schema":{"@context":"https:\/\/schema.org","@graph":[{"@type":"WebPage","@id":"https:\/\/thebasie.org\/","url":"https:\/\/thebasie.org\/","name":"TheBASIE.org - El hogar oficial del Centro Count Basie para las Artes","isPartOf":{"@id":"https:\/\/thebasie.org\/#website"},"datePublished":"2017-03-27T20:08:23+00:00","dateModified":"2026-03-03T18:55:20+00:00","description":"Informaci\u00f3n sobre conciertos, clases de educaci\u00f3n art\u00edstica y la misi\u00f3n del Centro para las Artes Count Basie sin fines de lucro en Red Bank, NJ.","breadcrumb":{"@id":"https:\/\/thebasie.org\/#breadcrumb"},"inLanguage":"es","potentialAction":[{"@type":"ReadAction","target":["https:\/\/thebasie.org\/"]}]},{"@type":"BreadcrumbList","@id":"https:\/\/thebasie.org\/#breadcrumb","itemListElement":[{"@type":"ListItem","position":1,"name":"Home","item":"https:\/\/thebasie.org\/"},{"@type":"ListItem","position":2,"name":"Front Page"}]},{"@type":"WebSite","@id":"https:\/\/thebasie.org\/#website","url":"https:\/\/thebasie.org\/","name":"Count Basie Center for the Arts","description":"Count Basie Center for the Arts","potentialAction":[{"@type":"SearchAction","target":{"@type":"EntryPoint","urlTemplate":"https:\/\/thebasie.org\/?s={search_term_string}"},"query-input":{"@type":"PropertyValueSpecification","valueRequired":true,"valueName":"search_term_string"}}],"inLanguage":"es"}]}},"_links":{"self":[{"href":"https:\/\/thebasie.org\/es\/wp-json\/wp\/v2\/pages\/41","targetHints":{"allow":["GET"]}}],"collection":[{"href":"https:\/\/thebasie.org\/es\/wp-json\/wp\/v2\/pages"}],"about":[{"href":"https:\/\/thebasie.org\/es\/wp-json\/wp\/v2\/types\/page"}],"author":[{"embeddable":true,"href":"https:\/\/thebasie.org\/es\/wp-json\/wp\/v2\/users\/1"}],"replies":[{"embeddable":true,"href":"https:\/\/thebasie.org\/es\/wp-json\/wp\/v2\/comments?post=41"}],"version-history":[{"count":24,"href":"https:\/\/thebasie.org\/es\/wp-json\/wp\/v2\/pages\/41\/revisions"}],"predecessor-version":[{"id":35490,"href":"https:\/\/thebasie.org\/es\/wp-json\/wp\/v2\/pages\/41\/revisions\/35490"}],"wp:attachment":[{"href":"https:\/\/thebasie.org\/es\/wp-json\/wp\/v2\/media?parent=41"}],"curies":[{"name":"Gracias","href":"https:\/\/api.w.org\/{rel}","templated":true}]}}