{"id":34575,"date":"2025-12-15T15:58:26","date_gmt":"2025-12-15T20:58:26","guid":{"rendered":"https:\/\/thebasie.org\/?page_id=34575"},"modified":"2026-03-19T12:14:26","modified_gmt":"2026-03-19T16:14:26","slug":"paseo-de-la-fama-de-la-celebracion-del-centenario","status":"publish","type":"page","link":"https:\/\/thebasie.org\/es\/paseo-de-la-fama-de-la-celebracion-del-centenario\/","title":{"rendered":"Celebraci\u00f3n del Centenario \u2013 Paseo de la Fama"},"content":{"rendered":"<style type=\"text\/css\">.cent-nav {color: lightgray;} .cent-nav a {font-weight: bold; font-family: 'Montserrat'; letter-spacing: .5px; font-size: 15px;} .header-wof {margin-bottom: -200px;} .rule-wof {z-index: 8; margin: 30px auto;} .icon-wof {display: inline-block; vertical-align: top; } .fame-listing { vertical-align: top; } .info-wof {display: inline-block; max-width: 600px; vertical-align: top; margin-left: 20px; text-align: left;} .name-wof {font-family: 'Montserrat'; font-weight: 700; letter-spacing: .1px; font-size: 40px; margin-bottom: 0px; margin-top: 0px; color: #000;} .date-wof {font-family: 'Montserrat'; font-weight: 700; letter-spacing: .1px; font-size: 20px; margin-bottom: 0px; margin-top: 0px; color: #d2a30d;} .bio-wof {font-family: 'Montserrat'; font-weight: 700; letter-spacing: .1px; font-size: 20px; margin-bottom: 0px; margin-top: 0px; color: #8f8f8f;} .wrapper-cent {text-align: center;} .wrapper-cent a {display: inline-block;}  .basiepromo { text-align: center; line-height: 0px !important; max-width: 1240px; margin: 0 auto;  } .fame-listing img {max-width: 200px; z-index: 9; display: inline-block;} .basiepromo img { margin-bottom: 0px !important; } @import url('https:\/\/fonts.googleapis.com\/css2?family=Afacad:ital,wght@0,400..700;1,400..700&display=swap'); .basiemobile { visibility: hidden; display: none; } .basiedesktop { display: block; }  @media screen and (max-width:1000px) { .basiemobile {  visibility: visible !important; display: block !important; } .basiedesktop { visibility: hidden !important; display: none !important;} .name-wof {font-size: 30px;} .info-wof {text-align: center;} }<\/style>\n<div class=\"wrapper-cent\">\n<p><!-- START HEADER --><\/p>\n<div class=\"basiepromo\">\n<img loading=\"lazy\" decoding=\"async\" src=\"https:\/\/thebasie.org\/wp-content\/uploads\/2025\/12\/HEADER-Centennial-Celebration-1240x90-1.png\" alt=\"\" width=\"1240\" height=\"90\" class=\"aligncenter size-full wp-image-34563\" srcset=\"https:\/\/thebasie.org\/wp-content\/uploads\/2025\/12\/HEADER-Centennial-Celebration-1240x90-1.png 1240w, https:\/\/thebasie.org\/wp-content\/uploads\/2025\/12\/HEADER-Centennial-Celebration-1240x90-1-300x22.png 300w, https:\/\/thebasie.org\/wp-content\/uploads\/2025\/12\/HEADER-Centennial-Celebration-1240x90-1-1024x74.png 1024w, https:\/\/thebasie.org\/wp-content\/uploads\/2025\/12\/HEADER-Centennial-Celebration-1240x90-1-768x56.png 768w, https:\/\/thebasie.org\/wp-content\/uploads\/2025\/12\/HEADER-Centennial-Celebration-1240x90-1-18x1.png 18w\" sizes=\"auto, (max-width: 1240px) 100vw, 1240px\" \/><\/p>\n<div class=\"header-wof\"><img decoding=\"async\" src=\"https:\/\/thebasie.org\/img\/HEADER-Walk-of-Fame-1240x800.png\" alt=\"\"  \/><\/div>\n<\/div>\n<p><!-- END HEADER --><\/p>\n<p><!-- START LISTING --><\/p>\n<div class=\"fame-listing\">\n<div class=\"icon-wof\"><img decoding=\"async\" src=\"https:\/\/thebasie.org\/wp-content\/uploads\/2025\/12\/PORTRAIT-William-J-Basie-Count-Basie-Walk-of-Fame-400x400-1.jpg\" alt=\"\"  \/><\/div>\n<div class=\"info-wof\">\n<div class=\"name-wof\">William J. \u201cConde\u201d Basie<\/div>\n<div class=\"date-wof\">9.25.2025<\/div>\n<div class=\"bio-wof\">Nacido el 21 de agosto de 1904 y criado en el n\u00famero 229 de Mechanic Street en Red Bank, William James &quot;Count&quot; Basie fue una de las primeras superestrellas globales de Estados Unidos. En su adolescencia, trabajador de mantenimiento en el Palace Theater de Red Bank, Basie barr\u00eda los suelos entre proyecciones, hasta que un d\u00eda le pidieron que sustituyera al pianista que acompa\u00f1aba al cine mudo, quien hab\u00eda enfermado. El resto, dicen, es historia: Basie se mudar\u00eda a Nueva York y luego a San Luis para perfeccionar su jazz y, con el tiempo, dar el salto a la escena internacional, actuando para p\u00fablicos que alg\u00fan d\u00eda incluir\u00edan a la reina Isabel II y al presidente John F. Kennedy. En casa, sus amigos todav\u00eda lo llamaban Bill, incluso en las ocasiones en que regresaba para recaudar fondos para diversas causas. El 20 de abril de 1983, Basie regres\u00f3 a casa para recaudar fondos para la Iglesia AME Zion de Red Bank, ante un lleno total de viejos amigos, vecinos y colegas m\u00fasicos.<\/p>\n<p>Ser\u00eda su \u00faltima actuaci\u00f3n.<\/p>\n<p>En 1984, pocos meses antes de su fallecimiento, accedi\u00f3 a que nuestro edificio llevara su nombre. Hoy, el Centro de Artes Count Basie celebra no solo a &quot;El chico de Red Bank&quot;, sino todo lo que se enmarca en el pante\u00f3n de la comunidad y las artes esc\u00e9nicas. <\/p><\/div>\n<\/div>\n<\/div>\n<p><img decoding=\"async\" src=\"https:\/\/thebasie.org\/wp-content\/uploads\/2025\/12\/RULE-Walk-of-Fame-1240x10-1.png\" alt=\"\" class=\"rule-wof\" \/><br \/>\n<!-- END LISTING --><\/p>\n<p><!-- START LISTING --><\/p>\n<div class=\"fame-listing\">\n<div class=\"icon-wof\"><img decoding=\"async\" src=\"https:\/\/thebasie.org\/wp-content\/uploads\/2025\/12\/THUMB-Jon-Bon-Jovi-Walk-of-Fame-400x400-1.jpg\" alt=\"\" \/><\/div>\n<div class=\"info-wof\">\n<div class=\"name-wof\">Jon Bon Jovi<\/div>\n<div class=\"date-wof\">9.25.2025<\/div>\n<div class=\"bio-wof\">Originario de la Parkway en Sayreville, Jon Bon Jovi es una estrella de rock internacional, actor y fil\u00e1ntropo. Con casi 150 millones de \u00e1lbumes vendidos, Jon Bon Jovi ha conocido millones de rostros, y muchos de ellos se conmovieron aqu\u00ed, en el Basie Center. A principios de los 90, con la banda m\u00e1s grande que nunca, Bon Jovi eligi\u00f3 el Basie Center como su hogar, organizando conciertos navide\u00f1os que recaudaron decenas de miles de d\u00f3lares para organizaciones ben\u00e9ficas locales. Tras la impactante muerte del sargento de polic\u00eda de Long Branch, Patrick King, en 1988, Jon Bon Jovi y sus amigos se reunieron en el escenario del Basie, dando como resultado una noche de m\u00fasica que incluy\u00f3 a Bruce Springsteen, Steven Van Zandt, &quot;Southside&quot; Johnny Lyon, el presentador Danny Devito y otros, en lo que muchos a\u00fan consideran el mejor concierto en la historia de Jersey Shore.<\/p>\n<p>Muy cerca del Centro Basie se encuentra JBJ Soul Kitchen, el restaurante modelo de Jon, con un enfoque de &quot;paga lo que puedas\/transfiere&quot;, que ha marcado un hito en el reconocimiento y la lucha contra la inseguridad alimentaria. Jon y sus bandas no son nuevos en el Centro Basie, con docenas de conciertos completos, apariciones especiales en los conciertos HOPE, repletos de estrellas, y mucho m\u00e1s. <\/p><\/div>\n<\/div>\n<\/div>\n<p><img decoding=\"async\" src=\"https:\/\/thebasie.org\/wp-content\/uploads\/2025\/12\/RULE-Walk-of-Fame-1240x10-1.png\" alt=\"\" class=\"rule-wof\" \/><br \/>\n<!-- END LISTING --><\/p>\n<p><!-- START LISTING --><\/p>\n<div class=\"fame-listing\">\n<div class=\"icon-wof\"><img decoding=\"async\" src=\"https:\/\/thebasie.org\/wp-content\/uploads\/2025\/12\/THUMB-Darlene-Love-Walk-of-Fame-400x400-1.jpg\" alt=\"\" \/><\/div>\n<div class=\"info-wof\">\n<div class=\"name-wof\">darlene amor<\/div>\n<div class=\"date-wof\">12.19.2025<\/div>\n<div class=\"bio-wof\">Como uno de <em>Piedra rodante<\/em>\u2018Incluida en la lista de las 100 mejores cantantes de todos los tiempos de la revista, Darlene Love tambi\u00e9n es sin\u00f3nimo del Count Basie Center y del sonido de Jersey Shore. Sus actuaciones navide\u00f1as anuales aqu\u00ed, a menudo coincidiendo con sus apariciones televisivas nocturnas con David Letterman o Jimmy Fallon, son legendarias. En sus m\u00e1s de 60 a\u00f1os de carrera, Love ha acompa\u00f1ado a m\u00e1s de 200 m\u00fasicos, pero lo m\u00e1s importante son los momentos en los que ha dado un paso al frente y ha mostrado su inimitable personalidad. Entre sus \u00e9xitos inolvidables se incluyen <em>\u00c9l es un rebelde, el chico con el que me voy a casar, espera hasta que mi Bobby llegue a casa, seguro que es el chico que amo<\/em> y el cl\u00e1sico navide\u00f1o #1 <em>(Navidad) Beb\u00e9, por favor vuelve a casa<\/em>, que se ha convertido en un cl\u00e1sico de la temporada en todo el mundo y le vali\u00f3 a Love la leg\u00edtima corona de &quot;La Reina de la Navidad&quot;. Su trabajo contempor\u00e1neo con el productor y miembro del Sal\u00f3n de la Fama de la E Street Band, Steven Van Zandt, adem\u00e1s de su aparici\u00f3n en el c\u00e9lebre documental de 2013 <em>A 20 pies del estrellato<\/em>, ha consolidado a Darlene Love como una cantante y superestrella para la posteridad.<\/div>\n<\/div>\n<\/div>\n<p><img decoding=\"async\" src=\"https:\/\/thebasie.org\/wp-content\/uploads\/2025\/12\/RULE-Walk-of-Fame-1240x10-1.png\" alt=\"\" class=\"rule-wof\" \/><br \/>\n<!-- END LISTING --><\/p>\n<p><!-- START LISTING --><\/p>\n<div class=\"fame-listing\">\n<div class=\"icon-wof\"><img decoding=\"async\" src=\"https:\/\/thebasie.org\/wp-content\/uploads\/2025\/12\/THUMB-The-Smithereens-Walk-of-Fame-400x400-1.jpg\" alt=\"\" \/><\/div>\n<div class=\"info-wof\">\n<div class=\"name-wof\">Los a\u00f1icos<\/div>\n<div class=\"date-wof\">11.25.2025<\/div>\n<div class=\"bio-wof\">A finales de 1989, cuando la m\u00fasica emerg\u00eda del estruendo del hair metal y el pop hacia una nueva era de rock moderno, la banda neojersey The Smithereens estaba lista para dar el siguiente paso. Casi de la noche a la ma\u00f1ana, su himno, &quot;A Girl Like You&quot;, se hizo popular a nivel nacional, convirti\u00e9ndose en un cl\u00e1sico de la radio estadounidense y dando a otra banda de Garden State un pedestal para rockear. Pero los locales sab\u00edan que no era as\u00ed: The Smithereens llevaban a\u00f1os rockeando por aqu\u00ed, con canciones como &quot;Behind The Wall Of Sleep&quot; del \u00e1lbum. <em>Especialmente para usted<\/em>, citado por Kurt Cobain de Nirvana como uno de sus favoritos de todos los tiempos. Aqu\u00ed, en el Count Basie Center, la banda brill\u00f3 en el concierto &quot;Alliance For Neighbors&quot; de 2001, uno de los primeros conciertos estadounidenses a beneficio de las familias afectadas por las tragedias del 11-S. <\/p>\n<p>El 12 de diciembre de 2017, pocas semanas antes de la actuaci\u00f3n principal de los Smithereens aqu\u00ed, perdimos al cantante principal, Pat DiNizio. En lugar de cancelar el concierto, los Smithereens restantes \u2014el guitarrista fundador Jim Babjak y el baterista Dennis Diken\u2014 decidieron seguir adelante, convirtiendo la actuaci\u00f3n en un homenaje estelar a la huella imborrable que DiNizio dej\u00f3 en la escena musical de Nueva Jersey. Robin Wilson, vocalista de Gin Blossoms, Patty Smyth, Ted Leo, Dave Davies de The Kinks, Marshall Crenshaw, Bebe Buell y otros se turnaron al micr\u00f3fono. Los fondos recaudados en esa actuaci\u00f3n permitieron establecer y siguen financiando la Beca de Interpretaci\u00f3n Musical Pat Dinizio del Centro Basie.<\/p><\/div>\n<\/div>\n<\/div>\n<p><img decoding=\"async\" src=\"https:\/\/thebasie.org\/wp-content\/uploads\/2025\/12\/RULE-Walk-of-Fame-1240x10-1.png\" alt=\"\" class=\"rule-wof\" \/><br \/>\n<!-- END LISTING --><\/p>\n<p><a href=\"https:\/\/thebasie.org\/es\/centenario\/\"><img loading=\"lazy\" decoding=\"async\" class=\"aligncenter size-full wp-image-34564\" src=\"https:\/\/thebasie.org\/wp-content\/uploads\/2025\/12\/FOOTER-Centennial-Celebration-1240x190-1.png\" alt=\"\" width=\"1240\" height=\"190\" srcset=\"https:\/\/thebasie.org\/wp-content\/uploads\/2025\/12\/FOOTER-Centennial-Celebration-1240x190-1.png 1240w, https:\/\/thebasie.org\/wp-content\/uploads\/2025\/12\/FOOTER-Centennial-Celebration-1240x190-1-300x46.png 300w, https:\/\/thebasie.org\/wp-content\/uploads\/2025\/12\/FOOTER-Centennial-Celebration-1240x190-1-1024x157.png 1024w, https:\/\/thebasie.org\/wp-content\/uploads\/2025\/12\/FOOTER-Centennial-Celebration-1240x190-1-768x118.png 768w, https:\/\/thebasie.org\/wp-content\/uploads\/2025\/12\/FOOTER-Centennial-Celebration-1240x190-1-18x3.png 18w\" sizes=\"auto, (max-width: 1240px) 100vw, 1240px\" \/><\/a><\/p>\n<div class=\"cent-nav\"><a href=\"https:\/\/thebasie.org\/es\/paseo-de-la-fama-de-la-celebracion-del-centenario\/\">PASEO DE LA FAMA<\/a> | <a href=\"https:\/\/thebasie.org\/es\/historias-estampadas-de-la-celebracion-del-centenario\/\">HISTORIAS ESTAMPADAS<\/a> | <a href=\"https:\/\/thebasie.org\/es\/socios-comunitarios-de-la-celebracion-del-centenario\/\">SOCIOS COMUNITARIOS<\/a><br \/>\n<a href=\"https:\/\/thebasie.org\/es\/gala-de-verano-2026\/\">GALA DEL CENTENARIO<\/a> | <a href=\"https:\/\/thebasie.org\/es\/escenario-del-parque-para-la-celebracion-del-centenario\/\">Parque Stage<\/a><\/div>\n<\/div>","protected":false},"excerpt":{"rendered":"<p>William J. \u201cCount\u201d Basie 25\/09\/2025 Nacido el 21 de agosto de 1904 y criado en el n\u00famero 229 de Mechanic Street en Red Bank, William James \u201cCount\u201d Basie fue una de las primeras superestrellas mundiales de Estados Unidos. Siendo adolescente, trabajaba como encargado de mantenimiento en el Palace Theater de Red Bank, donde barr\u00eda los pisos entre proyecciones, hasta que un d\u00eda le pidieron que se sentara en [\u2026]<\/p>","protected":false},"author":4,"featured_media":0,"parent":0,"menu_order":0,"comment_status":"closed","ping_status":"closed","template":"template-no_title.php","meta":{"_acf_changed":false,"footnotes":""},"class_list":["post-34575","page","type-page","status-publish","hentry"],"acf":[],"yoast_head":"<!-- This site is optimized with the Yoast SEO Premium plugin v26.7 (Yoast SEO v26.7) - https:\/\/yoast.com\/wordpress\/plugins\/seo\/ -->\n<title>Centennial Celebration - Walk of Fame - Count Basie Center for the Arts<\/title>\n<meta name=\"robots\" content=\"index, follow, max-snippet:-1, max-image-preview:large, max-video-preview:-1\" \/>\n<link rel=\"canonical\" href=\"https:\/\/thebasie.org\/es\/paseo-de-la-fama-de-la-celebracion-del-centenario\/\" \/>\n<meta property=\"og:locale\" content=\"es_MX\" \/>\n<meta property=\"og:type\" content=\"article\" \/>\n<meta property=\"og:title\" content=\"Centennial Celebration - Walk of Fame\" \/>\n<meta property=\"og:description\" content=\"William J. \u201cCount\u201d Basie 9.25.2025 Born August 21, 1904 and raised at 229 Mechanic Street in Red Bank, William James &#8220;Count&#8221; Basie was one of America&#8217;s first global superstars. As a teenage maintenance worker at Red Bank&#8217;s Palace Theater, Basie would sweep floors between screenings \u2014 until one day, he was asked to sit in [&hellip;]\" \/>\n<meta property=\"og:url\" content=\"https:\/\/thebasie.org\/es\/paseo-de-la-fama-de-la-celebracion-del-centenario\/\" \/>\n<meta property=\"og:site_name\" content=\"Count Basie Center for the Arts\" \/>\n<meta property=\"article:publisher\" content=\"http:\/\/www.facebook.com\/basiecenter\" \/>\n<meta property=\"article:modified_time\" content=\"2026-03-19T16:14:26+00:00\" \/>\n<meta property=\"og:image\" content=\"https:\/\/thebasie.org\/wp-content\/uploads\/2025\/12\/HEADER-Centennial-Celebration-1240x90-1.png\" \/>\n\t<meta property=\"og:image:width\" content=\"1240\" \/>\n\t<meta property=\"og:image:height\" content=\"90\" \/>\n\t<meta property=\"og:image:type\" content=\"image\/png\" \/>\n<meta name=\"twitter:card\" content=\"summary_large_image\" \/>\n<meta name=\"twitter:site\" content=\"@basiecenter\" \/>\n<meta name=\"twitter:label1\" content=\"Tiempo de lectura\" \/>\n\t<meta name=\"twitter:data1\" content=\"6 minutos\" \/>\n<script type=\"application\/ld+json\" class=\"yoast-schema-graph\">{\"@context\":\"https:\/\/schema.org\",\"@graph\":[{\"@type\":\"WebPage\",\"@id\":\"https:\/\/thebasie.org\/centennial-celebration-walk-of-fame\/\",\"url\":\"https:\/\/thebasie.org\/centennial-celebration-walk-of-fame\/\",\"name\":\"Centennial Celebration - Walk of Fame - Count Basie Center for the Arts\",\"isPartOf\":{\"@id\":\"https:\/\/thebasie.org\/#website\"},\"primaryImageOfPage\":{\"@id\":\"https:\/\/thebasie.org\/centennial-celebration-walk-of-fame\/#primaryimage\"},\"image\":{\"@id\":\"https:\/\/thebasie.org\/centennial-celebration-walk-of-fame\/#primaryimage\"},\"thumbnailUrl\":\"https:\/\/thebasie.org\/wp-content\/uploads\/2025\/12\/HEADER-Centennial-Celebration-1240x90-1.png\",\"datePublished\":\"2025-12-15T20:58:26+00:00\",\"dateModified\":\"2026-03-19T16:14:26+00:00\",\"breadcrumb\":{\"@id\":\"https:\/\/thebasie.org\/centennial-celebration-walk-of-fame\/#breadcrumb\"},\"inLanguage\":\"es\",\"potentialAction\":[{\"@type\":\"ReadAction\",\"target\":[\"https:\/\/thebasie.org\/centennial-celebration-walk-of-fame\/\"]}]},{\"@type\":\"ImageObject\",\"inLanguage\":\"es\",\"@id\":\"https:\/\/thebasie.org\/centennial-celebration-walk-of-fame\/#primaryimage\",\"url\":\"https:\/\/thebasie.org\/wp-content\/uploads\/2025\/12\/HEADER-Centennial-Celebration-1240x90-1.png\",\"contentUrl\":\"https:\/\/thebasie.org\/wp-content\/uploads\/2025\/12\/HEADER-Centennial-Celebration-1240x90-1.png\"},{\"@type\":\"BreadcrumbList\",\"@id\":\"https:\/\/thebasie.org\/centennial-celebration-walk-of-fame\/#breadcrumb\",\"itemListElement\":[{\"@type\":\"ListItem\",\"position\":1,\"name\":\"Home\",\"item\":\"https:\/\/thebasie.org\/\"},{\"@type\":\"ListItem\",\"position\":2,\"name\":\"Centennial Celebration &#8211; Walk of Fame\"}]},{\"@type\":\"WebSite\",\"@id\":\"https:\/\/thebasie.org\/#website\",\"url\":\"https:\/\/thebasie.org\/\",\"name\":\"Count Basie Center for the Arts\",\"description\":\"Count Basie Center for the Arts\",\"potentialAction\":[{\"@type\":\"SearchAction\",\"target\":{\"@type\":\"EntryPoint\",\"urlTemplate\":\"https:\/\/thebasie.org\/?s={search_term_string}\"},\"query-input\":{\"@type\":\"PropertyValueSpecification\",\"valueRequired\":true,\"valueName\":\"search_term_string\"}}],\"inLanguage\":\"es\"}]}<\/script>\n<!-- \/ Yoast SEO Premium plugin. -->","yoast_head_json":{"title":"Celebraci\u00f3n del Centenario - Paseo de la Fama - Centro de Artes Count Basie","robots":{"index":"index","follow":"follow","max-snippet":"max-snippet:-1","max-image-preview":"max-image-preview:large","max-video-preview":"max-video-preview:-1"},"canonical":"https:\/\/thebasie.org\/es\/paseo-de-la-fama-de-la-celebracion-del-centenario\/","og_locale":"es_MX","og_type":"article","og_title":"Centennial Celebration - Walk of Fame","og_description":"William J. \u201cCount\u201d Basie 9.25.2025 Born August 21, 1904 and raised at 229 Mechanic Street in Red Bank, William James &#8220;Count&#8221; Basie was one of America&#8217;s first global superstars. As a teenage maintenance worker at Red Bank&#8217;s Palace Theater, Basie would sweep floors between screenings \u2014 until one day, he was asked to sit in [&hellip;]","og_url":"https:\/\/thebasie.org\/es\/paseo-de-la-fama-de-la-celebracion-del-centenario\/","og_site_name":"Count Basie Center for the Arts","article_publisher":"http:\/\/www.facebook.com\/basiecenter","article_modified_time":"2026-03-19T16:14:26+00:00","og_image":[{"width":1240,"height":90,"url":"https:\/\/thebasie.org\/wp-content\/uploads\/2025\/12\/HEADER-Centennial-Celebration-1240x90-1.png","type":"image\/png"}],"twitter_card":"summary_large_image","twitter_site":"@basiecenter","twitter_misc":{"Tiempo de lectura":"6 minutos"},"schema":{"@context":"https:\/\/schema.org","@graph":[{"@type":"WebPage","@id":"https:\/\/thebasie.org\/centennial-celebration-walk-of-fame\/","url":"https:\/\/thebasie.org\/centennial-celebration-walk-of-fame\/","name":"Celebraci\u00f3n del Centenario - Paseo de la Fama - Centro de Artes Count Basie","isPartOf":{"@id":"https:\/\/thebasie.org\/#website"},"primaryImageOfPage":{"@id":"https:\/\/thebasie.org\/centennial-celebration-walk-of-fame\/#primaryimage"},"image":{"@id":"https:\/\/thebasie.org\/centennial-celebration-walk-of-fame\/#primaryimage"},"thumbnailUrl":"https:\/\/thebasie.org\/wp-content\/uploads\/2025\/12\/HEADER-Centennial-Celebration-1240x90-1.png","datePublished":"2025-12-15T20:58:26+00:00","dateModified":"2026-03-19T16:14:26+00:00","breadcrumb":{"@id":"https:\/\/thebasie.org\/centennial-celebration-walk-of-fame\/#breadcrumb"},"inLanguage":"es","potentialAction":[{"@type":"ReadAction","target":["https:\/\/thebasie.org\/centennial-celebration-walk-of-fame\/"]}]},{"@type":"ImageObject","inLanguage":"es","@id":"https:\/\/thebasie.org\/centennial-celebration-walk-of-fame\/#primaryimage","url":"https:\/\/thebasie.org\/wp-content\/uploads\/2025\/12\/HEADER-Centennial-Celebration-1240x90-1.png","contentUrl":"https:\/\/thebasie.org\/wp-content\/uploads\/2025\/12\/HEADER-Centennial-Celebration-1240x90-1.png"},{"@type":"BreadcrumbList","@id":"https:\/\/thebasie.org\/centennial-celebration-walk-of-fame\/#breadcrumb","itemListElement":[{"@type":"ListItem","position":1,"name":"Home","item":"https:\/\/thebasie.org\/"},{"@type":"ListItem","position":2,"name":"Centennial Celebration &#8211; Walk of Fame"}]},{"@type":"WebSite","@id":"https:\/\/thebasie.org\/#website","url":"https:\/\/thebasie.org\/","name":"Count Basie Center for the Arts","description":"Count Basie Center for the Arts","potentialAction":[{"@type":"SearchAction","target":{"@type":"EntryPoint","urlTemplate":"https:\/\/thebasie.org\/?s={search_term_string}"},"query-input":{"@type":"PropertyValueSpecification","valueRequired":true,"valueName":"search_term_string"}}],"inLanguage":"es"}]}},"_links":{"self":[{"href":"https:\/\/thebasie.org\/es\/wp-json\/wp\/v2\/pages\/34575","targetHints":{"allow":["GET"]}}],"collection":[{"href":"https:\/\/thebasie.org\/es\/wp-json\/wp\/v2\/pages"}],"about":[{"href":"https:\/\/thebasie.org\/es\/wp-json\/wp\/v2\/types\/page"}],"author":[{"embeddable":true,"href":"https:\/\/thebasie.org\/es\/wp-json\/wp\/v2\/users\/4"}],"replies":[{"embeddable":true,"href":"https:\/\/thebasie.org\/es\/wp-json\/wp\/v2\/comments?post=34575"}],"version-history":[{"count":3,"href":"https:\/\/thebasie.org\/es\/wp-json\/wp\/v2\/pages\/34575\/revisions"}],"predecessor-version":[{"id":35823,"href":"https:\/\/thebasie.org\/es\/wp-json\/wp\/v2\/pages\/34575\/revisions\/35823"}],"wp:attachment":[{"href":"https:\/\/thebasie.org\/es\/wp-json\/wp\/v2\/media?parent=34575"}],"curies":[{"name":"Gracias","href":"https:\/\/api.w.org\/{rel}","templated":true}]}}