{"id":34477,"date":"2025-11-25T22:08:26","date_gmt":"2025-11-26T03:08:26","guid":{"rendered":"https:\/\/thebasie.org\/?page_id=34477"},"modified":"2025-11-25T22:08:26","modified_gmt":"2025-11-26T03:08:26","slug":"sociedad-encore","status":"publish","type":"page","link":"https:\/\/thebasie.org\/es\/sociedad-encore\/","title":{"rendered":"Sociedad Encore"},"content":{"rendered":"<style type=\"text\/css\">.encore-legal { font-size: 12px; text-align: center; font-style: italic; color: gray; } .encore-headline {line-height: 36px; color: #40c4db; font-style: italic; font-weight: bold; font-family: 'Montserrat'; font-size: 32px; text-align: center;} .encore-callout {color: #40c4db; font-style: italic; font-weight: bold; text-align: center;} .donor-story-header {padding-left: 20px; background-image: linear-gradient(to right, #40c4db, #40c4db, #ffffff); width: 400px; height: 50px; display: block; line-height: 50px; font-weight: bold; font-family: 'Montserrat'; font-size: 20px; color: #ffffff; margin-bottom: 30px; margin-top: 50px;} .encore-faq {padding-left: 20px; background-image: linear-gradient(to right, #40c4db, #40c4db, #ffffff); width: 400px; height: 50px; display: block; line-height: 50px; font-weight: bold; font-family: 'Montserrat'; font-size: 20px; color: #ffffff; margin-bottom: 10px; margin-top: 50px;} .donor-story {max-width: 300px; display: inline-block;} .donor-photo {max-width: 200px; display: inline-block; vertical-align: top; float: left; margin-right: 20px;} .gc-button { display: block; height: 40px; width: 150px; background-color: #3185c9; color: #fff; font-weight: bold; text-align: center; line-height: 40px; font-family: 'montserrat', sans-serif; box-shadow: black; margin-top: 10px; } .gc-wrapper { background: white; padding: 60px; } .gc-level h3 { font-size: 40px; font-weight: 400; margin-bottom: 0px;} .gc-donation {font-weight: bold; font-family: 'Montserrat';} body { background: url('https:\/\/thebasie.org\/img\/encore-society-fade.jpg') no-repeat 50% 20%; }  @media screen and (max-width:1000px) { .basiemobile {  visibility: visible !important; display: block !important; } .basiedesktop { visibility: hidden !important; display: none !important; }  }<\/style>\n<div class=\"gc-wrapper\" style=\"text-align: left; max-width: 750px; margin: 0 auto;\">\n<p><img loading=\"lazy\" decoding=\"async\" src=\"https:\/\/thebasie.org\/wp-content\/uploads\/2025\/11\/FORM-HEADER-Encore-Society-MOBILE.jpg\" alt=\"\" width=\"1240\" height=\"600\" class=\"aligncenter size-full wp-image-34479\" srcset=\"https:\/\/thebasie.org\/wp-content\/uploads\/2025\/11\/FORM-HEADER-Encore-Society-MOBILE.jpg 1240w, https:\/\/thebasie.org\/wp-content\/uploads\/2025\/11\/FORM-HEADER-Encore-Society-MOBILE-300x145.jpg 300w, https:\/\/thebasie.org\/wp-content\/uploads\/2025\/11\/FORM-HEADER-Encore-Society-MOBILE-1024x495.jpg 1024w, https:\/\/thebasie.org\/wp-content\/uploads\/2025\/11\/FORM-HEADER-Encore-Society-MOBILE-768x372.jpg 768w, https:\/\/thebasie.org\/wp-content\/uploads\/2025\/11\/FORM-HEADER-Encore-Society-MOBILE-18x9.jpg 18w\" sizes=\"auto, (max-width: 1240px) 100vw, 1240px\" \/><\/p>\n<div class=\"gc-intro\">\n<h2 class=\"encore-headline\">Apoyando al Centro Basie para las Generaciones Futuras<\/h2>\n<p>Durante un siglo, el Centro de Artes Count Basie ha inspirado al p\u00fablico, impulsado el talento joven y ha sido un pilar cultural de nuestra comunidad. Gran parte de este \u00e9xito perdurable se debe a nuestros patrocinadores filantr\u00f3picos, quienes han decidido incluir al Centro Basie en sus planes de donaciones a largo plazo.<\/p>\n<p>Al hacer una donaci\u00f3n planificada, est\u00e1 creando un legado para garantizar que la creatividad, la educaci\u00f3n art\u00edstica, la accesibilidad y el alcance comunitario sigan prosperando para las generaciones futuras, al mismo tiempo que logra beneficios financieros y fiscales significativos para usted y sus seres queridos.<\/p>\n<p>Las donaciones planificadas ayudan a garantizar que el Centro Basie contin\u00fae elevando las artes esc\u00e9nicas, la educaci\u00f3n art\u00edstica y el compromiso comunitario para las generaciones futuras.<\/p>\n<div class=\"encore-callout\">Su legado puede hacer que el foco de atenci\u00f3n siga brillando hoy y durante las pr\u00f3ximas d\u00e9cadas.<\/div>\n<div class=\"donor-story-header\">La historia de un donante de donaciones planificadas<\/div>\n<p><img loading=\"lazy\" decoding=\"async\" src=\"https:\/\/thebasie.org\/wp-content\/uploads\/2025\/11\/encore-society-Karen-Siciliano.jpg\" alt=\"\" width=\"300\" height=\"378\" class=\"donor-photo\" \/><\/p>\n<div class=\"donor-story\">\n<strong>Karen Siciliano<\/strong><br \/>\n\u201cAl finalizar la construcci\u00f3n, quise hacer una donaci\u00f3n para honrar la conexi\u00f3n de toda la vida de mi familia con Red Bank. Una donaci\u00f3n planificada me permiti\u00f3 asumir un compromiso m\u00e1s amplio y transformador con el Centro Basie. Con un profundo arraigo en nuestra comunidad y la visi\u00f3n de un futuro vibrante e inspirador, me enorgulleci\u00f3 invertir en el futuro del Centro de Artes Count Basie. Una donaci\u00f3n planificada hoy garantiza un futuro prometedor.\u201d\n<\/div>\n<h2 class=\"encore-headline\">Formas de generar un impacto duradero<\/h2>\n<p>Puedes apoyar al Centro de las Artes Count Basie de muchas maneras, adem\u00e1s de las tradicionales donaciones en efectivo. A continuaci\u00f3n, te presentamos varios tipos de donaciones planificadas que se adaptan a tus objetivos personales y situaci\u00f3n financiera:<\/p>\n<ul>\n<li>Legados<\/li>\n<li>Donaciones de ingresos vitalicios (anualidades y fideicomisos de donaciones ben\u00e9ficas)<\/li>\n<li>Fondos asesorados por donantes (DAF)<\/li>\n<li>Fideicomisos de liderazgo caritativo<\/li>\n<li>Designaciones de beneficiarios<\/li>\n<li>Transferencias caritativas de IRA<\/li>\n<li>Donaciones de valores apreciados<\/li>\n<li>Criptomoneda<\/li>\n<li>Bienes ra\u00edces<\/li>\n<li>Propiedad personal <\/li>\n<\/ul>\n<div class=\"encore-legal\">El Centro de Artes Count Basie no ofrece asesoramiento legal ni financiero. Consulte con sus asesores profesionales para hablar sobre sus planes de legado personal.<\/div>\n<h4 class=\"encore-faq\">Preguntas frecuentes sobre donaciones planificadas:<\/h4>\n<ul>\n<li>45% de legados son creados por personas menores de 55 a\u00f1os<\/li>\n<li>15% de todos los obsequios planificados son de personas menores de 45 a\u00f1os<\/li>\n<li>Monto promedio de regalo: $75,000<\/li>\n<li>Las donaciones planificadas suelen ser entre 200 y 300 veces mayores que la donaci\u00f3n anual m\u00e1s grande de un donante.<\/li>\n<li>Beneficios para usted:<\/li>\n<ul>\n<li>Crea un legado significativo<\/li>\n<li>No requiere efectivo ahora<\/li>\n<li>Te permite dar m\u00e1s de lo que cre\u00edas posible<\/li>\n<li>Consiga importantes ventajas fiscales<\/li>\n<\/ul>\n<\/li>\n<\/ul>\n<div class=\"encore-callout\">Una donaci\u00f3n planificada nos permite celebrar su generosidad ahora, mientras aseguramos el futuro del Centro Basie.<\/div>\n<hr style=\"margin-top: 60px;\" \/>\n<h2 style=\"margin-bottom: 0px; color: #40c4db;\">Hablemos de tu legado<\/h2>\n<p>Para obtener m\u00e1s informaci\u00f3n o iniciar una conversaci\u00f3n confidencial, comun\u00edquese con:<\/p>\n<p><strong>lysa israel<\/strong><br \/>\nDirector s\u00e9nior de desarrollo<br \/>\nCount Basie Center for the Arts<br \/>\n<a href=\"mailto:lisrael@thebasie.org\">lisrael@thebasie.org<\/a> | 732-224-8778 x128<\/p>","protected":false},"excerpt":{"rendered":"<p>Apoyando al Centro Basie para las Generaciones Futuras. Durante un siglo, el Centro de Artes Count Basie ha inspirado al p\u00fablico, impulsado a j\u00f3venes talentos y sido un pilar cultural de nuestra comunidad. Gran parte de este \u00e9xito duradero se debe a nuestros patrocinadores filantr\u00f3picos que han decidido incluir al Centro Basie en sus donaciones a largo plazo [\u2026]<\/p>","protected":false},"author":4,"featured_media":0,"parent":0,"menu_order":0,"comment_status":"closed","ping_status":"closed","template":"template-no_title.php","meta":{"_acf_changed":false,"footnotes":""},"class_list":["post-34477","page","type-page","status-publish","hentry"],"acf":[],"yoast_head":"<!-- This site is optimized with the Yoast SEO Premium plugin v26.7 (Yoast SEO v26.7) - https:\/\/yoast.com\/wordpress\/plugins\/seo\/ -->\n<title>Encore Society - Count Basie Center for the Arts<\/title>\n<meta name=\"robots\" content=\"index, follow, max-snippet:-1, max-image-preview:large, max-video-preview:-1\" \/>\n<link rel=\"canonical\" href=\"https:\/\/thebasie.org\/es\/sociedad-encore\/\" \/>\n<meta property=\"og:locale\" content=\"es_MX\" \/>\n<meta property=\"og:type\" content=\"article\" \/>\n<meta property=\"og:title\" content=\"Encore Society\" \/>\n<meta property=\"og:description\" content=\"Supporting the Basie Center for Future Generations For a century, the Count Basie Center for the Arts has inspired audiences, nurtured young talent, and served as a cultural cornerstone of our community. Much of this enduring success is thanks to our philanthropic supporters who have chosen to include the Basie Center in their long-term giving [&hellip;]\" \/>\n<meta property=\"og:url\" content=\"https:\/\/thebasie.org\/es\/sociedad-encore\/\" \/>\n<meta property=\"og:site_name\" content=\"Count Basie Center for the Arts\" \/>\n<meta property=\"article:publisher\" content=\"http:\/\/www.facebook.com\/basiecenter\" \/>\n<meta property=\"og:image\" content=\"https:\/\/thebasie.org\/wp-content\/uploads\/2025\/11\/FORM-HEADER-Encore-Society-MOBILE.jpg\" \/>\n\t<meta property=\"og:image:width\" content=\"1240\" \/>\n\t<meta property=\"og:image:height\" content=\"600\" \/>\n\t<meta property=\"og:image:type\" content=\"image\/jpeg\" \/>\n<meta name=\"twitter:card\" content=\"summary_large_image\" \/>\n<meta name=\"twitter:site\" content=\"@basiecenter\" \/>\n<meta name=\"twitter:label1\" content=\"Tiempo de lectura\" \/>\n\t<meta name=\"twitter:data1\" content=\"3 minutos\" \/>\n<script type=\"application\/ld+json\" class=\"yoast-schema-graph\">{\"@context\":\"https:\/\/schema.org\",\"@graph\":[{\"@type\":\"WebPage\",\"@id\":\"https:\/\/thebasie.org\/encore-society\/\",\"url\":\"https:\/\/thebasie.org\/encore-society\/\",\"name\":\"Encore Society - Count Basie Center for the Arts\",\"isPartOf\":{\"@id\":\"https:\/\/thebasie.org\/#website\"},\"primaryImageOfPage\":{\"@id\":\"https:\/\/thebasie.org\/encore-society\/#primaryimage\"},\"image\":{\"@id\":\"https:\/\/thebasie.org\/encore-society\/#primaryimage\"},\"thumbnailUrl\":\"https:\/\/thebasie.org\/wp-content\/uploads\/2025\/11\/FORM-HEADER-Encore-Society-MOBILE.jpg\",\"datePublished\":\"2025-11-26T03:08:26+00:00\",\"breadcrumb\":{\"@id\":\"https:\/\/thebasie.org\/encore-society\/#breadcrumb\"},\"inLanguage\":\"es\",\"potentialAction\":[{\"@type\":\"ReadAction\",\"target\":[\"https:\/\/thebasie.org\/encore-society\/\"]}]},{\"@type\":\"ImageObject\",\"inLanguage\":\"es\",\"@id\":\"https:\/\/thebasie.org\/encore-society\/#primaryimage\",\"url\":\"https:\/\/thebasie.org\/wp-content\/uploads\/2025\/11\/FORM-HEADER-Encore-Society-MOBILE.jpg\",\"contentUrl\":\"https:\/\/thebasie.org\/wp-content\/uploads\/2025\/11\/FORM-HEADER-Encore-Society-MOBILE.jpg\"},{\"@type\":\"BreadcrumbList\",\"@id\":\"https:\/\/thebasie.org\/encore-society\/#breadcrumb\",\"itemListElement\":[{\"@type\":\"ListItem\",\"position\":1,\"name\":\"Home\",\"item\":\"https:\/\/thebasie.org\/\"},{\"@type\":\"ListItem\",\"position\":2,\"name\":\"Encore Society\"}]},{\"@type\":\"WebSite\",\"@id\":\"https:\/\/thebasie.org\/#website\",\"url\":\"https:\/\/thebasie.org\/\",\"name\":\"Count Basie Center for the Arts\",\"description\":\"Count Basie Center for the Arts\",\"potentialAction\":[{\"@type\":\"SearchAction\",\"target\":{\"@type\":\"EntryPoint\",\"urlTemplate\":\"https:\/\/thebasie.org\/?s={search_term_string}\"},\"query-input\":{\"@type\":\"PropertyValueSpecification\",\"valueRequired\":true,\"valueName\":\"search_term_string\"}}],\"inLanguage\":\"es\"}]}<\/script>\n<!-- \/ Yoast SEO Premium plugin. -->","yoast_head_json":{"title":"Sociedad Encore - Centro de Artes Count Basie","robots":{"index":"index","follow":"follow","max-snippet":"max-snippet:-1","max-image-preview":"max-image-preview:large","max-video-preview":"max-video-preview:-1"},"canonical":"https:\/\/thebasie.org\/es\/sociedad-encore\/","og_locale":"es_MX","og_type":"article","og_title":"Encore Society","og_description":"Supporting the Basie Center for Future Generations For a century, the Count Basie Center for the Arts has inspired audiences, nurtured young talent, and served as a cultural cornerstone of our community. Much of this enduring success is thanks to our philanthropic supporters who have chosen to include the Basie Center in their long-term giving [&hellip;]","og_url":"https:\/\/thebasie.org\/es\/sociedad-encore\/","og_site_name":"Count Basie Center for the Arts","article_publisher":"http:\/\/www.facebook.com\/basiecenter","og_image":[{"width":1240,"height":600,"url":"https:\/\/thebasie.org\/wp-content\/uploads\/2025\/11\/FORM-HEADER-Encore-Society-MOBILE.jpg","type":"image\/jpeg"}],"twitter_card":"summary_large_image","twitter_site":"@basiecenter","twitter_misc":{"Tiempo de lectura":"3 minutos"},"schema":{"@context":"https:\/\/schema.org","@graph":[{"@type":"WebPage","@id":"https:\/\/thebasie.org\/encore-society\/","url":"https:\/\/thebasie.org\/encore-society\/","name":"Sociedad Encore - Centro de Artes Count Basie","isPartOf":{"@id":"https:\/\/thebasie.org\/#website"},"primaryImageOfPage":{"@id":"https:\/\/thebasie.org\/encore-society\/#primaryimage"},"image":{"@id":"https:\/\/thebasie.org\/encore-society\/#primaryimage"},"thumbnailUrl":"https:\/\/thebasie.org\/wp-content\/uploads\/2025\/11\/FORM-HEADER-Encore-Society-MOBILE.jpg","datePublished":"2025-11-26T03:08:26+00:00","breadcrumb":{"@id":"https:\/\/thebasie.org\/encore-society\/#breadcrumb"},"inLanguage":"es","potentialAction":[{"@type":"ReadAction","target":["https:\/\/thebasie.org\/encore-society\/"]}]},{"@type":"ImageObject","inLanguage":"es","@id":"https:\/\/thebasie.org\/encore-society\/#primaryimage","url":"https:\/\/thebasie.org\/wp-content\/uploads\/2025\/11\/FORM-HEADER-Encore-Society-MOBILE.jpg","contentUrl":"https:\/\/thebasie.org\/wp-content\/uploads\/2025\/11\/FORM-HEADER-Encore-Society-MOBILE.jpg"},{"@type":"BreadcrumbList","@id":"https:\/\/thebasie.org\/encore-society\/#breadcrumb","itemListElement":[{"@type":"ListItem","position":1,"name":"Home","item":"https:\/\/thebasie.org\/"},{"@type":"ListItem","position":2,"name":"Encore Society"}]},{"@type":"WebSite","@id":"https:\/\/thebasie.org\/#website","url":"https:\/\/thebasie.org\/","name":"Count Basie Center for the Arts","description":"Count Basie Center for the Arts","potentialAction":[{"@type":"SearchAction","target":{"@type":"EntryPoint","urlTemplate":"https:\/\/thebasie.org\/?s={search_term_string}"},"query-input":{"@type":"PropertyValueSpecification","valueRequired":true,"valueName":"search_term_string"}}],"inLanguage":"es"}]}},"_links":{"self":[{"href":"https:\/\/thebasie.org\/es\/wp-json\/wp\/v2\/pages\/34477","targetHints":{"allow":["GET"]}}],"collection":[{"href":"https:\/\/thebasie.org\/es\/wp-json\/wp\/v2\/pages"}],"about":[{"href":"https:\/\/thebasie.org\/es\/wp-json\/wp\/v2\/types\/page"}],"author":[{"embeddable":true,"href":"https:\/\/thebasie.org\/es\/wp-json\/wp\/v2\/users\/4"}],"replies":[{"embeddable":true,"href":"https:\/\/thebasie.org\/es\/wp-json\/wp\/v2\/comments?post=34477"}],"version-history":[{"count":1,"href":"https:\/\/thebasie.org\/es\/wp-json\/wp\/v2\/pages\/34477\/revisions"}],"predecessor-version":[{"id":34481,"href":"https:\/\/thebasie.org\/es\/wp-json\/wp\/v2\/pages\/34477\/revisions\/34481"}],"wp:attachment":[{"href":"https:\/\/thebasie.org\/es\/wp-json\/wp\/v2\/media?parent=34477"}],"curies":[{"name":"Gracias","href":"https:\/\/api.w.org\/{rel}","templated":true}]}}