{"id":33904,"date":"2025-10-08T16:12:57","date_gmt":"2025-10-08T20:12:57","guid":{"rendered":"https:\/\/thebasie.org\/?page_id=33904"},"modified":"2025-10-08T16:51:28","modified_gmt":"2025-10-08T20:51:28","slug":"serie-de-conversaciones-comunitarias","status":"publish","type":"page","link":"https:\/\/thebasie.org\/es\/serie-de-conversaciones-comunitarias\/","title":{"rendered":"Serie de conversaciones comunitarias"},"content":{"rendered":"<p><img loading=\"lazy\" decoding=\"async\" src=\"https:\/\/thebasie.org\/wp-content\/uploads\/2025\/10\/Community-Conversation-Banner.jpg\" alt=\"\" width=\"1240\" height=\"200\" class=\"alignleft size-full wp-image-33909\" srcset=\"https:\/\/thebasie.org\/wp-content\/uploads\/2025\/10\/Community-Conversation-Banner.jpg 1240w, https:\/\/thebasie.org\/wp-content\/uploads\/2025\/10\/Community-Conversation-Banner-300x48.jpg 300w, https:\/\/thebasie.org\/wp-content\/uploads\/2025\/10\/Community-Conversation-Banner-1024x165.jpg 1024w, https:\/\/thebasie.org\/wp-content\/uploads\/2025\/10\/Community-Conversation-Banner-768x124.jpg 768w, https:\/\/thebasie.org\/wp-content\/uploads\/2025\/10\/Community-Conversation-Banner-18x3.jpg 18w\" sizes=\"auto, (max-width: 1240px) 100vw, 1240px\" \/><\/p>\n<h1><span style=\"font-weight: 400;\">CONVERSACIONES COMUNITARIAS<\/span><\/h1>\n<p><span style=\"font-weight: 400;\">El Centro Basie <\/span><i><span style=\"font-weight: 400;\">Conversaciones comunitarias<\/span><\/i><span style=\"font-weight: 400;\"> Esta serie contin\u00faa el compromiso de la organizaci\u00f3n con eventos que promueven debates importantes que impactan a la comunidad. Eventos anteriores han abordado la censura comunitaria y la libertad de expresi\u00f3n, el racismo, la salud mental y una mirada sincera a los desaf\u00edos que rodean la depresi\u00f3n y la ansiedad. <\/span><\/p>","protected":false},"excerpt":{"rendered":"<p>CONVERSACIONES COMUNITARIAS La serie de Conversaciones Comunitarias del Centro Basie contin\u00faa el compromiso de la organizaci\u00f3n con eventos que promueven debates importantes que impactan a la comunidad. Eventos anteriores han abordado la censura comunitaria y la libertad de expresi\u00f3n, el racismo, la salud mental y una mirada sincera a los desaf\u00edos que rodean la depresi\u00f3n y la ansiedad.<\/p>","protected":false},"author":4,"featured_media":0,"parent":0,"menu_order":0,"comment_status":"closed","ping_status":"closed","template":"template-no_title.php","meta":{"_acf_changed":false,"footnotes":""},"class_list":["post-33904","page","type-page","status-publish","hentry"],"acf":[],"yoast_head":"<!-- This site is optimized with the Yoast SEO Premium plugin v26.7 (Yoast SEO v26.7) - https:\/\/yoast.com\/wordpress\/plugins\/seo\/ -->\n<title>Community Conversations Series - Count Basie Center for the Arts<\/title>\n<meta name=\"robots\" content=\"index, follow, max-snippet:-1, max-image-preview:large, max-video-preview:-1\" \/>\n<link rel=\"canonical\" href=\"https:\/\/thebasie.org\/es\/serie-de-conversaciones-comunitarias\/\" \/>\n<meta property=\"og:locale\" content=\"es_MX\" \/>\n<meta property=\"og:type\" content=\"article\" \/>\n<meta property=\"og:title\" content=\"Community Conversations Series\" \/>\n<meta property=\"og:description\" content=\"COMMUNITY CONVERSATIONS The Basie Center\u2019s Community Conversations series continues the organization\u2019s commitment to events that elevate important discussions that impact people throughout the community. Previous events have tackled community censorship and freedom of expression, racism, mental health, and a candid look at challenges surrounding depression and anxiety.\" \/>\n<meta property=\"og:url\" content=\"https:\/\/thebasie.org\/es\/serie-de-conversaciones-comunitarias\/\" \/>\n<meta property=\"og:site_name\" content=\"Count Basie Center for the Arts\" \/>\n<meta property=\"article:publisher\" content=\"http:\/\/www.facebook.com\/basiecenter\" \/>\n<meta property=\"article:modified_time\" content=\"2025-10-08T20:51:28+00:00\" \/>\n<meta property=\"og:image\" content=\"https:\/\/thebasie.org\/wp-content\/uploads\/2025\/10\/Community-Conversation-Banner.jpg\" \/>\n\t<meta property=\"og:image:width\" content=\"1240\" \/>\n\t<meta property=\"og:image:height\" content=\"200\" \/>\n\t<meta property=\"og:image:type\" content=\"image\/jpeg\" \/>\n<meta name=\"twitter:card\" content=\"summary_large_image\" \/>\n<meta name=\"twitter:site\" content=\"@basiecenter\" \/>\n<meta name=\"twitter:label1\" content=\"Tiempo de lectura\" \/>\n\t<meta name=\"twitter:data1\" content=\"1 minuto\" \/>\n<script type=\"application\/ld+json\" class=\"yoast-schema-graph\">{\"@context\":\"https:\/\/schema.org\",\"@graph\":[{\"@type\":\"WebPage\",\"@id\":\"https:\/\/thebasie.org\/community-conversations-series\/\",\"url\":\"https:\/\/thebasie.org\/community-conversations-series\/\",\"name\":\"Community Conversations Series - Count Basie Center for the Arts\",\"isPartOf\":{\"@id\":\"https:\/\/thebasie.org\/#website\"},\"primaryImageOfPage\":{\"@id\":\"https:\/\/thebasie.org\/community-conversations-series\/#primaryimage\"},\"image\":{\"@id\":\"https:\/\/thebasie.org\/community-conversations-series\/#primaryimage\"},\"thumbnailUrl\":\"https:\/\/thebasie.org\/wp-content\/uploads\/2025\/10\/Community-Conversation-Banner.jpg\",\"datePublished\":\"2025-10-08T20:12:57+00:00\",\"dateModified\":\"2025-10-08T20:51:28+00:00\",\"breadcrumb\":{\"@id\":\"https:\/\/thebasie.org\/community-conversations-series\/#breadcrumb\"},\"inLanguage\":\"es\",\"potentialAction\":[{\"@type\":\"ReadAction\",\"target\":[\"https:\/\/thebasie.org\/community-conversations-series\/\"]}]},{\"@type\":\"ImageObject\",\"inLanguage\":\"es\",\"@id\":\"https:\/\/thebasie.org\/community-conversations-series\/#primaryimage\",\"url\":\"https:\/\/thebasie.org\/wp-content\/uploads\/2025\/10\/Community-Conversation-Banner.jpg\",\"contentUrl\":\"https:\/\/thebasie.org\/wp-content\/uploads\/2025\/10\/Community-Conversation-Banner.jpg\"},{\"@type\":\"BreadcrumbList\",\"@id\":\"https:\/\/thebasie.org\/community-conversations-series\/#breadcrumb\",\"itemListElement\":[{\"@type\":\"ListItem\",\"position\":1,\"name\":\"Home\",\"item\":\"https:\/\/thebasie.org\/\"},{\"@type\":\"ListItem\",\"position\":2,\"name\":\"Community Conversations Series\"}]},{\"@type\":\"WebSite\",\"@id\":\"https:\/\/thebasie.org\/#website\",\"url\":\"https:\/\/thebasie.org\/\",\"name\":\"Count Basie Center for the Arts\",\"description\":\"Count Basie Center for the Arts\",\"potentialAction\":[{\"@type\":\"SearchAction\",\"target\":{\"@type\":\"EntryPoint\",\"urlTemplate\":\"https:\/\/thebasie.org\/?s={search_term_string}\"},\"query-input\":{\"@type\":\"PropertyValueSpecification\",\"valueRequired\":true,\"valueName\":\"search_term_string\"}}],\"inLanguage\":\"es\"}]}<\/script>\n<!-- \/ Yoast SEO Premium plugin. -->","yoast_head_json":{"title":"Serie de conversaciones comunitarias - Centro de Artes Count Basie","robots":{"index":"index","follow":"follow","max-snippet":"max-snippet:-1","max-image-preview":"max-image-preview:large","max-video-preview":"max-video-preview:-1"},"canonical":"https:\/\/thebasie.org\/es\/serie-de-conversaciones-comunitarias\/","og_locale":"es_MX","og_type":"article","og_title":"Community Conversations Series","og_description":"COMMUNITY CONVERSATIONS The Basie Center\u2019s Community Conversations series continues the organization\u2019s commitment to events that elevate important discussions that impact people throughout the community. Previous events have tackled community censorship and freedom of expression, racism, mental health, and a candid look at challenges surrounding depression and anxiety.","og_url":"https:\/\/thebasie.org\/es\/serie-de-conversaciones-comunitarias\/","og_site_name":"Count Basie Center for the Arts","article_publisher":"http:\/\/www.facebook.com\/basiecenter","article_modified_time":"2025-10-08T20:51:28+00:00","og_image":[{"width":1240,"height":200,"url":"https:\/\/thebasie.org\/wp-content\/uploads\/2025\/10\/Community-Conversation-Banner.jpg","type":"image\/jpeg"}],"twitter_card":"summary_large_image","twitter_site":"@basiecenter","twitter_misc":{"Tiempo de lectura":"1 minuto"},"schema":{"@context":"https:\/\/schema.org","@graph":[{"@type":"WebPage","@id":"https:\/\/thebasie.org\/community-conversations-series\/","url":"https:\/\/thebasie.org\/community-conversations-series\/","name":"Serie de conversaciones comunitarias - Centro de Artes Count Basie","isPartOf":{"@id":"https:\/\/thebasie.org\/#website"},"primaryImageOfPage":{"@id":"https:\/\/thebasie.org\/community-conversations-series\/#primaryimage"},"image":{"@id":"https:\/\/thebasie.org\/community-conversations-series\/#primaryimage"},"thumbnailUrl":"https:\/\/thebasie.org\/wp-content\/uploads\/2025\/10\/Community-Conversation-Banner.jpg","datePublished":"2025-10-08T20:12:57+00:00","dateModified":"2025-10-08T20:51:28+00:00","breadcrumb":{"@id":"https:\/\/thebasie.org\/community-conversations-series\/#breadcrumb"},"inLanguage":"es","potentialAction":[{"@type":"ReadAction","target":["https:\/\/thebasie.org\/community-conversations-series\/"]}]},{"@type":"ImageObject","inLanguage":"es","@id":"https:\/\/thebasie.org\/community-conversations-series\/#primaryimage","url":"https:\/\/thebasie.org\/wp-content\/uploads\/2025\/10\/Community-Conversation-Banner.jpg","contentUrl":"https:\/\/thebasie.org\/wp-content\/uploads\/2025\/10\/Community-Conversation-Banner.jpg"},{"@type":"BreadcrumbList","@id":"https:\/\/thebasie.org\/community-conversations-series\/#breadcrumb","itemListElement":[{"@type":"ListItem","position":1,"name":"Home","item":"https:\/\/thebasie.org\/"},{"@type":"ListItem","position":2,"name":"Community Conversations Series"}]},{"@type":"WebSite","@id":"https:\/\/thebasie.org\/#website","url":"https:\/\/thebasie.org\/","name":"Count Basie Center for the Arts","description":"Count Basie Center for the Arts","potentialAction":[{"@type":"SearchAction","target":{"@type":"EntryPoint","urlTemplate":"https:\/\/thebasie.org\/?s={search_term_string}"},"query-input":{"@type":"PropertyValueSpecification","valueRequired":true,"valueName":"search_term_string"}}],"inLanguage":"es"}]}},"_links":{"self":[{"href":"https:\/\/thebasie.org\/es\/wp-json\/wp\/v2\/pages\/33904","targetHints":{"allow":["GET"]}}],"collection":[{"href":"https:\/\/thebasie.org\/es\/wp-json\/wp\/v2\/pages"}],"about":[{"href":"https:\/\/thebasie.org\/es\/wp-json\/wp\/v2\/types\/page"}],"author":[{"embeddable":true,"href":"https:\/\/thebasie.org\/es\/wp-json\/wp\/v2\/users\/4"}],"replies":[{"embeddable":true,"href":"https:\/\/thebasie.org\/es\/wp-json\/wp\/v2\/comments?post=33904"}],"version-history":[{"count":0,"href":"https:\/\/thebasie.org\/es\/wp-json\/wp\/v2\/pages\/33904\/revisions"}],"wp:attachment":[{"href":"https:\/\/thebasie.org\/es\/wp-json\/wp\/v2\/media?parent=33904"}],"curies":[{"name":"Gracias","href":"https:\/\/api.w.org\/{rel}","templated":true}]}}