{"id":33894,"date":"2025-10-08T15:23:04","date_gmt":"2025-10-08T19:23:04","guid":{"rendered":"https:\/\/thebasie.org\/?page_id=33894"},"modified":"2025-10-08T15:23:04","modified_gmt":"2025-10-08T19:23:04","slug":"talleres-y-residencias","status":"publish","type":"page","link":"https:\/\/thebasie.org\/es\/talleres-y-residencias\/","title":{"rendered":"Talleres y residencias"},"content":{"rendered":"<h1 id=\"arts-in-school\" style=\"margin-top: 20px; color: #3185c9; margin-bottom: 20px; line-height: 36px;\" data-darkreader-inline-color=\"\"><span style=\"font-size: 36pt;\">Programas escolares<\/span><br \/><span style=\"font-size: 18pt;\">TALLERES \/ ASAMBLEAS \/ RESIDENCIAS<\/span><\/h1>\n<p><a href=\"https:\/\/thebasie.org\/es\/basie-artist-residency-programs\/\"><img loading=\"lazy\" decoding=\"async\" class=\"alignnone wp-image-13932 size-full\" src=\"https:\/\/thebasie.org\/wp-content\/uploads\/2020\/11\/residence-banner.jpg\" alt=\"\" width=\"1240\" height=\"200\" srcset=\"https:\/\/thebasie.org\/wp-content\/uploads\/2020\/11\/residence-banner.jpg 1240w, https:\/\/thebasie.org\/wp-content\/uploads\/2020\/11\/residence-banner-300x48.jpg 300w, https:\/\/thebasie.org\/wp-content\/uploads\/2020\/11\/residence-banner-1024x165.jpg 1024w, https:\/\/thebasie.org\/wp-content\/uploads\/2020\/11\/residence-banner-768x124.jpg 768w\" sizes=\"auto, (max-width: 1240px) 100vw, 1240px\" \/><\/a><\/p>\n<p><span style=\"font-weight: 400;\">Los programas de la Escuela de Extensi\u00f3n del Centro Basie comenzaron como una colaboraci\u00f3n con el Distrito Escolar del Municipio de Red Bank en 2005. Hoy, servimos<\/span> <span style=\"font-weight: 400;\">Casi 1.500 estudiantes en toda la regi\u00f3n anualmente <\/span><span style=\"font-weight: 400;\">con clases de artes esc\u00e9nicas dentro de la escuela, despu\u00e9s de la escuela y en verano.\u00a0<\/span><\/p>\n<p><b>\u00bfQu\u00e9 es una residencia art\u00edstica escolar?<br \/>\n<\/b><span style=\"font-weight: 400;\">Una residencia art\u00edstica escolar incorpora artistas docentes profesionales al entorno escolar para trabajar directamente con estudiantes y educadores. Estas residencias est\u00e1n dise\u00f1adas para enriquecer el aprendizaje, estimular la creatividad y construir conexiones significativas a trav\u00e9s del arte, tanto durante la jornada escolar como en actividades extraescolares.<\/span><\/p>\n<p>&nbsp;<\/p>\n<p><b>Durante el d\u00eda escolar<\/b><span style=\"font-weight: 400;\">Los artistas colaboran con el profesorado para integrar las artes en las asignaturas b\u00e1sicas, impartir talleres y guiar a los estudiantes en proyectos creativos pr\u00e1cticos. Estas experiencias suelen culminar en presentaciones, exposiciones o exhibiciones que celebran el crecimiento y la expresi\u00f3n de los estudiantes.<\/span><\/p>\n<p>&nbsp;<\/p>\n<p><b>Residencias extraescolares<\/b><span style=\"font-weight: 400;\"> Ampl\u00eda el impacto ofreciendo a los estudiantes oportunidades adicionales para explorar las artes en un entorno m\u00e1s relajado y centrado. Estos programas pueden incluir:<\/span><\/p>\n<ul>\n<li style=\"font-weight: 400;\" aria-level=\"1\"><span style=\"font-weight: 400;\">Clases especializadas en m\u00fasica, teatro, danza, artes visuales o medios.<\/span><\/li>\n<li style=\"font-weight: 400;\" aria-level=\"1\"><span style=\"font-weight: 400;\">Instrucci\u00f3n y tutor\u00eda en grupos peque\u00f1os<\/span><\/li>\n<li style=\"font-weight: 400;\" aria-level=\"1\"><span style=\"font-weight: 400;\">Proyectos creativos que fomentan la confianza, la colaboraci\u00f3n y las habilidades art\u00edsticas.<\/span><\/li>\n<li style=\"font-weight: 400;\" aria-level=\"1\"><span style=\"font-weight: 400;\">Oportunidades para realizar o presentar trabajos a compa\u00f1eros, familias y la comunidad.<\/span><\/li>\n<\/ul>\n<p><span style=\"font-weight: 400;\">Ya sea durante el d\u00eda o despu\u00e9s de la escuela, las residencias art\u00edsticas ayudan a los estudiantes a descubrir sus voces, profundizar su aprendizaje y conectarse con otros a trav\u00e9s del poder de la creatividad.<\/span><\/p>\n<p>&nbsp;<\/p>\n<p><b>Teatro musical extraescolar <\/b><span style=\"font-weight: 400;\">\u00a0\u2013 En colaboraci\u00f3n con escuelas, padres y organizaciones comunitarias, los artistas docentes del Count Basie Center facilitan un programa de teatro musical despu\u00e9s de la escuela de dos semanas que culmina con la presentaci\u00f3n de un musical.<br \/>\n<\/span><i><span style=\"font-weight: 400;\">Las ubicaciones del programa han incluido: los distritos escolares de Red Bank Borough y Shrewsbury Borough, y Boys &amp; Girls Club del condado de Monmouth (unidad de Red Bank)<\/span><\/i><\/p>\n<p>&nbsp;<\/p>\n<p><b>Residencias de Artes Creativas<\/b><span style=\"font-weight: 400;\"> \u2013 Un programa de residencia de un a\u00f1o de duraci\u00f3n o disponible como talleres individuales, los estudiantes tienen la oportunidad de participar en teatro creativo, liderazgo, improvisaci\u00f3n, m\u00fasica y artes visuales.<br \/>\n<\/span><i><span style=\"font-weight: 400;\">Las ubicaciones del programa han incluido: Distrito escolar de Red Bank Borough, Distrito escolar de Keansburg, Distrito escolar de Long Branch, Escuela secundaria Thorne (Middletown)<\/span><\/i><\/p>\n<p>&nbsp;<\/p>\n<p><span style=\"font-weight: 400;\">Los talleres y residencias atractivos est\u00e1n dise\u00f1ados para aprovechar sus estrategias de clase actuales y, al mismo tiempo, combinar el plan de estudios con diversi\u00f3n.<\/span><\/p>\n<p><span style=\"font-weight: 400;\">\u00bfNecesitas ayuda? \u00bfTiene preguntas?<\/span><span style=\"font-weight: 400;\"><br \/>\n<\/span><span style=\"font-weight: 400;\">Contacta con el Departamento de Educaci\u00f3n<\/span><span style=\"font-weight: 400;\"><br \/>\n<\/span><span style=\"font-weight: 400;\">Anthony Greco<\/span><span style=\"font-weight: 400;\"><br \/>\n<\/span><span style=\"font-weight: 400;\">Gerente Senior, Educaci\u00f3n y Difusi\u00f3n Art\u00edstica<\/span><span style=\"font-weight: 400;\"><br \/>\n<\/span><span style=\"font-weight: 400;\">732-224-8778x151<\/span><span style=\"font-weight: 400;\"><br \/>\n<\/span><a href=\"mailto:agreco@thebasie.org\"><span style=\"font-weight: 400;\">agreco@thebasie.org<\/span><\/a><\/p>","protected":false},"excerpt":{"rendered":"<p>Programas Escolares TALLERES \/ ASAMBLEAS \/ RESIDENCIAS Los programas de la Escuela de Extensi\u00f3n del Centro Basie comenzaron como una colaboraci\u00f3n con el Distrito Escolar del Municipio de Red Bank en 2005. Actualmente, atendemos anualmente a casi 1500 estudiantes de toda la regi\u00f3n con clases de artes esc\u00e9nicas dentro, fuera y durante el verano. \u00bfQu\u00e9 es una Residencia Art\u00edstica Escolar? Una residencia art\u00edstica escolar re\u00fane a profesionales [\u2026]<\/p>","protected":false},"author":4,"featured_media":0,"parent":0,"menu_order":0,"comment_status":"closed","ping_status":"closed","template":"template-no_title.php","meta":{"_acf_changed":false,"footnotes":""},"class_list":["post-33894","page","type-page","status-publish","hentry"],"acf":[],"yoast_head":"<!-- This site is optimized with the Yoast SEO Premium plugin v26.7 (Yoast SEO v26.7) - https:\/\/yoast.com\/wordpress\/plugins\/seo\/ -->\n<title>Workshops and Residencies - Count Basie Center for the Arts<\/title>\n<meta name=\"robots\" content=\"index, follow, max-snippet:-1, max-image-preview:large, max-video-preview:-1\" \/>\n<link rel=\"canonical\" href=\"https:\/\/thebasie.org\/es\/talleres-y-residencias\/\" \/>\n<meta property=\"og:locale\" content=\"es_MX\" \/>\n<meta property=\"og:type\" content=\"article\" \/>\n<meta property=\"og:title\" content=\"Workshops and Residencies\" \/>\n<meta property=\"og:description\" content=\"School ProgramsWORKSHOPS \/ ASSEMBLIES \/ RESIDENCIES The Basie Center\u2019s Outreach School programs began as a collaboration with the Red Bank Borough School District in 2005. Today, we serve nearly 1,500 students throughout the region annually with in-school, after-school, and summer performing arts classes.\u00a0 What Is a School-Based Arts Residency? A school-based arts residency brings professional [&hellip;]\" \/>\n<meta property=\"og:url\" content=\"https:\/\/thebasie.org\/es\/talleres-y-residencias\/\" \/>\n<meta property=\"og:site_name\" content=\"Count Basie Center for the Arts\" \/>\n<meta property=\"article:publisher\" content=\"http:\/\/www.facebook.com\/basiecenter\" \/>\n<meta property=\"og:image\" content=\"https:\/\/thebasie.org\/wp-content\/uploads\/2020\/11\/residence-banner.jpg\" \/>\n\t<meta property=\"og:image:width\" content=\"1240\" \/>\n\t<meta property=\"og:image:height\" content=\"200\" \/>\n\t<meta property=\"og:image:type\" content=\"image\/jpeg\" \/>\n<meta name=\"twitter:card\" content=\"summary_large_image\" \/>\n<meta name=\"twitter:site\" content=\"@basiecenter\" \/>\n<meta name=\"twitter:label1\" content=\"Tiempo de lectura\" \/>\n\t<meta name=\"twitter:data1\" content=\"2 minutos\" \/>\n<script type=\"application\/ld+json\" class=\"yoast-schema-graph\">{\"@context\":\"https:\/\/schema.org\",\"@graph\":[{\"@type\":\"WebPage\",\"@id\":\"https:\/\/thebasie.org\/workshops-and-residencies\/\",\"url\":\"https:\/\/thebasie.org\/workshops-and-residencies\/\",\"name\":\"Workshops and Residencies - Count Basie Center for the Arts\",\"isPartOf\":{\"@id\":\"https:\/\/thebasie.org\/#website\"},\"primaryImageOfPage\":{\"@id\":\"https:\/\/thebasie.org\/workshops-and-residencies\/#primaryimage\"},\"image\":{\"@id\":\"https:\/\/thebasie.org\/workshops-and-residencies\/#primaryimage\"},\"thumbnailUrl\":\"https:\/\/thebasie.org\/wp-content\/uploads\/2020\/11\/residence-banner.jpg\",\"datePublished\":\"2025-10-08T19:23:04+00:00\",\"breadcrumb\":{\"@id\":\"https:\/\/thebasie.org\/workshops-and-residencies\/#breadcrumb\"},\"inLanguage\":\"es\",\"potentialAction\":[{\"@type\":\"ReadAction\",\"target\":[\"https:\/\/thebasie.org\/workshops-and-residencies\/\"]}]},{\"@type\":\"ImageObject\",\"inLanguage\":\"es\",\"@id\":\"https:\/\/thebasie.org\/workshops-and-residencies\/#primaryimage\",\"url\":\"https:\/\/thebasie.org\/wp-content\/uploads\/2020\/11\/residence-banner.jpg\",\"contentUrl\":\"https:\/\/thebasie.org\/wp-content\/uploads\/2020\/11\/residence-banner.jpg\"},{\"@type\":\"BreadcrumbList\",\"@id\":\"https:\/\/thebasie.org\/workshops-and-residencies\/#breadcrumb\",\"itemListElement\":[{\"@type\":\"ListItem\",\"position\":1,\"name\":\"Home\",\"item\":\"https:\/\/thebasie.org\/\"},{\"@type\":\"ListItem\",\"position\":2,\"name\":\"Workshops and Residencies\"}]},{\"@type\":\"WebSite\",\"@id\":\"https:\/\/thebasie.org\/#website\",\"url\":\"https:\/\/thebasie.org\/\",\"name\":\"Count Basie Center for the Arts\",\"description\":\"Count Basie Center for the Arts\",\"potentialAction\":[{\"@type\":\"SearchAction\",\"target\":{\"@type\":\"EntryPoint\",\"urlTemplate\":\"https:\/\/thebasie.org\/?s={search_term_string}\"},\"query-input\":{\"@type\":\"PropertyValueSpecification\",\"valueRequired\":true,\"valueName\":\"search_term_string\"}}],\"inLanguage\":\"es\"}]}<\/script>\n<!-- \/ Yoast SEO Premium plugin. -->","yoast_head_json":{"title":"Talleres y residencias - Centro de Artes Count Basie","robots":{"index":"index","follow":"follow","max-snippet":"max-snippet:-1","max-image-preview":"max-image-preview:large","max-video-preview":"max-video-preview:-1"},"canonical":"https:\/\/thebasie.org\/es\/talleres-y-residencias\/","og_locale":"es_MX","og_type":"article","og_title":"Workshops and Residencies","og_description":"School ProgramsWORKSHOPS \/ ASSEMBLIES \/ RESIDENCIES The Basie Center\u2019s Outreach School programs began as a collaboration with the Red Bank Borough School District in 2005. Today, we serve nearly 1,500 students throughout the region annually with in-school, after-school, and summer performing arts classes.\u00a0 What Is a School-Based Arts Residency? A school-based arts residency brings professional [&hellip;]","og_url":"https:\/\/thebasie.org\/es\/talleres-y-residencias\/","og_site_name":"Count Basie Center for the Arts","article_publisher":"http:\/\/www.facebook.com\/basiecenter","og_image":[{"width":1240,"height":200,"url":"https:\/\/thebasie.org\/wp-content\/uploads\/2020\/11\/residence-banner.jpg","type":"image\/jpeg"}],"twitter_card":"summary_large_image","twitter_site":"@basiecenter","twitter_misc":{"Tiempo de lectura":"2 minutos"},"schema":{"@context":"https:\/\/schema.org","@graph":[{"@type":"WebPage","@id":"https:\/\/thebasie.org\/workshops-and-residencies\/","url":"https:\/\/thebasie.org\/workshops-and-residencies\/","name":"Talleres y residencias - Centro de Artes Count Basie","isPartOf":{"@id":"https:\/\/thebasie.org\/#website"},"primaryImageOfPage":{"@id":"https:\/\/thebasie.org\/workshops-and-residencies\/#primaryimage"},"image":{"@id":"https:\/\/thebasie.org\/workshops-and-residencies\/#primaryimage"},"thumbnailUrl":"https:\/\/thebasie.org\/wp-content\/uploads\/2020\/11\/residence-banner.jpg","datePublished":"2025-10-08T19:23:04+00:00","breadcrumb":{"@id":"https:\/\/thebasie.org\/workshops-and-residencies\/#breadcrumb"},"inLanguage":"es","potentialAction":[{"@type":"ReadAction","target":["https:\/\/thebasie.org\/workshops-and-residencies\/"]}]},{"@type":"ImageObject","inLanguage":"es","@id":"https:\/\/thebasie.org\/workshops-and-residencies\/#primaryimage","url":"https:\/\/thebasie.org\/wp-content\/uploads\/2020\/11\/residence-banner.jpg","contentUrl":"https:\/\/thebasie.org\/wp-content\/uploads\/2020\/11\/residence-banner.jpg"},{"@type":"BreadcrumbList","@id":"https:\/\/thebasie.org\/workshops-and-residencies\/#breadcrumb","itemListElement":[{"@type":"ListItem","position":1,"name":"Home","item":"https:\/\/thebasie.org\/"},{"@type":"ListItem","position":2,"name":"Workshops and Residencies"}]},{"@type":"WebSite","@id":"https:\/\/thebasie.org\/#website","url":"https:\/\/thebasie.org\/","name":"Count Basie Center for the Arts","description":"Count Basie Center for the Arts","potentialAction":[{"@type":"SearchAction","target":{"@type":"EntryPoint","urlTemplate":"https:\/\/thebasie.org\/?s={search_term_string}"},"query-input":{"@type":"PropertyValueSpecification","valueRequired":true,"valueName":"search_term_string"}}],"inLanguage":"es"}]}},"_links":{"self":[{"href":"https:\/\/thebasie.org\/es\/wp-json\/wp\/v2\/pages\/33894","targetHints":{"allow":["GET"]}}],"collection":[{"href":"https:\/\/thebasie.org\/es\/wp-json\/wp\/v2\/pages"}],"about":[{"href":"https:\/\/thebasie.org\/es\/wp-json\/wp\/v2\/types\/page"}],"author":[{"embeddable":true,"href":"https:\/\/thebasie.org\/es\/wp-json\/wp\/v2\/users\/4"}],"replies":[{"embeddable":true,"href":"https:\/\/thebasie.org\/es\/wp-json\/wp\/v2\/comments?post=33894"}],"version-history":[{"count":0,"href":"https:\/\/thebasie.org\/es\/wp-json\/wp\/v2\/pages\/33894\/revisions"}],"wp:attachment":[{"href":"https:\/\/thebasie.org\/es\/wp-json\/wp\/v2\/media?parent=33894"}],"curies":[{"name":"Gracias","href":"https:\/\/api.w.org\/{rel}","templated":true}]}}