{"id":330,"date":"2017-04-26T14:18:57","date_gmt":"2017-04-26T18:18:57","guid":{"rendered":"https:\/\/thebasie.org\/?page_id=330"},"modified":"2023-09-30T15:59:21","modified_gmt":"2023-09-30T19:59:21","slug":"alquiler-tecnologia","status":"publish","type":"page","link":"https:\/\/thebasie.org\/es\/alquiler-tecnologia\/","title":{"rendered":"Alquiler del Centro Count Basie para las Artes e informaci\u00f3n t\u00e9cnica"},"content":{"rendered":"<p><img loading=\"lazy\" decoding=\"async\" class=\"aligncenter size-full wp-image-1908\" src=\"https:\/\/thebasie.org\/wp-content\/uploads\/2017\/04\/rental-and-tech-title-tech-pack-1240x457-1.jpg\" alt=\"\" width=\"1240\" height=\"457\" srcset=\"https:\/\/thebasie.org\/wp-content\/uploads\/2017\/04\/rental-and-tech-title-tech-pack-1240x457-1.jpg 1240w, https:\/\/thebasie.org\/wp-content\/uploads\/2017\/04\/rental-and-tech-title-tech-pack-1240x457-1-300x111.jpg 300w, https:\/\/thebasie.org\/wp-content\/uploads\/2017\/04\/rental-and-tech-title-tech-pack-1240x457-1-768x283.jpg 768w, https:\/\/thebasie.org\/wp-content\/uploads\/2017\/04\/rental-and-tech-title-tech-pack-1240x457-1-1024x377.jpg 1024w\" sizes=\"auto, (max-width: 1240px) 100vw, 1240px\" \/><\/p>\n<div>\n<p>El teatro hist\u00f3rico con capacidad para 1,568 asientos del Count Basie Center y los innumerables arreglos de capacidad en The Vogel hacen de cada lugar un lugar perfecto para presentaciones, conciertos ben\u00e9ficos, recitales de danza y m\u00fasica, funciones comerciales y corporativas, y reuniones c\u00edvicas. Los estudios de ensayo de la instalaci\u00f3n, la plaza de las artes y varios otros espacios tambi\u00e9n est\u00e1n disponibles para funciones m\u00e1s peque\u00f1as, reuniones, recepciones previas al espect\u00e1culo y ensayos. Para obtener m\u00e1s informaci\u00f3n, comun\u00edquese con el Centro Count Basie al <a href=\"mailto:rentals@thebasie.org\">alquileres@thebasie.org<\/a>.<\/p>\n<\/div>\n<div><\/div>","protected":false},"excerpt":{"rendered":"<p>El teatro hist\u00f3rico con capacidad para 1,568 asientos del Count Basie Center y los innumerables arreglos de capacidad en The Vogel hacen de cada lugar un lugar perfecto para presentaciones, conciertos ben\u00e9ficos, recitales de danza y m\u00fasica, funciones comerciales y corporativas, y reuniones c\u00edvicas. Los estudios de ensayo de la instalaci\u00f3n, la plaza de las artes y varios otros espacios tambi\u00e9n est\u00e1n disponibles para funciones m\u00e1s peque\u00f1as, reuniones, recepciones previas al espect\u00e1culo [\u2026]<\/p>","protected":false},"author":3,"featured_media":0,"parent":0,"menu_order":0,"comment_status":"closed","ping_status":"closed","template":"","meta":{"_acf_changed":false,"footnotes":""},"class_list":["post-330","page","type-page","status-publish","hentry"],"acf":[],"yoast_head":"<!-- This site is optimized with the Yoast SEO Premium plugin v26.7 (Yoast SEO v26.7) - https:\/\/yoast.com\/wordpress\/plugins\/seo\/ -->\n<title>Theatre Rental &amp; Technical Info - Count Basie Theatre<\/title>\n<meta name=\"robots\" content=\"index, follow, max-snippet:-1, max-image-preview:large, max-video-preview:-1\" \/>\n<link rel=\"canonical\" href=\"https:\/\/thebasie.org\/es\/alquiler-tecnologia\/\" \/>\n<meta property=\"og:locale\" content=\"es_MX\" \/>\n<meta property=\"og:type\" content=\"article\" \/>\n<meta property=\"og:title\" content=\"Count Basie Center for the Arts Rental &amp; Technical Info\" \/>\n<meta property=\"og:description\" content=\"The Count Basie Center&#8217;s 1,568 seat historic theater and countless capacity arrangements at The Vogel make each venue a perfect spot for performances, benefit concerts, dance and music recitals, business and corporate functions, and civic gatherings. The facility&#8217;s rehearsal studios, arts plaza and various other spaces are also available for smaller functions, meetings, pre-show receptions [&hellip;]\" \/>\n<meta property=\"og:url\" content=\"https:\/\/thebasie.org\/es\/alquiler-tecnologia\/\" \/>\n<meta property=\"og:site_name\" content=\"Count Basie Center for the Arts\" \/>\n<meta property=\"article:publisher\" content=\"http:\/\/www.facebook.com\/basiecenter\" \/>\n<meta property=\"article:modified_time\" content=\"2023-09-30T19:59:21+00:00\" \/>\n<meta property=\"og:image\" content=\"https:\/\/thebasie.org\/wp-content\/uploads\/2017\/04\/rental-and-tech-title-tech-pack-1240x457-1.jpg\" \/>\n<meta name=\"twitter:card\" content=\"summary_large_image\" \/>\n<meta name=\"twitter:site\" content=\"@basiecenter\" \/>\n<meta name=\"twitter:label1\" content=\"Tiempo de lectura\" \/>\n\t<meta name=\"twitter:data1\" content=\"1 minuto\" \/>\n<script type=\"application\/ld+json\" class=\"yoast-schema-graph\">{\"@context\":\"https:\/\/schema.org\",\"@graph\":[{\"@type\":\"WebPage\",\"@id\":\"https:\/\/thebasie.org\/rentals-tech\/\",\"url\":\"https:\/\/thebasie.org\/rentals-tech\/\",\"name\":\"Theatre Rental & Technical Info - Count Basie Theatre\",\"isPartOf\":{\"@id\":\"https:\/\/thebasie.org\/#website\"},\"primaryImageOfPage\":{\"@id\":\"https:\/\/thebasie.org\/rentals-tech\/#primaryimage\"},\"image\":{\"@id\":\"https:\/\/thebasie.org\/rentals-tech\/#primaryimage\"},\"thumbnailUrl\":\"https:\/\/thebasie.org\/wp-content\/uploads\/2017\/04\/rental-and-tech-title-tech-pack-1240x457-1.jpg\",\"datePublished\":\"2017-04-26T18:18:57+00:00\",\"dateModified\":\"2023-09-30T19:59:21+00:00\",\"breadcrumb\":{\"@id\":\"https:\/\/thebasie.org\/rentals-tech\/#breadcrumb\"},\"inLanguage\":\"es\",\"potentialAction\":[{\"@type\":\"ReadAction\",\"target\":[\"https:\/\/thebasie.org\/rentals-tech\/\"]}]},{\"@type\":\"ImageObject\",\"inLanguage\":\"es\",\"@id\":\"https:\/\/thebasie.org\/rentals-tech\/#primaryimage\",\"url\":\"https:\/\/thebasie.org\/wp-content\/uploads\/2017\/04\/rental-and-tech-title-tech-pack-1240x457-1.jpg\",\"contentUrl\":\"https:\/\/thebasie.org\/wp-content\/uploads\/2017\/04\/rental-and-tech-title-tech-pack-1240x457-1.jpg\"},{\"@type\":\"BreadcrumbList\",\"@id\":\"https:\/\/thebasie.org\/rentals-tech\/#breadcrumb\",\"itemListElement\":[{\"@type\":\"ListItem\",\"position\":1,\"name\":\"Home\",\"item\":\"https:\/\/thebasie.org\/\"},{\"@type\":\"ListItem\",\"position\":2,\"name\":\"Count Basie Center for the Arts Rental &#038; Technical Info\"}]},{\"@type\":\"WebSite\",\"@id\":\"https:\/\/thebasie.org\/#website\",\"url\":\"https:\/\/thebasie.org\/\",\"name\":\"Count Basie Center for the Arts\",\"description\":\"Count Basie Center for the Arts\",\"potentialAction\":[{\"@type\":\"SearchAction\",\"target\":{\"@type\":\"EntryPoint\",\"urlTemplate\":\"https:\/\/thebasie.org\/?s={search_term_string}\"},\"query-input\":{\"@type\":\"PropertyValueSpecification\",\"valueRequired\":true,\"valueName\":\"search_term_string\"}}],\"inLanguage\":\"es\"}]}<\/script>\n<!-- \/ Yoast SEO Premium plugin. -->","yoast_head_json":{"title":"Alquiler de teatro e informaci\u00f3n t\u00e9cnica - Teatro Count Basie","robots":{"index":"index","follow":"follow","max-snippet":"max-snippet:-1","max-image-preview":"max-image-preview:large","max-video-preview":"max-video-preview:-1"},"canonical":"https:\/\/thebasie.org\/es\/alquiler-tecnologia\/","og_locale":"es_MX","og_type":"article","og_title":"Count Basie Center for the Arts Rental & Technical Info","og_description":"The Count Basie Center&#8217;s 1,568 seat historic theater and countless capacity arrangements at The Vogel make each venue a perfect spot for performances, benefit concerts, dance and music recitals, business and corporate functions, and civic gatherings. The facility&#8217;s rehearsal studios, arts plaza and various other spaces are also available for smaller functions, meetings, pre-show receptions [&hellip;]","og_url":"https:\/\/thebasie.org\/es\/alquiler-tecnologia\/","og_site_name":"Count Basie Center for the Arts","article_publisher":"http:\/\/www.facebook.com\/basiecenter","article_modified_time":"2023-09-30T19:59:21+00:00","og_image":[{"url":"https:\/\/thebasie.org\/wp-content\/uploads\/2017\/04\/rental-and-tech-title-tech-pack-1240x457-1.jpg","type":"","width":"","height":""}],"twitter_card":"summary_large_image","twitter_site":"@basiecenter","twitter_misc":{"Tiempo de lectura":"1 minuto"},"schema":{"@context":"https:\/\/schema.org","@graph":[{"@type":"WebPage","@id":"https:\/\/thebasie.org\/rentals-tech\/","url":"https:\/\/thebasie.org\/rentals-tech\/","name":"Alquiler de teatro e informaci\u00f3n t\u00e9cnica - Teatro Count Basie","isPartOf":{"@id":"https:\/\/thebasie.org\/#website"},"primaryImageOfPage":{"@id":"https:\/\/thebasie.org\/rentals-tech\/#primaryimage"},"image":{"@id":"https:\/\/thebasie.org\/rentals-tech\/#primaryimage"},"thumbnailUrl":"https:\/\/thebasie.org\/wp-content\/uploads\/2017\/04\/rental-and-tech-title-tech-pack-1240x457-1.jpg","datePublished":"2017-04-26T18:18:57+00:00","dateModified":"2023-09-30T19:59:21+00:00","breadcrumb":{"@id":"https:\/\/thebasie.org\/rentals-tech\/#breadcrumb"},"inLanguage":"es","potentialAction":[{"@type":"ReadAction","target":["https:\/\/thebasie.org\/rentals-tech\/"]}]},{"@type":"ImageObject","inLanguage":"es","@id":"https:\/\/thebasie.org\/rentals-tech\/#primaryimage","url":"https:\/\/thebasie.org\/wp-content\/uploads\/2017\/04\/rental-and-tech-title-tech-pack-1240x457-1.jpg","contentUrl":"https:\/\/thebasie.org\/wp-content\/uploads\/2017\/04\/rental-and-tech-title-tech-pack-1240x457-1.jpg"},{"@type":"BreadcrumbList","@id":"https:\/\/thebasie.org\/rentals-tech\/#breadcrumb","itemListElement":[{"@type":"ListItem","position":1,"name":"Home","item":"https:\/\/thebasie.org\/"},{"@type":"ListItem","position":2,"name":"Count Basie Center for the Arts Rental &#038; Technical Info"}]},{"@type":"WebSite","@id":"https:\/\/thebasie.org\/#website","url":"https:\/\/thebasie.org\/","name":"Count Basie Center for the Arts","description":"Count Basie Center for the Arts","potentialAction":[{"@type":"SearchAction","target":{"@type":"EntryPoint","urlTemplate":"https:\/\/thebasie.org\/?s={search_term_string}"},"query-input":{"@type":"PropertyValueSpecification","valueRequired":true,"valueName":"search_term_string"}}],"inLanguage":"es"}]}},"_links":{"self":[{"href":"https:\/\/thebasie.org\/es\/wp-json\/wp\/v2\/pages\/330","targetHints":{"allow":["GET"]}}],"collection":[{"href":"https:\/\/thebasie.org\/es\/wp-json\/wp\/v2\/pages"}],"about":[{"href":"https:\/\/thebasie.org\/es\/wp-json\/wp\/v2\/types\/page"}],"author":[{"embeddable":true,"href":"https:\/\/thebasie.org\/es\/wp-json\/wp\/v2\/users\/3"}],"replies":[{"embeddable":true,"href":"https:\/\/thebasie.org\/es\/wp-json\/wp\/v2\/comments?post=330"}],"version-history":[{"count":0,"href":"https:\/\/thebasie.org\/es\/wp-json\/wp\/v2\/pages\/330\/revisions"}],"wp:attachment":[{"href":"https:\/\/thebasie.org\/es\/wp-json\/wp\/v2\/media?parent=330"}],"curies":[{"name":"Gracias","href":"https:\/\/api.w.org\/{rel}","templated":true}]}}