{"id":32816,"date":"2025-06-12T17:07:49","date_gmt":"2025-06-12T21:07:49","guid":{"rendered":"https:\/\/thebasie.org\/?page_id=32816"},"modified":"2026-03-27T14:39:54","modified_gmt":"2026-03-27T18:39:54","slug":"escenario-del-parque","status":"publish","type":"page","link":"https:\/\/thebasie.org\/es\/escenario-del-parque\/","title":{"rendered":"escenario del parque"},"content":{"rendered":"<p><script type=\"text\/javascript\">\n         function Redirect() { window.location=\"https:\/\/www.parkstage.org\"; } document.write(\"-\"); setTimeout('Redirect()', 100);\n      <\/script><\/p>\n<p style=\"text-align: center;\"><span style=\"font-size: 12pt;\">Por favor espera.<br \/>\nSi no eres redirigido autom\u00e1ticamente, haz clic en <a href=\"https:\/\/www.parkstage.org\">aqu\u00ed<\/a>.<\/span><\/p>\n<p><img decoding=\"async\" src=\"https:\/\/thebasie.org\/img\/LOGO-ParkStage.svg\" alt=\"Logotipo de ParkStage\" \/><\/p>\n<div style=\"width: 100%; text-align: center;\"><iframe loading=\"lazy\" title=\"reproductor de videos de youtube\" src=\"https:\/\/www.youtube.com\/embed\/W_RoKbKr0Eo?si=fx_D8n_a2Pxr0vXG\" width=\"1120\" height=\"628\" frameborder=\"0\" allowfullscreen=\"allowfullscreen\"><\/iframe><\/div>\n<div><\/div>\n<div style=\"text-align: center;\">\n<p>&nbsp;<\/p>\n<p><span style=\"font-size: 22pt; color: #008000;\"><strong>El Centro de Artes Count Basie y el Turismo del Condado de Monmouth anuncian planes para ParkStage\u00a0<\/strong><\/span><\/p>\n<p><span style=\"color: #008000; font-size: 14pt;\"><strong><em>El espacio de entretenimiento al aire libre se inaugura en el verano de 2026<\/em><\/strong><\/span><\/p>\n<p style=\"text-align: left;\"><strong>PROPIEDAD LIBRE, NJ \u2014<\/strong> El Centro de Artes Count Basie, en colaboraci\u00f3n con Monmouth County Tourism, anuncia con orgullo <strong>Parque Stage<\/strong>, un espacio de espect\u00e1culos al aire libre a gran escala que debutar\u00e1 en <strong>Verano de 2026<\/strong> en el recinto ferial de East Freehold Park.<\/p>\n<p style=\"text-align: left;\">\u201cParkStage es una parte importante de nuestra celebraci\u00f3n del centenario: un momento para honrar d\u00f3nde hemos estado y mirar hacia adelante a lo que es posible\u201d, dijo <strong>Adam Philipson, presidente y director ejecutivo del Centro de Artes Count Basie.<\/strong> \u201cRefleja nuestra creencia en el poder de las artes para unir a las personas, apoyar la econom\u00eda local y crear momentos de alegr\u00eda para todos en nuestra comunidad\u201d.<\/p>\n<p style=\"text-align: left;\">Como parte del esfuerzo m\u00e1s amplio del condado de Monmouth para conmemorar el 250 aniversario de los Estados Unidos, as\u00ed como el centenario del Count Basie Center, ParkStage se convertir\u00e1 en un destino destacado para el entretenimiento en vivo en Nueva Jersey, atrayendo a miles de asistentes a una variedad de espect\u00e1culos que incluyen m\u00fasica, comedia y m\u00e1s.<\/p>\n<p style=\"text-align: left;\">\u201cNos emociona anunciar la serie de conciertos ParkStage, que forma parte de nuestra celebraci\u00f3n del 250.\u00ba aniversario de Estados Unidos. Tendremos una variedad de espect\u00e1culos con diferentes artistas de todo el pa\u00eds que estar\u00e1n aqu\u00ed mismo en el recinto ferial para celebrarlo\u201d, dijo <strong>Comisionado Director Thomas A. Arnone.<\/strong> Estamos sumamente agradecidos con nuestros socios del Centro Basie y con todos nuestros funcionarios locales. \u00a1Ser\u00e1 una experiencia inolvidable! Mant\u00e9nganse al tanto de Turismo del Condado de Monmouth para futuras comunicaciones.<\/p>\n<p style=\"text-align: left;\">\u201cAl conmemorar los 100 a\u00f1os del Basie Center, ParkStage representa nuestra inversi\u00f3n continua en esta comunidad\u201d, dijo <strong>Jeremy Grunin, presidente de la junta directiva del Centro Count Basie.<\/strong> Este espacio brindar\u00e1 nuevas oportunidades para los artistas, atraer\u00e1 visitantes a nuestra regi\u00f3n y crear\u00e1 experiencias compartidas que fortalecer\u00e1n el tejido cultural y econ\u00f3mico del condado de Monmouth y m\u00e1s all\u00e1.<\/p>\n<p style=\"text-align: left;\">Con una ubicaci\u00f3n central en uno de los corredores de poblaci\u00f3n de m\u00e1s r\u00e1pido crecimiento de Nueva Jersey, con m\u00e1s de 2,3 millones de personas viviendo en un radio de 25 millas, ParkStage ofrece f\u00e1cil acceso a trav\u00e9s de todas las carreteras principales y un entorno pintoresco que combina el encanto rural con la comodidad moderna, estacionamiento gratuito en el lugar y alojamiento VIP de lujo.<\/p>\n<p style=\"text-align: left;\">El 250.\u00ba aniversario de Estados Unidos se celebrar\u00e1 en 2026, y en el condado de Monmouth hemos trabajado arduamente durante m\u00e1s de dos a\u00f1os para crear una celebraci\u00f3n digna del nacimiento de la naci\u00f3n m\u00e1s grandiosa del planeta. Un objetivo principal del Comit\u00e9 MonmouthNJ 250 fue reunir a todos los actores de Monmouth: las ciudades, el arte, las organizaciones, las escuelas, las empresas y el turismo, para lograr cosas realmente especiales. <strong>Secretaria del condado de Monmouth, Christine Giordano Hanlon<\/strong>. \u201cMe entusiasma que la serie de conciertos de verano de ParkStage sea una de las actividades m\u00e1s destacadas en Monmouth para la celebraci\u00f3n del cumplea\u00f1os de Estados Unidos, as\u00ed como del centenario del Basie Center.\u201d<\/p>\n<p style=\"text-align: left;\">\u201cEsta serie de conciertos de verano es mucho m\u00e1s que buena m\u00fasica: es una forma de atraer gente a nuestra ciudad, apoyar a los negocios locales y celebrar el esp\u00edritu de nuestra comunidad\u201d, dijo <strong>Marureen Fasano, alcaldesa del municipio de Freehold<\/strong>Cada actuaci\u00f3n ayuda a atraer visitantes, dinamiza nuestra econom\u00eda local y muestra todo lo que nuestra ciudad tiene para ofrecer.<\/p>\n<p style=\"text-align: left;\">\u201cDesde los d\u00edas de Burlington Path hasta el presente, todos los caminos conducen a Freehold, donde siempre hay algo que hacer\u201d, dijo <strong>Sharon Shutzer, concejala del distrito de Freehold<\/strong>. \u201cUn programa como el que se ha presentado hoy beneficiar\u00e1, tanto individual como colectivamente, al Count Basie Center for the Arts, al condado de Monmouth y a Freehold.\u201d<\/p>\n<p style=\"text-align: left;\">La programaci\u00f3n contar\u00e1 con artistas nacionales e internacionales del \u00e1mbito de la m\u00fasica, la comedia y m\u00e1s, y los horarios completos se anunciar\u00e1n en 2025.<\/p>\n<p style=\"text-align: left;\">Para m\u00e1s informaci\u00f3n visite <a href=\"http:\/\/www.parkstage.org\/\">www.parkstage.org<\/a><strong>.<\/strong><\/p>\n<p style=\"text-align: left;\">Se puede encontrar una transmisi\u00f3n en vivo grabada del anuncio en el sitio web del condado de Monmouth. <a href=\"https:\/\/www.facebook.com\/share\/v\/1X2PLE5uxC\/\">Facebook<\/a> p\u00e1gina o descargada <a href=\"https:\/\/public.3.basecamp.com\/p\/mLCGhNjGKN7MpEb5xmTSUew2\/vault\">aqu\u00ed<\/a>.<\/p>\n<\/div>","protected":false},"excerpt":{"rendered":"<p>Please hold. If you&#8217;re not automatically redirected, click here. &nbsp; Count Basie Center for the Arts and Monmouth County Tourism Announce Plans for ParkStage\u00a0 The outdoor entertainment venue launches Summer 2026 FREEHOLD, NJ \u2014 The Count Basie Center for the Arts, in collaboration with Monmouth County Tourism, proudly announces ParkStage, a large-scale, open-air performance venue [&hellip;]<\/p>","protected":false},"author":3,"featured_media":0,"parent":0,"menu_order":0,"comment_status":"closed","ping_status":"closed","template":"template-no_title.php","meta":{"_acf_changed":false,"footnotes":""},"class_list":["post-32816","page","type-page","status-publish","hentry"],"acf":[],"yoast_head":"<!-- This site is optimized with the Yoast SEO Premium plugin v26.7 (Yoast SEO v26.7) - https:\/\/yoast.com\/wordpress\/plugins\/seo\/ -->\n<title>ParkStage - Coming Summer 2026 - Count Basie Center for the Arts<\/title>\n<meta name=\"description\" content=\"ParkStage, the new outdoor entertainment venue from The Count Basie Center and Monmouth County Tourism, coming to East Freehold Park in Summer 2026.\" \/>\n<meta name=\"robots\" content=\"index, nofollow, max-snippet:-1, max-image-preview:large, max-video-preview:-1\" \/>\n<link rel=\"canonical\" href=\"https:\/\/thebasie.org\/es\/escenario-del-parque\/\" \/>\n<meta property=\"og:locale\" content=\"es_MX\" \/>\n<meta property=\"og:type\" content=\"article\" \/>\n<meta property=\"og:title\" content=\"ParkStage - The new, outdoor venue coming to Monmouth County in Summer 2026\" \/>\n<meta property=\"og:description\" content=\"The Count Basie Center and Monmouth County Tourism are proud to reveal...\" \/>\n<meta property=\"og:url\" content=\"https:\/\/thebasie.org\/es\/escenario-del-parque\/\" \/>\n<meta property=\"og:site_name\" content=\"Count Basie Center for the Arts\" \/>\n<meta property=\"article:publisher\" content=\"http:\/\/www.facebook.com\/basiecenter\" \/>\n<meta property=\"article:modified_time\" content=\"2026-03-27T18:39:54+00:00\" \/>\n<meta property=\"og:image\" content=\"https:\/\/thebasie.org\/wp-content\/uploads\/2025\/06\/parkstage-FB.png\" \/>\n\t<meta property=\"og:image:width\" content=\"1200\" \/>\n\t<meta property=\"og:image:height\" content=\"630\" \/>\n\t<meta property=\"og:image:type\" content=\"image\/png\" \/>\n<meta name=\"twitter:card\" content=\"summary_large_image\" \/>\n<meta name=\"twitter:title\" content=\"ParkStage - A new, outdoor venue coming to Monmouth County in Summer 2026\" \/>\n<meta name=\"twitter:site\" content=\"@basiecenter\" \/>\n<meta name=\"twitter:label1\" content=\"Tiempo de lectura\" \/>\n\t<meta name=\"twitter:data1\" content=\"3 minutos\" \/>\n<script type=\"application\/ld+json\" class=\"yoast-schema-graph\">{\"@context\":\"https:\/\/schema.org\",\"@graph\":[{\"@type\":\"WebPage\",\"@id\":\"https:\/\/thebasie.org\/parkstage\/\",\"url\":\"https:\/\/thebasie.org\/parkstage\/\",\"name\":\"ParkStage - Coming Summer 2026 - Count Basie Center for the Arts\",\"isPartOf\":{\"@id\":\"https:\/\/thebasie.org\/#website\"},\"primaryImageOfPage\":{\"@id\":\"https:\/\/thebasie.org\/parkstage\/#primaryimage\"},\"image\":{\"@id\":\"https:\/\/thebasie.org\/parkstage\/#primaryimage\"},\"thumbnailUrl\":\"https:\/\/thebasie.org\/img\/LOGO-ParkStage.svg\",\"datePublished\":\"2025-06-12T21:07:49+00:00\",\"dateModified\":\"2026-03-27T18:39:54+00:00\",\"description\":\"ParkStage, the new outdoor entertainment venue from The Count Basie Center and Monmouth County Tourism, coming to East Freehold Park in Summer 2026.\",\"breadcrumb\":{\"@id\":\"https:\/\/thebasie.org\/parkstage\/#breadcrumb\"},\"inLanguage\":\"es\",\"potentialAction\":[{\"@type\":\"ReadAction\",\"target\":[\"https:\/\/thebasie.org\/parkstage\/\"]}]},{\"@type\":\"ImageObject\",\"inLanguage\":\"es\",\"@id\":\"https:\/\/thebasie.org\/parkstage\/#primaryimage\",\"url\":\"https:\/\/thebasie.org\/img\/LOGO-ParkStage.svg\",\"contentUrl\":\"https:\/\/thebasie.org\/img\/LOGO-ParkStage.svg\"},{\"@type\":\"BreadcrumbList\",\"@id\":\"https:\/\/thebasie.org\/parkstage\/#breadcrumb\",\"itemListElement\":[{\"@type\":\"ListItem\",\"position\":1,\"name\":\"Home\",\"item\":\"https:\/\/thebasie.org\/\"},{\"@type\":\"ListItem\",\"position\":2,\"name\":\"parkstage\"}]},{\"@type\":\"WebSite\",\"@id\":\"https:\/\/thebasie.org\/#website\",\"url\":\"https:\/\/thebasie.org\/\",\"name\":\"Count Basie Center for the Arts\",\"description\":\"Count Basie Center for the Arts\",\"potentialAction\":[{\"@type\":\"SearchAction\",\"target\":{\"@type\":\"EntryPoint\",\"urlTemplate\":\"https:\/\/thebasie.org\/?s={search_term_string}\"},\"query-input\":{\"@type\":\"PropertyValueSpecification\",\"valueRequired\":true,\"valueName\":\"search_term_string\"}}],\"inLanguage\":\"es\"}]}<\/script>\n<!-- \/ Yoast SEO Premium plugin. -->","yoast_head_json":{"title":"ParkStage - Pr\u00f3ximamente en el verano de 2026 - Centro de Artes Count Basie","description":"ParkStage, el nuevo lugar de entretenimiento al aire libre de The Count Basie Center y Monmouth County Tourism, llegar\u00e1 a East Freehold Park en el verano de 2026.","robots":{"index":"index","follow":"nofollow","max-snippet":"max-snippet:-1","max-image-preview":"max-image-preview:large","max-video-preview":"max-video-preview:-1"},"canonical":"https:\/\/thebasie.org\/es\/escenario-del-parque\/","og_locale":"es_MX","og_type":"article","og_title":"ParkStage - The new, outdoor venue coming to Monmouth County in Summer 2026","og_description":"The Count Basie Center and Monmouth County Tourism are proud to reveal...","og_url":"https:\/\/thebasie.org\/es\/escenario-del-parque\/","og_site_name":"Count Basie Center for the Arts","article_publisher":"http:\/\/www.facebook.com\/basiecenter","article_modified_time":"2026-03-27T18:39:54+00:00","og_image":[{"width":1200,"height":630,"url":"https:\/\/thebasie.org\/wp-content\/uploads\/2025\/06\/parkstage-FB.png","type":"image\/png"}],"twitter_card":"summary_large_image","twitter_title":"ParkStage - A new, outdoor venue coming to Monmouth County in Summer 2026","twitter_site":"@basiecenter","twitter_misc":{"Tiempo de lectura":"3 minutos"},"schema":{"@context":"https:\/\/schema.org","@graph":[{"@type":"WebPage","@id":"https:\/\/thebasie.org\/parkstage\/","url":"https:\/\/thebasie.org\/parkstage\/","name":"ParkStage - Pr\u00f3ximamente en el verano de 2026 - Centro de Artes Count Basie","isPartOf":{"@id":"https:\/\/thebasie.org\/#website"},"primaryImageOfPage":{"@id":"https:\/\/thebasie.org\/parkstage\/#primaryimage"},"image":{"@id":"https:\/\/thebasie.org\/parkstage\/#primaryimage"},"thumbnailUrl":"https:\/\/thebasie.org\/img\/LOGO-ParkStage.svg","datePublished":"2025-06-12T21:07:49+00:00","dateModified":"2026-03-27T18:39:54+00:00","description":"ParkStage, el nuevo lugar de entretenimiento al aire libre de The Count Basie Center y Monmouth County Tourism, llegar\u00e1 a East Freehold Park en el verano de 2026.","breadcrumb":{"@id":"https:\/\/thebasie.org\/parkstage\/#breadcrumb"},"inLanguage":"es","potentialAction":[{"@type":"ReadAction","target":["https:\/\/thebasie.org\/parkstage\/"]}]},{"@type":"ImageObject","inLanguage":"es","@id":"https:\/\/thebasie.org\/parkstage\/#primaryimage","url":"https:\/\/thebasie.org\/img\/LOGO-ParkStage.svg","contentUrl":"https:\/\/thebasie.org\/img\/LOGO-ParkStage.svg"},{"@type":"BreadcrumbList","@id":"https:\/\/thebasie.org\/parkstage\/#breadcrumb","itemListElement":[{"@type":"ListItem","position":1,"name":"Home","item":"https:\/\/thebasie.org\/"},{"@type":"ListItem","position":2,"name":"parkstage"}]},{"@type":"WebSite","@id":"https:\/\/thebasie.org\/#website","url":"https:\/\/thebasie.org\/","name":"Count Basie Center for the Arts","description":"Count Basie Center for the Arts","potentialAction":[{"@type":"SearchAction","target":{"@type":"EntryPoint","urlTemplate":"https:\/\/thebasie.org\/?s={search_term_string}"},"query-input":{"@type":"PropertyValueSpecification","valueRequired":true,"valueName":"search_term_string"}}],"inLanguage":"es"}]}},"_links":{"self":[{"href":"https:\/\/thebasie.org\/es\/wp-json\/wp\/v2\/pages\/32816","targetHints":{"allow":["GET"]}}],"collection":[{"href":"https:\/\/thebasie.org\/es\/wp-json\/wp\/v2\/pages"}],"about":[{"href":"https:\/\/thebasie.org\/es\/wp-json\/wp\/v2\/types\/page"}],"author":[{"embeddable":true,"href":"https:\/\/thebasie.org\/es\/wp-json\/wp\/v2\/users\/3"}],"replies":[{"embeddable":true,"href":"https:\/\/thebasie.org\/es\/wp-json\/wp\/v2\/comments?post=32816"}],"version-history":[{"count":2,"href":"https:\/\/thebasie.org\/es\/wp-json\/wp\/v2\/pages\/32816\/revisions"}],"predecessor-version":[{"id":35945,"href":"https:\/\/thebasie.org\/es\/wp-json\/wp\/v2\/pages\/32816\/revisions\/35945"}],"wp:attachment":[{"href":"https:\/\/thebasie.org\/es\/wp-json\/wp\/v2\/media?parent=32816"}],"curies":[{"name":"Gracias","href":"https:\/\/api.w.org\/{rel}","templated":true}]}}