{"id":32745,"date":"2025-06-05T14:09:09","date_gmt":"2025-06-05T18:09:09","guid":{"rendered":"https:\/\/thebasie.org\/?page_id=32745"},"modified":"2025-06-11T09:46:08","modified_gmt":"2025-06-11T13:46:08","slug":"oferta25","status":"publish","type":"page","link":"https:\/\/thebasie.org\/es\/oferta25\/","title":{"rendered":"Gala de Verano 2025 \u2013 Subasta Silenciosa Redirigido \u2013 BID25"},"content":{"rendered":"<p><img loading=\"lazy\" decoding=\"async\" src=\"https:\/\/thebasie.org\/wp-content\/uploads\/2025\/06\/SIlent-Auction-LIVE-1200x630-1-300x158.jpg\" alt=\"\" width=\"300\" height=\"158\" class=\"alignnone size-medium wp-image-32799\" srcset=\"https:\/\/thebasie.org\/wp-content\/uploads\/2025\/06\/SIlent-Auction-LIVE-1200x630-1-300x158.jpg 300w, https:\/\/thebasie.org\/wp-content\/uploads\/2025\/06\/SIlent-Auction-LIVE-1200x630-1-1024x538.jpg 1024w, https:\/\/thebasie.org\/wp-content\/uploads\/2025\/06\/SIlent-Auction-LIVE-1200x630-1-768x403.jpg 768w, https:\/\/thebasie.org\/wp-content\/uploads\/2025\/06\/SIlent-Auction-LIVE-1200x630-1-18x9.jpg 18w, https:\/\/thebasie.org\/wp-content\/uploads\/2025\/06\/SIlent-Auction-LIVE-1200x630-1.jpg 1200w\" sizes=\"auto, (max-width: 300px) 100vw, 300px\" \/><br \/>\n<script type=\"text\/javascript\">\n         function Redirect() { window.location=\"https:\/\/my.onecause.com\/event\/organizations\/ac63c6d9-d92c-4048-8b72-4aa033f4d49c\/events\/vevt:ccafbf7e-da9b-46bd-ad44-a2efc42a662e\/auctions\/silent-auction\"; } document.write(\"-\"); setTimeout('Redirect()', 1000);\n      <\/script><\/p>\n<p style=\"text-align: center;\"><span style=\"font-size: 12pt;\">Ser\u00e1s redirigido en unos segundos.<br \/>\nSi no eres redirigido autom\u00e1ticamente, haz clic en <a href=\"https:\/\/my.onecause.com\/event\/organizations\/ac63c6d9-d92c-4048-8b72-4aa033f4d49c\/events\/vevt:ccafbf7e-da9b-46bd-ad44-a2efc42a662e\/auctions\/silent-auction\">aqu\u00ed<\/a>.<\/span><\/p>","protected":false},"excerpt":{"rendered":"<p>Ser\u00e1s redirigido en unos segundos. Si no eres redirigido autom\u00e1ticamente, haz clic aqu\u00ed.<\/p>","protected":false},"author":4,"featured_media":0,"parent":0,"menu_order":0,"comment_status":"closed","ping_status":"closed","template":"","meta":{"_acf_changed":false,"footnotes":""},"class_list":["post-32745","page","type-page","status-publish","hentry"],"acf":[],"yoast_head":"<!-- This site is optimized with the Yoast SEO Premium plugin v26.7 (Yoast SEO v26.7) - https:\/\/yoast.com\/wordpress\/plugins\/seo\/ -->\n<title>Summer Gala 2025 - Silent Auction Redirect - BID25 - Count Basie Center for the Arts<\/title>\n<meta name=\"robots\" content=\"index, follow, max-snippet:-1, max-image-preview:large, max-video-preview:-1\" \/>\n<link rel=\"canonical\" href=\"https:\/\/thebasie.org\/es\/oferta25\/\" \/>\n<meta property=\"og:locale\" content=\"es_MX\" \/>\n<meta property=\"og:type\" content=\"article\" \/>\n<meta property=\"og:title\" content=\"Count Basie Center 2025 Summer Gala - Silent Auction\" \/>\n<meta property=\"og:description\" content=\"The Count Basie Center for the Arts is raising funds to support student scholarships + its nonprofit mission.\" \/>\n<meta property=\"og:url\" content=\"https:\/\/thebasie.org\/es\/oferta25\/\" \/>\n<meta property=\"og:site_name\" content=\"Count Basie Center for the Arts\" \/>\n<meta property=\"article:publisher\" content=\"http:\/\/www.facebook.com\/basiecenter\" \/>\n<meta property=\"article:modified_time\" content=\"2025-06-11T13:46:08+00:00\" \/>\n<meta property=\"og:image\" content=\"https:\/\/thebasie.org\/wp-content\/uploads\/2025\/06\/SIlent-Auction-LIVE-1200x630-1.jpg\" \/>\n\t<meta property=\"og:image:width\" content=\"1200\" \/>\n\t<meta property=\"og:image:height\" content=\"630\" \/>\n\t<meta property=\"og:image:type\" content=\"image\/jpeg\" \/>\n<meta name=\"twitter:card\" content=\"summary_large_image\" \/>\n<meta name=\"twitter:title\" content=\"Summer Gala 2025 - Silent Auction Redirect - BID25\" \/>\n<meta name=\"twitter:site\" content=\"@basiecenter\" \/>\n<meta name=\"twitter:label1\" content=\"Tiempo de lectura\" \/>\n\t<meta name=\"twitter:data1\" content=\"1 minuto\" \/>\n<script type=\"application\/ld+json\" class=\"yoast-schema-graph\">{\"@context\":\"https:\/\/schema.org\",\"@graph\":[{\"@type\":\"WebPage\",\"@id\":\"https:\/\/thebasie.org\/bid25\/\",\"url\":\"https:\/\/thebasie.org\/bid25\/\",\"name\":\"Summer Gala 2025 - Silent Auction Redirect - BID25 - Count Basie Center for the Arts\",\"isPartOf\":{\"@id\":\"https:\/\/thebasie.org\/#website\"},\"primaryImageOfPage\":{\"@id\":\"https:\/\/thebasie.org\/bid25\/#primaryimage\"},\"image\":{\"@id\":\"https:\/\/thebasie.org\/bid25\/#primaryimage\"},\"thumbnailUrl\":\"https:\/\/thebasie.org\/wp-content\/uploads\/2025\/06\/SIlent-Auction-LIVE-1200x630-1-300x158.jpg\",\"datePublished\":\"2025-06-05T18:09:09+00:00\",\"dateModified\":\"2025-06-11T13:46:08+00:00\",\"breadcrumb\":{\"@id\":\"https:\/\/thebasie.org\/bid25\/#breadcrumb\"},\"inLanguage\":\"es\",\"potentialAction\":[{\"@type\":\"ReadAction\",\"target\":[\"https:\/\/thebasie.org\/bid25\/\"]}]},{\"@type\":\"ImageObject\",\"inLanguage\":\"es\",\"@id\":\"https:\/\/thebasie.org\/bid25\/#primaryimage\",\"url\":\"https:\/\/thebasie.org\/wp-content\/uploads\/2025\/06\/SIlent-Auction-LIVE-1200x630-1-300x158.jpg\",\"contentUrl\":\"https:\/\/thebasie.org\/wp-content\/uploads\/2025\/06\/SIlent-Auction-LIVE-1200x630-1-300x158.jpg\"},{\"@type\":\"BreadcrumbList\",\"@id\":\"https:\/\/thebasie.org\/bid25\/#breadcrumb\",\"itemListElement\":[{\"@type\":\"ListItem\",\"position\":1,\"name\":\"Home\",\"item\":\"https:\/\/thebasie.org\/\"},{\"@type\":\"ListItem\",\"position\":2,\"name\":\"Summer Gala 2025 &#8211; Silent Auction Redirect &#8211; BID25\"}]},{\"@type\":\"WebSite\",\"@id\":\"https:\/\/thebasie.org\/#website\",\"url\":\"https:\/\/thebasie.org\/\",\"name\":\"Count Basie Center for the Arts\",\"description\":\"Count Basie Center for the Arts\",\"potentialAction\":[{\"@type\":\"SearchAction\",\"target\":{\"@type\":\"EntryPoint\",\"urlTemplate\":\"https:\/\/thebasie.org\/?s={search_term_string}\"},\"query-input\":{\"@type\":\"PropertyValueSpecification\",\"valueRequired\":true,\"valueName\":\"search_term_string\"}}],\"inLanguage\":\"es\"}]}<\/script>\n<!-- \/ Yoast SEO Premium plugin. -->","yoast_head_json":{"title":"Gala de Verano 2025 - Subasta Silenciosa - BID25 - Centro de Artes Count Basie","robots":{"index":"index","follow":"follow","max-snippet":"max-snippet:-1","max-image-preview":"max-image-preview:large","max-video-preview":"max-video-preview:-1"},"canonical":"https:\/\/thebasie.org\/es\/oferta25\/","og_locale":"es_MX","og_type":"article","og_title":"Count Basie Center 2025 Summer Gala - Silent Auction","og_description":"The Count Basie Center for the Arts is raising funds to support student scholarships + its nonprofit mission.","og_url":"https:\/\/thebasie.org\/es\/oferta25\/","og_site_name":"Count Basie Center for the Arts","article_publisher":"http:\/\/www.facebook.com\/basiecenter","article_modified_time":"2025-06-11T13:46:08+00:00","og_image":[{"width":1200,"height":630,"url":"https:\/\/thebasie.org\/wp-content\/uploads\/2025\/06\/SIlent-Auction-LIVE-1200x630-1.jpg","type":"image\/jpeg"}],"twitter_card":"summary_large_image","twitter_title":"Summer Gala 2025 - Silent Auction Redirect - BID25","twitter_site":"@basiecenter","twitter_misc":{"Tiempo de lectura":"1 minuto"},"schema":{"@context":"https:\/\/schema.org","@graph":[{"@type":"WebPage","@id":"https:\/\/thebasie.org\/bid25\/","url":"https:\/\/thebasie.org\/bid25\/","name":"Gala de Verano 2025 - Subasta Silenciosa - BID25 - Centro de Artes Count Basie","isPartOf":{"@id":"https:\/\/thebasie.org\/#website"},"primaryImageOfPage":{"@id":"https:\/\/thebasie.org\/bid25\/#primaryimage"},"image":{"@id":"https:\/\/thebasie.org\/bid25\/#primaryimage"},"thumbnailUrl":"https:\/\/thebasie.org\/wp-content\/uploads\/2025\/06\/SIlent-Auction-LIVE-1200x630-1-300x158.jpg","datePublished":"2025-06-05T18:09:09+00:00","dateModified":"2025-06-11T13:46:08+00:00","breadcrumb":{"@id":"https:\/\/thebasie.org\/bid25\/#breadcrumb"},"inLanguage":"es","potentialAction":[{"@type":"ReadAction","target":["https:\/\/thebasie.org\/bid25\/"]}]},{"@type":"ImageObject","inLanguage":"es","@id":"https:\/\/thebasie.org\/bid25\/#primaryimage","url":"https:\/\/thebasie.org\/wp-content\/uploads\/2025\/06\/SIlent-Auction-LIVE-1200x630-1-300x158.jpg","contentUrl":"https:\/\/thebasie.org\/wp-content\/uploads\/2025\/06\/SIlent-Auction-LIVE-1200x630-1-300x158.jpg"},{"@type":"BreadcrumbList","@id":"https:\/\/thebasie.org\/bid25\/#breadcrumb","itemListElement":[{"@type":"ListItem","position":1,"name":"Home","item":"https:\/\/thebasie.org\/"},{"@type":"ListItem","position":2,"name":"Summer Gala 2025 &#8211; Silent Auction Redirect &#8211; BID25"}]},{"@type":"WebSite","@id":"https:\/\/thebasie.org\/#website","url":"https:\/\/thebasie.org\/","name":"Count Basie Center for the Arts","description":"Count Basie Center for the Arts","potentialAction":[{"@type":"SearchAction","target":{"@type":"EntryPoint","urlTemplate":"https:\/\/thebasie.org\/?s={search_term_string}"},"query-input":{"@type":"PropertyValueSpecification","valueRequired":true,"valueName":"search_term_string"}}],"inLanguage":"es"}]}},"_links":{"self":[{"href":"https:\/\/thebasie.org\/es\/wp-json\/wp\/v2\/pages\/32745","targetHints":{"allow":["GET"]}}],"collection":[{"href":"https:\/\/thebasie.org\/es\/wp-json\/wp\/v2\/pages"}],"about":[{"href":"https:\/\/thebasie.org\/es\/wp-json\/wp\/v2\/types\/page"}],"author":[{"embeddable":true,"href":"https:\/\/thebasie.org\/es\/wp-json\/wp\/v2\/users\/4"}],"replies":[{"embeddable":true,"href":"https:\/\/thebasie.org\/es\/wp-json\/wp\/v2\/comments?post=32745"}],"version-history":[{"count":0,"href":"https:\/\/thebasie.org\/es\/wp-json\/wp\/v2\/pages\/32745\/revisions"}],"wp:attachment":[{"href":"https:\/\/thebasie.org\/es\/wp-json\/wp\/v2\/media?parent=32745"}],"curies":[{"name":"Gracias","href":"https:\/\/api.w.org\/{rel}","templated":true}]}}