{"id":3042,"date":"2017-10-02T10:36:53","date_gmt":"2017-10-02T14:36:53","guid":{"rendered":"https:\/\/thebasie.org\/?page_id=3042"},"modified":"2022-10-06T17:04:42","modified_gmt":"2022-10-06T21:04:42","slug":"donacion-conmemorativa","status":"publish","type":"page","link":"https:\/\/thebasie.org\/es\/donacion-conmemorativa\/","title":{"rendered":"Donaciones conmemorativas y donaciones planificadas"},"content":{"rendered":"<p><script type=\"text\/javascript\">\n         function Redirect() { window.location=\"https:\/\/host.nxt.blackbaud.com\/donor-form?svcid=renxt&formId=e67499d8-d8fd-41c8-93c2-90c7edb5dfb6&envid=p-csE-A7HOFUGN_rAD3Jh6yw&zone=usa\"; } document.write(\"-\"); setTimeout('Redirect()', 1000);\n      <\/script><\/p>\n<p style=\"text-align: center;\"><span style=\"font-size: 12pt;\">Ser\u00e1s redirigido en unos segundos.<br \/>\nSi no eres redirigido autom\u00e1ticamente, haz clic en <a href=\"https:\/\/host.nxt.blackbaud.com\/donor-form?svcid=renxt&#038;formId=e67499d8-d8fd-41c8-93c2-90c7edb5dfb6&#038;envid=p-csE-A7HOFUGN_rAD3Jh6yw&#038;zone=usa\">aqu\u00ed<\/a>.<\/span><\/p>","protected":false},"excerpt":{"rendered":"<p>Ser\u00e1s redirigido en unos segundos. Si no eres redirigido autom\u00e1ticamente, haz clic aqu\u00ed.<\/p>","protected":false},"author":3,"featured_media":0,"parent":0,"menu_order":0,"comment_status":"closed","ping_status":"closed","template":"","meta":{"_acf_changed":false,"footnotes":""},"class_list":["post-3042","page","type-page","status-publish","hentry"],"acf":[],"yoast_head":"<!-- This site is optimized with the Yoast SEO Premium plugin v26.7 (Yoast SEO v26.7) - https:\/\/yoast.com\/wordpress\/plugins\/seo\/ -->\n<title>Commemorative Giving and Planned Gifts - Count Basie Center for the Arts<\/title>\n<meta name=\"description\" content=\"Mark a special occasion or remember a loved one by supporting programming, outreach and preservation at the Count Basie Theatre.\" \/>\n<meta name=\"robots\" content=\"index, follow, max-snippet:-1, max-image-preview:large, max-video-preview:-1\" \/>\n<link rel=\"canonical\" href=\"https:\/\/thebasie.org\/es\/donacion-conmemorativa\/\" \/>\n<meta property=\"og:locale\" content=\"es_MX\" \/>\n<meta property=\"og:type\" content=\"article\" \/>\n<meta property=\"og:title\" content=\"Commemorative Giving and Planned Gifts\" \/>\n<meta property=\"og:description\" content=\"Mark a special occasion or remember a loved one by supporting programming, outreach and preservation at the Count Basie Theatre.\" \/>\n<meta property=\"og:url\" content=\"https:\/\/thebasie.org\/es\/donacion-conmemorativa\/\" \/>\n<meta property=\"og:site_name\" content=\"Count Basie Center for the Arts\" \/>\n<meta property=\"article:publisher\" content=\"http:\/\/www.facebook.com\/basiecenter\" \/>\n<meta property=\"article:modified_time\" content=\"2022-10-06T21:04:42+00:00\" \/>\n<meta name=\"twitter:card\" content=\"summary_large_image\" \/>\n<meta name=\"twitter:site\" content=\"@basiecenter\" \/>\n<meta name=\"twitter:label1\" content=\"Tiempo de lectura\" \/>\n\t<meta name=\"twitter:data1\" content=\"1 minuto\" \/>\n<script type=\"application\/ld+json\" class=\"yoast-schema-graph\">{\"@context\":\"https:\/\/schema.org\",\"@graph\":[{\"@type\":\"WebPage\",\"@id\":\"https:\/\/thebasie.org\/commemorative-giving\/\",\"url\":\"https:\/\/thebasie.org\/commemorative-giving\/\",\"name\":\"Commemorative Giving and Planned Gifts - Count Basie Center for the Arts\",\"isPartOf\":{\"@id\":\"https:\/\/thebasie.org\/#website\"},\"datePublished\":\"2017-10-02T14:36:53+00:00\",\"dateModified\":\"2022-10-06T21:04:42+00:00\",\"description\":\"Mark a special occasion or remember a loved one by supporting programming, outreach and preservation at the Count Basie Theatre.\",\"breadcrumb\":{\"@id\":\"https:\/\/thebasie.org\/commemorative-giving\/#breadcrumb\"},\"inLanguage\":\"es\",\"potentialAction\":[{\"@type\":\"ReadAction\",\"target\":[\"https:\/\/thebasie.org\/commemorative-giving\/\"]}]},{\"@type\":\"BreadcrumbList\",\"@id\":\"https:\/\/thebasie.org\/commemorative-giving\/#breadcrumb\",\"itemListElement\":[{\"@type\":\"ListItem\",\"position\":1,\"name\":\"Home\",\"item\":\"https:\/\/thebasie.org\/\"},{\"@type\":\"ListItem\",\"position\":2,\"name\":\"Commemorative Giving and Planned Gifts\"}]},{\"@type\":\"WebSite\",\"@id\":\"https:\/\/thebasie.org\/#website\",\"url\":\"https:\/\/thebasie.org\/\",\"name\":\"Count Basie Center for the Arts\",\"description\":\"Count Basie Center for the Arts\",\"potentialAction\":[{\"@type\":\"SearchAction\",\"target\":{\"@type\":\"EntryPoint\",\"urlTemplate\":\"https:\/\/thebasie.org\/?s={search_term_string}\"},\"query-input\":{\"@type\":\"PropertyValueSpecification\",\"valueRequired\":true,\"valueName\":\"search_term_string\"}}],\"inLanguage\":\"es\"}]}<\/script>\n<!-- \/ Yoast SEO Premium plugin. -->","yoast_head_json":{"title":"Donaciones conmemorativas y obsequios planificados - Centro de las Artes Count Basie","description":"Marque una ocasi\u00f3n especial o recuerde a un ser querido apoyando la programaci\u00f3n, la divulgaci\u00f3n y la preservaci\u00f3n en el Count Basie Theatre.","robots":{"index":"index","follow":"follow","max-snippet":"max-snippet:-1","max-image-preview":"max-image-preview:large","max-video-preview":"max-video-preview:-1"},"canonical":"https:\/\/thebasie.org\/es\/donacion-conmemorativa\/","og_locale":"es_MX","og_type":"article","og_title":"Commemorative Giving and Planned Gifts","og_description":"Mark a special occasion or remember a loved one by supporting programming, outreach and preservation at the Count Basie Theatre.","og_url":"https:\/\/thebasie.org\/es\/donacion-conmemorativa\/","og_site_name":"Count Basie Center for the Arts","article_publisher":"http:\/\/www.facebook.com\/basiecenter","article_modified_time":"2022-10-06T21:04:42+00:00","twitter_card":"summary_large_image","twitter_site":"@basiecenter","twitter_misc":{"Tiempo de lectura":"1 minuto"},"schema":{"@context":"https:\/\/schema.org","@graph":[{"@type":"WebPage","@id":"https:\/\/thebasie.org\/commemorative-giving\/","url":"https:\/\/thebasie.org\/commemorative-giving\/","name":"Donaciones conmemorativas y obsequios planificados - Centro de las Artes Count Basie","isPartOf":{"@id":"https:\/\/thebasie.org\/#website"},"datePublished":"2017-10-02T14:36:53+00:00","dateModified":"2022-10-06T21:04:42+00:00","description":"Marque una ocasi\u00f3n especial o recuerde a un ser querido apoyando la programaci\u00f3n, la divulgaci\u00f3n y la preservaci\u00f3n en el Count Basie Theatre.","breadcrumb":{"@id":"https:\/\/thebasie.org\/commemorative-giving\/#breadcrumb"},"inLanguage":"es","potentialAction":[{"@type":"ReadAction","target":["https:\/\/thebasie.org\/commemorative-giving\/"]}]},{"@type":"BreadcrumbList","@id":"https:\/\/thebasie.org\/commemorative-giving\/#breadcrumb","itemListElement":[{"@type":"ListItem","position":1,"name":"Home","item":"https:\/\/thebasie.org\/"},{"@type":"ListItem","position":2,"name":"Commemorative Giving and Planned Gifts"}]},{"@type":"WebSite","@id":"https:\/\/thebasie.org\/#website","url":"https:\/\/thebasie.org\/","name":"Count Basie Center for the Arts","description":"Count Basie Center for the Arts","potentialAction":[{"@type":"SearchAction","target":{"@type":"EntryPoint","urlTemplate":"https:\/\/thebasie.org\/?s={search_term_string}"},"query-input":{"@type":"PropertyValueSpecification","valueRequired":true,"valueName":"search_term_string"}}],"inLanguage":"es"}]}},"_links":{"self":[{"href":"https:\/\/thebasie.org\/es\/wp-json\/wp\/v2\/pages\/3042","targetHints":{"allow":["GET"]}}],"collection":[{"href":"https:\/\/thebasie.org\/es\/wp-json\/wp\/v2\/pages"}],"about":[{"href":"https:\/\/thebasie.org\/es\/wp-json\/wp\/v2\/types\/page"}],"author":[{"embeddable":true,"href":"https:\/\/thebasie.org\/es\/wp-json\/wp\/v2\/users\/3"}],"replies":[{"embeddable":true,"href":"https:\/\/thebasie.org\/es\/wp-json\/wp\/v2\/comments?post=3042"}],"version-history":[{"count":0,"href":"https:\/\/thebasie.org\/es\/wp-json\/wp\/v2\/pages\/3042\/revisions"}],"wp:attachment":[{"href":"https:\/\/thebasie.org\/es\/wp-json\/wp\/v2\/media?parent=3042"}],"curies":[{"name":"Gracias","href":"https:\/\/api.w.org\/{rel}","templated":true}]}}