{"id":27497,"date":"2024-02-01T11:38:52","date_gmt":"2024-02-01T16:38:52","guid":{"rendered":"https:\/\/thebasie.org\/?page_id=27497"},"modified":"2024-02-01T17:57:16","modified_gmt":"2024-02-01T22:57:16","slug":"encuesta-pol2024","status":"publish","type":"page","link":"https:\/\/thebasie.org\/es\/encuesta-pol2024\/","title":{"rendered":"Poes\u00eda en voz alta 23-2024 \u2013 ENCUESTA \u2013 Redirigir"},"content":{"rendered":"<p><script type=\"text\/javascript\">\n         function Redirect() { window.location=\"https:\/\/forms.gle\/kLpyWupMYMF4HhZ3A\"; } document.write(\"-\"); setTimeout('Redirect()', 1000);\n      <\/script><\/p>\n<p style=\"text-align: center;\"><span style=\"font-size: 12pt;\">Ser\u00e1s redirigido en unos segundos.<br \/>\nSi no eres redirigido autom\u00e1ticamente, haz clic en <a href=\"https:\/\/forms.gle\/kLpyWupMYMF4HhZ3A\">aqu\u00ed<\/a>.<\/span><\/p>","protected":false},"excerpt":{"rendered":"<p>Ser\u00e1s redirigido en unos segundos. Si no eres redirigido autom\u00e1ticamente, haz clic aqu\u00ed.<\/p>","protected":false},"author":4,"featured_media":0,"parent":0,"menu_order":0,"comment_status":"closed","ping_status":"closed","template":"","meta":{"_acf_changed":false,"footnotes":""},"class_list":["post-27497","page","type-page","status-publish","hentry"],"acf":[],"yoast_head":"<!-- This site is optimized with the Yoast SEO Premium plugin v26.7 (Yoast SEO v26.7) - https:\/\/yoast.com\/wordpress\/plugins\/seo\/ -->\n<title>Poetry Out Loud 23-2024 - SURVEY - Redirect - Count Basie Center for the Arts<\/title>\n<meta name=\"robots\" content=\"index, follow, max-snippet:-1, max-image-preview:large, max-video-preview:-1\" \/>\n<link rel=\"canonical\" href=\"https:\/\/thebasie.org\/es\/encuesta-pol2024\/\" \/>\n<meta property=\"og:locale\" content=\"es_MX\" \/>\n<meta property=\"og:type\" content=\"article\" \/>\n<meta property=\"og:title\" content=\"Poetry Out Loud 23-2024 - SURVEY - Redirect\" \/>\n<meta property=\"og:description\" content=\"You will be redirected in a few seconds If you&#8217;re not automatically redirected, click here.\" \/>\n<meta property=\"og:url\" content=\"https:\/\/thebasie.org\/es\/encuesta-pol2024\/\" \/>\n<meta property=\"og:site_name\" content=\"Count Basie Center for the Arts\" \/>\n<meta property=\"article:publisher\" content=\"http:\/\/www.facebook.com\/basiecenter\" \/>\n<meta property=\"article:modified_time\" content=\"2024-02-01T22:57:16+00:00\" \/>\n<meta name=\"twitter:card\" content=\"summary_large_image\" \/>\n<meta name=\"twitter:site\" content=\"@basiecenter\" \/>\n<meta name=\"twitter:label1\" content=\"Tiempo de lectura\" \/>\n\t<meta name=\"twitter:data1\" content=\"1 minuto\" \/>\n<script type=\"application\/ld+json\" class=\"yoast-schema-graph\">{\"@context\":\"https:\/\/schema.org\",\"@graph\":[{\"@type\":\"WebPage\",\"@id\":\"https:\/\/thebasie.org\/pol2024survey\/\",\"url\":\"https:\/\/thebasie.org\/pol2024survey\/\",\"name\":\"Poetry Out Loud 23-2024 - SURVEY - Redirect - Count Basie Center for the Arts\",\"isPartOf\":{\"@id\":\"https:\/\/thebasie.org\/#website\"},\"datePublished\":\"2024-02-01T16:38:52+00:00\",\"dateModified\":\"2024-02-01T22:57:16+00:00\",\"breadcrumb\":{\"@id\":\"https:\/\/thebasie.org\/pol2024survey\/#breadcrumb\"},\"inLanguage\":\"es\",\"potentialAction\":[{\"@type\":\"ReadAction\",\"target\":[\"https:\/\/thebasie.org\/pol2024survey\/\"]}]},{\"@type\":\"BreadcrumbList\",\"@id\":\"https:\/\/thebasie.org\/pol2024survey\/#breadcrumb\",\"itemListElement\":[{\"@type\":\"ListItem\",\"position\":1,\"name\":\"Home\",\"item\":\"https:\/\/thebasie.org\/\"},{\"@type\":\"ListItem\",\"position\":2,\"name\":\"Poetry Out Loud 23-2024 &#8211; SURVEY &#8211; Redirect\"}]},{\"@type\":\"WebSite\",\"@id\":\"https:\/\/thebasie.org\/#website\",\"url\":\"https:\/\/thebasie.org\/\",\"name\":\"Count Basie Center for the Arts\",\"description\":\"Count Basie Center for the Arts\",\"potentialAction\":[{\"@type\":\"SearchAction\",\"target\":{\"@type\":\"EntryPoint\",\"urlTemplate\":\"https:\/\/thebasie.org\/?s={search_term_string}\"},\"query-input\":{\"@type\":\"PropertyValueSpecification\",\"valueRequired\":true,\"valueName\":\"search_term_string\"}}],\"inLanguage\":\"es\"}]}<\/script>\n<!-- \/ Yoast SEO Premium plugin. -->","yoast_head_json":{"title":"Poetry Out Loud 23-2024 - ENCUESTA - Redireccionamiento - Centro de las Artes Count Basie","robots":{"index":"index","follow":"follow","max-snippet":"max-snippet:-1","max-image-preview":"max-image-preview:large","max-video-preview":"max-video-preview:-1"},"canonical":"https:\/\/thebasie.org\/es\/encuesta-pol2024\/","og_locale":"es_MX","og_type":"article","og_title":"Poetry Out Loud 23-2024 - SURVEY - Redirect","og_description":"You will be redirected in a few seconds If you&#8217;re not automatically redirected, click here.","og_url":"https:\/\/thebasie.org\/es\/encuesta-pol2024\/","og_site_name":"Count Basie Center for the Arts","article_publisher":"http:\/\/www.facebook.com\/basiecenter","article_modified_time":"2024-02-01T22:57:16+00:00","twitter_card":"summary_large_image","twitter_site":"@basiecenter","twitter_misc":{"Tiempo de lectura":"1 minuto"},"schema":{"@context":"https:\/\/schema.org","@graph":[{"@type":"WebPage","@id":"https:\/\/thebasie.org\/pol2024survey\/","url":"https:\/\/thebasie.org\/pol2024survey\/","name":"Poetry Out Loud 23-2024 - ENCUESTA - Redireccionamiento - Centro de las Artes Count Basie","isPartOf":{"@id":"https:\/\/thebasie.org\/#website"},"datePublished":"2024-02-01T16:38:52+00:00","dateModified":"2024-02-01T22:57:16+00:00","breadcrumb":{"@id":"https:\/\/thebasie.org\/pol2024survey\/#breadcrumb"},"inLanguage":"es","potentialAction":[{"@type":"ReadAction","target":["https:\/\/thebasie.org\/pol2024survey\/"]}]},{"@type":"BreadcrumbList","@id":"https:\/\/thebasie.org\/pol2024survey\/#breadcrumb","itemListElement":[{"@type":"ListItem","position":1,"name":"Home","item":"https:\/\/thebasie.org\/"},{"@type":"ListItem","position":2,"name":"Poetry Out Loud 23-2024 &#8211; SURVEY &#8211; Redirect"}]},{"@type":"WebSite","@id":"https:\/\/thebasie.org\/#website","url":"https:\/\/thebasie.org\/","name":"Count Basie Center for the Arts","description":"Count Basie Center for the Arts","potentialAction":[{"@type":"SearchAction","target":{"@type":"EntryPoint","urlTemplate":"https:\/\/thebasie.org\/?s={search_term_string}"},"query-input":{"@type":"PropertyValueSpecification","valueRequired":true,"valueName":"search_term_string"}}],"inLanguage":"es"}]}},"_links":{"self":[{"href":"https:\/\/thebasie.org\/es\/wp-json\/wp\/v2\/pages\/27497","targetHints":{"allow":["GET"]}}],"collection":[{"href":"https:\/\/thebasie.org\/es\/wp-json\/wp\/v2\/pages"}],"about":[{"href":"https:\/\/thebasie.org\/es\/wp-json\/wp\/v2\/types\/page"}],"author":[{"embeddable":true,"href":"https:\/\/thebasie.org\/es\/wp-json\/wp\/v2\/users\/4"}],"replies":[{"embeddable":true,"href":"https:\/\/thebasie.org\/es\/wp-json\/wp\/v2\/comments?post=27497"}],"version-history":[{"count":0,"href":"https:\/\/thebasie.org\/es\/wp-json\/wp\/v2\/pages\/27497\/revisions"}],"wp:attachment":[{"href":"https:\/\/thebasie.org\/es\/wp-json\/wp\/v2\/media?parent=27497"}],"curies":[{"name":"Gracias","href":"https:\/\/api.w.org\/{rel}","templated":true}]}}