{"id":27195,"date":"2023-12-18T11:53:14","date_gmt":"2023-12-18T16:53:14","guid":{"rendered":"https:\/\/thebasie.org\/?page_id=27195"},"modified":"2023-12-19T16:34:48","modified_gmt":"2023-12-19T21:34:48","slug":"llamamiento-de-fin-de-ano-2023","status":"publish","type":"page","link":"https:\/\/thebasie.org\/es\/llamamiento-de-fin-de-ano-2023\/","title":{"rendered":"Llamamiento de fin de a\u00f1o 2023"},"content":{"rendered":"<style type=\"text\/css\"> .iframe-container{ position: relative; width: 100%; padding-bottom: 56.25%; height: 0;}.iframe-container iframe{ position: absolute;  top:0;  left: 0;  width: 100%;  height: 100%;} .btndonate { width: 100%; max-width: 900px;}<\/style>\n<div style=\"text-align: center; margin: 0 auto; width: 100%;\">\n<p><img loading=\"lazy\" decoding=\"async\" class=\"alignnone wp-image-27218 size-full\" src=\"https:\/\/thebasie.org\/wp-content\/uploads\/2023\/12\/R2-WEBPAGE-Year-End-Appeal-2023_01.jpg\" alt=\"\u201cEl Centro Count Basie y esta beca\u2026 significan mucho para nuestra hija\u201d. \u2013 Anna, madre de un ni\u00f1o de 9 a\u00f1os que recibi\u00f3 la beca del Centro Count Basie. Haga clic para ver el video. \" width=\"1240\" height=\"690\" srcset=\"https:\/\/thebasie.org\/wp-content\/uploads\/2023\/12\/R2-WEBPAGE-Year-End-Appeal-2023_01.jpg 1240w, https:\/\/thebasie.org\/wp-content\/uploads\/2023\/12\/R2-WEBPAGE-Year-End-Appeal-2023_01-300x167.jpg 300w, https:\/\/thebasie.org\/wp-content\/uploads\/2023\/12\/R2-WEBPAGE-Year-End-Appeal-2023_01-1024x570.jpg 1024w, https:\/\/thebasie.org\/wp-content\/uploads\/2023\/12\/R2-WEBPAGE-Year-End-Appeal-2023_01-768x427.jpg 768w, https:\/\/thebasie.org\/wp-content\/uploads\/2023\/12\/R2-WEBPAGE-Year-End-Appeal-2023_01-18x10.jpg 18w\" sizes=\"auto, (max-width: 1240px) 100vw, 1240px\" \/><\/p>\n<div class=\"iframe-container\"><iframe loading=\"lazy\" title=\"reproductor de videos de youtube\" src=\"https:\/\/www.youtube.com\/embed\/IPdA4pd7adc?si=cfM8iEQv77ou-xj3\" width=\"560\" height=\"315\" frameborder=\"0\" allowfullscreen=\"allowfullscreen\"><\/iframe><\/div>\n<p><a href=\"https:\/\/host.nxt.blackbaud.com\/donor-form?svcid=renxt&amp;formId=6e5f19cc-86a9-4997-ae15-e1913198a193&amp;envid=p-csE-A7HOFUGN_rAD3Jh6yw&amp;zone=usa\"><img loading=\"lazy\" decoding=\"async\" class=\"btndonate\" style=\"margin-top: 40px;\" src=\"https:\/\/thebasie.org\/wp-content\/uploads\/2023\/12\/R2-WEBPAGE-Year-End-Appeal-2023_04.jpg\" alt=\"\" width=\"1240\" height=\"348\" \/><\/a><\/p>\n<p><a href=\"https:\/\/host.nxt.blackbaud.com\/donor-form?svcid=renxt&amp;formId=6e5f19cc-86a9-4997-ae15-e1913198a193&amp;envid=p-csE-A7HOFUGN_rAD3Jh6yw&amp;zone=usa\"><img loading=\"lazy\" decoding=\"async\" class=\"btndonate alignnone\" src=\"https:\/\/thebasie.org\/wp-content\/uploads\/2023\/12\/R2-WEBPAGE-Year-End-Appeal-2023_03.jpg\" alt=\"Est\u00e1s causando un impacto. Cuando se recortan los presupuestos, las artes suelen ser las primeras en verse afectadas. Done ahora. El Centro Count Basie reconoce que las artes son vitales para el \u00e9xito de nuestros ni\u00f1os, brind\u00e1ndoles salidas para la autoexpresi\u00f3n y la reducci\u00f3n del estr\u00e9s, adem\u00e1s de oportunidades para desarrollar la autoestima trabajando en colaboraci\u00f3n en un espacio mental alentador y positivo. A medida que 2023 llega a su fin, contin\u00fae ayudando al Centro Count Basie a iluminar las vidas de los j\u00f3venes con oportunidades en las artes esc\u00e9nicas.\" width=\"1240\" height=\"1005\" \/><\/a><\/p>\n<\/div>","protected":false},"excerpt":{"rendered":"","protected":false},"author":4,"featured_media":0,"parent":0,"menu_order":0,"comment_status":"closed","ping_status":"closed","template":"template-no_title.php","meta":{"_acf_changed":false,"footnotes":""},"class_list":["post-27195","page","type-page","status-publish","hentry"],"acf":[],"yoast_head":"<!-- This site is optimized with the Yoast SEO Premium plugin v26.7 (Yoast SEO v26.7) - https:\/\/yoast.com\/wordpress\/plugins\/seo\/ -->\n<title>Year End Appeal 2023 - Count Basie Center for the Arts<\/title>\n<meta name=\"robots\" content=\"index, follow, max-snippet:-1, max-image-preview:large, max-video-preview:-1\" \/>\n<link rel=\"canonical\" href=\"https:\/\/thebasie.org\/es\/llamamiento-de-fin-de-ano-2023\/\" \/>\n<meta property=\"og:locale\" content=\"es_MX\" \/>\n<meta property=\"og:type\" content=\"article\" \/>\n<meta property=\"og:title\" content=\"The Basie Center is Home\" \/>\n<meta property=\"og:description\" content=\"The nonprofit Count Basie Center for the Arts relies on the community to help...\" \/>\n<meta property=\"og:url\" content=\"https:\/\/thebasie.org\/es\/llamamiento-de-fin-de-ano-2023\/\" \/>\n<meta property=\"og:site_name\" content=\"Count Basie Center for the Arts\" \/>\n<meta property=\"article:publisher\" content=\"http:\/\/www.facebook.com\/basiecenter\" \/>\n<meta property=\"article:modified_time\" content=\"2023-12-19T21:34:48+00:00\" \/>\n<meta property=\"og:image\" content=\"https:\/\/thebasie.org\/wp-content\/uploads\/2023\/12\/BASIE-IS-HOME.jpg\" \/>\n\t<meta property=\"og:image:width\" content=\"1200\" \/>\n\t<meta property=\"og:image:height\" content=\"630\" \/>\n\t<meta property=\"og:image:type\" content=\"image\/jpeg\" \/>\n<meta name=\"twitter:card\" content=\"summary_large_image\" \/>\n<meta name=\"twitter:title\" content=\"The Basie Center is Home\" \/>\n<meta name=\"twitter:description\" content=\"The nonprofit Count Basie Center for the Arts relies on the community to help...\" \/>\n<meta name=\"twitter:site\" content=\"@basiecenter\" \/>\n<meta name=\"twitter:label1\" content=\"Tiempo de lectura\" \/>\n\t<meta name=\"twitter:data1\" content=\"1 minuto\" \/>\n<script type=\"application\/ld+json\" class=\"yoast-schema-graph\">{\"@context\":\"https:\/\/schema.org\",\"@graph\":[{\"@type\":\"WebPage\",\"@id\":\"https:\/\/thebasie.org\/year-end-appeal-2023\/\",\"url\":\"https:\/\/thebasie.org\/year-end-appeal-2023\/\",\"name\":\"Year End Appeal 2023 - Count Basie Center for the Arts\",\"isPartOf\":{\"@id\":\"https:\/\/thebasie.org\/#website\"},\"primaryImageOfPage\":{\"@id\":\"https:\/\/thebasie.org\/year-end-appeal-2023\/#primaryimage\"},\"image\":{\"@id\":\"https:\/\/thebasie.org\/year-end-appeal-2023\/#primaryimage\"},\"thumbnailUrl\":\"https:\/\/thebasie.org\/wp-content\/uploads\/2023\/12\/R2-WEBPAGE-Year-End-Appeal-2023_01.jpg\",\"datePublished\":\"2023-12-18T16:53:14+00:00\",\"dateModified\":\"2023-12-19T21:34:48+00:00\",\"breadcrumb\":{\"@id\":\"https:\/\/thebasie.org\/year-end-appeal-2023\/#breadcrumb\"},\"inLanguage\":\"es\",\"potentialAction\":[{\"@type\":\"ReadAction\",\"target\":[\"https:\/\/thebasie.org\/year-end-appeal-2023\/\"]}]},{\"@type\":\"ImageObject\",\"inLanguage\":\"es\",\"@id\":\"https:\/\/thebasie.org\/year-end-appeal-2023\/#primaryimage\",\"url\":\"https:\/\/thebasie.org\/wp-content\/uploads\/2023\/12\/R2-WEBPAGE-Year-End-Appeal-2023_01.jpg\",\"contentUrl\":\"https:\/\/thebasie.org\/wp-content\/uploads\/2023\/12\/R2-WEBPAGE-Year-End-Appeal-2023_01.jpg\"},{\"@type\":\"BreadcrumbList\",\"@id\":\"https:\/\/thebasie.org\/year-end-appeal-2023\/#breadcrumb\",\"itemListElement\":[{\"@type\":\"ListItem\",\"position\":1,\"name\":\"Home\",\"item\":\"https:\/\/thebasie.org\/\"},{\"@type\":\"ListItem\",\"position\":2,\"name\":\"Year End Appeal 2023\"}]},{\"@type\":\"WebSite\",\"@id\":\"https:\/\/thebasie.org\/#website\",\"url\":\"https:\/\/thebasie.org\/\",\"name\":\"Count Basie Center for the Arts\",\"description\":\"Count Basie Center for the Arts\",\"potentialAction\":[{\"@type\":\"SearchAction\",\"target\":{\"@type\":\"EntryPoint\",\"urlTemplate\":\"https:\/\/thebasie.org\/?s={search_term_string}\"},\"query-input\":{\"@type\":\"PropertyValueSpecification\",\"valueRequired\":true,\"valueName\":\"search_term_string\"}}],\"inLanguage\":\"es\"}]}<\/script>\n<!-- \/ Yoast SEO Premium plugin. -->","yoast_head_json":{"title":"Apelaci\u00f3n de fin de a\u00f1o 2023 - Centro de las Artes Count Basie","robots":{"index":"index","follow":"follow","max-snippet":"max-snippet:-1","max-image-preview":"max-image-preview:large","max-video-preview":"max-video-preview:-1"},"canonical":"https:\/\/thebasie.org\/es\/llamamiento-de-fin-de-ano-2023\/","og_locale":"es_MX","og_type":"article","og_title":"The Basie Center is Home","og_description":"The nonprofit Count Basie Center for the Arts relies on the community to help...","og_url":"https:\/\/thebasie.org\/es\/llamamiento-de-fin-de-ano-2023\/","og_site_name":"Count Basie Center for the Arts","article_publisher":"http:\/\/www.facebook.com\/basiecenter","article_modified_time":"2023-12-19T21:34:48+00:00","og_image":[{"width":1200,"height":630,"url":"https:\/\/thebasie.org\/wp-content\/uploads\/2023\/12\/BASIE-IS-HOME.jpg","type":"image\/jpeg"}],"twitter_card":"summary_large_image","twitter_title":"The Basie Center is Home","twitter_description":"The nonprofit Count Basie Center for the Arts relies on the community to help...","twitter_site":"@basiecenter","twitter_misc":{"Tiempo de lectura":"1 minuto"},"schema":{"@context":"https:\/\/schema.org","@graph":[{"@type":"WebPage","@id":"https:\/\/thebasie.org\/year-end-appeal-2023\/","url":"https:\/\/thebasie.org\/year-end-appeal-2023\/","name":"Apelaci\u00f3n de fin de a\u00f1o 2023 - Centro de las Artes Count Basie","isPartOf":{"@id":"https:\/\/thebasie.org\/#website"},"primaryImageOfPage":{"@id":"https:\/\/thebasie.org\/year-end-appeal-2023\/#primaryimage"},"image":{"@id":"https:\/\/thebasie.org\/year-end-appeal-2023\/#primaryimage"},"thumbnailUrl":"https:\/\/thebasie.org\/wp-content\/uploads\/2023\/12\/R2-WEBPAGE-Year-End-Appeal-2023_01.jpg","datePublished":"2023-12-18T16:53:14+00:00","dateModified":"2023-12-19T21:34:48+00:00","breadcrumb":{"@id":"https:\/\/thebasie.org\/year-end-appeal-2023\/#breadcrumb"},"inLanguage":"es","potentialAction":[{"@type":"ReadAction","target":["https:\/\/thebasie.org\/year-end-appeal-2023\/"]}]},{"@type":"ImageObject","inLanguage":"es","@id":"https:\/\/thebasie.org\/year-end-appeal-2023\/#primaryimage","url":"https:\/\/thebasie.org\/wp-content\/uploads\/2023\/12\/R2-WEBPAGE-Year-End-Appeal-2023_01.jpg","contentUrl":"https:\/\/thebasie.org\/wp-content\/uploads\/2023\/12\/R2-WEBPAGE-Year-End-Appeal-2023_01.jpg"},{"@type":"BreadcrumbList","@id":"https:\/\/thebasie.org\/year-end-appeal-2023\/#breadcrumb","itemListElement":[{"@type":"ListItem","position":1,"name":"Home","item":"https:\/\/thebasie.org\/"},{"@type":"ListItem","position":2,"name":"Year End Appeal 2023"}]},{"@type":"WebSite","@id":"https:\/\/thebasie.org\/#website","url":"https:\/\/thebasie.org\/","name":"Count Basie Center for the Arts","description":"Count Basie Center for the Arts","potentialAction":[{"@type":"SearchAction","target":{"@type":"EntryPoint","urlTemplate":"https:\/\/thebasie.org\/?s={search_term_string}"},"query-input":{"@type":"PropertyValueSpecification","valueRequired":true,"valueName":"search_term_string"}}],"inLanguage":"es"}]}},"_links":{"self":[{"href":"https:\/\/thebasie.org\/es\/wp-json\/wp\/v2\/pages\/27195","targetHints":{"allow":["GET"]}}],"collection":[{"href":"https:\/\/thebasie.org\/es\/wp-json\/wp\/v2\/pages"}],"about":[{"href":"https:\/\/thebasie.org\/es\/wp-json\/wp\/v2\/types\/page"}],"author":[{"embeddable":true,"href":"https:\/\/thebasie.org\/es\/wp-json\/wp\/v2\/users\/4"}],"replies":[{"embeddable":true,"href":"https:\/\/thebasie.org\/es\/wp-json\/wp\/v2\/comments?post=27195"}],"version-history":[{"count":0,"href":"https:\/\/thebasie.org\/es\/wp-json\/wp\/v2\/pages\/27195\/revisions"}],"wp:attachment":[{"href":"https:\/\/thebasie.org\/es\/wp-json\/wp\/v2\/media?parent=27195"}],"curies":[{"name":"Gracias","href":"https:\/\/api.w.org\/{rel}","templated":true}]}}