{"id":21877,"date":"2022-10-21T12:20:17","date_gmt":"2022-10-21T16:20:17","guid":{"rendered":"https:\/\/thebasie.org\/?page_id=21877"},"modified":"2024-07-15T12:33:54","modified_gmt":"2024-07-15T16:33:54","slug":"puth","status":"publish","type":"page","link":"https:\/\/thebasie.org\/es\/puth\/","title":{"rendered":"Beca Charlie Puth"},"content":{"rendered":"<style type=\"text\/css\"> .event-btn {background: #3185c9; margin-top: 20px; color: #FFF !important; font-family: 'Montserrat'; letter-spacing: 3px; font-size: 14px; margin: 10px auto; } .basiemobile { visibility: hidden; display: none; } .basiedesktop { display: block; }  @media screen and (max-width:1000px) { .basiemobile {  visibility: visible !important; display: block !important; } .basiedesktop { visibility: hidden !important; display: none !important; }  } <\/style>\n<p><a href=\"https:\/\/thebasie.org\/es\/puth\/\">INGL\u00c9S<\/a> | <a href=\"https:\/\/thebasie.org\/es\/puth-espanol\/\">ESPA\u00d1OL<\/a><\/p>\n<div class=\"basiedesktop\"><img loading=\"lazy\" decoding=\"async\" src=\"https:\/\/thebasie.org\/wp-content\/uploads\/2024\/07\/R1-WEBSITE-Official-Charlie-Puth-July-31-2024.jpg\" alt=\"\" width=\"1240\" height=\"1200\" class=\"alignleft size-full wp-image-29292\" srcset=\"https:\/\/thebasie.org\/wp-content\/uploads\/2024\/07\/R1-WEBSITE-Official-Charlie-Puth-July-31-2024.jpg 1240w, https:\/\/thebasie.org\/wp-content\/uploads\/2024\/07\/R1-WEBSITE-Official-Charlie-Puth-July-31-2024-300x290.jpg 300w, https:\/\/thebasie.org\/wp-content\/uploads\/2024\/07\/R1-WEBSITE-Official-Charlie-Puth-July-31-2024-1024x991.jpg 1024w, https:\/\/thebasie.org\/wp-content\/uploads\/2024\/07\/R1-WEBSITE-Official-Charlie-Puth-July-31-2024-768x743.jpg 768w, https:\/\/thebasie.org\/wp-content\/uploads\/2024\/07\/R1-WEBSITE-Official-Charlie-Puth-July-31-2024-12x12.jpg 12w, https:\/\/thebasie.org\/wp-content\/uploads\/2024\/07\/R1-WEBSITE-Official-Charlie-Puth-July-31-2024-595x576.jpg 595w\" sizes=\"auto, (max-width: 1240px) 100vw, 1240px\" \/><\/div>\n<div class=\"basiemobile\"><img loading=\"lazy\" decoding=\"async\" src=\"https:\/\/thebasie.org\/wp-content\/uploads\/2024\/07\/R1-WEBSITE-MOBILE-Official-Charlie-Puth-July-31-2024.jpg\" alt=\"\" width=\"750\" height=\"1300\" class=\"alignleft size-full wp-image-29291\" srcset=\"https:\/\/thebasie.org\/wp-content\/uploads\/2024\/07\/R1-WEBSITE-MOBILE-Official-Charlie-Puth-July-31-2024.jpg 750w, https:\/\/thebasie.org\/wp-content\/uploads\/2024\/07\/R1-WEBSITE-MOBILE-Official-Charlie-Puth-July-31-2024-173x300.jpg 173w, https:\/\/thebasie.org\/wp-content\/uploads\/2024\/07\/R1-WEBSITE-MOBILE-Official-Charlie-Puth-July-31-2024-591x1024.jpg 591w, https:\/\/thebasie.org\/wp-content\/uploads\/2024\/07\/R1-WEBSITE-MOBILE-Official-Charlie-Puth-July-31-2024-7x12.jpg 7w, https:\/\/thebasie.org\/wp-content\/uploads\/2024\/07\/R1-WEBSITE-MOBILE-Official-Charlie-Puth-July-31-2024-332x576.jpg 332w\" sizes=\"auto, (max-width: 750px) 100vw, 750px\" \/><\/div>\n<p><center><a class=\"event-btn\" style=\"margin: 0px auto;\" href=\"https:\/\/www.cognitoforms.com\/TheBasie1\/CharliePuthPerformanceScholarshipApplication2\">Haga clic aqu\u00ed para aplicar<\/a><\/center><\/p>","protected":false},"excerpt":{"rendered":"<p>INGL\u00c9S | ESPA\u00d1OL Haga clic aqu\u00ed para aplicar<\/p>","protected":false},"author":4,"featured_media":0,"parent":0,"menu_order":0,"comment_status":"closed","ping_status":"closed","template":"template-no_title.php","meta":{"_acf_changed":false,"footnotes":""},"class_list":["post-21877","page","type-page","status-publish","hentry"],"acf":[],"yoast_head":"<!-- This site is optimized with the Yoast SEO Premium plugin v26.7 (Yoast SEO v26.7) - https:\/\/yoast.com\/wordpress\/plugins\/seo\/ -->\n<title>Charlie Puth Scholarship - Count Basie Center for the Arts<\/title>\n<meta name=\"robots\" content=\"index, follow, max-snippet:-1, max-image-preview:large, max-video-preview:-1\" \/>\n<link rel=\"canonical\" href=\"https:\/\/thebasie.org\/es\/puth\/\" \/>\n<meta property=\"og:locale\" content=\"es_MX\" \/>\n<meta property=\"og:type\" content=\"article\" \/>\n<meta property=\"og:title\" content=\"Apply Now: Charlie Puth Performance Scholarship at the Count Basie Center Academy\" \/>\n<meta property=\"og:description\" content=\"Your student could attend a Basie Center Academy class for free, courtesy...\" \/>\n<meta property=\"og:url\" content=\"https:\/\/thebasie.org\/es\/puth\/\" \/>\n<meta property=\"og:site_name\" content=\"Count Basie Center for the Arts\" \/>\n<meta property=\"article:publisher\" content=\"http:\/\/www.facebook.com\/basiecenter\" \/>\n<meta property=\"article:modified_time\" content=\"2024-07-15T16:33:54+00:00\" \/>\n<meta property=\"og:image\" content=\"https:\/\/thebasie.org\/wp-content\/uploads\/2024\/05\/R1-FACEBOOK-Official-Charlie-Puth-Scholarship-May-28-2024.jpg\" \/>\n\t<meta property=\"og:image:width\" content=\"1200\" \/>\n\t<meta property=\"og:image:height\" content=\"630\" \/>\n\t<meta property=\"og:image:type\" content=\"image\/jpeg\" \/>\n<meta name=\"twitter:card\" content=\"summary_large_image\" \/>\n<meta name=\"twitter:title\" content=\"Apply Now: Charlie Puth Performance Scholarship at the Count Basie Center Academy\" \/>\n<meta name=\"twitter:description\" content=\"Your student could attend a Basie Center Academy class for free, courtesy...\" \/>\n<meta name=\"twitter:image\" content=\"https:\/\/thebasie.org\/wp-content\/uploads\/2024\/05\/R1-FACEBOOK-Official-Charlie-Puth-Scholarship-May-28-2024.jpg\" \/>\n<meta name=\"twitter:site\" content=\"@basiecenter\" \/>\n<meta name=\"twitter:label1\" content=\"Tiempo de lectura\" \/>\n\t<meta name=\"twitter:data1\" content=\"1 minuto\" \/>\n<script type=\"application\/ld+json\" class=\"yoast-schema-graph\">{\"@context\":\"https:\/\/schema.org\",\"@graph\":[{\"@type\":\"WebPage\",\"@id\":\"https:\/\/thebasie.org\/puth\/\",\"url\":\"https:\/\/thebasie.org\/puth\/\",\"name\":\"Charlie Puth Scholarship - Count Basie Center for the Arts\",\"isPartOf\":{\"@id\":\"https:\/\/thebasie.org\/#website\"},\"primaryImageOfPage\":{\"@id\":\"https:\/\/thebasie.org\/puth\/#primaryimage\"},\"image\":{\"@id\":\"https:\/\/thebasie.org\/puth\/#primaryimage\"},\"thumbnailUrl\":\"https:\/\/thebasie.org\/wp-content\/uploads\/2024\/07\/R1-WEBSITE-Official-Charlie-Puth-July-31-2024.jpg\",\"datePublished\":\"2022-10-21T16:20:17+00:00\",\"dateModified\":\"2024-07-15T16:33:54+00:00\",\"breadcrumb\":{\"@id\":\"https:\/\/thebasie.org\/puth\/#breadcrumb\"},\"inLanguage\":\"es\",\"potentialAction\":[{\"@type\":\"ReadAction\",\"target\":[\"https:\/\/thebasie.org\/puth\/\"]}]},{\"@type\":\"ImageObject\",\"inLanguage\":\"es\",\"@id\":\"https:\/\/thebasie.org\/puth\/#primaryimage\",\"url\":\"https:\/\/thebasie.org\/wp-content\/uploads\/2024\/07\/R1-WEBSITE-Official-Charlie-Puth-July-31-2024.jpg\",\"contentUrl\":\"https:\/\/thebasie.org\/wp-content\/uploads\/2024\/07\/R1-WEBSITE-Official-Charlie-Puth-July-31-2024.jpg\"},{\"@type\":\"BreadcrumbList\",\"@id\":\"https:\/\/thebasie.org\/puth\/#breadcrumb\",\"itemListElement\":[{\"@type\":\"ListItem\",\"position\":1,\"name\":\"Home\",\"item\":\"https:\/\/thebasie.org\/\"},{\"@type\":\"ListItem\",\"position\":2,\"name\":\"Charlie Puth Scholarship\"}]},{\"@type\":\"WebSite\",\"@id\":\"https:\/\/thebasie.org\/#website\",\"url\":\"https:\/\/thebasie.org\/\",\"name\":\"Count Basie Center for the Arts\",\"description\":\"Count Basie Center for the Arts\",\"potentialAction\":[{\"@type\":\"SearchAction\",\"target\":{\"@type\":\"EntryPoint\",\"urlTemplate\":\"https:\/\/thebasie.org\/?s={search_term_string}\"},\"query-input\":{\"@type\":\"PropertyValueSpecification\",\"valueRequired\":true,\"valueName\":\"search_term_string\"}}],\"inLanguage\":\"es\"}]}<\/script>\n<!-- \/ Yoast SEO Premium plugin. -->","yoast_head_json":{"title":"Beca Charlie Puth - Centro de las Artes Count Basie","robots":{"index":"index","follow":"follow","max-snippet":"max-snippet:-1","max-image-preview":"max-image-preview:large","max-video-preview":"max-video-preview:-1"},"canonical":"https:\/\/thebasie.org\/es\/puth\/","og_locale":"es_MX","og_type":"article","og_title":"Apply Now: Charlie Puth Performance Scholarship at the Count Basie Center Academy","og_description":"Your student could attend a Basie Center Academy class for free, courtesy...","og_url":"https:\/\/thebasie.org\/es\/puth\/","og_site_name":"Count Basie Center for the Arts","article_publisher":"http:\/\/www.facebook.com\/basiecenter","article_modified_time":"2024-07-15T16:33:54+00:00","og_image":[{"width":1200,"height":630,"url":"https:\/\/thebasie.org\/wp-content\/uploads\/2024\/05\/R1-FACEBOOK-Official-Charlie-Puth-Scholarship-May-28-2024.jpg","type":"image\/jpeg"}],"twitter_card":"summary_large_image","twitter_title":"Apply Now: Charlie Puth Performance Scholarship at the Count Basie Center Academy","twitter_description":"Your student could attend a Basie Center Academy class for free, courtesy...","twitter_image":"https:\/\/thebasie.org\/wp-content\/uploads\/2024\/05\/R1-FACEBOOK-Official-Charlie-Puth-Scholarship-May-28-2024.jpg","twitter_site":"@basiecenter","twitter_misc":{"Tiempo de lectura":"1 minuto"},"schema":{"@context":"https:\/\/schema.org","@graph":[{"@type":"WebPage","@id":"https:\/\/thebasie.org\/puth\/","url":"https:\/\/thebasie.org\/puth\/","name":"Beca Charlie Puth - Centro de las Artes Count Basie","isPartOf":{"@id":"https:\/\/thebasie.org\/#website"},"primaryImageOfPage":{"@id":"https:\/\/thebasie.org\/puth\/#primaryimage"},"image":{"@id":"https:\/\/thebasie.org\/puth\/#primaryimage"},"thumbnailUrl":"https:\/\/thebasie.org\/wp-content\/uploads\/2024\/07\/R1-WEBSITE-Official-Charlie-Puth-July-31-2024.jpg","datePublished":"2022-10-21T16:20:17+00:00","dateModified":"2024-07-15T16:33:54+00:00","breadcrumb":{"@id":"https:\/\/thebasie.org\/puth\/#breadcrumb"},"inLanguage":"es","potentialAction":[{"@type":"ReadAction","target":["https:\/\/thebasie.org\/puth\/"]}]},{"@type":"ImageObject","inLanguage":"es","@id":"https:\/\/thebasie.org\/puth\/#primaryimage","url":"https:\/\/thebasie.org\/wp-content\/uploads\/2024\/07\/R1-WEBSITE-Official-Charlie-Puth-July-31-2024.jpg","contentUrl":"https:\/\/thebasie.org\/wp-content\/uploads\/2024\/07\/R1-WEBSITE-Official-Charlie-Puth-July-31-2024.jpg"},{"@type":"BreadcrumbList","@id":"https:\/\/thebasie.org\/puth\/#breadcrumb","itemListElement":[{"@type":"ListItem","position":1,"name":"Home","item":"https:\/\/thebasie.org\/"},{"@type":"ListItem","position":2,"name":"Charlie Puth Scholarship"}]},{"@type":"WebSite","@id":"https:\/\/thebasie.org\/#website","url":"https:\/\/thebasie.org\/","name":"Count Basie Center for the Arts","description":"Count Basie Center for the Arts","potentialAction":[{"@type":"SearchAction","target":{"@type":"EntryPoint","urlTemplate":"https:\/\/thebasie.org\/?s={search_term_string}"},"query-input":{"@type":"PropertyValueSpecification","valueRequired":true,"valueName":"search_term_string"}}],"inLanguage":"es"}]}},"_links":{"self":[{"href":"https:\/\/thebasie.org\/es\/wp-json\/wp\/v2\/pages\/21877","targetHints":{"allow":["GET"]}}],"collection":[{"href":"https:\/\/thebasie.org\/es\/wp-json\/wp\/v2\/pages"}],"about":[{"href":"https:\/\/thebasie.org\/es\/wp-json\/wp\/v2\/types\/page"}],"author":[{"embeddable":true,"href":"https:\/\/thebasie.org\/es\/wp-json\/wp\/v2\/users\/4"}],"replies":[{"embeddable":true,"href":"https:\/\/thebasie.org\/es\/wp-json\/wp\/v2\/comments?post=21877"}],"version-history":[{"count":0,"href":"https:\/\/thebasie.org\/es\/wp-json\/wp\/v2\/pages\/21877\/revisions"}],"wp:attachment":[{"href":"https:\/\/thebasie.org\/es\/wp-json\/wp\/v2\/media?parent=21877"}],"curies":[{"name":"Gracias","href":"https:\/\/api.w.org\/{rel}","templated":true}]}}