{"id":21230,"date":"2022-08-22T11:15:27","date_gmt":"2022-08-22T15:15:27","guid":{"rendered":"https:\/\/thebasie.org\/?page_id=21230"},"modified":"2025-09-04T10:01:15","modified_gmt":"2025-09-04T14:01:15","slug":"dotacion","status":"publish","type":"page","link":"https:\/\/thebasie.org\/es\/dotacion\/","title":{"rendered":"Dotaci\u00f3n para siempre para todos"},"content":{"rendered":"<style type=\"text\/css\">@import url('https:\/\/fonts.googleapis.com\/css2?family=Lexend:wght@200;300;600&display=swap'); .endowment-rule {margin: 30px 0px; border-top: 2px solid #CCC;} .endowment-puth {text-align: center;  vertical-align: top;} .endowment-puth .endowment-quote {margin-top: 40px; max-width: 800px; font-size: 16px; font-style: italic;} .puth-photo {display: inline-block; max-width: 130px; float: right;} .puth-column {display: inline-block;} .endowment-copy {font-family: 'Lexend'; font-weight: 300; letter-spacing: .25px; font-size: 18px;} .endowment-copy strong {font-weight: 600;} .endowment-copy h3 {font-family: 'Lexend'; font-weight: 600; margin-bottom: 0px;} .endowment-copy ul {margin-top: 0px;} .endowment-quote {font-family: 'Lexend'; font-weight: 600; letter-spacing: .25px; font-size: 26px; color: #01c0f6; text-align: center;} .endowment-quote-attrb {font-size: 16px; color: gray;} .endowment-head-fund {color: #CCC;} .endowment-committee {font-family: 'Lexend'; font-weight: 300; letter-spacing: .25px; font-size: 18px; text-align: center;} .endowment-committee h4 {font-family: 'Lexend'; font-weight: 600; margin-bottom: 0px;} .endowment-column {display: inline-block; vertical-align: top; width: 200px;} .committee-title {display: block; margin-top: 0px; color: #CCC; font-size: 14px;} .endowment-board {line-height: 18px; margin-bottom: 12px; margin-top: 8px;} .endowment-btn {display: block; color: #FFF; background-color: #01c0f6; max-width: 550px; width: 40%; height: 160px; line-height: 160px; text-align: center; margin: 40px auto; font-family: 'Montserrat'; font-weight: bold; font-size: 36px; letter-spacing: 6px; box-shadow: 0px 0px 15px rgba(0, 0, 0, 0.3);} .econtact { text-align: center; font-size: 26px; } .basiemobile { visibility: hidden; display: none; } .basiedesktop { display: block; }  @media screen and (max-width:1000px) { .basiemobile {  visibility: visible !important; display: block !important; } .basiedesktop { visibility: hidden !important; display: none !important;} .endowment-btn {width: 90% !important; } .endowment-column {display: block !important; margin: 0 auto !important;} .puth-photo {margin: 0 auto !important; display: block !important; float: none !important} }<\/style>\n<p><img loading=\"lazy\" decoding=\"async\" src=\"https:\/\/thebasie.org\/wp-content\/uploads\/2023\/08\/Endowment-Logo.png\" alt=\"Logotipo de la Fundaci\u00f3n Forever For Everyone\" width=\"1240\" height=\"415\" class=\"alignnone size-full wp-image-25700\" style=\"max-width: 600px; margin: 0 auto; display: block;\" srcset=\"https:\/\/thebasie.org\/wp-content\/uploads\/2023\/08\/Endowment-Logo.png 1240w, https:\/\/thebasie.org\/wp-content\/uploads\/2023\/08\/Endowment-Logo-300x100.png 300w, https:\/\/thebasie.org\/wp-content\/uploads\/2023\/08\/Endowment-Logo-1024x343.png 1024w, https:\/\/thebasie.org\/wp-content\/uploads\/2023\/08\/Endowment-Logo-768x257.png 768w, https:\/\/thebasie.org\/wp-content\/uploads\/2023\/08\/Endowment-Logo-18x6.png 18w\" sizes=\"auto, (max-width: 1240px) 100vw, 1240px\" \/><\/p>\n<div class=\"endowment-puth\">\n<hr class=\"endowment-rule\">\n<div class=\"puth-photo\"><img loading=\"lazy\" decoding=\"async\" src=\"https:\/\/thebasie.org\/wp-content\/uploads\/2023\/08\/ENDOWMENT-puth.jpg\" alt=\"charlie puth\" width=\"130\" height=\"300\" class=\"wp-image-25709\" srcset=\"https:\/\/thebasie.org\/wp-content\/uploads\/2023\/08\/ENDOWMENT-puth.jpg 130w, https:\/\/thebasie.org\/wp-content\/uploads\/2023\/08\/ENDOWMENT-puth-5x12.jpg 5w\" sizes=\"auto, (max-width: 130px) 100vw, 130px\" \/><\/div>\n<div class=\"puth-column\">\n<div class=\"endowment-quote\">\u201cCuando era un m\u00fasico joven, tom\u00e9 clases de piano en la Academia Basie Center, lo que ayud\u00f3 a fortalecer e influy\u00f3 en mi amor por el jazz. Hoy, soy presidente honorario de la campa\u00f1a Forever For Everyone del Count Basie Center, para ayudar a proporcionar cientos de becas anuales a ni\u00f1os y familias con intereses similares a los m\u00edos\u201d.<\/div>\n<div class=\"endowment-quote\">\u201cEs m\u00e1s que simples conciertos en The Basie Center: sus clases y experiencias de educaci\u00f3n art\u00edstica ense\u00f1an no solo habilidades de interpretaci\u00f3n, sino tambi\u00e9n habilidades cr\u00edticas para la vida como confianza, tolerancia, trabajo en equipo y colaboraci\u00f3n. Me siento honrado de tener un papel en la instituci\u00f3n que me ayud\u00f3 a crecer como m\u00fasico\u201d.<\/div>\n<div class=\"endowment-quote-attrb\">\u2013 Charlie Puth, presidente honorario<br \/>\nSIEMPRE PARA TODOS Campa\u00f1a de Dotaci\u00f3n<\/div>\n<\/div>\n<hr class=\"endowment-rule\">\n<\/div>\n<div class=\"endowment-copy\">\nEl Centro Count Basie est\u00e1 comprometido a amplificar y abrazar la diversidad de su regi\u00f3n y a crear una comunidad donde las artes esc\u00e9nicas y culturales sean accesibles para todos. La misi\u00f3n del Centro Basie no es s\u00f3lo <strong>Inspirar, educar y entretener<\/strong> a trav\u00e9s de las artes \u2013 es nuestra responsabilidad.<\/p>\n<p>El Centro Basie ha ampliado su campus y ahora est\u00e1 centrado en su campa\u00f1a de donaci\u00f3n de $20 millones, que proporciona una estabilidad fundamental a largo plazo a nuestra organizaci\u00f3n, profundiza nuestro impacto comunitario y ampl\u00eda el acceso a nuestros programas y actuaciones para todos. <\/p>\n<p>A trav\u00e9s de nuestro <em>Para siempre para todos<\/em> Campa\u00f1a de donaci\u00f3n: el Basie Center est\u00e1 trabajando para brindar acceso, educaci\u00f3n e inspiraci\u00f3n a todos. Creemos firmemente que las artes enriquecen nuestra comunidad y esta campa\u00f1a de donaci\u00f3n permite al Basie Center continuar con su misi\u00f3n de adoptar y amplificar el cambio positivo y garantizar la inclusi\u00f3n y el acceso para todos.\n<\/div>\n<p><img loading=\"lazy\" decoding=\"async\" src=\"https:\/\/thebasie.org\/wp-content\/uploads\/2023\/08\/ENDOWMENT-Opera-Camp.jpg\" alt=\"\" width=\"1240\" height=\"615\" class=\"alignnone size-full wp-image-25701\" srcset=\"https:\/\/thebasie.org\/wp-content\/uploads\/2023\/08\/ENDOWMENT-Opera-Camp.jpg 1240w, https:\/\/thebasie.org\/wp-content\/uploads\/2023\/08\/ENDOWMENT-Opera-Camp-300x149.jpg 300w, https:\/\/thebasie.org\/wp-content\/uploads\/2023\/08\/ENDOWMENT-Opera-Camp-1024x508.jpg 1024w, https:\/\/thebasie.org\/wp-content\/uploads\/2023\/08\/ENDOWMENT-Opera-Camp-768x381.jpg 768w, https:\/\/thebasie.org\/wp-content\/uploads\/2023\/08\/ENDOWMENT-Opera-Camp-18x9.jpg 18w\" sizes=\"auto, (max-width: 1240px) 100vw, 1240px\" \/><\/p>\n<div class=\"endowment-quote\">&quot;Esta donaci\u00f3n permitir\u00e1 que el Centro Basie brinde acceso a cualquier persona interesada en estudiar las artes esc\u00e9nicas, al tiempo que amplifica y adopta la diversidad y la inclusi\u00f3n en nuestra programaci\u00f3n&quot;.<\/p>\n<div class=\"endowment-quote-attrb\"> \u2013 CAROL STILLWELL y VALERIE MONTECALVO<br \/>\nCopresidentes de la campa\u00f1a Siempre para todos<\/div>\n<\/div>\n<p><a href=\"https:\/\/host.nxt.blackbaud.com\/donor-form?svcid=renxt&#038;formId=8455e89f-0438-49dc-921b-3ae258bafc8a&#038;envid=p-csE-A7HOFUGN_rAD3Jh6yw&#038;zone=usa\" class=\"endowment-btn\">DONE AHORA<\/a><\/p>\n<p><img loading=\"lazy\" decoding=\"async\" src=\"https:\/\/thebasie.org\/wp-content\/uploads\/2023\/08\/ENDOWMENT-Bus-In.png\" alt=\"Actuaci\u00f3n y extensi\u00f3n de los estudiantes\" width=\"1240\" height=\"415\" class=\"alignnone size-full wp-image-25702\" srcset=\"https:\/\/thebasie.org\/wp-content\/uploads\/2023\/08\/ENDOWMENT-Bus-In.png 1240w, https:\/\/thebasie.org\/wp-content\/uploads\/2023\/08\/ENDOWMENT-Bus-In-300x100.png 300w, https:\/\/thebasie.org\/wp-content\/uploads\/2023\/08\/ENDOWMENT-Bus-In-1024x343.png 1024w, https:\/\/thebasie.org\/wp-content\/uploads\/2023\/08\/ENDOWMENT-Bus-In-768x257.png 768w, https:\/\/thebasie.org\/wp-content\/uploads\/2023\/08\/ENDOWMENT-Bus-In-18x6.png 18w\" sizes=\"auto, (max-width: 1240px) 100vw, 1240px\" \/><\/p>\n<div class=\"endowment-quote\">\u201cLas artes derriban muros, crean resiliencia y conducen a una mayor<br \/>\ncomprensi\u00f3n y empat\u00eda. Las artes son una de nuestras mejores herramientas para promover la equidad racial y social\u201d. <\/p>\n<div class=\"endowment-quote-attrb\">\u2013 Jeremy Grunin, presidente del Centro Basie<\/div>\n<\/div>\n<div class=\"endowment-copy\" style=\"margin-top: 30px;\">\nLas prioridades de la campa\u00f1a de dotaci\u00f3n Forever For Everyone se alinean con el plan estrat\u00e9gico del Centro Basie y profundizan el papel de las artes esc\u00e9nicas y la educaci\u00f3n dentro de la comunidad.<\/p>\n<h3>Acceso y Equidad: <span class=\"endowment-head-fund\">(Dotaci\u00f3n $10M)<\/span><\/h3>\n<ul>\n<li>Becas para que todos los estudiantes puedan formar parte de nuestros programas, independientemente de su etapa de vida o nivel socioecon\u00f3mico.<\/li>\n<li>Clases de artes con acceso total para atraer a nuevos estudiantes y ampliar el alcance del Centro Basie dentro de la comunidad<\/li>\n<li>Se subvencionan y proporcionan instrumentos a los estudiantes para facilitar su educaci\u00f3n art\u00edstica.<\/li>\n<li>Proporciona una educaci\u00f3n art\u00edstica diversa y de calidad, lo que permite a los estudiantes perfeccionar sus habilidades y convertirse en artistas exitosos.<\/li>\n<\/ul>\n<h3>El Fondo del Centro Basie para el Crecimiento Estrat\u00e9gico: <span class=\"endowment-head-fund\">(Dotaci\u00f3n $5M)<\/span><\/h3>\n<ul>\n<li>Proporciona fondos para lanzar nuevos programas, especialmente aquellos que profundizan nuestro compromiso con la competencia cultural, la equidad racial y la inclusi\u00f3n social.<\/li>\n<li>Permite al presidente y director ejecutivo de Basie Center abordar las necesidades estrat\u00e9gicas de crecimiento<\/li>\n<li>Aborda las necesidades m\u00e1s urgentes identificadas en el plan estrat\u00e9gico. <\/li>\n<li>Inversiones continuas en la diversificaci\u00f3n del personal y la educaci\u00f3n y formaci\u00f3n internas.<\/li>\n<\/ul>\n<h3>Mejoras capitales y mantenimiento: <span class=\"endowment-head-fund\">(Dotaci\u00f3n $5M)<\/span><\/h3>\n<ul>\n<li>Garantiza que el Centro Basie pueda mantener su campus y brindar las mejoras necesarias a largo plazo, incluido el teatro hist\u00f3rico, The Vogel, la William &amp; Catherine Basie Arts Plaza, el Grunin Arts &amp; Education Building y el campus de Phoenix Productions. <\/li>\n<li>Permite que el Centro Basie tenga un fondo de reserva para renovaciones y mantenimiento.<br \/>\nde nuestro teatro hist\u00f3rico<\/li>\n<\/ul>\n<\/div>\n<p><img loading=\"lazy\" decoding=\"async\" src=\"https:\/\/thebasie.org\/wp-content\/uploads\/2023\/08\/Endowment-Logo.png\" alt=\"\" width=\"1240\" height=\"415\" class=\"alignnone size-full wp-image-25700\" style=\"max-width: 600px; margin: 0 auto; display: block;\" srcset=\"https:\/\/thebasie.org\/wp-content\/uploads\/2023\/08\/Endowment-Logo.png 1240w, https:\/\/thebasie.org\/wp-content\/uploads\/2023\/08\/Endowment-Logo-300x100.png 300w, https:\/\/thebasie.org\/wp-content\/uploads\/2023\/08\/Endowment-Logo-1024x343.png 1024w, https:\/\/thebasie.org\/wp-content\/uploads\/2023\/08\/Endowment-Logo-768x257.png 768w, https:\/\/thebasie.org\/wp-content\/uploads\/2023\/08\/Endowment-Logo-18x6.png 18w\" sizes=\"auto, (max-width: 1240px) 100vw, 1240px\" \/><\/p>\n<div class=\"endowment-committee\">\n<h4>Presidente honorario de la campa\u00f1a de donaci\u00f3n<\/h4>\n<p>charlie puth<\/p>\n<h4>Copresidentes de la campa\u00f1a de donaci\u00f3n<\/h4>\n<div class=\"endowment-column\">Carol Stillwell<\/div>\n<div class=\"endowment-column\">Valerie Montecalvo<\/div>\n<h4>Comit\u00e9 de campa\u00f1a de dotaci\u00f3n<\/h4>\n<div class=\"endowment-column\">\nJerry Bakal<br \/>\nSteven Denholtz<br \/>\nClaudia Dulac<br \/>\nYvonne Grayson<br \/>\nJeremy Grunin\n<\/div>\n<div class=\"endowment-column\">\nMarcos Hogan<br \/>\nMaryAnne Kanacki<br \/>\nNancy Karpf<br \/>\nRobin Klein<br \/>\nMarshall Knopf\n<\/div>\n<div class=\"endowment-column\">\nMaria Maher<br \/>\nMichael Parent<br \/>\nMaggie Riker<br \/>\nCathy Sivo<br \/>\nTom Widener\n<\/div>\n<h4>Comit\u00e9 Ejecutivo de la Junta Directiva del Centro Basie<\/h4>\n<div class=\"endowment-column\">\n<div class=\"endowment-board\">Jeremy Grunin<br \/><span class=\"committee-title\">Presidente<\/span><\/div>\n<div class=\"endowment-board\">Jerry Conaty<br \/><span class=\"committee-title\">Tesorero<\/span><\/div>\n<div class=\"endowment-board\">Robin Klein<br \/><span class=\"committee-title\">Oficial de Gobierno<\/span><\/div>\n<\/div>\n<div class=\"endowment-column\">\n<div class=\"endowment-board\">Maria Maher<br \/><span class=\"committee-title\">Co-vicepresidente<\/span><\/div>\n<div class=\"endowment-board\">SoVonna Day-Goins<br \/><span class=\"committee-title\">Co-secretario<\/span><\/div>\n<div class=\"endowment-board\">Claudia Dulac<br \/><span class=\"committee-title\">Oficial de Diversidad, Equidad e Inclusi\u00f3n<\/span><\/div>\n<\/div>\n<div class=\"endowment-column\">\n<div class=\"endowment-board\">Maggie Riker<br \/><span class=\"committee-title\">Co-vicepresidente<\/span><\/div>\n<div class=\"endowment-board\">Delisha Grant<br \/><span class=\"committee-title\">Co-secretario<\/span><\/div>\n<div class=\"endowment-board\">Adam Philipson<br \/><span class=\"committee-title\">Presidente y director ejecutivo, ex officio<\/span><\/div>\n<\/div>\n<h4>Personal superior del Centro Basie<\/h4>\n<div class=\"endowment-column\">\nKaren Franklin<br \/>\nSamantha Giustiniani<br \/>\nLysa J. Israel\n<\/div>\n<div class=\"endowment-column\">\nAnn Marie Keenan<br \/>\nIzzy Sackowitz<br \/>\njonathan vena\n<\/div>\n<\/div>\n<p><img loading=\"lazy\" decoding=\"async\" src=\"https:\/\/thebasie.org\/wp-content\/uploads\/2023\/08\/ENDOWMENT-Live-Shows.png\" alt=\"M\u00fasica estudiantil y divulgaci\u00f3n\" width=\"1240\" height=\"415\" class=\"alignnone size-full wp-image-25703\" srcset=\"https:\/\/thebasie.org\/wp-content\/uploads\/2023\/08\/ENDOWMENT-Live-Shows.png 1240w, https:\/\/thebasie.org\/wp-content\/uploads\/2023\/08\/ENDOWMENT-Live-Shows-300x100.png 300w, https:\/\/thebasie.org\/wp-content\/uploads\/2023\/08\/ENDOWMENT-Live-Shows-1024x343.png 1024w, https:\/\/thebasie.org\/wp-content\/uploads\/2023\/08\/ENDOWMENT-Live-Shows-768x257.png 768w, https:\/\/thebasie.org\/wp-content\/uploads\/2023\/08\/ENDOWMENT-Live-Shows-18x6.png 18w\" sizes=\"auto, (max-width: 1240px) 100vw, 1240px\" \/><\/p>\n<div class=\"econtact\">\n<span style=\"color: #16c1f3; font-size: 20px;\">Para obtener m\u00e1s informaci\u00f3n, p\u00f3ngase en contacto<\/span><br \/>\n<strong>Lysa J. Israel<\/strong><br \/>\n<span style=\"font-size: 20px;\">Director s\u00e9nior de desarrollo<br \/>\n732-224-8778 x 128<br \/>\nlisrael@thebasie.org<\/span>\n<\/div>","protected":false},"excerpt":{"rendered":"<p>\u201cCuando era un m\u00fasico joven, tom\u00e9 clases de piano en la Academia Basie Center, lo que ayud\u00f3 a fortalecer e influy\u00f3 en mi amor por el jazz. Hoy, soy presidente honorario de la campa\u00f1a Forever For Everyone del Count Basie Center, para ayudar a proporcionar cientos de becas anuales a ni\u00f1os y familias con intereses similares a los m\u00edos\u201d. &quot;Es [\u2026]<\/p>","protected":false},"author":4,"featured_media":0,"parent":0,"menu_order":0,"comment_status":"closed","ping_status":"closed","template":"template-no_title.php","meta":{"_acf_changed":false,"footnotes":""},"class_list":["post-21230","page","type-page","status-publish","hentry"],"acf":[],"yoast_head":"<!-- This site is optimized with the Yoast SEO Premium plugin v26.7 (Yoast SEO v26.7) - https:\/\/yoast.com\/wordpress\/plugins\/seo\/ -->\n<title>Forever For Everyone Endowment - Count Basie Center for the Arts<\/title>\n<meta name=\"robots\" content=\"index, follow, max-snippet:-1, max-image-preview:large, max-video-preview:-1\" \/>\n<link rel=\"canonical\" href=\"https:\/\/thebasie.org\/es\/dotacion\/\" \/>\n<meta property=\"og:locale\" content=\"es_MX\" \/>\n<meta property=\"og:type\" content=\"article\" \/>\n<meta property=\"og:title\" content=\"Forever For Everyone Endowment\" \/>\n<meta property=\"og:description\" content=\"\u201cAs a young musician, I took piano classes at the Basie Center Academy, which helped strengthen and influenced my love for jazz. Today, I\u2019m serving as honorary chair of the Count Basie Center\u2019s Forever For Everyone campaign, to help provide hundreds of yearly scholarships to kids and families with interests similar to my own.\u201d \u201cIt\u2019s [&hellip;]\" \/>\n<meta property=\"og:url\" content=\"https:\/\/thebasie.org\/es\/dotacion\/\" \/>\n<meta property=\"og:site_name\" content=\"Count Basie Center for the Arts\" \/>\n<meta property=\"article:publisher\" content=\"http:\/\/www.facebook.com\/basiecenter\" \/>\n<meta property=\"article:modified_time\" content=\"2025-09-04T14:01:15+00:00\" \/>\n<meta property=\"og:image\" content=\"https:\/\/thebasie.org\/wp-content\/uploads\/2023\/08\/Endowment-Logo.png\" \/>\n\t<meta property=\"og:image:width\" content=\"1240\" \/>\n\t<meta property=\"og:image:height\" content=\"415\" \/>\n\t<meta property=\"og:image:type\" content=\"image\/png\" \/>\n<meta name=\"twitter:card\" content=\"summary_large_image\" \/>\n<meta name=\"twitter:site\" content=\"@basiecenter\" \/>\n<meta name=\"twitter:label1\" content=\"Tiempo de lectura\" \/>\n\t<meta name=\"twitter:data1\" content=\"5 minutos\" \/>\n<script type=\"application\/ld+json\" class=\"yoast-schema-graph\">{\"@context\":\"https:\/\/schema.org\",\"@graph\":[{\"@type\":\"WebPage\",\"@id\":\"https:\/\/thebasie.org\/endowment\/\",\"url\":\"https:\/\/thebasie.org\/endowment\/\",\"name\":\"Forever For Everyone Endowment - Count Basie Center for the Arts\",\"isPartOf\":{\"@id\":\"https:\/\/thebasie.org\/#website\"},\"primaryImageOfPage\":{\"@id\":\"https:\/\/thebasie.org\/endowment\/#primaryimage\"},\"image\":{\"@id\":\"https:\/\/thebasie.org\/endowment\/#primaryimage\"},\"thumbnailUrl\":\"https:\/\/thebasie.org\/wp-content\/uploads\/2023\/08\/Endowment-Logo.png\",\"datePublished\":\"2022-08-22T15:15:27+00:00\",\"dateModified\":\"2025-09-04T14:01:15+00:00\",\"breadcrumb\":{\"@id\":\"https:\/\/thebasie.org\/endowment\/#breadcrumb\"},\"inLanguage\":\"es\",\"potentialAction\":[{\"@type\":\"ReadAction\",\"target\":[\"https:\/\/thebasie.org\/endowment\/\"]}]},{\"@type\":\"ImageObject\",\"inLanguage\":\"es\",\"@id\":\"https:\/\/thebasie.org\/endowment\/#primaryimage\",\"url\":\"https:\/\/thebasie.org\/wp-content\/uploads\/2023\/08\/Endowment-Logo.png\",\"contentUrl\":\"https:\/\/thebasie.org\/wp-content\/uploads\/2023\/08\/Endowment-Logo.png\"},{\"@type\":\"BreadcrumbList\",\"@id\":\"https:\/\/thebasie.org\/endowment\/#breadcrumb\",\"itemListElement\":[{\"@type\":\"ListItem\",\"position\":1,\"name\":\"Home\",\"item\":\"https:\/\/thebasie.org\/\"},{\"@type\":\"ListItem\",\"position\":2,\"name\":\"Forever For Everyone Endowment\"}]},{\"@type\":\"WebSite\",\"@id\":\"https:\/\/thebasie.org\/#website\",\"url\":\"https:\/\/thebasie.org\/\",\"name\":\"Count Basie Center for the Arts\",\"description\":\"Count Basie Center for the Arts\",\"potentialAction\":[{\"@type\":\"SearchAction\",\"target\":{\"@type\":\"EntryPoint\",\"urlTemplate\":\"https:\/\/thebasie.org\/?s={search_term_string}\"},\"query-input\":{\"@type\":\"PropertyValueSpecification\",\"valueRequired\":true,\"valueName\":\"search_term_string\"}}],\"inLanguage\":\"es\"}]}<\/script>\n<!-- \/ Yoast SEO Premium plugin. -->","yoast_head_json":{"title":"Dotaci\u00f3n Forever For Everyone - Centro de las Artes Count Basie","robots":{"index":"index","follow":"follow","max-snippet":"max-snippet:-1","max-image-preview":"max-image-preview:large","max-video-preview":"max-video-preview:-1"},"canonical":"https:\/\/thebasie.org\/es\/dotacion\/","og_locale":"es_MX","og_type":"article","og_title":"Forever For Everyone Endowment","og_description":"\u201cAs a young musician, I took piano classes at the Basie Center Academy, which helped strengthen and influenced my love for jazz. Today, I\u2019m serving as honorary chair of the Count Basie Center\u2019s Forever For Everyone campaign, to help provide hundreds of yearly scholarships to kids and families with interests similar to my own.\u201d \u201cIt\u2019s [&hellip;]","og_url":"https:\/\/thebasie.org\/es\/dotacion\/","og_site_name":"Count Basie Center for the Arts","article_publisher":"http:\/\/www.facebook.com\/basiecenter","article_modified_time":"2025-09-04T14:01:15+00:00","og_image":[{"width":1240,"height":415,"url":"https:\/\/thebasie.org\/wp-content\/uploads\/2023\/08\/Endowment-Logo.png","type":"image\/png"}],"twitter_card":"summary_large_image","twitter_site":"@basiecenter","twitter_misc":{"Tiempo de lectura":"5 minutos"},"schema":{"@context":"https:\/\/schema.org","@graph":[{"@type":"WebPage","@id":"https:\/\/thebasie.org\/endowment\/","url":"https:\/\/thebasie.org\/endowment\/","name":"Dotaci\u00f3n Forever For Everyone - Centro de las Artes Count Basie","isPartOf":{"@id":"https:\/\/thebasie.org\/#website"},"primaryImageOfPage":{"@id":"https:\/\/thebasie.org\/endowment\/#primaryimage"},"image":{"@id":"https:\/\/thebasie.org\/endowment\/#primaryimage"},"thumbnailUrl":"https:\/\/thebasie.org\/wp-content\/uploads\/2023\/08\/Endowment-Logo.png","datePublished":"2022-08-22T15:15:27+00:00","dateModified":"2025-09-04T14:01:15+00:00","breadcrumb":{"@id":"https:\/\/thebasie.org\/endowment\/#breadcrumb"},"inLanguage":"es","potentialAction":[{"@type":"ReadAction","target":["https:\/\/thebasie.org\/endowment\/"]}]},{"@type":"ImageObject","inLanguage":"es","@id":"https:\/\/thebasie.org\/endowment\/#primaryimage","url":"https:\/\/thebasie.org\/wp-content\/uploads\/2023\/08\/Endowment-Logo.png","contentUrl":"https:\/\/thebasie.org\/wp-content\/uploads\/2023\/08\/Endowment-Logo.png"},{"@type":"BreadcrumbList","@id":"https:\/\/thebasie.org\/endowment\/#breadcrumb","itemListElement":[{"@type":"ListItem","position":1,"name":"Home","item":"https:\/\/thebasie.org\/"},{"@type":"ListItem","position":2,"name":"Forever For Everyone Endowment"}]},{"@type":"WebSite","@id":"https:\/\/thebasie.org\/#website","url":"https:\/\/thebasie.org\/","name":"Count Basie Center for the Arts","description":"Count Basie Center for the Arts","potentialAction":[{"@type":"SearchAction","target":{"@type":"EntryPoint","urlTemplate":"https:\/\/thebasie.org\/?s={search_term_string}"},"query-input":{"@type":"PropertyValueSpecification","valueRequired":true,"valueName":"search_term_string"}}],"inLanguage":"es"}]}},"_links":{"self":[{"href":"https:\/\/thebasie.org\/es\/wp-json\/wp\/v2\/pages\/21230","targetHints":{"allow":["GET"]}}],"collection":[{"href":"https:\/\/thebasie.org\/es\/wp-json\/wp\/v2\/pages"}],"about":[{"href":"https:\/\/thebasie.org\/es\/wp-json\/wp\/v2\/types\/page"}],"author":[{"embeddable":true,"href":"https:\/\/thebasie.org\/es\/wp-json\/wp\/v2\/users\/4"}],"replies":[{"embeddable":true,"href":"https:\/\/thebasie.org\/es\/wp-json\/wp\/v2\/comments?post=21230"}],"version-history":[{"count":0,"href":"https:\/\/thebasie.org\/es\/wp-json\/wp\/v2\/pages\/21230\/revisions"}],"wp:attachment":[{"href":"https:\/\/thebasie.org\/es\/wp-json\/wp\/v2\/media?parent=21230"}],"curies":[{"name":"Gracias","href":"https:\/\/api.w.org\/{rel}","templated":true}]}}