{"id":20805,"date":"2022-08-30T14:00:06","date_gmt":"2022-08-30T18:00:06","guid":{"rendered":"https:\/\/thebasie.org\/?page_id=20805"},"modified":"2026-03-06T11:41:41","modified_gmt":"2026-03-06T16:41:41","slug":"dei","status":"publish","type":"page","link":"https:\/\/thebasie.org\/es\/dei\/","title":{"rendered":"DEI"},"content":{"rendered":"<style type=\"text\/css\"><span data-mce-type=\"bookmark\" style=\"display: inline-block; width: 0px; overflow: hidden; line-height: 0;\" class=\"mce_SELRES_start\">\ufeff<\/span>.venue-cat-img {margin-bottom: 20px !important; } .cotg-info {width: 100%; text-align: center; margin: 10px 0px 20px 0px;} .cotg-info a {margin: 3px 3px 3px 3px;} .dei-button { display: inline-block; font-family: 'Montserrat', sans-serif; color: #fff; text-align: center; line-height: 24px; font-weight: bold; font-size: 18px; letter-spacing: 2px; margin-top: 30px; margin-bottom: 10px; padding: 18px 18px; max-width: 500px;} .cotg-button a {margin-bottom: 10px;}  .dei-colora {background-color: #5a4070;} .dei-colorb {background-color: #097278;} .cotg-info a:hover { color: #FFF !important;} .dei-list li { margin: 20px 0px;}<\/style>\n<p style=\"text-align: center;\"><img loading=\"lazy\" decoding=\"async\" class=\"size-full wp-image-20863 aligncenter\" src=\"https:\/\/thebasie.org\/wp-content\/uploads\/2022\/08\/R4-DEIA-Header-JULY-29-Transparent-1240x400-1.png\" alt=\"Diversidad, Equidad, Inclusi\u00f3n y Acceso\" width=\"1240\" height=\"400\" srcset=\"https:\/\/thebasie.org\/wp-content\/uploads\/2022\/08\/R4-DEIA-Header-JULY-29-Transparent-1240x400-1.png 1240w, https:\/\/thebasie.org\/wp-content\/uploads\/2022\/08\/R4-DEIA-Header-JULY-29-Transparent-1240x400-1-300x97.png 300w, https:\/\/thebasie.org\/wp-content\/uploads\/2022\/08\/R4-DEIA-Header-JULY-29-Transparent-1240x400-1-1024x330.png 1024w, https:\/\/thebasie.org\/wp-content\/uploads\/2022\/08\/R4-DEIA-Header-JULY-29-Transparent-1240x400-1-768x248.png 768w\" sizes=\"auto, (max-width: 1240px) 100vw, 1240px\" \/><\/p>\n<div class=\"cotg-info\"><a class=\"dei-button dei-colora\" href=\"https:\/\/thebasie.org\/es\/evento_categoria\/eventos-comunitarios\/\">PROGRAMACI\u00d3N COMUNITARIA Y CULTURAL<\/a> <a class=\"dei-button dei-colorb\" href=\"https:\/\/thebasie.org\/es\/grupo-de-trabajo-dei\/\">LIDERAZGO DEL CENTRO DEI COUNT BASIE<\/a><\/div>\n<div style=\"width: 100%; text-align: center; margin-top: 100px;\"><\/div>\n<p>Como organizaci\u00f3n sin fines de lucro, el Centro Count Basie eval\u00faa peri\u00f3dicamente su oferta, buscando garantizar que lo que representa (dentro y fuera del escenario) est\u00e9 en l\u00ednea con las necesidades de la comunidad. Como parte de esta evaluaci\u00f3n, el Basie Center se compromete con un plan estrat\u00e9gico detallado cada tres a\u00f1os, reuni\u00e9ndose con l\u00edderes de la comunidad, patrocinadores, donantes, junta directiva, personal y artistas para solicitar comentarios y crear lo que consideramos que es la mejor hoja de ruta para crecer. y servir mejor a nuestros electores.<\/p>\n<p><img loading=\"lazy\" decoding=\"async\" class=\"alignnone size-full wp-image-21450\" style=\"float: right; width: 40%;\" src=\"https:\/\/thebasie.org\/wp-content\/uploads\/2022\/09\/tree-placeholder-3.jpg\" alt=\"\" width=\"800\" height=\"1600\" srcset=\"https:\/\/thebasie.org\/wp-content\/uploads\/2022\/09\/tree-placeholder-3.jpg 800w, https:\/\/thebasie.org\/wp-content\/uploads\/2022\/09\/tree-placeholder-3-150x300.jpg 150w, https:\/\/thebasie.org\/wp-content\/uploads\/2022\/09\/tree-placeholder-3-512x1024.jpg 512w, https:\/\/thebasie.org\/wp-content\/uploads\/2022\/09\/tree-placeholder-3-768x1536.jpg 768w, https:\/\/thebasie.org\/wp-content\/uploads\/2022\/09\/tree-placeholder-3-288x576.jpg 288w\" sizes=\"auto, (max-width: 800px) 100vw, 800px\" \/><\/p>\n<p>Los comentarios recibidos durante nuestras \u00faltimas sesiones de planificaci\u00f3n estrat\u00e9gica sugirieron que el Centro Basie podr\u00eda ir m\u00e1s all\u00e1 en sus esfuerzos por ser una organizaci\u00f3n m\u00e1s acogedora y enriquecedora para las comunidades de color y otros grupos comunitarios.<\/p>\n<p>Con la creencia arraigada de que las artes son una fuerza universal, sanadora y que todo lo abarca, el Centro Basie form\u00f3 su Comit\u00e9 de Diversidad, Equidad e Inclusi\u00f3n y solicit\u00f3 los servicios de Tomeka Lee, directora de TriZen, LLC, una empresa de consultor\u00eda de gesti\u00f3n y desarrollo de liderazgo. Desde octubre de 2020 hasta enero de 2023, la Sra. Lee gui\u00f3 a la junta directiva del Centro Basie, a su liderazgo y a sus empleados a trav\u00e9s de una serie de seminarios y sesiones de capacitaci\u00f3n para comprender mejor los prejuicios y el racismo institucional, y para mirar dentro de nosotros mismos y reconocer la importancia de la diversidad, la equidad y la inclusi\u00f3n.<\/p>\n<p>Desde marzo de 2023, la Dra. Diana Artis, directora ejecutiva y fundadora de la firma de consultor\u00eda en diversidad, equidad e inclusi\u00f3n Olive Branch Educators, ha ayudado al Centro Count Basie a promover este trabajo a trav\u00e9s de sesiones regulares de capacitaci\u00f3n y seminarios para el personal, la orientaci\u00f3n de nuestros grupos de trabajo de DEI a nivel de personal y junta directiva, y como consultora para asuntos relacionados con marketing, programaci\u00f3n y operaciones.<\/p>\n<p>Estos ejercicios han producido una serie de importantes programas e iniciativas del Count Basie Center:<\/p>\n<ol class=\"dei-list\">\n<li>El programa \u201cConversaciones comunitarias\u201d del Centro Count Basie ha albergado conversaciones entre vecinos y autoridades y conferenciantes invitados como el Dr. Cornel West y <a href=\"https:\/\/thebasie.org\/es\/basie-center-monmouth-u-social-justice-academy-libera-deteccion-de-quienes-somos-una-cronica-del-racismo-en-estadounidense\/\"><em>Quienes somos<\/em> protagonista \/ ex subdirector legal de la ACLU, Jeffery Robinson<\/a>, en un esfuerzo por facilitar un mejor entendimiento entre pensadores, l\u00edderes y las personas que m\u00e1s cuentan con ellos en la comunidad.<\/li>\n<li>El Centro Count Basie ha iniciado una pol\u00edtica para crear deliberadamente alcance y visibilidad para que sus ofertas de trabajo, convocatorias de casting y otras oportunidades se indiquen claramente como para todos, independientemente de su edad, origen \u00e9tnico, herencia o antecedentes culturales, tipos de cuerpo y\/o g\u00e9nero. expresiones.<\/li>\n<li>La creacion de <a href=\"https:\/\/thebasie.org\/es\/dotacion\/\">una campa\u00f1a de donaci\u00f3n<\/a>, con un enfoque importante en recaudar fondos para crear becas para que los estudiantes puedan aprovechar los programas de Basie Center Academy, independientemente de su origen econ\u00f3mico.<\/li>\n<li>Sesiones de capacitaci\u00f3n peri\u00f3dicas para los empleados del Basie Center se centraron en la equidad, la alianza, el racismo institucional, las microagresiones y la conciencia social.<\/li>\n<\/ol>\n<p>El marco de nuestro plan estrat\u00e9gico actual tiene como objetivo incorporar permanentemente un sentido de inclusi\u00f3n y equidad en todo lo que hace el Basie Center, alineando nuestros esfuerzos para inspirar, educar y entretener con los ideales compartidos en todo nuestro <a href=\"https:\/\/thebasie.org\/es\/mision\/\">Declaraci\u00f3n de valores<\/a>, programaci\u00f3n comunitaria y extensi\u00f3n.<\/p>\n<p>En l\u00ednea con los 100 del Basie Center<sup>el<\/sup>aniversario en 2026, la comunidad puede esperar m\u00e1s conversaciones, programaci\u00f3n y m\u00e1s acciones para hacer que esta organizaci\u00f3n, su campus y sus instalaciones sean m\u00e1s atractivos y accesibles para todos.<\/p>\n<p>&nbsp;<\/p>\n<hr style=\"margin-bottom: 20px;\" \/>\n<p><strong><span style=\"font-size: 24pt;\">Reconocimiento de Tierras<\/span><\/strong><\/p>\n<p>El Centro para las Artes Count Basie reconoce y honra nuestra posici\u00f3n actual en la tierra que alguna vez se conoci\u00f3 como \u201cLenapehoking\u201d, el territorio tradicional de los nativos americanos Lenni-Lenape de habla algonquina. Reconocer esta historia es parte de la dedicaci\u00f3n del Basie Center para garantizar que la equidad, la diversidad y la inclusi\u00f3n sean fundamentales para la misi\u00f3n y la programaci\u00f3n de la organizaci\u00f3n.<\/p>\n<p>&nbsp;<\/p>\n<hr style=\"margin-bottom: 20px;\" \/>\n<h1><\/h1>\n<h1 style=\"margin-bottom: 20px;\">Declaraci\u00f3n de programaci\u00f3n del Centro Count Basie<\/h1>\n<p>El Centro Count Basie presenta a la comunidad una variedad de programaci\u00f3n que muestra un amplio espectro de puntos de vista y opiniones. Las opiniones y acciones expresadas en estas obras o actuaciones no reflejan necesariamente los valores del Centro para las Artes Count Basie.<\/p>\n<p>&nbsp;<\/p>\n<p>&nbsp;<\/p>\n<p>&nbsp;<\/p>\n<p>&nbsp;<\/p>\n<p style=\"text-align: center;\"><img loading=\"lazy\" decoding=\"async\" class=\"aligncenter  wp-image-35538\" src=\"https:\/\/thebasie.org\/wp-content\/uploads\/2026\/03\/CAFE-Seal-2025.png\" alt=\"Certificaci\u00f3n de edad CAFE\" width=\"145\" height=\"145\" srcset=\"https:\/\/thebasie.org\/wp-content\/uploads\/2026\/03\/CAFE-Seal-2025.png 501w, https:\/\/thebasie.org\/wp-content\/uploads\/2026\/03\/CAFE-Seal-2025-300x300.png 300w, https:\/\/thebasie.org\/wp-content\/uploads\/2026\/03\/CAFE-Seal-2025-150x150.png 150w, https:\/\/thebasie.org\/wp-content\/uploads\/2026\/03\/CAFE-Seal-2025-12x12.png 12w\" sizes=\"auto, (max-width: 145px) 100vw, 145px\" \/><\/p>","protected":false},"excerpt":{"rendered":"<p>PROGRAMACI\u00d3N COMUNITARIA Y CULTURAL CENTRO COUNT BASIE LIDERAZGO DEI Como organizaci\u00f3n sin fines de lucro, el Centro Count Basie eval\u00faa peri\u00f3dicamente sus ofertas, buscando garantizar que lo que representa, dentro y fuera del escenario, est\u00e9 en l\u00ednea con las necesidades de la comunidad. Como parte de esta evaluaci\u00f3n, el Centro Basie se compromete a [\u2026]<\/p>","protected":false},"author":3,"featured_media":0,"parent":0,"menu_order":0,"comment_status":"closed","ping_status":"closed","template":"template-no_title.php","meta":{"_acf_changed":false,"footnotes":""},"class_list":["post-20805","page","type-page","status-publish","hentry"],"acf":[],"yoast_head":"<!-- This site is optimized with the Yoast SEO Premium plugin v26.7 (Yoast SEO v26.7) - https:\/\/yoast.com\/wordpress\/plugins\/seo\/ -->\n<title>DEI - Count Basie Center for the Arts<\/title>\n<meta name=\"robots\" content=\"index, follow, max-snippet:-1, max-image-preview:large, max-video-preview:-1\" \/>\n<link rel=\"canonical\" href=\"https:\/\/thebasie.org\/es\/dei\/\" \/>\n<meta property=\"og:locale\" content=\"es_MX\" \/>\n<meta property=\"og:type\" content=\"article\" \/>\n<meta property=\"og:title\" content=\"DEI\" \/>\n<meta property=\"og:description\" content=\"COMMUNITY &amp; CULTURAL PROGRAMMING COUNT BASIE CENTER DEI LEADERSHIP As a nonprofit organization, the Count Basie Center regularly assesses its offerings, seeking to assure that what it stands for \u2013 onstage and off \u2013 is in line with the needs of the community. As part of this assessment, the Basie Center commits itself to a [&hellip;]\" \/>\n<meta property=\"og:url\" content=\"https:\/\/thebasie.org\/es\/dei\/\" \/>\n<meta property=\"og:site_name\" content=\"Count Basie Center for the Arts\" \/>\n<meta property=\"article:publisher\" content=\"http:\/\/www.facebook.com\/basiecenter\" \/>\n<meta property=\"article:modified_time\" content=\"2026-03-06T16:41:41+00:00\" \/>\n<meta property=\"og:image\" content=\"https:\/\/thebasie.org\/wp-content\/uploads\/2022\/08\/R4-DEIA-Header-JULY-29-Transparent-1240x400-1.png\" \/>\n\t<meta property=\"og:image:width\" content=\"1240\" \/>\n\t<meta property=\"og:image:height\" content=\"400\" \/>\n\t<meta property=\"og:image:type\" content=\"image\/png\" \/>\n<meta name=\"twitter:card\" content=\"summary_large_image\" \/>\n<meta name=\"twitter:site\" content=\"@basiecenter\" \/>\n<meta name=\"twitter:label1\" content=\"Tiempo de lectura\" \/>\n\t<meta name=\"twitter:data1\" content=\"4 minutos\" \/>\n<script type=\"application\/ld+json\" class=\"yoast-schema-graph\">{\"@context\":\"https:\/\/schema.org\",\"@graph\":[{\"@type\":\"WebPage\",\"@id\":\"https:\/\/thebasie.org\/dei\/\",\"url\":\"https:\/\/thebasie.org\/dei\/\",\"name\":\"DEI - Count Basie Center for the Arts\",\"isPartOf\":{\"@id\":\"https:\/\/thebasie.org\/#website\"},\"primaryImageOfPage\":{\"@id\":\"https:\/\/thebasie.org\/dei\/#primaryimage\"},\"image\":{\"@id\":\"https:\/\/thebasie.org\/dei\/#primaryimage\"},\"thumbnailUrl\":\"https:\/\/thebasie.org\/wp-content\/uploads\/2022\/08\/R4-DEIA-Header-JULY-29-Transparent-1240x400-1.png\",\"datePublished\":\"2022-08-30T18:00:06+00:00\",\"dateModified\":\"2026-03-06T16:41:41+00:00\",\"breadcrumb\":{\"@id\":\"https:\/\/thebasie.org\/dei\/#breadcrumb\"},\"inLanguage\":\"es\",\"potentialAction\":[{\"@type\":\"ReadAction\",\"target\":[\"https:\/\/thebasie.org\/dei\/\"]}]},{\"@type\":\"ImageObject\",\"inLanguage\":\"es\",\"@id\":\"https:\/\/thebasie.org\/dei\/#primaryimage\",\"url\":\"https:\/\/thebasie.org\/wp-content\/uploads\/2022\/08\/R4-DEIA-Header-JULY-29-Transparent-1240x400-1.png\",\"contentUrl\":\"https:\/\/thebasie.org\/wp-content\/uploads\/2022\/08\/R4-DEIA-Header-JULY-29-Transparent-1240x400-1.png\"},{\"@type\":\"BreadcrumbList\",\"@id\":\"https:\/\/thebasie.org\/dei\/#breadcrumb\",\"itemListElement\":[{\"@type\":\"ListItem\",\"position\":1,\"name\":\"Home\",\"item\":\"https:\/\/thebasie.org\/\"},{\"@type\":\"ListItem\",\"position\":2,\"name\":\"DEI\"}]},{\"@type\":\"WebSite\",\"@id\":\"https:\/\/thebasie.org\/#website\",\"url\":\"https:\/\/thebasie.org\/\",\"name\":\"Count Basie Center for the Arts\",\"description\":\"Count Basie Center for the Arts\",\"potentialAction\":[{\"@type\":\"SearchAction\",\"target\":{\"@type\":\"EntryPoint\",\"urlTemplate\":\"https:\/\/thebasie.org\/?s={search_term_string}\"},\"query-input\":{\"@type\":\"PropertyValueSpecification\",\"valueRequired\":true,\"valueName\":\"search_term_string\"}}],\"inLanguage\":\"es\"}]}<\/script>\n<!-- \/ Yoast SEO Premium plugin. -->","yoast_head_json":{"title":"DEI - Centro de las Artes Count Basie","robots":{"index":"index","follow":"follow","max-snippet":"max-snippet:-1","max-image-preview":"max-image-preview:large","max-video-preview":"max-video-preview:-1"},"canonical":"https:\/\/thebasie.org\/es\/dei\/","og_locale":"es_MX","og_type":"article","og_title":"DEI","og_description":"COMMUNITY &amp; CULTURAL PROGRAMMING COUNT BASIE CENTER DEI LEADERSHIP As a nonprofit organization, the Count Basie Center regularly assesses its offerings, seeking to assure that what it stands for \u2013 onstage and off \u2013 is in line with the needs of the community. As part of this assessment, the Basie Center commits itself to a [&hellip;]","og_url":"https:\/\/thebasie.org\/es\/dei\/","og_site_name":"Count Basie Center for the Arts","article_publisher":"http:\/\/www.facebook.com\/basiecenter","article_modified_time":"2026-03-06T16:41:41+00:00","og_image":[{"width":1240,"height":400,"url":"https:\/\/thebasie.org\/wp-content\/uploads\/2022\/08\/R4-DEIA-Header-JULY-29-Transparent-1240x400-1.png","type":"image\/png"}],"twitter_card":"summary_large_image","twitter_site":"@basiecenter","twitter_misc":{"Tiempo de lectura":"4 minutos"},"schema":{"@context":"https:\/\/schema.org","@graph":[{"@type":"WebPage","@id":"https:\/\/thebasie.org\/dei\/","url":"https:\/\/thebasie.org\/dei\/","name":"DEI - Centro de las Artes Count Basie","isPartOf":{"@id":"https:\/\/thebasie.org\/#website"},"primaryImageOfPage":{"@id":"https:\/\/thebasie.org\/dei\/#primaryimage"},"image":{"@id":"https:\/\/thebasie.org\/dei\/#primaryimage"},"thumbnailUrl":"https:\/\/thebasie.org\/wp-content\/uploads\/2022\/08\/R4-DEIA-Header-JULY-29-Transparent-1240x400-1.png","datePublished":"2022-08-30T18:00:06+00:00","dateModified":"2026-03-06T16:41:41+00:00","breadcrumb":{"@id":"https:\/\/thebasie.org\/dei\/#breadcrumb"},"inLanguage":"es","potentialAction":[{"@type":"ReadAction","target":["https:\/\/thebasie.org\/dei\/"]}]},{"@type":"ImageObject","inLanguage":"es","@id":"https:\/\/thebasie.org\/dei\/#primaryimage","url":"https:\/\/thebasie.org\/wp-content\/uploads\/2022\/08\/R4-DEIA-Header-JULY-29-Transparent-1240x400-1.png","contentUrl":"https:\/\/thebasie.org\/wp-content\/uploads\/2022\/08\/R4-DEIA-Header-JULY-29-Transparent-1240x400-1.png"},{"@type":"BreadcrumbList","@id":"https:\/\/thebasie.org\/dei\/#breadcrumb","itemListElement":[{"@type":"ListItem","position":1,"name":"Home","item":"https:\/\/thebasie.org\/"},{"@type":"ListItem","position":2,"name":"DEI"}]},{"@type":"WebSite","@id":"https:\/\/thebasie.org\/#website","url":"https:\/\/thebasie.org\/","name":"Count Basie Center for the Arts","description":"Count Basie Center for the Arts","potentialAction":[{"@type":"SearchAction","target":{"@type":"EntryPoint","urlTemplate":"https:\/\/thebasie.org\/?s={search_term_string}"},"query-input":{"@type":"PropertyValueSpecification","valueRequired":true,"valueName":"search_term_string"}}],"inLanguage":"es"}]}},"_links":{"self":[{"href":"https:\/\/thebasie.org\/es\/wp-json\/wp\/v2\/pages\/20805","targetHints":{"allow":["GET"]}}],"collection":[{"href":"https:\/\/thebasie.org\/es\/wp-json\/wp\/v2\/pages"}],"about":[{"href":"https:\/\/thebasie.org\/es\/wp-json\/wp\/v2\/types\/page"}],"author":[{"embeddable":true,"href":"https:\/\/thebasie.org\/es\/wp-json\/wp\/v2\/users\/3"}],"replies":[{"embeddable":true,"href":"https:\/\/thebasie.org\/es\/wp-json\/wp\/v2\/comments?post=20805"}],"version-history":[{"count":1,"href":"https:\/\/thebasie.org\/es\/wp-json\/wp\/v2\/pages\/20805\/revisions"}],"predecessor-version":[{"id":35540,"href":"https:\/\/thebasie.org\/es\/wp-json\/wp\/v2\/pages\/20805\/revisions\/35540"}],"wp:attachment":[{"href":"https:\/\/thebasie.org\/es\/wp-json\/wp\/v2\/media?parent=20805"}],"curies":[{"name":"Gracias","href":"https:\/\/api.w.org\/{rel}","templated":true}]}}