{"id":19412,"date":"2022-03-25T12:26:06","date_gmt":"2022-03-25T16:26:06","guid":{"rendered":"https:\/\/thebasie.org\/?page_id=19412"},"modified":"2023-12-20T12:16:26","modified_gmt":"2023-12-20T17:16:26","slug":"microfono","status":"publish","type":"page","link":"https:\/\/thebasie.org\/es\/microfono\/","title":{"rendered":"MIC \u2013 Noche de comedia con micr\u00f3fono abierto Cines Basie Center"},"content":{"rendered":"<p><script type=\"text\/javascript\">\n         function Redirect() { window.location=\"https:\/\/thebasie.org\/venue\/basie-center-cinemas\/\"; } document.write(\"-\"); setTimeout('Redirect()', 1000);\n      <\/script><\/p>\n<p style=\"text-align: center;\"><span style=\"font-size: 12pt;\">Ser\u00e1s redirigido en unos segundos.<br \/>\nSi no eres redirigido autom\u00e1ticamente, haz clic en <a href=\"https:\/\/thebasie.org\/es\/evento-4-2\/cines-centro-basie\/\">aqu\u00ed<\/a>.<\/span><\/p>\n<p><!--\n\n\n<style type=\"text\/css\"> .venue-cat-img {margin-bottom: 20px !important; } .cotg-info {width: 100%; text-align: center; margin: 10px 0px 20px 0px;} .cotg-info a {margin: 3px 3px 3px 3px;} .cotg-button { display: inline-block; width: 240px; height: 60px; font-family: 'Montserrat', sans-serif; color: #fff; text-align: center; line-height: 60px; font-weight: bold; font-size: 18px; letter-spacing: 2px; margin-top: 30px; margin-bottom: 10px;} .cotg-button a {margin-bottom: 10px;} .cotg-green {background-color: #8dc540;} .cotg-darkblue {background-color: #2f5c8e;} .cotg-blue {background-color: #00adee;} .cinema-gray {background-color: #000;} .blu-btn {background-image: linear-gradient(to bottom right, #6dcaf2, #002344); display: inline-block; padding: 1em 2em; text-align: center; text-decoration: none; font-weight: bold; font-size: 0.9em; line-height: 2.6; border: 2px solid transparent; border-radius: 0; color: #ffffff; font-family: 'montserrat'; font-weight: bold; letter-spacing: .25px; font-size: 21px; max-width: 500px; line-height: 28px;} .drive-info { margin-top: 50px; } .wrapper-movie { text-align: center; margin-bottom: 100px; vertical-align: top;} .drive-in-title { color: #3185c9; } .movie { max-width: 360px; display: inline-block; margin: 0px 20px 80px 20px; vertical-align: top;} .movie-title {font-family: montserrat, muli, sans-serif; font-weight: bold; color: #000; font-size: 18px; max-width: 300px; text-align: center; display: inline-block;} .movie-time {font-family: montserrat, muli, sans-serif; font-weight: bold; color: #3185c9; font-size: 20px; max-width: 400px; margin-top: 10px; letter-spacing: 1.5px;} .movie-rating { color: #999; font-size: 14px;} .movie-info {font-family: muli, sans-serif; font-weight: normal; color: #666; font-size: 16px; max-width: 400px; text-align: justify; line-height: 23px; margin-top: 10px;} .h1 {display: none;} .movie img {box-shadow: 0px 0px 14px #999; } .movie-safety {text-align: left; max-width: 700px; width: 100%; margin: 0px auto;}<\/style>\n\n\n\n<img loading=\"lazy\" decoding=\"async\" src=\"https:\/\/thebasie.org\/wp-content\/uploads\/2022\/03\/R1-OPEN-MIC-BASIE-CINEMAS-1240x698-1.jpg\" alt=\"\" width=\"1240\" height=\"698\" class=\"alignnone size-full wp-image-19413\" srcset=\"https:\/\/thebasie.org\/wp-content\/uploads\/2022\/03\/R1-OPEN-MIC-BASIE-CINEMAS-1240x698-1.jpg 1240w, https:\/\/thebasie.org\/wp-content\/uploads\/2022\/03\/R1-OPEN-MIC-BASIE-CINEMAS-1240x698-1-300x169.jpg 300w, https:\/\/thebasie.org\/wp-content\/uploads\/2022\/03\/R1-OPEN-MIC-BASIE-CINEMAS-1240x698-1-1024x576.jpg 1024w, https:\/\/thebasie.org\/wp-content\/uploads\/2022\/03\/R1-OPEN-MIC-BASIE-CINEMAS-1240x698-1-768x432.jpg 768w\" sizes=\"auto, (max-width: 1240px) 100vw, 1240px\" \/>\n\n\n\n<div style=\"font-family: montserrat, muli, sans-serif; font-weight: bold; margin: 20px auto; text-align: center; display: block; letter-spacing: 1px;\">36 WHITE STREET, RED BANK, NJ 07701<\/div>\n\n\n\n\n<div class=\"cotg-info\"><a class=\"cotg-button cotg-blue\" href=\"https:\/\/goo.gl\/maps\/ff4qncAaWXtnbwm68\" target=\"_blank\" rel=\"noopener\">DIRECTIONS<\/a> <a class=\"cotg-button cinema-gray\" href=\"#\">732-747-0335<\/a><\/div>\n\n\n\n\n<hr>\n\n\n\n\n<div class=\"wrapper-movie\">\n\n\n\n<h1 style=\"text-align: center; margin-bottom: 30px;\">UPCOMING NIGHTS<\/h1>\n\n\n\n\n\n\n<div class=\"movie\">\n<a href=\"https:\/\/thebasie.org\/events\/open-mic-comedy-night-basie-center-cinemas-2\/\"><img loading=\"lazy\" decoding=\"async\" src=\"https:\/\/thebasie.org\/wp-content\/uploads\/2023\/01\/JAN-19-COMEDY-310x465-1.jpg\" alt=\"\" width=\"310\" height=\"465\" class=\"alignnone size-full wp-image-22726\" srcset=\"https:\/\/thebasie.org\/wp-content\/uploads\/2023\/01\/JAN-19-COMEDY-310x465-1.jpg 310w, https:\/\/thebasie.org\/wp-content\/uploads\/2023\/01\/JAN-19-COMEDY-310x465-1-200x300.jpg 200w\" sizes=\"auto, (max-width: 310px) 100vw, 310px\" \/><\/a>\n<\/div>\n\n\n\n\n\n\n<div class=\"movie\">\n<a href=\"https:\/\/thebasie.org\/events\/open-mic-comedy-night-basie-center-cinemas-3\/\"><img loading=\"lazy\" decoding=\"async\" src=\"https:\/\/thebasie.org\/wp-content\/uploads\/2023\/01\/FEB-16-COMEDY-310x465-1.jpg\" alt=\"\" width=\"310\" height=\"465\" class=\"alignnone size-full wp-image-22727\" srcset=\"https:\/\/thebasie.org\/wp-content\/uploads\/2023\/01\/FEB-16-COMEDY-310x465-1.jpg 310w, https:\/\/thebasie.org\/wp-content\/uploads\/2023\/01\/FEB-16-COMEDY-310x465-1-200x300.jpg 200w\" sizes=\"auto, (max-width: 310px) 100vw, 310px\" \/><\/a>\n<\/div>\n\n\n\n\n\n\n<div class=\"movie\">\n<a href=\"https:\/\/thebasie.org\/events\/open-mic-comedy-night-basie-center-cinemas-4\/\"><img loading=\"lazy\" decoding=\"async\" src=\"https:\/\/thebasie.org\/wp-content\/uploads\/2023\/01\/MARCH-16-COMEDY-310x465-1.jpg\" alt=\"\" width=\"310\" height=\"465\" class=\"alignnone size-full wp-image-22728\" srcset=\"https:\/\/thebasie.org\/wp-content\/uploads\/2023\/01\/MARCH-16-COMEDY-310x465-1.jpg 310w, https:\/\/thebasie.org\/wp-content\/uploads\/2023\/01\/MARCH-16-COMEDY-310x465-1-200x300.jpg 200w\" sizes=\"auto, (max-width: 310px) 100vw, 310px\" \/><\/a>\n<\/div>\n\n\n\n\n\n\n\n<div class=\"movie\">\n<a href=\"https:\/\/thebasie.org\/events\/open-mic-comedy-night-basie-center-cinemas-5\/\"><img loading=\"lazy\" decoding=\"async\" src=\"https:\/\/thebasie.org\/wp-content\/uploads\/2023\/01\/APRIL-20-COMEDY-310x465-1.jpg\" alt=\"\" width=\"310\" height=\"465\" class=\"alignnone size-full wp-image-22729\" srcset=\"https:\/\/thebasie.org\/wp-content\/uploads\/2023\/01\/APRIL-20-COMEDY-310x465-1.jpg 310w, https:\/\/thebasie.org\/wp-content\/uploads\/2023\/01\/APRIL-20-COMEDY-310x465-1-200x300.jpg 200w\" sizes=\"auto, (max-width: 310px) 100vw, 310px\" \/><\/a>\n<\/div>\n\n\n\n\n\n\n<div class=\"movie\">\n<a href=\"https:\/\/thebasie.org\/events\/open-mic-comedy-night-basie-center-cinemas-6\/\"><img loading=\"lazy\" decoding=\"async\" src=\"https:\/\/thebasie.org\/wp-content\/uploads\/2023\/01\/MAY-18-COMEDY-310x465-1.jpg\" alt=\"\" width=\"310\" height=\"465\" class=\"alignnone size-full wp-image-22730\" srcset=\"https:\/\/thebasie.org\/wp-content\/uploads\/2023\/01\/MAY-18-COMEDY-310x465-1.jpg 310w, https:\/\/thebasie.org\/wp-content\/uploads\/2023\/01\/MAY-18-COMEDY-310x465-1-200x300.jpg 200w\" sizes=\"auto, (max-width: 310px) 100vw, 310px\" \/><\/a>\n<\/div>\n\n\n\n\n\n\n<div class=\"movie\">\n<a href=\"https:\/\/thebasie.org\/events\/open-mic-comedy-night-basie-center-cinemas-7\/\"><img loading=\"lazy\" decoding=\"async\" src=\"https:\/\/thebasie.org\/wp-content\/uploads\/2023\/01\/JUNE-15-COMEDY-310x465-1.jpg\" alt=\"\" width=\"310\" height=\"465\" class=\"alignnone size-full wp-image-22731\" srcset=\"https:\/\/thebasie.org\/wp-content\/uploads\/2023\/01\/JUNE-15-COMEDY-310x465-1.jpg 310w, https:\/\/thebasie.org\/wp-content\/uploads\/2023\/01\/JUNE-15-COMEDY-310x465-1-200x300.jpg 200w\" sizes=\"auto, (max-width: 310px) 100vw, 310px\" \/><\/a>\n<\/div>\n\n\n\n\n\n\n\n\n<\/div>\n\n\n\n--><\/p>","protected":false},"excerpt":{"rendered":"<p>Ser\u00e1s redirigido en unos segundos. Si no eres redirigido autom\u00e1ticamente, haz clic aqu\u00ed.<\/p>","protected":false},"author":4,"featured_media":0,"parent":0,"menu_order":0,"comment_status":"closed","ping_status":"closed","template":"template-no_title.php","meta":{"_acf_changed":false,"footnotes":""},"class_list":["post-19412","page","type-page","status-publish","hentry"],"acf":[],"yoast_head":"<!-- This site is optimized with the Yoast SEO Premium plugin v26.7 (Yoast SEO v26.7) - https:\/\/yoast.com\/wordpress\/plugins\/seo\/ -->\n<title>MIC - Open Mic Comedy Night Basie Center Cinemas - Count Basie Center for the Arts<\/title>\n<meta name=\"robots\" content=\"index, follow, max-snippet:-1, max-image-preview:large, max-video-preview:-1\" \/>\n<link rel=\"canonical\" href=\"https:\/\/thebasie.org\/es\/microfono\/\" \/>\n<meta property=\"og:locale\" content=\"es_MX\" \/>\n<meta property=\"og:type\" content=\"article\" \/>\n<meta property=\"og:title\" content=\"MIC - Open Mic Comedy Night Basie Center Cinemas\" \/>\n<meta property=\"og:description\" content=\"You will be redirected in a few seconds If you&#8217;re not automatically redirected, click here.\" \/>\n<meta property=\"og:url\" content=\"https:\/\/thebasie.org\/es\/microfono\/\" \/>\n<meta property=\"og:site_name\" content=\"Count Basie Center for the Arts\" \/>\n<meta property=\"article:publisher\" content=\"http:\/\/www.facebook.com\/basiecenter\" \/>\n<meta property=\"article:modified_time\" content=\"2023-12-20T17:16:26+00:00\" \/>\n<meta property=\"og:image\" content=\"https:\/\/thebasie.org\/wp-content\/uploads\/2022\/03\/R1-OPEN-MIC-BASIE-CINEMAS-1240x698-1.jpg\" \/>\n<meta name=\"twitter:card\" content=\"summary_large_image\" \/>\n<meta name=\"twitter:site\" content=\"@basiecenter\" \/>\n<meta name=\"twitter:label1\" content=\"Tiempo de lectura\" \/>\n\t<meta name=\"twitter:data1\" content=\"1 minuto\" \/>\n<script type=\"application\/ld+json\" class=\"yoast-schema-graph\">{\"@context\":\"https:\/\/schema.org\",\"@graph\":[{\"@type\":\"WebPage\",\"@id\":\"https:\/\/thebasie.org\/mic\/\",\"url\":\"https:\/\/thebasie.org\/mic\/\",\"name\":\"MIC - Open Mic Comedy Night Basie Center Cinemas - Count Basie Center for the Arts\",\"isPartOf\":{\"@id\":\"https:\/\/thebasie.org\/#website\"},\"primaryImageOfPage\":{\"@id\":\"https:\/\/thebasie.org\/mic\/#primaryimage\"},\"image\":{\"@id\":\"https:\/\/thebasie.org\/mic\/#primaryimage\"},\"thumbnailUrl\":\"https:\/\/thebasie.org\/wp-content\/uploads\/2022\/03\/R1-OPEN-MIC-BASIE-CINEMAS-1240x698-1.jpg\",\"datePublished\":\"2022-03-25T16:26:06+00:00\",\"dateModified\":\"2023-12-20T17:16:26+00:00\",\"breadcrumb\":{\"@id\":\"https:\/\/thebasie.org\/mic\/#breadcrumb\"},\"inLanguage\":\"es\",\"potentialAction\":[{\"@type\":\"ReadAction\",\"target\":[\"https:\/\/thebasie.org\/mic\/\"]}]},{\"@type\":\"ImageObject\",\"inLanguage\":\"es\",\"@id\":\"https:\/\/thebasie.org\/mic\/#primaryimage\",\"url\":\"https:\/\/thebasie.org\/wp-content\/uploads\/2022\/03\/R1-OPEN-MIC-BASIE-CINEMAS-1240x698-1.jpg\",\"contentUrl\":\"https:\/\/thebasie.org\/wp-content\/uploads\/2022\/03\/R1-OPEN-MIC-BASIE-CINEMAS-1240x698-1.jpg\"},{\"@type\":\"BreadcrumbList\",\"@id\":\"https:\/\/thebasie.org\/mic\/#breadcrumb\",\"itemListElement\":[{\"@type\":\"ListItem\",\"position\":1,\"name\":\"Home\",\"item\":\"https:\/\/thebasie.org\/\"},{\"@type\":\"ListItem\",\"position\":2,\"name\":\"MIC &#8211; Open Mic Comedy Night Basie Center Cinemas\"}]},{\"@type\":\"WebSite\",\"@id\":\"https:\/\/thebasie.org\/#website\",\"url\":\"https:\/\/thebasie.org\/\",\"name\":\"Count Basie Center for the Arts\",\"description\":\"Count Basie Center for the Arts\",\"potentialAction\":[{\"@type\":\"SearchAction\",\"target\":{\"@type\":\"EntryPoint\",\"urlTemplate\":\"https:\/\/thebasie.org\/?s={search_term_string}\"},\"query-input\":{\"@type\":\"PropertyValueSpecification\",\"valueRequired\":true,\"valueName\":\"search_term_string\"}}],\"inLanguage\":\"es\"}]}<\/script>\n<!-- \/ Yoast SEO Premium plugin. -->","yoast_head_json":{"title":"MIC - Noche de comedia con micr\u00f3fono abierto Cines Basie Center - Centro Count Basie para las Artes","robots":{"index":"index","follow":"follow","max-snippet":"max-snippet:-1","max-image-preview":"max-image-preview:large","max-video-preview":"max-video-preview:-1"},"canonical":"https:\/\/thebasie.org\/es\/microfono\/","og_locale":"es_MX","og_type":"article","og_title":"MIC - Open Mic Comedy Night Basie Center Cinemas","og_description":"You will be redirected in a few seconds If you&#8217;re not automatically redirected, click here.","og_url":"https:\/\/thebasie.org\/es\/microfono\/","og_site_name":"Count Basie Center for the Arts","article_publisher":"http:\/\/www.facebook.com\/basiecenter","article_modified_time":"2023-12-20T17:16:26+00:00","og_image":[{"url":"https:\/\/thebasie.org\/wp-content\/uploads\/2022\/03\/R1-OPEN-MIC-BASIE-CINEMAS-1240x698-1.jpg","type":"","width":"","height":""}],"twitter_card":"summary_large_image","twitter_site":"@basiecenter","twitter_misc":{"Tiempo de lectura":"1 minuto"},"schema":{"@context":"https:\/\/schema.org","@graph":[{"@type":"WebPage","@id":"https:\/\/thebasie.org\/mic\/","url":"https:\/\/thebasie.org\/mic\/","name":"MIC - Noche de comedia con micr\u00f3fono abierto Cines Basie Center - Centro Count Basie para las Artes","isPartOf":{"@id":"https:\/\/thebasie.org\/#website"},"primaryImageOfPage":{"@id":"https:\/\/thebasie.org\/mic\/#primaryimage"},"image":{"@id":"https:\/\/thebasie.org\/mic\/#primaryimage"},"thumbnailUrl":"https:\/\/thebasie.org\/wp-content\/uploads\/2022\/03\/R1-OPEN-MIC-BASIE-CINEMAS-1240x698-1.jpg","datePublished":"2022-03-25T16:26:06+00:00","dateModified":"2023-12-20T17:16:26+00:00","breadcrumb":{"@id":"https:\/\/thebasie.org\/mic\/#breadcrumb"},"inLanguage":"es","potentialAction":[{"@type":"ReadAction","target":["https:\/\/thebasie.org\/mic\/"]}]},{"@type":"ImageObject","inLanguage":"es","@id":"https:\/\/thebasie.org\/mic\/#primaryimage","url":"https:\/\/thebasie.org\/wp-content\/uploads\/2022\/03\/R1-OPEN-MIC-BASIE-CINEMAS-1240x698-1.jpg","contentUrl":"https:\/\/thebasie.org\/wp-content\/uploads\/2022\/03\/R1-OPEN-MIC-BASIE-CINEMAS-1240x698-1.jpg"},{"@type":"BreadcrumbList","@id":"https:\/\/thebasie.org\/mic\/#breadcrumb","itemListElement":[{"@type":"ListItem","position":1,"name":"Home","item":"https:\/\/thebasie.org\/"},{"@type":"ListItem","position":2,"name":"MIC &#8211; Open Mic Comedy Night Basie Center Cinemas"}]},{"@type":"WebSite","@id":"https:\/\/thebasie.org\/#website","url":"https:\/\/thebasie.org\/","name":"Count Basie Center for the Arts","description":"Count Basie Center for the Arts","potentialAction":[{"@type":"SearchAction","target":{"@type":"EntryPoint","urlTemplate":"https:\/\/thebasie.org\/?s={search_term_string}"},"query-input":{"@type":"PropertyValueSpecification","valueRequired":true,"valueName":"search_term_string"}}],"inLanguage":"es"}]}},"_links":{"self":[{"href":"https:\/\/thebasie.org\/es\/wp-json\/wp\/v2\/pages\/19412","targetHints":{"allow":["GET"]}}],"collection":[{"href":"https:\/\/thebasie.org\/es\/wp-json\/wp\/v2\/pages"}],"about":[{"href":"https:\/\/thebasie.org\/es\/wp-json\/wp\/v2\/types\/page"}],"author":[{"embeddable":true,"href":"https:\/\/thebasie.org\/es\/wp-json\/wp\/v2\/users\/4"}],"replies":[{"embeddable":true,"href":"https:\/\/thebasie.org\/es\/wp-json\/wp\/v2\/comments?post=19412"}],"version-history":[{"count":0,"href":"https:\/\/thebasie.org\/es\/wp-json\/wp\/v2\/pages\/19412\/revisions"}],"wp:attachment":[{"href":"https:\/\/thebasie.org\/es\/wp-json\/wp\/v2\/media?parent=19412"}],"curies":[{"name":"Gracias","href":"https:\/\/api.w.org\/{rel}","templated":true}]}}