{"id":17198,"date":"2021-08-13T19:56:13","date_gmt":"2021-08-13T23:56:13","guid":{"rendered":"https:\/\/thebasie.org\/?page_id=17198"},"modified":"2023-02-23T18:05:12","modified_gmt":"2023-02-23T23:05:12","slug":"covid-19","status":"publish","type":"page","link":"https:\/\/thebasie.org\/es\/covid-19\/","title":{"rendered":"<center>Centro de las Artes Count Basie | Pol\u00edtica COVID-19<\/center>"},"content":{"rendered":"<p>&nbsp;<\/p>\n<p><img loading=\"lazy\" decoding=\"async\" class=\"aligncenter wp-image-23353 size-full\" src=\"https:\/\/thebasie.org\/wp-content\/uploads\/2023\/02\/Covid-2023.jpg\" alt=\"Bajo la direcci\u00f3n de los CDC o de las autoridades sanitarias locales, el Centro Count Basie puede en cualquier momento instituir pol\u00edticas relacionadas con la transmisi\u00f3n de COVID-19, incluidos, entre otros, los requisitos de uso de mascarillas. Ciertos artistas y\/o producciones en gira tambi\u00e9n pueden exigir que los clientes usen mascarilla y\/o presenten pruebas. de la vacunaci\u00f3n COVID-19. No se requieren m\u00e1scaras para asistir a presentaciones en las sedes del Count Basie Center, aunque agradecemos su uso y respetamos a todos los clientes que decidan continuar haci\u00e9ndolo.\" width=\"1200\" height=\"1200\" srcset=\"https:\/\/thebasie.org\/wp-content\/uploads\/2023\/02\/Covid-2023.jpg 1200w, https:\/\/thebasie.org\/wp-content\/uploads\/2023\/02\/Covid-2023-300x300.jpg 300w, https:\/\/thebasie.org\/wp-content\/uploads\/2023\/02\/Covid-2023-1024x1024.jpg 1024w, https:\/\/thebasie.org\/wp-content\/uploads\/2023\/02\/Covid-2023-150x150.jpg 150w, https:\/\/thebasie.org\/wp-content\/uploads\/2023\/02\/Covid-2023-768x768.jpg 768w, https:\/\/thebasie.org\/wp-content\/uploads\/2023\/02\/Covid-2023-576x576.jpg 576w\" sizes=\"auto, (max-width: 1200px) 100vw, 1200px\" \/><\/p>","protected":false},"excerpt":{"rendered":"<p>&nbsp;<\/p>","protected":false},"author":3,"featured_media":0,"parent":0,"menu_order":0,"comment_status":"closed","ping_status":"closed","template":"","meta":{"_acf_changed":false,"footnotes":""},"class_list":["post-17198","page","type-page","status-publish","hentry"],"acf":[],"yoast_head":"<!-- This site is optimized with the Yoast SEO Premium plugin v26.7 (Yoast SEO v26.7) - https:\/\/yoast.com\/wordpress\/plugins\/seo\/ -->\n<title>Count Basie Center for the Arts | COVID-19 Policy - Count Basie Center for the Arts<\/title>\n<meta name=\"description\" content=\"Up-to-date information on Count Basie Center entry policies as they pertain to the COVID-19 pandemic. Subject to change.\" \/>\n<meta name=\"robots\" content=\"index, follow, max-snippet:-1, max-image-preview:large, max-video-preview:-1\" \/>\n<link rel=\"canonical\" href=\"https:\/\/thebasie.org\/es\/covid-19\/\" \/>\n<meta property=\"og:locale\" content=\"es_MX\" \/>\n<meta property=\"og:type\" content=\"article\" \/>\n<meta property=\"og:title\" content=\"Count Basie Center for the Arts | COVID-19 Entry Policy\" \/>\n<meta property=\"og:description\" content=\"Up-to-date information on Basie Center entry policies as they pertain to...\" \/>\n<meta property=\"og:url\" content=\"https:\/\/thebasie.org\/es\/covid-19\/\" \/>\n<meta property=\"og:site_name\" content=\"Count Basie Center for the Arts\" \/>\n<meta property=\"article:publisher\" content=\"http:\/\/www.facebook.com\/basiecenter\" \/>\n<meta property=\"article:modified_time\" content=\"2023-02-23T23:05:12+00:00\" \/>\n<meta property=\"og:image\" content=\"https:\/\/thebasie.org\/wp-content\/uploads\/2021\/08\/Basie-Current-Safety-Protocols-August-23-2021-1200x630-1.jpg\" \/>\n\t<meta property=\"og:image:width\" content=\"1200\" \/>\n\t<meta property=\"og:image:height\" content=\"630\" \/>\n\t<meta property=\"og:image:type\" content=\"image\/jpeg\" \/>\n<meta name=\"twitter:card\" content=\"summary_large_image\" \/>\n<meta name=\"twitter:title\" content=\"&lt;center&gt;Count Basie Center for the Arts | COVID-19 Policy&lt;\/center&gt;\" \/>\n<meta name=\"twitter:site\" content=\"@basiecenter\" \/>\n<meta name=\"twitter:label1\" content=\"Tiempo de lectura\" \/>\n\t<meta name=\"twitter:data1\" content=\"1 minuto\" \/>\n<script type=\"application\/ld+json\" class=\"yoast-schema-graph\">{\"@context\":\"https:\/\/schema.org\",\"@graph\":[{\"@type\":\"WebPage\",\"@id\":\"https:\/\/thebasie.org\/covid19\/\",\"url\":\"https:\/\/thebasie.org\/covid19\/\",\"name\":\"Count Basie Center for the Arts | COVID-19 Policy - Count Basie Center for the Arts\",\"isPartOf\":{\"@id\":\"https:\/\/thebasie.org\/#website\"},\"primaryImageOfPage\":{\"@id\":\"https:\/\/thebasie.org\/covid19\/#primaryimage\"},\"image\":{\"@id\":\"https:\/\/thebasie.org\/covid19\/#primaryimage\"},\"thumbnailUrl\":\"https:\/\/thebasie.org\/wp-content\/uploads\/2023\/02\/Covid-2023.jpg\",\"datePublished\":\"2021-08-13T23:56:13+00:00\",\"dateModified\":\"2023-02-23T23:05:12+00:00\",\"description\":\"Up-to-date information on Count Basie Center entry policies as they pertain to the COVID-19 pandemic. Subject to change.\",\"breadcrumb\":{\"@id\":\"https:\/\/thebasie.org\/covid19\/#breadcrumb\"},\"inLanguage\":\"es\",\"potentialAction\":[{\"@type\":\"ReadAction\",\"target\":[\"https:\/\/thebasie.org\/covid19\/\"]}]},{\"@type\":\"ImageObject\",\"inLanguage\":\"es\",\"@id\":\"https:\/\/thebasie.org\/covid19\/#primaryimage\",\"url\":\"https:\/\/thebasie.org\/wp-content\/uploads\/2023\/02\/Covid-2023.jpg\",\"contentUrl\":\"https:\/\/thebasie.org\/wp-content\/uploads\/2023\/02\/Covid-2023.jpg\"},{\"@type\":\"BreadcrumbList\",\"@id\":\"https:\/\/thebasie.org\/covid19\/#breadcrumb\",\"itemListElement\":[{\"@type\":\"ListItem\",\"position\":1,\"name\":\"Home\",\"item\":\"https:\/\/thebasie.org\/\"},{\"@type\":\"ListItem\",\"position\":2,\"name\":\"Count Basie Center for the Arts | COVID-19 Policy\"}]},{\"@type\":\"WebSite\",\"@id\":\"https:\/\/thebasie.org\/#website\",\"url\":\"https:\/\/thebasie.org\/\",\"name\":\"Count Basie Center for the Arts\",\"description\":\"Count Basie Center for the Arts\",\"potentialAction\":[{\"@type\":\"SearchAction\",\"target\":{\"@type\":\"EntryPoint\",\"urlTemplate\":\"https:\/\/thebasie.org\/?s={search_term_string}\"},\"query-input\":{\"@type\":\"PropertyValueSpecification\",\"valueRequired\":true,\"valueName\":\"search_term_string\"}}],\"inLanguage\":\"es\"}]}<\/script>\n<!-- \/ Yoast SEO Premium plugin. -->","yoast_head_json":{"title":"Centro de las Artes Count Basie | Pol\u00edtica COVID-19 - Centro para las Artes Count Basie","description":"Informaci\u00f3n actualizada sobre las pol\u00edticas de ingreso al Count Basie Center en lo que respecta a la pandemia de COVID-19. Sujeto a cambios.","robots":{"index":"index","follow":"follow","max-snippet":"max-snippet:-1","max-image-preview":"max-image-preview:large","max-video-preview":"max-video-preview:-1"},"canonical":"https:\/\/thebasie.org\/es\/covid-19\/","og_locale":"es_MX","og_type":"article","og_title":"Count Basie Center for the Arts | COVID-19 Entry Policy","og_description":"Up-to-date information on Basie Center entry policies as they pertain to...","og_url":"https:\/\/thebasie.org\/es\/covid-19\/","og_site_name":"Count Basie Center for the Arts","article_publisher":"http:\/\/www.facebook.com\/basiecenter","article_modified_time":"2023-02-23T23:05:12+00:00","og_image":[{"width":1200,"height":630,"url":"https:\/\/thebasie.org\/wp-content\/uploads\/2021\/08\/Basie-Current-Safety-Protocols-August-23-2021-1200x630-1.jpg","type":"image\/jpeg"}],"twitter_card":"summary_large_image","twitter_title":"<center>Count Basie Center for the Arts | COVID-19 Policy<\/center>","twitter_site":"@basiecenter","twitter_misc":{"Tiempo de lectura":"1 minuto"},"schema":{"@context":"https:\/\/schema.org","@graph":[{"@type":"WebPage","@id":"https:\/\/thebasie.org\/covid19\/","url":"https:\/\/thebasie.org\/covid19\/","name":"Centro de las Artes Count Basie | Pol\u00edtica COVID-19 - Centro para las Artes Count Basie","isPartOf":{"@id":"https:\/\/thebasie.org\/#website"},"primaryImageOfPage":{"@id":"https:\/\/thebasie.org\/covid19\/#primaryimage"},"image":{"@id":"https:\/\/thebasie.org\/covid19\/#primaryimage"},"thumbnailUrl":"https:\/\/thebasie.org\/wp-content\/uploads\/2023\/02\/Covid-2023.jpg","datePublished":"2021-08-13T23:56:13+00:00","dateModified":"2023-02-23T23:05:12+00:00","description":"Informaci\u00f3n actualizada sobre las pol\u00edticas de ingreso al Count Basie Center en lo que respecta a la pandemia de COVID-19. Sujeto a cambios.","breadcrumb":{"@id":"https:\/\/thebasie.org\/covid19\/#breadcrumb"},"inLanguage":"es","potentialAction":[{"@type":"ReadAction","target":["https:\/\/thebasie.org\/covid19\/"]}]},{"@type":"ImageObject","inLanguage":"es","@id":"https:\/\/thebasie.org\/covid19\/#primaryimage","url":"https:\/\/thebasie.org\/wp-content\/uploads\/2023\/02\/Covid-2023.jpg","contentUrl":"https:\/\/thebasie.org\/wp-content\/uploads\/2023\/02\/Covid-2023.jpg"},{"@type":"BreadcrumbList","@id":"https:\/\/thebasie.org\/covid19\/#breadcrumb","itemListElement":[{"@type":"ListItem","position":1,"name":"Home","item":"https:\/\/thebasie.org\/"},{"@type":"ListItem","position":2,"name":"Count Basie Center for the Arts | COVID-19 Policy"}]},{"@type":"WebSite","@id":"https:\/\/thebasie.org\/#website","url":"https:\/\/thebasie.org\/","name":"Count Basie Center for the Arts","description":"Count Basie Center for the Arts","potentialAction":[{"@type":"SearchAction","target":{"@type":"EntryPoint","urlTemplate":"https:\/\/thebasie.org\/?s={search_term_string}"},"query-input":{"@type":"PropertyValueSpecification","valueRequired":true,"valueName":"search_term_string"}}],"inLanguage":"es"}]}},"_links":{"self":[{"href":"https:\/\/thebasie.org\/es\/wp-json\/wp\/v2\/pages\/17198","targetHints":{"allow":["GET"]}}],"collection":[{"href":"https:\/\/thebasie.org\/es\/wp-json\/wp\/v2\/pages"}],"about":[{"href":"https:\/\/thebasie.org\/es\/wp-json\/wp\/v2\/types\/page"}],"author":[{"embeddable":true,"href":"https:\/\/thebasie.org\/es\/wp-json\/wp\/v2\/users\/3"}],"replies":[{"embeddable":true,"href":"https:\/\/thebasie.org\/es\/wp-json\/wp\/v2\/comments?post=17198"}],"version-history":[{"count":0,"href":"https:\/\/thebasie.org\/es\/wp-json\/wp\/v2\/pages\/17198\/revisions"}],"wp:attachment":[{"href":"https:\/\/thebasie.org\/es\/wp-json\/wp\/v2\/media?parent=17198"}],"curies":[{"name":"Gracias","href":"https:\/\/api.w.org\/{rel}","templated":true}]}}