{"id":16,"date":"2017-03-16T20:55:47","date_gmt":"2017-03-16T20:55:47","guid":{"rendered":"https:\/\/thebasie.org\/?page_id=16"},"modified":"2024-04-05T00:21:16","modified_gmt":"2024-04-05T04:21:16","slug":"llegando-aqui","status":"publish","type":"page","link":"https:\/\/thebasie.org\/es\/llegando-aqui\/","title":{"rendered":"Direcciones + Estacionamiento"},"content":{"rendered":"<p>&nbsp;<\/p>\n<p>El Centro para las Artes Count Basie est\u00e1 ubicado en el coraz\u00f3n de Red Bank, Nueva Jersey, y es f\u00e1cilmente accesible a trav\u00e9s de las carreteras principales (Garden State Parkway, Rutas 18, 35, 36, 520) y New Jersey Transit. Utilice Google Maps a continuaci\u00f3n para trazar direcciones al teatro.<\/p>\n<p>Los usuarios de New Jersey Transit pueden tomar cualquier tren en la v\u00eda de la costa norte de Jersey directamente a Red Bank. La parada de Red Bank, ubicada a solo tres cuadras al oeste de Basie, est\u00e1 aproximadamente a una hora de la ciudad de Nueva York. Para obtener m\u00e1s informaci\u00f3n sobre los horarios de New Jersey Transit, incluidas las rutas de autob\u00fas, visite <a href=\"http:\/\/www.njtransit.com\/rg\/rg_servlet.srv?hdnPageAction=TrainStationLookupFrom&amp;selStation=130\">www.njtransit.com<\/a>.<\/p>\n<p><a href=\"https:\/\/www.google.com\/maps\/place\/99+Monmouth+St,+Red+Bank,+NJ+07701\/@40.348895,-74.0723867,17z\/data=!3m1!4b1!4m5!3m4!1s0x89c23036645ebcab:0x923bf965446955ca!8m2!3d40.348895!4d-74.070198\"><img loading=\"lazy\" decoding=\"async\" class=\"alignright size-full wp-image-478\" style=\"margin-top: 30px;\" src=\"https:\/\/thebasie.org\/wp-content\/uploads\/2017\/03\/Google-Maps-Image.jpg\" alt=\"\" width=\"1500\" height=\"549\" srcset=\"https:\/\/thebasie.org\/wp-content\/uploads\/2017\/03\/Google-Maps-Image.jpg 1500w, https:\/\/thebasie.org\/wp-content\/uploads\/2017\/03\/Google-Maps-Image-300x110.jpg 300w, https:\/\/thebasie.org\/wp-content\/uploads\/2017\/03\/Google-Maps-Image-768x281.jpg 768w, https:\/\/thebasie.org\/wp-content\/uploads\/2017\/03\/Google-Maps-Image-1024x375.jpg 1024w\" sizes=\"auto, (max-width: 1500px) 100vw, 1500px\" \/><\/a><\/p>\n<p><img loading=\"lazy\" decoding=\"async\" class=\"alignnone wp-image-5711 size-full\" style=\"margin-top: 60px;\" src=\"https:\/\/thebasie.org\/wp-content\/uploads\/2018\/05\/PARKING-MAP-BASIE-2018-03-23.gif\" alt=\"RED BANK, Nueva Jersey GU\u00cdA DE APARCAMIENTO1. Estacionamiento de la estaci\u00f3n de tren de Red BankPermite estacionar solo hasta las 11 a. m. Estacionamiento p\u00fablico gratuito despu\u00e9s de las 11 a. m. 2. Estacionamiento de la estaci\u00f3n de tren de Red BankPermite estacionamiento solo hasta las 11 a. m. Estacionamiento p\u00fablico gratuito despu\u00e9s de las 11 a. m. 3. Estacionamiento de NJ Transit Chestnut StPermite estacionamiento solo hasta las 11 a. m. Estacionamiento p\u00fablico gratuito despu\u00e9s de las 11 a. m.4 .Estacionamiento de NJ Transit Chestnut StPermitir estacionamiento solo hasta las 11 a. m. Estacionamiento p\u00fablico gratuito despu\u00e9s de las 11 a. m. 5. Garaje Pazzo Estacionamiento p\u00fablico de pago 6. Lote de White Street Estacionamiento p\u00fablico de pago como se indica Permitir estacionamiento solo en espacios designados de 9 a. m. a 2 p. m. 7. Lote de Gold Street Estacionamiento p\u00fablico de pago como se indica Permitir estacionamiento solo en espacios designados espacios de 9 a. m. a 2 p. m. 8. Lote de English Plaza Estacionamiento p\u00fablico de pago 9. Lote peque\u00f1o de Mechanic Street Estacionamiento p\u00fablico de pago 10. Lotes del lado este (lotes de Mechanic y Wallace Street) Estacionamiento p\u00fablico de pago como se indica: Permita el estacionamiento solo en los espacios designados; ciertos espacios permiten estacionamiento de 9 a. m. a 2 p. m. o de 6 a. m. a 6 p. m. ESTACIONAMIENTO DE PROXIMIDAD Centro Count Basie Estacionamiento de proximidad Estacionamiento de pago. La disponibilidad var\u00eda seg\u00fan el espect\u00e1culo y es posible que la informaci\u00f3n sobre el estacionamiento para su evento no est\u00e9 disponible hasta unas semanas antes del horario del espect\u00e1culo. Vuelva a visitar theBASIE.org despu\u00e9s de haber comprado sus boletos para ver si el estacionamiento de proximidad est\u00e1 disponible. Count Basie Center for the Arts 99 Monmouth St, Red Bank, NJ 07701732-842-9000 \u2022 TheBASIE.org Bajo ninguna circunstancia los clientes deben estacionar en lotes de su propiedad. por Avis, Buona Sera, City Center Plaza, Firestone o cualquier otra empresa del \u00e1rea. Estas son propiedades privadas y los infractores pueden ser remolcados por su cuenta.\" width=\"1728\" height=\"3312\" \/><\/p>\n<p>&nbsp;<\/p>\n<p>&nbsp;<\/p>","protected":false},"excerpt":{"rendered":"<p>&nbsp; El Centro para las Artes Count Basie est\u00e1 ubicado en el coraz\u00f3n de Red Bank, Nueva Jersey, y es f\u00e1cilmente accesible a trav\u00e9s de las carreteras principales (Garden State Parkway, Rutas 18, 35, 36, 520) y New Jersey Transit. Utilice Google Maps a continuaci\u00f3n para trazar direcciones al teatro. Los usuarios de New Jersey Transit pueden tomar cualquier tren en [\u2026]<\/p>","protected":false},"author":1,"featured_media":0,"parent":0,"menu_order":0,"comment_status":"closed","ping_status":"closed","template":"","meta":{"_acf_changed":false,"footnotes":""},"class_list":["post-16","page","type-page","status-publish","hentry"],"acf":[],"yoast_head":"<!-- This site is optimized with the Yoast SEO Premium plugin v26.7 (Yoast SEO v26.7) - https:\/\/yoast.com\/wordpress\/plugins\/seo\/ -->\n<title>Directions and Parking - Count Basie Theatre<\/title>\n<meta name=\"robots\" content=\"index, follow, max-snippet:-1, max-image-preview:large, max-video-preview:-1\" \/>\n<link rel=\"canonical\" href=\"https:\/\/thebasie.org\/es\/llegando-aqui\/\" \/>\n<meta property=\"og:locale\" content=\"es_MX\" \/>\n<meta property=\"og:type\" content=\"article\" \/>\n<meta property=\"og:title\" content=\"Directions + Parking\" \/>\n<meta property=\"og:description\" content=\"&nbsp; The Count Basie Center for the Arts is located in the heart of Red Bank, New Jersey &#8212; easily accessible via major roadways (Garden State Parkway, Routes 18, 35, 36, 520) and New Jersey Transit. Use Google Maps below to chart directions to the theatre. New Jersey Transit riders can take any train on [&hellip;]\" \/>\n<meta property=\"og:url\" content=\"https:\/\/thebasie.org\/es\/llegando-aqui\/\" \/>\n<meta property=\"og:site_name\" content=\"Count Basie Center for the Arts\" \/>\n<meta property=\"article:publisher\" content=\"http:\/\/www.facebook.com\/basiecenter\" \/>\n<meta property=\"article:modified_time\" content=\"2024-04-05T04:21:16+00:00\" \/>\n<meta property=\"og:image\" content=\"https:\/\/thebasie.org\/wp-content\/uploads\/2017\/03\/Google-Maps-Image.jpg\" \/>\n<meta name=\"twitter:card\" content=\"summary_large_image\" \/>\n<meta name=\"twitter:site\" content=\"@basiecenter\" \/>\n<meta name=\"twitter:label1\" content=\"Tiempo de lectura\" \/>\n\t<meta name=\"twitter:data1\" content=\"1 minuto\" \/>\n<script type=\"application\/ld+json\" class=\"yoast-schema-graph\">{\"@context\":\"https:\/\/schema.org\",\"@graph\":[{\"@type\":\"WebPage\",\"@id\":\"https:\/\/thebasie.org\/gettinghere\/\",\"url\":\"https:\/\/thebasie.org\/gettinghere\/\",\"name\":\"Directions and Parking - Count Basie Theatre\",\"isPartOf\":{\"@id\":\"https:\/\/thebasie.org\/#website\"},\"primaryImageOfPage\":{\"@id\":\"https:\/\/thebasie.org\/gettinghere\/#primaryimage\"},\"image\":{\"@id\":\"https:\/\/thebasie.org\/gettinghere\/#primaryimage\"},\"thumbnailUrl\":\"https:\/\/thebasie.org\/wp-content\/uploads\/2017\/03\/Google-Maps-Image.jpg\",\"datePublished\":\"2017-03-16T20:55:47+00:00\",\"dateModified\":\"2024-04-05T04:21:16+00:00\",\"breadcrumb\":{\"@id\":\"https:\/\/thebasie.org\/gettinghere\/#breadcrumb\"},\"inLanguage\":\"es\",\"potentialAction\":[{\"@type\":\"ReadAction\",\"target\":[\"https:\/\/thebasie.org\/gettinghere\/\"]}]},{\"@type\":\"ImageObject\",\"inLanguage\":\"es\",\"@id\":\"https:\/\/thebasie.org\/gettinghere\/#primaryimage\",\"url\":\"https:\/\/thebasie.org\/wp-content\/uploads\/2017\/03\/Google-Maps-Image.jpg\",\"contentUrl\":\"https:\/\/thebasie.org\/wp-content\/uploads\/2017\/03\/Google-Maps-Image.jpg\"},{\"@type\":\"BreadcrumbList\",\"@id\":\"https:\/\/thebasie.org\/gettinghere\/#breadcrumb\",\"itemListElement\":[{\"@type\":\"ListItem\",\"position\":1,\"name\":\"Home\",\"item\":\"https:\/\/thebasie.org\/\"},{\"@type\":\"ListItem\",\"position\":2,\"name\":\"Directions + Parking\"}]},{\"@type\":\"WebSite\",\"@id\":\"https:\/\/thebasie.org\/#website\",\"url\":\"https:\/\/thebasie.org\/\",\"name\":\"Count Basie Center for the Arts\",\"description\":\"Count Basie Center for the Arts\",\"potentialAction\":[{\"@type\":\"SearchAction\",\"target\":{\"@type\":\"EntryPoint\",\"urlTemplate\":\"https:\/\/thebasie.org\/?s={search_term_string}\"},\"query-input\":{\"@type\":\"PropertyValueSpecification\",\"valueRequired\":true,\"valueName\":\"search_term_string\"}}],\"inLanguage\":\"es\"}]}<\/script>\n<!-- \/ Yoast SEO Premium plugin. -->","yoast_head_json":{"title":"Direcciones y estacionamiento - Teatro Count Basie","robots":{"index":"index","follow":"follow","max-snippet":"max-snippet:-1","max-image-preview":"max-image-preview:large","max-video-preview":"max-video-preview:-1"},"canonical":"https:\/\/thebasie.org\/es\/llegando-aqui\/","og_locale":"es_MX","og_type":"article","og_title":"Directions + Parking","og_description":"&nbsp; The Count Basie Center for the Arts is located in the heart of Red Bank, New Jersey &#8212; easily accessible via major roadways (Garden State Parkway, Routes 18, 35, 36, 520) and New Jersey Transit. Use Google Maps below to chart directions to the theatre. New Jersey Transit riders can take any train on [&hellip;]","og_url":"https:\/\/thebasie.org\/es\/llegando-aqui\/","og_site_name":"Count Basie Center for the Arts","article_publisher":"http:\/\/www.facebook.com\/basiecenter","article_modified_time":"2024-04-05T04:21:16+00:00","og_image":[{"url":"https:\/\/thebasie.org\/wp-content\/uploads\/2017\/03\/Google-Maps-Image.jpg","type":"","width":"","height":""}],"twitter_card":"summary_large_image","twitter_site":"@basiecenter","twitter_misc":{"Tiempo de lectura":"1 minuto"},"schema":{"@context":"https:\/\/schema.org","@graph":[{"@type":"WebPage","@id":"https:\/\/thebasie.org\/gettinghere\/","url":"https:\/\/thebasie.org\/gettinghere\/","name":"Direcciones y estacionamiento - Teatro Count Basie","isPartOf":{"@id":"https:\/\/thebasie.org\/#website"},"primaryImageOfPage":{"@id":"https:\/\/thebasie.org\/gettinghere\/#primaryimage"},"image":{"@id":"https:\/\/thebasie.org\/gettinghere\/#primaryimage"},"thumbnailUrl":"https:\/\/thebasie.org\/wp-content\/uploads\/2017\/03\/Google-Maps-Image.jpg","datePublished":"2017-03-16T20:55:47+00:00","dateModified":"2024-04-05T04:21:16+00:00","breadcrumb":{"@id":"https:\/\/thebasie.org\/gettinghere\/#breadcrumb"},"inLanguage":"es","potentialAction":[{"@type":"ReadAction","target":["https:\/\/thebasie.org\/gettinghere\/"]}]},{"@type":"ImageObject","inLanguage":"es","@id":"https:\/\/thebasie.org\/gettinghere\/#primaryimage","url":"https:\/\/thebasie.org\/wp-content\/uploads\/2017\/03\/Google-Maps-Image.jpg","contentUrl":"https:\/\/thebasie.org\/wp-content\/uploads\/2017\/03\/Google-Maps-Image.jpg"},{"@type":"BreadcrumbList","@id":"https:\/\/thebasie.org\/gettinghere\/#breadcrumb","itemListElement":[{"@type":"ListItem","position":1,"name":"Home","item":"https:\/\/thebasie.org\/"},{"@type":"ListItem","position":2,"name":"Directions + Parking"}]},{"@type":"WebSite","@id":"https:\/\/thebasie.org\/#website","url":"https:\/\/thebasie.org\/","name":"Count Basie Center for the Arts","description":"Count Basie Center for the Arts","potentialAction":[{"@type":"SearchAction","target":{"@type":"EntryPoint","urlTemplate":"https:\/\/thebasie.org\/?s={search_term_string}"},"query-input":{"@type":"PropertyValueSpecification","valueRequired":true,"valueName":"search_term_string"}}],"inLanguage":"es"}]}},"_links":{"self":[{"href":"https:\/\/thebasie.org\/es\/wp-json\/wp\/v2\/pages\/16","targetHints":{"allow":["GET"]}}],"collection":[{"href":"https:\/\/thebasie.org\/es\/wp-json\/wp\/v2\/pages"}],"about":[{"href":"https:\/\/thebasie.org\/es\/wp-json\/wp\/v2\/types\/page"}],"author":[{"embeddable":true,"href":"https:\/\/thebasie.org\/es\/wp-json\/wp\/v2\/users\/1"}],"replies":[{"embeddable":true,"href":"https:\/\/thebasie.org\/es\/wp-json\/wp\/v2\/comments?post=16"}],"version-history":[{"count":0,"href":"https:\/\/thebasie.org\/es\/wp-json\/wp\/v2\/pages\/16\/revisions"}],"wp:attachment":[{"href":"https:\/\/thebasie.org\/es\/wp-json\/wp\/v2\/media?parent=16"}],"curies":[{"name":"Gracias","href":"https:\/\/api.w.org\/{rel}","templated":true}]}}