{"id":15729,"date":"2021-04-02T01:39:38","date_gmt":"2021-04-02T05:39:38","guid":{"rendered":"https:\/\/thebasie.org\/?page_id=15729"},"modified":"2021-09-17T16:52:09","modified_gmt":"2021-09-17T20:52:09","slug":"festival-de-cine-estudiante-2021","status":"publish","type":"page","link":"https:\/\/thebasie.org\/es\/festival-de-cine-estudiante-2021\/","title":{"rendered":"Film Fest 2021 \u2013 P\u00e1gina de exhibici\u00f3n de videos"},"content":{"rendered":"<style type=\"text\/css\">body {background-color: #000;} .logos-bar-mobile {background-color: #fff;} .award2020 {color: #febd11; font-family: 'Montserrat', Arial, sans-serif; font-weight: bold; text-transform: uppercase; letter-spacing: 2px; font-size: 15px;} .virtual-learning-video-wrapper {padding: 1.6% 1% 0.5% 1%; background-image: linear-gradient(to bottom, #000, #999); text-align: center; margin-bottom: 30px;} .virtual-learning-video { width: 360px; display: inline-block; margin: 1.6%; background-color: none;} .iframe-container{ position: relative; width: 100%; padding-bottom: 56.25%; height: 0;}.iframe-container iframe{ position: absolute;  top:0;  left: 0;  width: 100%;  height: 100%;} .film-title {margin-top: 16px; color: #fff; padding: 0px; font-family: 'Montserrat', Arial, sans-serif; font-weight: bold; font-size: 18px; display: block;} .film-creator {color: #fff; padding: 0px;} .basiepromo { text-align: center; } .basiepromo h2 { margin-top: 0px; padding: 0px 20px; color: #ffffff; } .basiepromo h4 { color: #ffffff; margin-bottom: 0px; } .basiepromoimage { max-width: 435px; margin-bottom: 25px !important; padding: 0px !important; } .basiepromorule { clear: both; margin-bottom: 40px; } .title-basiepromo { color: #ffffff; font-size: 46px; letter-spacing: 2px; text-align: center; } .basiepromolisting { max-width: 380px; display: inline-block; margin-right: 14px; margin-left: 14px; margin-bottom: 40px; text-align: center; vertical-align: top; min-height: 500px; background-color: #9dc9dc; } .btn { min-width: 250px !important; margin-bottom: 15px; } } @media screen and (max-width:600px) {  .basiepromolisting { min-height: 400px; }  } <\/style>\n<p><img loading=\"lazy\" decoding=\"async\" class=\"alignnone size-full wp-image-15730\" src=\"https:\/\/thebasie.org\/wp-content\/uploads\/2021\/04\/FILM-FEST-OFFICIAL-SELECTIONS-2021.jpg\" alt=\"\" width=\"1240\" height=\"651\" srcset=\"https:\/\/thebasie.org\/wp-content\/uploads\/2021\/04\/FILM-FEST-OFFICIAL-SELECTIONS-2021.jpg 1240w, https:\/\/thebasie.org\/wp-content\/uploads\/2021\/04\/FILM-FEST-OFFICIAL-SELECTIONS-2021-300x158.jpg 300w, https:\/\/thebasie.org\/wp-content\/uploads\/2021\/04\/FILM-FEST-OFFICIAL-SELECTIONS-2021-1024x538.jpg 1024w, https:\/\/thebasie.org\/wp-content\/uploads\/2021\/04\/FILM-FEST-OFFICIAL-SELECTIONS-2021-768x403.jpg 768w\" sizes=\"auto, (max-width: 1240px) 100vw, 1240px\" \/><\/p>\n<div class=\"virtual-learning-video-wrapper\">\n<p><span style=\"font-family: 'Montserrat', Arial, sans-serif; font-weight: bold; font-size: 36px; color: #fff; letter-spacing: 3px;\">ESCUELA INTERMEDIA<\/span><\/p>\n<div class=\"virtual-learning-video\">\n<p><span class=\"award2020\">Mejor Animaci\u00f3n<br \/>\nEscuela intermedia<\/span><\/p>\n<div class=\"iframe-container\"><iframe loading=\"lazy\" src=\"https:\/\/www.youtube.com\/embed\/_9h1mNHr_5A\" width=\"560\" height=\"315\" frameborder=\"0\" allowfullscreen=\"allowfullscreen\"><\/iframe><\/div>\n<p><span class=\"film-title\">Los alien\u00edgenas de Tit\u00e1n episodio uno<\/span><span class=\"film-creator\">Charlie Cosgrove<\/span><\/p>\n<\/div>\n<div class=\"virtual-learning-video\">\n<p><span class=\"award2020\">Mejor Documental<br \/>\nEscuela intermedia<\/span><\/p>\n<div class=\"iframe-container\"><iframe loading=\"lazy\" src=\"https:\/\/www.youtube.com\/embed\/-SYBm7-64wU\" width=\"560\" height=\"315\" frameborder=\"0\" allowfullscreen=\"allowfullscreen\"><\/iframe><\/div>\n<p><span class=\"film-title\">Debajo de la piel<\/span><span class=\"film-creator\">Portia China\/Melia Hillman<\/span><\/p>\n<\/div>\n<\/div>\n<div class=\"virtual-learning-video-wrapper\">\n<p><span style=\"font-family: 'Montserrat', Arial, sans-serif; font-weight: bold; font-size: 36px; color: #fff; letter-spacing: 3px;\">ESCUELA SECUNDARIA<\/span><\/p>\n<div class=\"virtual-learning-video\">\n<div class=\"iframe-container\"><iframe loading=\"lazy\" src=\"https:\/\/www.youtube.com\/embed\/ghDJoCypVUc\" width=\"560\" height=\"315\" frameborder=\"0\" allowfullscreen=\"allowfullscreen\"><\/iframe><\/div>\n<p><span class=\"film-title\">La m\u00e1scara<\/span><span class=\"film-creator\">Will Dienes<\/span><\/p>\n<\/div>\n<div class=\"virtual-learning-video\">\n<div class=\"iframe-container\"><iframe loading=\"lazy\" src=\"https:\/\/www.youtube.com\/embed\/DVNcy5TME7Y\" width=\"560\" height=\"315\" frameborder=\"0\" allowfullscreen=\"allowfullscreen\"><\/iframe><\/div>\n<p><span class=\"film-title\">cuando estamos solos<\/span><span class=\"film-creator\">Jaida Louie-Hollis<\/span><\/p>\n<\/div>\n<div class=\"virtual-learning-video\">\n<div class=\"iframe-container\"><iframe loading=\"lazy\" src=\"https:\/\/www.youtube.com\/embed\/FyS1aN1v1iw\" width=\"560\" height=\"315\" frameborder=\"0\" allowfullscreen=\"allowfullscreen\"><\/iframe><\/div>\n<p><span class=\"film-title\">Un paseo por Brooklyn<\/span><span class=\"film-creator\">Caitlin Bieri<\/span><\/p>\n<\/div>\n<div class=\"virtual-learning-video\">\n<div class=\"iframe-container\"><iframe loading=\"lazy\" src=\"https:\/\/www.youtube.com\/embed\/YzN_EGWlncQ\" width=\"560\" height=\"315\" frameborder=\"0\" allowfullscreen=\"allowfullscreen\"><\/iframe><\/div>\n<p><span class=\"film-title\">Club de teatro BTHS<\/span><span class=\"film-creator\">Sean Thunk<\/span><\/p>\n<\/div>\n<div class=\"virtual-learning-video\">\n<p><span class=\"award2020\">Mejor documental de secundaria<br \/>\nMejor Direcci\u00f3n Escuela Secundaria<\/span><\/p>\n<div class=\"iframe-container\"><iframe loading=\"lazy\" src=\"https:\/\/www.youtube.com\/embed\/arlhm6FstEM\" width=\"560\" height=\"315\" frameborder=\"0\" allowfullscreen=\"allowfullscreen\"><\/iframe><\/div>\n<p><span class=\"film-title\">Ondas en el tiempo... Un nuevo museo llega a Cape May<\/span><span class=\"film-creator\">Eleni DeSantis<\/span><\/p>\n<\/div>\n<div class=\"virtual-learning-video\">\n<div class=\"iframe-container\"><iframe loading=\"lazy\" src=\"https:\/\/www.youtube.com\/embed\/VgdylZMSiXU\" width=\"560\" height=\"315\" frameborder=\"0\" allowfullscreen=\"allowfullscreen\"><\/iframe><\/div>\n<p><span class=\"film-title\">\u00bfPor qu\u00e9 saltas?<\/span><span class=\"film-creator\">Tyrone Shields\/Joe Guzzone<\/span><\/p>\n<\/div>\n<div class=\"virtual-learning-video\">\n<div class=\"iframe-container\"><iframe loading=\"lazy\" src=\"https:\/\/www.youtube.com\/embed\/2X50JSgxpBs\" width=\"560\" height=\"315\" frameborder=\"0\" allowfullscreen=\"allowfullscreen\"><\/iframe><\/div>\n<p><span class=\"film-title\">(M)mejor amiga<\/span><span class=\"film-creator\">Tori Dillon<\/span><\/p>\n<\/div>\n<div class=\"virtual-learning-video\">\n<div class=\"iframe-container\"><iframe loading=\"lazy\" src=\"https:\/\/www.youtube.com\/embed\/u-hESESsYRw\" width=\"560\" height=\"315\" frameborder=\"0\" allowfullscreen=\"allowfullscreen\"><\/iframe><\/div>\n<p><span class=\"film-title\">\u00c1rbol de familia<\/span><span class=\"film-creator\">Leah Lichtenfeld<\/span><\/p>\n<\/div>\n<div class=\"virtual-learning-video\">\n<p><span class=\"award2020\">Mejor Pel\u00edcula Narrativa<br \/>\nEscuela secundaria<\/span><\/p>\n<div class=\"iframe-container\"><iframe loading=\"lazy\" src=\"https:\/\/www.youtube.com\/embed\/Lk3Ao3tjfQE\" width=\"560\" height=\"315\" frameborder=\"0\" allowfullscreen=\"allowfullscreen\"><\/iframe><\/div>\n<p><span class=\"film-title\">Dolores de crecimiento<\/span><span class=\"film-creator\">Jennifer Ruiz-Gonz\u00e1lez<\/span><\/p>\n<\/div>\n<div class=\"virtual-learning-video\">\n<div class=\"iframe-container\"><iframe loading=\"lazy\" src=\"https:\/\/www.youtube.com\/embed\/VdkbIxMZxO8\" width=\"560\" height=\"315\" frameborder=\"0\" allowfullscreen=\"allowfullscreen\"><\/iframe><\/div>\n<p><span class=\"film-title\">Vida despu\u00e9s de la muerte<\/span><span class=\"film-creator\">Sophie Jackson\/Maura Collins<\/span><\/p>\n<\/div>\n<div class=\"virtual-learning-video\">\n<div class=\"iframe-container\"><iframe loading=\"lazy\" src=\"https:\/\/www.youtube.com\/embed\/F03JZJeUmog\" width=\"560\" height=\"315\" frameborder=\"0\" allowfullscreen=\"allowfullscreen\"><\/iframe><\/div>\n<p><span class=\"film-title\">El regalo no correspondido de la naturaleza<\/span><span class=\"film-creator\">kris patel<\/span><\/p>\n<\/div>\n<div class=\"virtual-learning-video\">\n<p><span class=\"award2020\">Mejor interpretaci\u00f3n actoral<br \/>\nEscuela secundaria<br \/>\nEduardo Sambucci<br \/>\ncomo donald<br \/>\n<\/span><\/p>\n<div class=\"iframe-container\"><iframe loading=\"lazy\" src=\"https:\/\/www.youtube.com\/embed\/TNsFRndPqvA\" width=\"560\" height=\"315\" frameborder=\"0\" allowfullscreen=\"allowfullscreen\"><\/iframe><\/div>\n<p><span class=\"film-title\">S\u00f3lo un tonto<\/span><span class=\"film-creator\">Gabriel Werts<\/span><\/p>\n<\/div>\n<div class=\"virtual-learning-video\">\n<div class=\"iframe-container\"><iframe loading=\"lazy\" src=\"https:\/\/www.youtube.com\/embed\/Qc95Md1d0FU\" width=\"560\" height=\"315\" frameborder=\"0\" allowfullscreen=\"allowfullscreen\"><\/iframe><\/div>\n<p><span class=\"film-title\">Afilado<\/span><span class=\"film-creator\">Daniel Dollase<\/span><\/p>\n<\/div>\n<div class=\"virtual-learning-video\">\n<div class=\"iframe-container\"><iframe loading=\"lazy\" src=\"https:\/\/www.youtube.com\/embed\/FnWCA2aclO4\" width=\"560\" height=\"315\" frameborder=\"0\" allowfullscreen=\"allowfullscreen\"><\/iframe><\/div>\n<p><span class=\"film-title\">Paso 1: identificar el problema<\/span><span class=\"film-creator\">Sofia Consalvo<\/span><\/p>\n<\/div>\n<div class=\"virtual-learning-video\">\n<p><span class=\"award2020\">Favorito del p\u00fablico<br \/>\n2021<\/span><\/p>\n<div class=\"iframe-container\"><iframe loading=\"lazy\" src=\"https:\/\/www.youtube.com\/embed\/K6Dke0oMGv4\" width=\"560\" height=\"315\" frameborder=\"0\" allowfullscreen=\"allowfullscreen\"><\/iframe><\/div>\n<p><span class=\"film-title\">El faro-hielo italiano<\/span><span class=\"film-creator\">Tyrone Shields\/Joe Guzzone<\/span><\/p>\n<\/div>\n<div class=\"virtual-learning-video\">\n<div class=\"iframe-container\"><iframe loading=\"lazy\" src=\"https:\/\/www.youtube.com\/embed\/cDJ9BWFAl_E\" width=\"560\" height=\"315\" frameborder=\"0\" allowfullscreen=\"allowfullscreen\"><\/iframe><\/div>\n<p><span class=\"film-title\">El cielo detr\u00e1s de las nubes<\/span><span class=\"film-creator\">Chris Zou<\/span><\/p>\n<\/div>\n<div class=\"virtual-learning-video\">\n<div class=\"iframe-container\"><iframe loading=\"lazy\" src=\"https:\/\/www.youtube.com\/embed\/pvk8jFwiHI0\" width=\"560\" height=\"315\" frameborder=\"0\" allowfullscreen=\"allowfullscreen\"><\/iframe><\/div>\n<p><span class=\"film-title\">La madera blanca<\/span><span class=\"film-creator\">sophie jackson<\/span><\/p>\n<\/div>\n<div class=\"virtual-learning-video\">\n<div class=\"iframe-container\"><iframe loading=\"lazy\" src=\"https:\/\/www.youtube.com\/embed\/9-x5yDg9k9w\" width=\"560\" height=\"315\" frameborder=\"0\" allowfullscreen=\"allowfullscreen\"><\/iframe><\/div>\n<p><span class=\"film-title\">Hasta el \u00faltimo sorbo<\/span><span class=\"film-creator\">Christopher Gladden<\/span><\/p>\n<\/div>\n<\/div>\n<div class=\"virtual-learning-video-wrapper\">\n<p><span style=\"font-family: 'Montserrat', Arial, sans-serif; font-weight: bold; font-size: 36px; color: #fff; letter-spacing: 3px;\">COLEGA<\/span><\/p>\n<div class=\"virtual-learning-video\">\n<p><span class=\"award2020\">Mejor Documental<br \/>\nColega<\/span><\/p>\n<div class=\"iframe-container\"><iframe loading=\"lazy\" src=\"https:\/\/www.youtube.com\/embed\/etsETBN7AwA\" width=\"560\" height=\"315\" frameborder=\"0\" allowfullscreen=\"allowfullscreen\"><\/iframe><\/div>\n<p><span class=\"film-title\">El alcalde<\/span><span class=\"film-creator\">Carlie Falotico<\/span><\/p>\n<\/div>\n<div class=\"virtual-learning-video\">\n<div class=\"iframe-container\"><iframe loading=\"lazy\" src=\"https:\/\/www.youtube.com\/embed\/w9b2Cee_hFc\" width=\"560\" height=\"315\" frameborder=\"0\" allowfullscreen=\"allowfullscreen\"><\/iframe><\/div>\n<p><span class=\"film-title\">Apetito<\/span><span class=\"film-creator\">Maddy Freeman<\/span><\/p>\n<\/div>\n<div class=\"virtual-learning-video\">\n<p><span class=\"award2020\">Mejor interpretaci\u00f3n actoral<br \/>\nColega<br \/>\nKenneth Shook<br \/>\ncomo Wes Richards<\/span><\/p>\n<div class=\"iframe-container\"><iframe loading=\"lazy\" src=\"https:\/\/www.youtube.com\/embed\/Wt3GPSE_Vjw\" width=\"560\" height=\"315\" frameborder=\"0\" allowfullscreen=\"allowfullscreen\"><\/iframe><\/div>\n<p><span class=\"film-title\">Muerte cerebral<\/span><span class=\"film-creator\">Ian R. panadero<\/span><\/p>\n<\/div>\n<div class=\"virtual-learning-video\">\n<div class=\"iframe-container\"><iframe loading=\"lazy\" src=\"https:\/\/www.youtube.com\/embed\/0zp_OfsKX0k\" width=\"560\" height=\"315\" frameborder=\"0\" allowfullscreen=\"allowfullscreen\"><\/iframe><\/div>\n<p><span class=\"film-title\">Cuerpo del delito<\/span><span class=\"film-creator\">Charlee Reiff<\/span><\/p>\n<\/div>\n<div class=\"virtual-learning-video\">\n<div class=\"iframe-container\"><iframe loading=\"lazy\" src=\"https:\/\/www.youtube.com\/embed\/YNf2Jok1NMQ\" width=\"560\" height=\"315\" frameborder=\"0\" allowfullscreen=\"allowfullscreen\"><\/iframe><\/div>\n<p><span class=\"film-title\">Nunca dije adios<\/span><span class=\"film-creator\">Vaughn Battista<\/span><\/p>\n<\/div>\n<div class=\"virtual-learning-video\">\n<div class=\"iframe-container\"><iframe loading=\"lazy\" src=\"https:\/\/www.youtube.com\/embed\/Tg1_IPBUY4M\" width=\"560\" height=\"315\" frameborder=\"0\" allowfullscreen=\"allowfullscreen\"><\/iframe><\/div>\n<p><span class=\"film-title\">Amar a todo<\/span><span class=\"film-creator\">A. Roux Tabor<\/span><\/p>\n<\/div>\n<div class=\"virtual-learning-video\">\n<div class=\"iframe-container\"><iframe loading=\"lazy\" src=\"https:\/\/www.youtube.com\/embed\/NC9VtgCGfbg\" width=\"560\" height=\"315\" frameborder=\"0\" allowfullscreen=\"allowfullscreen\"><\/iframe><\/div>\n<p><span class=\"film-title\">No coinciden<\/span><span class=\"film-creator\">Keeley Giblin<\/span><\/p>\n<\/div>\n<div class=\"virtual-learning-video\">\n<p><span class=\"award2020\">Mejor calificado en general<br \/>\n2021<\/span><\/p>\n<div class=\"iframe-container\"><iframe loading=\"lazy\" src=\"https:\/\/www.youtube.com\/embed\/rVVeLwj2uJY\" width=\"560\" height=\"315\" frameborder=\"0\" allowfullscreen=\"allowfullscreen\"><\/iframe><\/div>\n<p><span class=\"film-title\">No tan solo<\/span><span class=\"film-creator\">Ver\u00f3nica Tullo<\/span><\/p>\n<\/div>\n<div class=\"virtual-learning-video\">\n<p><span class=\"award2020\">Mejor Direcci\u00f3n<br \/>\nColega<\/span><\/p>\n<div class=\"iframe-container\"><iframe loading=\"lazy\" src=\"https:\/\/www.youtube.com\/embed\/WBdSRrRZtok\" width=\"560\" height=\"315\" frameborder=\"0\" allowfullscreen=\"allowfullscreen\"><\/iframe><\/div>\n<p><span class=\"film-title\">La apuesta<\/span><span class=\"film-creator\">David Ambrosio<\/span><\/p>\n<\/div>\n<\/div>\n<p><span style=\"font-family: 'Montserrat', Arial, sans-serif; font-weight: bold; font-size: 36px; color: #fff; letter-spacing: 3px;\">SOBRE EL FESTIVAL<\/span><\/p>\n<div>\n<div style=\"width: 100%; text-align: center;\">\n<div style=\"width: 100%; text-align: center; color: #fff;\">\n<p style=\"text-align: left;\">El festival de este a\u00f1o se llevar\u00e1 a cabo virtualmente el mi\u00e9rcoles 14 de abril de 2021. Se entregar\u00e1n trofeos en los tramos de edad de escuela intermedia, secundaria y universitaria, con reconocimientos a \u201cMejor Pel\u00edcula Narrativa\u201d, \u201cMejor Montaje\u201d, \u201cMejor Documental\u201d. \u201cMejor Animaci\u00f3n\u201d y \u201cMejor Actuaci\u00f3n\u201d. Adem\u00e1s, est\u00e1 en juego un premio del d\u00eda del p\u00fablico, as\u00ed como un premio escolar para cualquier escuela que presente tres o m\u00e1s pel\u00edculas. Consulte nuestras Normas y Reglamentos para obtener m\u00e1s detalles.<\/p>\n<\/div>\n<section id=\"awards\" style=\"color: #fff;\">\n<div class=\"Navigation-tab MarginBottom-10\" style=\"text-align: left;\" role=\"heading\" aria-level=\"4\"><span style=\"font-size: 18pt;\"><strong><span class=\"tab active\">Premios y premios<br \/>\n<\/span><\/strong><\/span>Se entregar\u00e1n trofeos en las siguientes categor\u00edas:<\/div>\n<div style=\"color: #fff;\">\n<p style=\"text-align: left;\"><strong>Escuela Secundaria (7mo-8vo grado)<\/strong><br \/>\n-La mejor pel\u00edcula<\/p>\n<p style=\"text-align: left;\"><strong>Cineastas de secundaria (grados 9.\u00ba a 12.\u00ba)<\/strong><br \/>\n-Mejor Pel\u00edcula Narrativa<br \/>\n-Mejor Documental<br \/>\n-Mejor Animaci\u00f3n<br \/>\n-Mejor interpretaci\u00f3n actoral<br \/>\n-Mejor Direcci\u00f3n<\/p>\n<p style=\"text-align: left;\"><strong>Cineastas universitarios hasta los 25 a\u00f1os.<\/strong><br \/>\n-Mejor Pel\u00edcula Narrativa<br \/>\n-Mejor Documental<br \/>\n-Mejor Animaci\u00f3n<br \/>\n-Mejor interpretaci\u00f3n actoral<br \/>\n-Mejor Direcci\u00f3n<\/p>\n<p style=\"text-align: left;\">Adem\u00e1s, el 14 de abril se entregar\u00e1 un Premio del P\u00fablico a la selecci\u00f3n con mayor puntuaci\u00f3n online.<\/p>\n<p style=\"text-align: left;\">Tambi\u00e9n se entregar\u00e1 un \u201cPremio Escolar\u201d, consistente en equipos cinematogr\u00e1ficos de Sony. Para calificar, una sola escuela debe presentar al menos tres selecciones diferentes; El ganador ser\u00e1 elegido por la puntuaci\u00f3n media m\u00e1s alta de sus pel\u00edculas.<\/p>\n<p>Las selecciones oficiales con las pel\u00edculas de mayor audiencia y premios del p\u00fablico recibir\u00e1n una celebraci\u00f3n de estreno mundial en los nuevos cines Basie Center en Red Bank, Nueva Jersey.<\/p>\n<p style=\"text-align: left;\">Se entregar\u00e1n los laureles del Basie Center Film Fest a todos los finalistas.<\/p>\n<\/div>\n<\/section>\n<\/div>\n<p><iframe allowfullscreen=\"true\" allow=\"fullscreen\" style=\"border:none;width:100%;height:800px;\" src=\"\/\/e.issuu.com\/embed.html?d=program-2021-count-basie-center-teen-college-film-&#038;u=countbasietheatre\"><\/iframe><\/p>","protected":false},"excerpt":{"rendered":"<p>MIDDLE SCHOOL Best Animation Middle School The Aliens of Titan Episode OneCharlie Cosgrove Best Documentary Middle School Beneath the SkinPortia Cina\/Melia Hillman HIGH SCHOOL The MaskWill Dienes When We&#8217;re AloneJaida Louie-Hollis A Drive Through BrooklynCaitlin Bieri BTHS Drama ClubSean Thrunk Best Documentary High School Best Direction High School Ripples in Time&#8230;A New Museum Comes to [&hellip;]<\/p>","protected":false},"author":4,"featured_media":0,"parent":0,"menu_order":0,"comment_status":"closed","ping_status":"closed","template":"template-no_title.php","meta":{"_acf_changed":false,"footnotes":""},"class_list":["post-15729","page","type-page","status-publish","hentry"],"acf":[],"yoast_head":"<!-- This site is optimized with the Yoast SEO Premium plugin v26.7 (Yoast SEO v26.7) - https:\/\/yoast.com\/wordpress\/plugins\/seo\/ -->\n<title>Film Fest 2021 - Video Exhibition Page - Count Basie Center for the Arts<\/title>\n<meta name=\"robots\" content=\"index, follow, max-snippet:-1, max-image-preview:large, max-video-preview:-1\" \/>\n<link rel=\"canonical\" href=\"https:\/\/thebasie.org\/es\/festival-de-cine-estudiante-2021\/\" \/>\n<meta property=\"og:locale\" content=\"es_MX\" \/>\n<meta property=\"og:type\" content=\"article\" \/>\n<meta property=\"og:title\" content=\"Film Fest 2021 - Video Exhibition Page\" \/>\n<meta property=\"og:description\" content=\"MIDDLE SCHOOL Best Animation Middle School The Aliens of Titan Episode OneCharlie Cosgrove Best Documentary Middle School Beneath the SkinPortia Cina\/Melia Hillman HIGH SCHOOL The MaskWill Dienes When We&#8217;re AloneJaida Louie-Hollis A Drive Through BrooklynCaitlin Bieri BTHS Drama ClubSean Thrunk Best Documentary High School Best Direction High School Ripples in Time&#8230;A New Museum Comes to [&hellip;]\" \/>\n<meta property=\"og:url\" content=\"https:\/\/thebasie.org\/es\/festival-de-cine-estudiante-2021\/\" \/>\n<meta property=\"og:site_name\" content=\"Count Basie Center for the Arts\" \/>\n<meta property=\"article:publisher\" content=\"http:\/\/www.facebook.com\/basiecenter\" \/>\n<meta property=\"article:modified_time\" content=\"2021-09-17T20:52:09+00:00\" \/>\n<meta property=\"og:image\" content=\"https:\/\/thebasie.org\/wp-content\/uploads\/2021\/04\/FILM-FEST-OFFICIAL-SELECTIONS-2021.jpg\" \/>\n<meta name=\"twitter:card\" content=\"summary_large_image\" \/>\n<meta name=\"twitter:site\" content=\"@basiecenter\" \/>\n<meta name=\"twitter:label1\" content=\"Tiempo de lectura\" \/>\n\t<meta name=\"twitter:data1\" content=\"2 minutos\" \/>\n<script type=\"application\/ld+json\" class=\"yoast-schema-graph\">{\"@context\":\"https:\/\/schema.org\",\"@graph\":[{\"@type\":\"WebPage\",\"@id\":\"https:\/\/thebasie.org\/student-film-fest-2021\/\",\"url\":\"https:\/\/thebasie.org\/student-film-fest-2021\/\",\"name\":\"Film Fest 2021 - Video Exhibition Page - Count Basie Center for the Arts\",\"isPartOf\":{\"@id\":\"https:\/\/thebasie.org\/#website\"},\"primaryImageOfPage\":{\"@id\":\"https:\/\/thebasie.org\/student-film-fest-2021\/#primaryimage\"},\"image\":{\"@id\":\"https:\/\/thebasie.org\/student-film-fest-2021\/#primaryimage\"},\"thumbnailUrl\":\"https:\/\/thebasie.org\/wp-content\/uploads\/2021\/04\/FILM-FEST-OFFICIAL-SELECTIONS-2021.jpg\",\"datePublished\":\"2021-04-02T05:39:38+00:00\",\"dateModified\":\"2021-09-17T20:52:09+00:00\",\"breadcrumb\":{\"@id\":\"https:\/\/thebasie.org\/student-film-fest-2021\/#breadcrumb\"},\"inLanguage\":\"es\",\"potentialAction\":[{\"@type\":\"ReadAction\",\"target\":[\"https:\/\/thebasie.org\/student-film-fest-2021\/\"]}]},{\"@type\":\"ImageObject\",\"inLanguage\":\"es\",\"@id\":\"https:\/\/thebasie.org\/student-film-fest-2021\/#primaryimage\",\"url\":\"https:\/\/thebasie.org\/wp-content\/uploads\/2021\/04\/FILM-FEST-OFFICIAL-SELECTIONS-2021.jpg\",\"contentUrl\":\"https:\/\/thebasie.org\/wp-content\/uploads\/2021\/04\/FILM-FEST-OFFICIAL-SELECTIONS-2021.jpg\"},{\"@type\":\"BreadcrumbList\",\"@id\":\"https:\/\/thebasie.org\/student-film-fest-2021\/#breadcrumb\",\"itemListElement\":[{\"@type\":\"ListItem\",\"position\":1,\"name\":\"Home\",\"item\":\"https:\/\/thebasie.org\/\"},{\"@type\":\"ListItem\",\"position\":2,\"name\":\"Film Fest 2021 &#8211; Video Exhibition Page\"}]},{\"@type\":\"WebSite\",\"@id\":\"https:\/\/thebasie.org\/#website\",\"url\":\"https:\/\/thebasie.org\/\",\"name\":\"Count Basie Center for the Arts\",\"description\":\"Count Basie Center for the Arts\",\"potentialAction\":[{\"@type\":\"SearchAction\",\"target\":{\"@type\":\"EntryPoint\",\"urlTemplate\":\"https:\/\/thebasie.org\/?s={search_term_string}\"},\"query-input\":{\"@type\":\"PropertyValueSpecification\",\"valueRequired\":true,\"valueName\":\"search_term_string\"}}],\"inLanguage\":\"es\"}]}<\/script>\n<!-- \/ Yoast SEO Premium plugin. -->","yoast_head_json":{"title":"Film Fest 2021 - P\u00e1gina de exhibici\u00f3n de videos - Centro de las Artes Count Basie","robots":{"index":"index","follow":"follow","max-snippet":"max-snippet:-1","max-image-preview":"max-image-preview:large","max-video-preview":"max-video-preview:-1"},"canonical":"https:\/\/thebasie.org\/es\/festival-de-cine-estudiante-2021\/","og_locale":"es_MX","og_type":"article","og_title":"Film Fest 2021 - Video Exhibition Page","og_description":"MIDDLE SCHOOL Best Animation Middle School The Aliens of Titan Episode OneCharlie Cosgrove Best Documentary Middle School Beneath the SkinPortia Cina\/Melia Hillman HIGH SCHOOL The MaskWill Dienes When We&#8217;re AloneJaida Louie-Hollis A Drive Through BrooklynCaitlin Bieri BTHS Drama ClubSean Thrunk Best Documentary High School Best Direction High School Ripples in Time&#8230;A New Museum Comes to [&hellip;]","og_url":"https:\/\/thebasie.org\/es\/festival-de-cine-estudiante-2021\/","og_site_name":"Count Basie Center for the Arts","article_publisher":"http:\/\/www.facebook.com\/basiecenter","article_modified_time":"2021-09-17T20:52:09+00:00","og_image":[{"url":"https:\/\/thebasie.org\/wp-content\/uploads\/2021\/04\/FILM-FEST-OFFICIAL-SELECTIONS-2021.jpg","type":"","width":"","height":""}],"twitter_card":"summary_large_image","twitter_site":"@basiecenter","twitter_misc":{"Tiempo de lectura":"2 minutos"},"schema":{"@context":"https:\/\/schema.org","@graph":[{"@type":"WebPage","@id":"https:\/\/thebasie.org\/student-film-fest-2021\/","url":"https:\/\/thebasie.org\/student-film-fest-2021\/","name":"Film Fest 2021 - P\u00e1gina de exhibici\u00f3n de videos - Centro de las Artes Count Basie","isPartOf":{"@id":"https:\/\/thebasie.org\/#website"},"primaryImageOfPage":{"@id":"https:\/\/thebasie.org\/student-film-fest-2021\/#primaryimage"},"image":{"@id":"https:\/\/thebasie.org\/student-film-fest-2021\/#primaryimage"},"thumbnailUrl":"https:\/\/thebasie.org\/wp-content\/uploads\/2021\/04\/FILM-FEST-OFFICIAL-SELECTIONS-2021.jpg","datePublished":"2021-04-02T05:39:38+00:00","dateModified":"2021-09-17T20:52:09+00:00","breadcrumb":{"@id":"https:\/\/thebasie.org\/student-film-fest-2021\/#breadcrumb"},"inLanguage":"es","potentialAction":[{"@type":"ReadAction","target":["https:\/\/thebasie.org\/student-film-fest-2021\/"]}]},{"@type":"ImageObject","inLanguage":"es","@id":"https:\/\/thebasie.org\/student-film-fest-2021\/#primaryimage","url":"https:\/\/thebasie.org\/wp-content\/uploads\/2021\/04\/FILM-FEST-OFFICIAL-SELECTIONS-2021.jpg","contentUrl":"https:\/\/thebasie.org\/wp-content\/uploads\/2021\/04\/FILM-FEST-OFFICIAL-SELECTIONS-2021.jpg"},{"@type":"BreadcrumbList","@id":"https:\/\/thebasie.org\/student-film-fest-2021\/#breadcrumb","itemListElement":[{"@type":"ListItem","position":1,"name":"Home","item":"https:\/\/thebasie.org\/"},{"@type":"ListItem","position":2,"name":"Film Fest 2021 &#8211; Video Exhibition Page"}]},{"@type":"WebSite","@id":"https:\/\/thebasie.org\/#website","url":"https:\/\/thebasie.org\/","name":"Count Basie Center for the Arts","description":"Count Basie Center for the Arts","potentialAction":[{"@type":"SearchAction","target":{"@type":"EntryPoint","urlTemplate":"https:\/\/thebasie.org\/?s={search_term_string}"},"query-input":{"@type":"PropertyValueSpecification","valueRequired":true,"valueName":"search_term_string"}}],"inLanguage":"es"}]}},"_links":{"self":[{"href":"https:\/\/thebasie.org\/es\/wp-json\/wp\/v2\/pages\/15729","targetHints":{"allow":["GET"]}}],"collection":[{"href":"https:\/\/thebasie.org\/es\/wp-json\/wp\/v2\/pages"}],"about":[{"href":"https:\/\/thebasie.org\/es\/wp-json\/wp\/v2\/types\/page"}],"author":[{"embeddable":true,"href":"https:\/\/thebasie.org\/es\/wp-json\/wp\/v2\/users\/4"}],"replies":[{"embeddable":true,"href":"https:\/\/thebasie.org\/es\/wp-json\/wp\/v2\/comments?post=15729"}],"version-history":[{"count":0,"href":"https:\/\/thebasie.org\/es\/wp-json\/wp\/v2\/pages\/15729\/revisions"}],"wp:attachment":[{"href":"https:\/\/thebasie.org\/es\/wp-json\/wp\/v2\/media?parent=15729"}],"curies":[{"name":"Gracias","href":"https:\/\/api.w.org\/{rel}","templated":true}]}}