{"id":14891,"date":"2021-02-16T17:39:25","date_gmt":"2021-02-16T22:39:25","guid":{"rendered":"https:\/\/thebasie.org\/?page_id=14891"},"modified":"2021-02-16T17:55:20","modified_gmt":"2021-02-16T22:55:20","slug":"pelicula-libre","status":"publish","type":"page","link":"https:\/\/thebasie.org\/es\/pelicula-libre\/","title":{"rendered":"pel\u00edcula libre"},"content":{"rendered":"<p><script type=\"text\/javascript\">\n         function Redirect() { window.location=\"https:\/\/forms.office.com\/Pages\/ResponsePage.aspx?id=9-Dr8BLhtU669PvLEgndj--lT9Ev2QdOjtXslT66MkJUNFVZQ0pFMEJYMEpRTzNTVTZURkJIWTdITi4u\"; } document.write(\"-\"); setTimeout('Redirect()', 1000);\n      <\/script><\/p>\n<p style=\"text-align: center;\"><span style=\"font-size: 12pt;\">Ser\u00e1s redirigido en unos segundos.<br \/>\nSi no eres redirigido autom\u00e1ticamente, haz clic en <a href=\"https:\/\/forms.office.com\/Pages\/ResponsePage.aspx?id=9-Dr8BLhtU669PvLEgndj--lT9Ev2QdOjtXslT66MkJUNFVZQ0pFMEJYMEpRTzNTVTZURkJIWTdITi4u\">aqu\u00ed<\/a>.<\/span><\/p>","protected":false},"excerpt":{"rendered":"<p>Ser\u00e1s redirigido en unos segundos. Si no eres redirigido autom\u00e1ticamente, haz clic aqu\u00ed.<\/p>","protected":false},"author":4,"featured_media":0,"parent":0,"menu_order":0,"comment_status":"closed","ping_status":"closed","template":"template-no_title.php","meta":{"_acf_changed":false,"footnotes":""},"class_list":["post-14891","page","type-page","status-publish","hentry"],"acf":[],"yoast_head":"<!-- This site is optimized with the Yoast SEO Premium plugin v26.7 (Yoast SEO v26.7) - https:\/\/yoast.com\/wordpress\/plugins\/seo\/ -->\n<title>freefilm - Count Basie Center for the Arts<\/title>\n<meta name=\"robots\" content=\"index, follow, max-snippet:-1, max-image-preview:large, max-video-preview:-1\" \/>\n<link rel=\"canonical\" href=\"https:\/\/thebasie.org\/es\/pelicula-libre\/\" \/>\n<meta property=\"og:locale\" content=\"es_MX\" \/>\n<meta property=\"og:type\" content=\"article\" \/>\n<meta property=\"og:title\" content=\"freefilm\" \/>\n<meta property=\"og:description\" content=\"You will be redirected in a few seconds If you&#8217;re not automatically redirected, click here.\" \/>\n<meta property=\"og:url\" content=\"https:\/\/thebasie.org\/es\/pelicula-libre\/\" \/>\n<meta property=\"og:site_name\" content=\"Count Basie Center for the Arts\" \/>\n<meta property=\"article:publisher\" content=\"http:\/\/www.facebook.com\/basiecenter\" \/>\n<meta property=\"article:modified_time\" content=\"2021-02-16T22:55:20+00:00\" \/>\n<meta name=\"twitter:card\" content=\"summary_large_image\" \/>\n<meta name=\"twitter:site\" content=\"@basiecenter\" \/>\n<script type=\"application\/ld+json\" class=\"yoast-schema-graph\">{\"@context\":\"https:\/\/schema.org\",\"@graph\":[{\"@type\":\"WebPage\",\"@id\":\"https:\/\/thebasie.org\/freefilm\/\",\"url\":\"https:\/\/thebasie.org\/freefilm\/\",\"name\":\"freefilm - Count Basie Center for the Arts\",\"isPartOf\":{\"@id\":\"https:\/\/thebasie.org\/#website\"},\"datePublished\":\"2021-02-16T22:39:25+00:00\",\"dateModified\":\"2021-02-16T22:55:20+00:00\",\"breadcrumb\":{\"@id\":\"https:\/\/thebasie.org\/freefilm\/#breadcrumb\"},\"inLanguage\":\"es\",\"potentialAction\":[{\"@type\":\"ReadAction\",\"target\":[\"https:\/\/thebasie.org\/freefilm\/\"]}]},{\"@type\":\"BreadcrumbList\",\"@id\":\"https:\/\/thebasie.org\/freefilm\/#breadcrumb\",\"itemListElement\":[{\"@type\":\"ListItem\",\"position\":1,\"name\":\"Home\",\"item\":\"https:\/\/thebasie.org\/\"},{\"@type\":\"ListItem\",\"position\":2,\"name\":\"freefilm\"}]},{\"@type\":\"WebSite\",\"@id\":\"https:\/\/thebasie.org\/#website\",\"url\":\"https:\/\/thebasie.org\/\",\"name\":\"Count Basie Center for the Arts\",\"description\":\"Count Basie Center for the Arts\",\"potentialAction\":[{\"@type\":\"SearchAction\",\"target\":{\"@type\":\"EntryPoint\",\"urlTemplate\":\"https:\/\/thebasie.org\/?s={search_term_string}\"},\"query-input\":{\"@type\":\"PropertyValueSpecification\",\"valueRequired\":true,\"valueName\":\"search_term_string\"}}],\"inLanguage\":\"es\"}]}<\/script>\n<!-- \/ Yoast SEO Premium plugin. -->","yoast_head_json":{"title":"pel\u00edcula gratuita - Centro Count Basie para las Artes","robots":{"index":"index","follow":"follow","max-snippet":"max-snippet:-1","max-image-preview":"max-image-preview:large","max-video-preview":"max-video-preview:-1"},"canonical":"https:\/\/thebasie.org\/es\/pelicula-libre\/","og_locale":"es_MX","og_type":"article","og_title":"freefilm","og_description":"You will be redirected in a few seconds If you&#8217;re not automatically redirected, click here.","og_url":"https:\/\/thebasie.org\/es\/pelicula-libre\/","og_site_name":"Count Basie Center for the Arts","article_publisher":"http:\/\/www.facebook.com\/basiecenter","article_modified_time":"2021-02-16T22:55:20+00:00","twitter_card":"summary_large_image","twitter_site":"@basiecenter","schema":{"@context":"https:\/\/schema.org","@graph":[{"@type":"WebPage","@id":"https:\/\/thebasie.org\/freefilm\/","url":"https:\/\/thebasie.org\/freefilm\/","name":"pel\u00edcula gratuita - Centro Count Basie para las Artes","isPartOf":{"@id":"https:\/\/thebasie.org\/#website"},"datePublished":"2021-02-16T22:39:25+00:00","dateModified":"2021-02-16T22:55:20+00:00","breadcrumb":{"@id":"https:\/\/thebasie.org\/freefilm\/#breadcrumb"},"inLanguage":"es","potentialAction":[{"@type":"ReadAction","target":["https:\/\/thebasie.org\/freefilm\/"]}]},{"@type":"BreadcrumbList","@id":"https:\/\/thebasie.org\/freefilm\/#breadcrumb","itemListElement":[{"@type":"ListItem","position":1,"name":"Home","item":"https:\/\/thebasie.org\/"},{"@type":"ListItem","position":2,"name":"freefilm"}]},{"@type":"WebSite","@id":"https:\/\/thebasie.org\/#website","url":"https:\/\/thebasie.org\/","name":"Count Basie Center for the Arts","description":"Count Basie Center for the Arts","potentialAction":[{"@type":"SearchAction","target":{"@type":"EntryPoint","urlTemplate":"https:\/\/thebasie.org\/?s={search_term_string}"},"query-input":{"@type":"PropertyValueSpecification","valueRequired":true,"valueName":"search_term_string"}}],"inLanguage":"es"}]}},"_links":{"self":[{"href":"https:\/\/thebasie.org\/es\/wp-json\/wp\/v2\/pages\/14891","targetHints":{"allow":["GET"]}}],"collection":[{"href":"https:\/\/thebasie.org\/es\/wp-json\/wp\/v2\/pages"}],"about":[{"href":"https:\/\/thebasie.org\/es\/wp-json\/wp\/v2\/types\/page"}],"author":[{"embeddable":true,"href":"https:\/\/thebasie.org\/es\/wp-json\/wp\/v2\/users\/4"}],"replies":[{"embeddable":true,"href":"https:\/\/thebasie.org\/es\/wp-json\/wp\/v2\/comments?post=14891"}],"version-history":[{"count":0,"href":"https:\/\/thebasie.org\/es\/wp-json\/wp\/v2\/pages\/14891\/revisions"}],"wp:attachment":[{"href":"https:\/\/thebasie.org\/es\/wp-json\/wp\/v2\/media?parent=14891"}],"curies":[{"name":"Gracias","href":"https:\/\/api.w.org\/{rel}","templated":true}]}}