{"id":14392,"date":"2020-12-14T13:50:08","date_gmt":"2020-12-14T18:50:08","guid":{"rendered":"https:\/\/thebasie.org\/?page_id=14392"},"modified":"2025-11-26T08:54:26","modified_gmt":"2025-11-26T13:54:26","slug":"alquiler-base-cines-centro","status":"publish","type":"page","link":"https:\/\/thebasie.org\/es\/alquiler-base-cines-centro\/","title":{"rendered":"Alquiler \u2013 Cines Basie Center"},"content":{"rendered":"<style type=\"text\/css\"> .rent-info {max-width: 600px; display: inline-block; vertical-align: top;} .rent-info h3 {margin-bottom: 0px;} .rent-theater-photos {max-width: 600px; display: inline-block; float: right;} .blu-btn {background-color: #00c6ff; display: inline-block; padding: 0.5em 3em; text-align: center; text-transform: uppercase; text-decoration: none; font-weight: bold; font-size: 0.9em; line-height: 2.6; border: 2px solid transparent; border-radius: 0; color: #ffffff; font-family: 'montserrat'; font-weight: bold; letter-spacing: 2px; font-size: 16px; box-shadow: 0px 0px 14px #999; } .basiemobile { visibility: hidden; display: none; } .basiedesktop { display: block; }  @media screen and (max-width:1000px) { .basiemobile {  visibility: visible !important; display: block !important; } .basiedesktop { visibility: hidden !important; display: none !important; }  } <\/style>\n<p><img loading=\"lazy\" decoding=\"async\" src=\"https:\/\/thebasie.org\/wp-content\/uploads\/2025\/11\/HEADER-RENTAL-Basie-Center-Cinema-House.jpg\" alt=\"\" width=\"2469\" height=\"1526\" class=\"aligncenter size-full wp-image-34483\" srcset=\"https:\/\/thebasie.org\/wp-content\/uploads\/2025\/11\/HEADER-RENTAL-Basie-Center-Cinema-House.jpg 2469w, https:\/\/thebasie.org\/wp-content\/uploads\/2025\/11\/HEADER-RENTAL-Basie-Center-Cinema-House-300x185.jpg 300w, https:\/\/thebasie.org\/wp-content\/uploads\/2025\/11\/HEADER-RENTAL-Basie-Center-Cinema-House-1024x633.jpg 1024w, https:\/\/thebasie.org\/wp-content\/uploads\/2025\/11\/HEADER-RENTAL-Basie-Center-Cinema-House-768x475.jpg 768w, https:\/\/thebasie.org\/wp-content\/uploads\/2025\/11\/HEADER-RENTAL-Basie-Center-Cinema-House-1536x949.jpg 1536w, https:\/\/thebasie.org\/wp-content\/uploads\/2025\/11\/HEADER-RENTAL-Basie-Center-Cinema-House-2048x1266.jpg 2048w, https:\/\/thebasie.org\/wp-content\/uploads\/2025\/11\/HEADER-RENTAL-Basie-Center-Cinema-House-18x12.jpg 18w, https:\/\/thebasie.org\/wp-content\/uploads\/2025\/11\/HEADER-RENTAL-Basie-Center-Cinema-House-932x576.jpg 932w\" sizes=\"auto, (max-width: 2469px) 100vw, 2469px\" \/><\/p>\n<div class=\"rent-info\">\n<h2>Paquetes de alquiler<\/h2>\n<p>Pel\u00edcula de su elecci\u00f3n: ya sea un nuevo estreno actualmente en cartelera o una pel\u00edcula de su elecci\u00f3n (la disponibilidad y el precio pueden variar) o traiga su propia pel\u00edcula (blu-ray\/dvd)<\/p>\n<h3>Gran Teatro:<\/h3>\n<p>Desde $250<br \/>\nViernes y s\u00e1bados (despu\u00e9s de las 6 p. m.) \u2022 A partir de $550<\/p>\n<h3>Peque\u00f1o Teatro:<\/h3>\n<p>A partir de $200<br \/>\nViernes y s\u00e1bados (despu\u00e9s de las 6 p. m.) \u2022 A partir de $450<\/p>\n<p>Los alquileres est\u00e1n disponibles en bloques de 2,5 horas.<br \/>\n9 a. m. a 8 p. m. (el \u00faltimo inicio es a las 8 p. m.)<br \/>\n<a href=\"mailto:rsilva@thebasie.org\">Pregunta por disponibilidad<\/a><\/p>\n<p><a class=\"blu-btn\" href=\"https:\/\/fs30.formsite.com\/countbasietheatre\/basiecentercinemasrental\/index.html\" target=\"_blank\" rel=\"noopener noreferrer\">RESERVAR AHORA<\/a><\/p>\n<\/div>\n<div class=\"rent-theater-photos\">\n<img loading=\"lazy\" decoding=\"async\" src=\"https:\/\/thebasie.org\/wp-content\/uploads\/2022\/02\/RENTAL-BASIE-CENTER-CINEMAS-LARGE-THEATER-FEB-10-2022.jpg\" alt=\"\" width=\"690\" height=\"380\" class=\"alignnone size-full wp-image-18959\" srcset=\"https:\/\/thebasie.org\/wp-content\/uploads\/2022\/02\/RENTAL-BASIE-CENTER-CINEMAS-LARGE-THEATER-FEB-10-2022.jpg 690w, https:\/\/thebasie.org\/wp-content\/uploads\/2022\/02\/RENTAL-BASIE-CENTER-CINEMAS-LARGE-THEATER-FEB-10-2022-300x165.jpg 300w\" sizes=\"auto, (max-width: 690px) 100vw, 690px\" \/><br \/>\n<img loading=\"lazy\" decoding=\"async\" src=\"https:\/\/thebasie.org\/wp-content\/uploads\/2022\/02\/RENTAL-BASIE-CENTER-CINEMAS-SMALL-THEATER-FEB-10-2022.jpg\" alt=\"\" width=\"690\" height=\"380\" class=\"alignnone size-full wp-image-18960\" srcset=\"https:\/\/thebasie.org\/wp-content\/uploads\/2022\/02\/RENTAL-BASIE-CENTER-CINEMAS-SMALL-THEATER-FEB-10-2022.jpg 690w, https:\/\/thebasie.org\/wp-content\/uploads\/2022\/02\/RENTAL-BASIE-CENTER-CINEMAS-SMALL-THEATER-FEB-10-2022-300x165.jpg 300w\" sizes=\"auto, (max-width: 690px) 100vw, 690px\" \/>\n<\/div>","protected":false},"excerpt":{"rendered":"<p>Paquetes de alquiler Pel\u00edcula de su elecci\u00f3n: ya sea un nuevo estreno actualmente en cartelera o una pel\u00edcula de su elecci\u00f3n (la disponibilidad y el precio pueden variar) o traiga su propia pel\u00edcula (blu-ray\/dvd) Sala grande: a partir de $250 viernes y s\u00e1bados (despu\u00e9s de las 6 p. m.) \u2022 A partir de $550 Small Theatre: A partir de $200 los viernes y s\u00e1bados (despu\u00e9s de las 6 p. m.) [\u2026]<\/p>","protected":false},"author":4,"featured_media":0,"parent":0,"menu_order":0,"comment_status":"closed","ping_status":"closed","template":"template-no_title.php","meta":{"_acf_changed":false,"footnotes":""},"class_list":["post-14392","page","type-page","status-publish","hentry"],"acf":[],"yoast_head":"<!-- This site is optimized with the Yoast SEO Premium plugin v26.7 (Yoast SEO v26.7) - https:\/\/yoast.com\/wordpress\/plugins\/seo\/ -->\n<title>Rental - Basie Center Cinemas - Count Basie Center for the Arts<\/title>\n<meta name=\"robots\" content=\"index, follow, max-snippet:-1, max-image-preview:large, max-video-preview:-1\" \/>\n<link rel=\"canonical\" href=\"https:\/\/thebasie.org\/es\/alquiler-base-cines-centro\/\" \/>\n<meta property=\"og:locale\" content=\"es_MX\" \/>\n<meta property=\"og:type\" content=\"article\" \/>\n<meta property=\"og:title\" content=\"Basie Center Cinemas - Rent The Whole Theater!\" \/>\n<meta property=\"og:description\" content=\"BYOM (Bring Your Own Movie) or choose a new release and enjoy a personalized, socially-distant cinema experience.\" \/>\n<meta property=\"og:url\" content=\"https:\/\/thebasie.org\/es\/alquiler-base-cines-centro\/\" \/>\n<meta property=\"og:site_name\" content=\"Count Basie Center for the Arts\" \/>\n<meta property=\"article:publisher\" content=\"http:\/\/www.facebook.com\/basiecenter\" \/>\n<meta property=\"article:modified_time\" content=\"2025-11-26T13:54:26+00:00\" \/>\n<meta property=\"og:image\" content=\"https:\/\/thebasie.org\/wp-content\/uploads\/2021\/01\/R2-Basie-Center-Cinemas-Rental-Theater-Only-FACEBOOK-1200x630-1.jpg\" \/>\n\t<meta property=\"og:image:width\" content=\"1200\" \/>\n\t<meta property=\"og:image:height\" content=\"630\" \/>\n\t<meta property=\"og:image:type\" content=\"image\/jpeg\" \/>\n<meta name=\"twitter:card\" content=\"summary_large_image\" \/>\n<meta name=\"twitter:title\" content=\"Rental - Basie Center Cinemas\" \/>\n<meta name=\"twitter:site\" content=\"@basiecenter\" \/>\n<meta name=\"twitter:label1\" content=\"Tiempo de lectura\" \/>\n\t<meta name=\"twitter:data1\" content=\"1 minuto\" \/>\n<script type=\"application\/ld+json\" class=\"yoast-schema-graph\">{\"@context\":\"https:\/\/schema.org\",\"@graph\":[{\"@type\":\"WebPage\",\"@id\":\"https:\/\/thebasie.org\/rental-basie-center-cinemas\/\",\"url\":\"https:\/\/thebasie.org\/rental-basie-center-cinemas\/\",\"name\":\"Rental - Basie Center Cinemas - Count Basie Center for the Arts\",\"isPartOf\":{\"@id\":\"https:\/\/thebasie.org\/#website\"},\"primaryImageOfPage\":{\"@id\":\"https:\/\/thebasie.org\/rental-basie-center-cinemas\/#primaryimage\"},\"image\":{\"@id\":\"https:\/\/thebasie.org\/rental-basie-center-cinemas\/#primaryimage\"},\"thumbnailUrl\":\"https:\/\/thebasie.org\/wp-content\/uploads\/2025\/11\/HEADER-RENTAL-Basie-Center-Cinema-House.jpg\",\"datePublished\":\"2020-12-14T18:50:08+00:00\",\"dateModified\":\"2025-11-26T13:54:26+00:00\",\"breadcrumb\":{\"@id\":\"https:\/\/thebasie.org\/rental-basie-center-cinemas\/#breadcrumb\"},\"inLanguage\":\"es\",\"potentialAction\":[{\"@type\":\"ReadAction\",\"target\":[\"https:\/\/thebasie.org\/rental-basie-center-cinemas\/\"]}]},{\"@type\":\"ImageObject\",\"inLanguage\":\"es\",\"@id\":\"https:\/\/thebasie.org\/rental-basie-center-cinemas\/#primaryimage\",\"url\":\"https:\/\/thebasie.org\/wp-content\/uploads\/2025\/11\/HEADER-RENTAL-Basie-Center-Cinema-House.jpg\",\"contentUrl\":\"https:\/\/thebasie.org\/wp-content\/uploads\/2025\/11\/HEADER-RENTAL-Basie-Center-Cinema-House.jpg\"},{\"@type\":\"BreadcrumbList\",\"@id\":\"https:\/\/thebasie.org\/rental-basie-center-cinemas\/#breadcrumb\",\"itemListElement\":[{\"@type\":\"ListItem\",\"position\":1,\"name\":\"Home\",\"item\":\"https:\/\/thebasie.org\/\"},{\"@type\":\"ListItem\",\"position\":2,\"name\":\"Rental &#8211; Basie Center Cinemas\"}]},{\"@type\":\"WebSite\",\"@id\":\"https:\/\/thebasie.org\/#website\",\"url\":\"https:\/\/thebasie.org\/\",\"name\":\"Count Basie Center for the Arts\",\"description\":\"Count Basie Center for the Arts\",\"potentialAction\":[{\"@type\":\"SearchAction\",\"target\":{\"@type\":\"EntryPoint\",\"urlTemplate\":\"https:\/\/thebasie.org\/?s={search_term_string}\"},\"query-input\":{\"@type\":\"PropertyValueSpecification\",\"valueRequired\":true,\"valueName\":\"search_term_string\"}}],\"inLanguage\":\"es\"}]}<\/script>\n<!-- \/ Yoast SEO Premium plugin. -->","yoast_head_json":{"title":"Alquiler - Cines Basie Center - Centro de las Artes Count Basie","robots":{"index":"index","follow":"follow","max-snippet":"max-snippet:-1","max-image-preview":"max-image-preview:large","max-video-preview":"max-video-preview:-1"},"canonical":"https:\/\/thebasie.org\/es\/alquiler-base-cines-centro\/","og_locale":"es_MX","og_type":"article","og_title":"Basie Center Cinemas - Rent The Whole Theater!","og_description":"BYOM (Bring Your Own Movie) or choose a new release and enjoy a personalized, socially-distant cinema experience.","og_url":"https:\/\/thebasie.org\/es\/alquiler-base-cines-centro\/","og_site_name":"Count Basie Center for the Arts","article_publisher":"http:\/\/www.facebook.com\/basiecenter","article_modified_time":"2025-11-26T13:54:26+00:00","og_image":[{"width":1200,"height":630,"url":"https:\/\/thebasie.org\/wp-content\/uploads\/2021\/01\/R2-Basie-Center-Cinemas-Rental-Theater-Only-FACEBOOK-1200x630-1.jpg","type":"image\/jpeg"}],"twitter_card":"summary_large_image","twitter_title":"Rental - Basie Center Cinemas","twitter_site":"@basiecenter","twitter_misc":{"Tiempo de lectura":"1 minuto"},"schema":{"@context":"https:\/\/schema.org","@graph":[{"@type":"WebPage","@id":"https:\/\/thebasie.org\/rental-basie-center-cinemas\/","url":"https:\/\/thebasie.org\/rental-basie-center-cinemas\/","name":"Alquiler - Cines Basie Center - Centro de las Artes Count Basie","isPartOf":{"@id":"https:\/\/thebasie.org\/#website"},"primaryImageOfPage":{"@id":"https:\/\/thebasie.org\/rental-basie-center-cinemas\/#primaryimage"},"image":{"@id":"https:\/\/thebasie.org\/rental-basie-center-cinemas\/#primaryimage"},"thumbnailUrl":"https:\/\/thebasie.org\/wp-content\/uploads\/2025\/11\/HEADER-RENTAL-Basie-Center-Cinema-House.jpg","datePublished":"2020-12-14T18:50:08+00:00","dateModified":"2025-11-26T13:54:26+00:00","breadcrumb":{"@id":"https:\/\/thebasie.org\/rental-basie-center-cinemas\/#breadcrumb"},"inLanguage":"es","potentialAction":[{"@type":"ReadAction","target":["https:\/\/thebasie.org\/rental-basie-center-cinemas\/"]}]},{"@type":"ImageObject","inLanguage":"es","@id":"https:\/\/thebasie.org\/rental-basie-center-cinemas\/#primaryimage","url":"https:\/\/thebasie.org\/wp-content\/uploads\/2025\/11\/HEADER-RENTAL-Basie-Center-Cinema-House.jpg","contentUrl":"https:\/\/thebasie.org\/wp-content\/uploads\/2025\/11\/HEADER-RENTAL-Basie-Center-Cinema-House.jpg"},{"@type":"BreadcrumbList","@id":"https:\/\/thebasie.org\/rental-basie-center-cinemas\/#breadcrumb","itemListElement":[{"@type":"ListItem","position":1,"name":"Home","item":"https:\/\/thebasie.org\/"},{"@type":"ListItem","position":2,"name":"Rental &#8211; Basie Center Cinemas"}]},{"@type":"WebSite","@id":"https:\/\/thebasie.org\/#website","url":"https:\/\/thebasie.org\/","name":"Count Basie Center for the Arts","description":"Count Basie Center for the Arts","potentialAction":[{"@type":"SearchAction","target":{"@type":"EntryPoint","urlTemplate":"https:\/\/thebasie.org\/?s={search_term_string}"},"query-input":{"@type":"PropertyValueSpecification","valueRequired":true,"valueName":"search_term_string"}}],"inLanguage":"es"}]}},"_links":{"self":[{"href":"https:\/\/thebasie.org\/es\/wp-json\/wp\/v2\/pages\/14392","targetHints":{"allow":["GET"]}}],"collection":[{"href":"https:\/\/thebasie.org\/es\/wp-json\/wp\/v2\/pages"}],"about":[{"href":"https:\/\/thebasie.org\/es\/wp-json\/wp\/v2\/types\/page"}],"author":[{"embeddable":true,"href":"https:\/\/thebasie.org\/es\/wp-json\/wp\/v2\/users\/4"}],"replies":[{"embeddable":true,"href":"https:\/\/thebasie.org\/es\/wp-json\/wp\/v2\/comments?post=14392"}],"version-history":[{"count":1,"href":"https:\/\/thebasie.org\/es\/wp-json\/wp\/v2\/pages\/14392\/revisions"}],"predecessor-version":[{"id":34484,"href":"https:\/\/thebasie.org\/es\/wp-json\/wp\/v2\/pages\/14392\/revisions\/34484"}],"wp:attachment":[{"href":"https:\/\/thebasie.org\/es\/wp-json\/wp\/v2\/media?parent=14392"}],"curies":[{"name":"Gracias","href":"https:\/\/api.w.org\/{rel}","templated":true}]}}