{"id":14368,"date":"2020-12-09T13:51:43","date_gmt":"2020-12-09T18:51:43","guid":{"rendered":"https:\/\/thebasie.org\/?page_id=14368"},"modified":"2020-12-22T10:34:24","modified_gmt":"2020-12-22T15:34:24","slug":"viaje-de-invierno-salud-y-seguridad","status":"publish","type":"page","link":"https:\/\/thebasie.org\/es\/viaje-de-invierno-salud-y-seguridad\/","title":{"rendered":"Viaje de invierno: salud y seguridad"},"content":{"rendered":"<p><a href=\"https:\/\/thebasie.org\/es\/gala-de-viaje-de-invierno\/#rsvp\"><img loading=\"lazy\" decoding=\"async\" src=\"https:\/\/thebasie.org\/wp-content\/uploads\/2020\/12\/HEALTH-SAFETY-RSVP-DEC-22-2020-V2.jpg\" alt=\"\" width=\"1240\" height=\"389\" class=\"alignnone size-full wp-image-14478\" srcset=\"https:\/\/thebasie.org\/wp-content\/uploads\/2020\/12\/HEALTH-SAFETY-RSVP-DEC-22-2020-V2.jpg 1240w, https:\/\/thebasie.org\/wp-content\/uploads\/2020\/12\/HEALTH-SAFETY-RSVP-DEC-22-2020-V2-300x94.jpg 300w, https:\/\/thebasie.org\/wp-content\/uploads\/2020\/12\/HEALTH-SAFETY-RSVP-DEC-22-2020-V2-1024x321.jpg 1024w, https:\/\/thebasie.org\/wp-content\/uploads\/2020\/12\/HEALTH-SAFETY-RSVP-DEC-22-2020-V2-768x241.jpg 768w\" sizes=\"auto, (max-width: 1240px) 100vw, 1240px\" \/><\/a><br \/>\n<img loading=\"lazy\" decoding=\"async\" src=\"https:\/\/thebasie.org\/wp-content\/uploads\/2020\/12\/HEADER-WINTER-TRIP-HEALTH-SAFETY.jpg\" alt=\"\" width=\"1240\" height=\"800\" class=\"alignnone size-full wp-image-14369\" srcset=\"https:\/\/thebasie.org\/wp-content\/uploads\/2020\/12\/HEADER-WINTER-TRIP-HEALTH-SAFETY.jpg 1240w, https:\/\/thebasie.org\/wp-content\/uploads\/2020\/12\/HEADER-WINTER-TRIP-HEALTH-SAFETY-300x194.jpg 300w, https:\/\/thebasie.org\/wp-content\/uploads\/2020\/12\/HEADER-WINTER-TRIP-HEALTH-SAFETY-1024x661.jpg 1024w, https:\/\/thebasie.org\/wp-content\/uploads\/2020\/12\/HEADER-WINTER-TRIP-HEALTH-SAFETY-768x495.jpg 768w, https:\/\/thebasie.org\/wp-content\/uploads\/2020\/12\/HEADER-WINTER-TRIP-HEALTH-SAFETY-893x576.jpg 893w\" sizes=\"auto, (max-width: 1240px) 100vw, 1240px\" \/><\/p>\n<h2 style=\"text-align: center;\">ACERCA DEL VIAJE DE INVIERNO AL CENTRO DE LAS ARTES COUNT BASIE:<\/h2>\n<ul style=\"text-align: left; width: 100%; max-width: 800px; margin: 0 auto;\">\n<li>Los asientos para la gala Winter Trip se limitar\u00e1n a mesas de dos o cuatro.<\/li>\n<li>Las mesas se ubicar\u00e1n a 6&#039; de distancia, con la primera fila de mesas a 12&#039; de los artistas.<\/li>\n<li>S\u00f3lo 150 invitados estar\u00e1n presentes en este evento.  <\/li>\n<li>Se servir\u00e1n bebidas y comida en las mesas de los invitados; es decir: no hacer cola en los bares.<\/li>\n<li>Los invitados deben usar m\u00e1scaras en todo momento, excepto cuando coman o beban activamente.<\/li>\n<li>Se espera que los hu\u00e9spedes respeten las normas de distanciamiento social.<\/li>\n<li>Se tomar\u00e1n temperaturas en la puerta. No se permitir\u00e1 la entrada a hu\u00e9spedes con una temperatura corporal de 100,4 o m\u00e1s.<\/li>\n<li>Los invitados deben permanecer sentados en la mesa que compraron, a menos que usen el ba\u00f1o o salgan.<\/li>\n<li>No hay reingreso.<\/li>\n<li>El personal del lugar har\u00e1 cumplir las reglas b\u00e1sicas, que seguir\u00e1n las pautas actuales de los CDC y el Estado de Nueva Jersey para eventos bajo techo.<\/li>\n<\/ul>\n<div style=\"text-align: left; width: 100%; max-width: 800px; margin: 40px auto;\"><strong>Count Basie Center for the Arts<\/strong> se dedica a hacer que su visita sea segura durante estos tiempos sin precedentes. Al hacerlo, operamos de acuerdo con todas las \u00f3rdenes ejecutivas locales y estatales.<\/div>\n<div class=\"blu-footer\">\n<p style=\"text-align: center;\"><span style=\"font-size: 8pt;\"><strong>RENUNCIA DE RESPONSABILIDAD Y ASUNCI\u00d3N DE RIESGO. Todos los asistentes, al comprar una entrada y\/o asistir al evento, aceptan asumir todos los riesgos, peligros y peligros que puedan surgir o estar relacionados de alguna manera con el riesgo de contraer una enfermedad o dolencia transmisible (incluida la exposici\u00f3n a COVID-19, una bacteria, virus u otro pat\u00f3geno capaz de causar una enfermedad o dolencia transmisible) ya sea que haya ocurrido antes, durante o despu\u00e9s del evento, sin importar c\u00f3mo se haya causado o contra\u00eddo. Por lo tanto, cualquier persona que compre un boleto y\/o asista al evento, por la presente renuncia a todos y cada uno de los reclamos contra el Centro para las Artes Count Basie, el artista y\/o todos los patrocinadores relacionados relacionados con todos los riesgos de lesiones personales, enfermedades, discapacidad permanente. y\/o muerte.<\/strong><\/span><\/p>\n<p><a href=\"https:\/\/thebasie.org\/es\/gala-de-viaje-de-invierno\/\">&lt; Volver a la p\u00e1gina del viaje de invierno<\/a><\/p>\n<\/div>\n<\/div>","protected":false},"excerpt":{"rendered":"<p>ACERCA DEL VIAJE DE INVIERNO EN EL CENTRO DE LAS ARTES COUNT BASIE: Los asientos para la gala del Viaje de Invierno se limitar\u00e1n a mesas de dos o cuatro. Las mesas se ubicar\u00e1n a 6&#039; de distancia, con la primera fila de mesas a 12&#039; de los artistas. S\u00f3lo 150 invitados estar\u00e1n presentes en este evento. Las bebidas y la comida [\u2026]<\/p>","protected":false},"author":4,"featured_media":0,"parent":0,"menu_order":0,"comment_status":"closed","ping_status":"closed","template":"template-no_title.php","meta":{"_acf_changed":false,"footnotes":""},"class_list":["post-14368","page","type-page","status-publish","hentry"],"acf":[],"yoast_head":"<!-- This site is optimized with the Yoast SEO Premium plugin v26.7 (Yoast SEO v26.7) - https:\/\/yoast.com\/wordpress\/plugins\/seo\/ -->\n<title>Winter Trip - Health and Safety - Count Basie Center for the Arts<\/title>\n<meta name=\"robots\" content=\"index, follow, max-snippet:-1, max-image-preview:large, max-video-preview:-1\" \/>\n<link rel=\"canonical\" href=\"https:\/\/thebasie.org\/es\/viaje-de-invierno-salud-y-seguridad\/\" \/>\n<meta property=\"og:locale\" content=\"es_MX\" \/>\n<meta property=\"og:type\" content=\"article\" \/>\n<meta property=\"og:title\" content=\"Winter Trip - Health and Safety\" \/>\n<meta property=\"og:description\" content=\"ABOUT WINTER TRIP AT THE COUNT BASIE CENTER FOR THE ARTS: Seating for the Winter Trip gala will be limited to tables of two or four. Tables will be positioned 6\u2019 apart, with the front row of tables 12\u2019 from the performers. Only 150 guests will be present for this event. Drinks and food will [&hellip;]\" \/>\n<meta property=\"og:url\" content=\"https:\/\/thebasie.org\/es\/viaje-de-invierno-salud-y-seguridad\/\" \/>\n<meta property=\"og:site_name\" content=\"Count Basie Center for the Arts\" \/>\n<meta property=\"article:publisher\" content=\"http:\/\/www.facebook.com\/basiecenter\" \/>\n<meta property=\"article:modified_time\" content=\"2020-12-22T15:34:24+00:00\" \/>\n<meta property=\"og:image\" content=\"https:\/\/thebasie.org\/wp-content\/uploads\/2020\/12\/HEALTH-SAFETY-RSVP-DEC-22-2020-V2.jpg\" \/>\n<meta name=\"twitter:card\" content=\"summary_large_image\" \/>\n<meta name=\"twitter:site\" content=\"@basiecenter\" \/>\n<meta name=\"twitter:label1\" content=\"Tiempo de lectura\" \/>\n\t<meta name=\"twitter:data1\" content=\"2 minutos\" \/>\n<script type=\"application\/ld+json\" class=\"yoast-schema-graph\">{\"@context\":\"https:\/\/schema.org\",\"@graph\":[{\"@type\":\"WebPage\",\"@id\":\"https:\/\/thebasie.org\/winter-trip-health-and-safety\/\",\"url\":\"https:\/\/thebasie.org\/winter-trip-health-and-safety\/\",\"name\":\"Winter Trip - Health and Safety - Count Basie Center for the Arts\",\"isPartOf\":{\"@id\":\"https:\/\/thebasie.org\/#website\"},\"primaryImageOfPage\":{\"@id\":\"https:\/\/thebasie.org\/winter-trip-health-and-safety\/#primaryimage\"},\"image\":{\"@id\":\"https:\/\/thebasie.org\/winter-trip-health-and-safety\/#primaryimage\"},\"thumbnailUrl\":\"https:\/\/thebasie.org\/wp-content\/uploads\/2020\/12\/HEALTH-SAFETY-RSVP-DEC-22-2020-V2.jpg\",\"datePublished\":\"2020-12-09T18:51:43+00:00\",\"dateModified\":\"2020-12-22T15:34:24+00:00\",\"breadcrumb\":{\"@id\":\"https:\/\/thebasie.org\/winter-trip-health-and-safety\/#breadcrumb\"},\"inLanguage\":\"es\",\"potentialAction\":[{\"@type\":\"ReadAction\",\"target\":[\"https:\/\/thebasie.org\/winter-trip-health-and-safety\/\"]}]},{\"@type\":\"ImageObject\",\"inLanguage\":\"es\",\"@id\":\"https:\/\/thebasie.org\/winter-trip-health-and-safety\/#primaryimage\",\"url\":\"https:\/\/thebasie.org\/wp-content\/uploads\/2020\/12\/HEALTH-SAFETY-RSVP-DEC-22-2020-V2.jpg\",\"contentUrl\":\"https:\/\/thebasie.org\/wp-content\/uploads\/2020\/12\/HEALTH-SAFETY-RSVP-DEC-22-2020-V2.jpg\"},{\"@type\":\"BreadcrumbList\",\"@id\":\"https:\/\/thebasie.org\/winter-trip-health-and-safety\/#breadcrumb\",\"itemListElement\":[{\"@type\":\"ListItem\",\"position\":1,\"name\":\"Home\",\"item\":\"https:\/\/thebasie.org\/\"},{\"@type\":\"ListItem\",\"position\":2,\"name\":\"Winter Trip &#8211; Health and Safety\"}]},{\"@type\":\"WebSite\",\"@id\":\"https:\/\/thebasie.org\/#website\",\"url\":\"https:\/\/thebasie.org\/\",\"name\":\"Count Basie Center for the Arts\",\"description\":\"Count Basie Center for the Arts\",\"potentialAction\":[{\"@type\":\"SearchAction\",\"target\":{\"@type\":\"EntryPoint\",\"urlTemplate\":\"https:\/\/thebasie.org\/?s={search_term_string}\"},\"query-input\":{\"@type\":\"PropertyValueSpecification\",\"valueRequired\":true,\"valueName\":\"search_term_string\"}}],\"inLanguage\":\"es\"}]}<\/script>\n<!-- \/ Yoast SEO Premium plugin. -->","yoast_head_json":{"title":"Viaje de invierno - Salud y seguridad - Centro para las artes Count Basie","robots":{"index":"index","follow":"follow","max-snippet":"max-snippet:-1","max-image-preview":"max-image-preview:large","max-video-preview":"max-video-preview:-1"},"canonical":"https:\/\/thebasie.org\/es\/viaje-de-invierno-salud-y-seguridad\/","og_locale":"es_MX","og_type":"article","og_title":"Winter Trip - Health and Safety","og_description":"ABOUT WINTER TRIP AT THE COUNT BASIE CENTER FOR THE ARTS: Seating for the Winter Trip gala will be limited to tables of two or four. Tables will be positioned 6\u2019 apart, with the front row of tables 12\u2019 from the performers. Only 150 guests will be present for this event. Drinks and food will [&hellip;]","og_url":"https:\/\/thebasie.org\/es\/viaje-de-invierno-salud-y-seguridad\/","og_site_name":"Count Basie Center for the Arts","article_publisher":"http:\/\/www.facebook.com\/basiecenter","article_modified_time":"2020-12-22T15:34:24+00:00","og_image":[{"url":"https:\/\/thebasie.org\/wp-content\/uploads\/2020\/12\/HEALTH-SAFETY-RSVP-DEC-22-2020-V2.jpg","type":"","width":"","height":""}],"twitter_card":"summary_large_image","twitter_site":"@basiecenter","twitter_misc":{"Tiempo de lectura":"2 minutos"},"schema":{"@context":"https:\/\/schema.org","@graph":[{"@type":"WebPage","@id":"https:\/\/thebasie.org\/winter-trip-health-and-safety\/","url":"https:\/\/thebasie.org\/winter-trip-health-and-safety\/","name":"Viaje de invierno - Salud y seguridad - Centro para las artes Count Basie","isPartOf":{"@id":"https:\/\/thebasie.org\/#website"},"primaryImageOfPage":{"@id":"https:\/\/thebasie.org\/winter-trip-health-and-safety\/#primaryimage"},"image":{"@id":"https:\/\/thebasie.org\/winter-trip-health-and-safety\/#primaryimage"},"thumbnailUrl":"https:\/\/thebasie.org\/wp-content\/uploads\/2020\/12\/HEALTH-SAFETY-RSVP-DEC-22-2020-V2.jpg","datePublished":"2020-12-09T18:51:43+00:00","dateModified":"2020-12-22T15:34:24+00:00","breadcrumb":{"@id":"https:\/\/thebasie.org\/winter-trip-health-and-safety\/#breadcrumb"},"inLanguage":"es","potentialAction":[{"@type":"ReadAction","target":["https:\/\/thebasie.org\/winter-trip-health-and-safety\/"]}]},{"@type":"ImageObject","inLanguage":"es","@id":"https:\/\/thebasie.org\/winter-trip-health-and-safety\/#primaryimage","url":"https:\/\/thebasie.org\/wp-content\/uploads\/2020\/12\/HEALTH-SAFETY-RSVP-DEC-22-2020-V2.jpg","contentUrl":"https:\/\/thebasie.org\/wp-content\/uploads\/2020\/12\/HEALTH-SAFETY-RSVP-DEC-22-2020-V2.jpg"},{"@type":"BreadcrumbList","@id":"https:\/\/thebasie.org\/winter-trip-health-and-safety\/#breadcrumb","itemListElement":[{"@type":"ListItem","position":1,"name":"Home","item":"https:\/\/thebasie.org\/"},{"@type":"ListItem","position":2,"name":"Winter Trip &#8211; Health and Safety"}]},{"@type":"WebSite","@id":"https:\/\/thebasie.org\/#website","url":"https:\/\/thebasie.org\/","name":"Count Basie Center for the Arts","description":"Count Basie Center for the Arts","potentialAction":[{"@type":"SearchAction","target":{"@type":"EntryPoint","urlTemplate":"https:\/\/thebasie.org\/?s={search_term_string}"},"query-input":{"@type":"PropertyValueSpecification","valueRequired":true,"valueName":"search_term_string"}}],"inLanguage":"es"}]}},"_links":{"self":[{"href":"https:\/\/thebasie.org\/es\/wp-json\/wp\/v2\/pages\/14368","targetHints":{"allow":["GET"]}}],"collection":[{"href":"https:\/\/thebasie.org\/es\/wp-json\/wp\/v2\/pages"}],"about":[{"href":"https:\/\/thebasie.org\/es\/wp-json\/wp\/v2\/types\/page"}],"author":[{"embeddable":true,"href":"https:\/\/thebasie.org\/es\/wp-json\/wp\/v2\/users\/4"}],"replies":[{"embeddable":true,"href":"https:\/\/thebasie.org\/es\/wp-json\/wp\/v2\/comments?post=14368"}],"version-history":[{"count":0,"href":"https:\/\/thebasie.org\/es\/wp-json\/wp\/v2\/pages\/14368\/revisions"}],"wp:attachment":[{"href":"https:\/\/thebasie.org\/es\/wp-json\/wp\/v2\/media?parent=14368"}],"curies":[{"name":"Gracias","href":"https:\/\/api.w.org\/{rel}","templated":true}]}}