{"id":14128,"date":"2020-11-19T18:32:18","date_gmt":"2020-11-19T23:32:18","guid":{"rendered":"https:\/\/thebasie.org\/?page_id=14128"},"modified":"2021-02-12T12:48:04","modified_gmt":"2021-02-12T17:48:04","slug":"marquesina","status":"publish","type":"page","link":"https:\/\/thebasie.org\/es\/marquesina\/","title":{"rendered":"Momentos de marquesina"},"content":{"rendered":"<p><img loading=\"lazy\" decoding=\"async\" src=\"https:\/\/thebasie.org\/wp-content\/uploads\/2021\/02\/R1-Holiday-Marquee-Moments-February-12-HEADER-1240.jpg\" alt=\"\" width=\"1240\" height=\"510\" \/><\/p>\n<div style=\"text-transform: uppercase; font-family: 'Montserrat', sans-serif; font-size: 40px; font-weight: bold;\"><span style=\"color: #ff0000;\">EL AMOR EST\u00c1 EN EL AIRE<\/span><\/div>\n<div style=\"text-transform: uppercase; font-family: 'Montserrat', sans-serif; font-size: 40px; font-weight: bold;\"><span style=\"color: #ff0000;\">FIN DE SEMANA DE SAN VALENT\u00cdN EN<\/span><\/div>\n<div style=\"text-transform: uppercase; font-family: 'Montserrat', sans-serif; font-size: 40px; font-weight: bold;\">\u00a1EL CENTRO DE LAS ARTES COUNT BASIE!<\/div>\n<div style=\"font-family: 'Montserrat', sans-serif; font-size: 20px; font-weight: bold;\">\u00a1Dale sabor a tu cita del D\u00eda de San Valent\u00edn con un saludo personal en la carpa del hist\u00f3rico Basie Center! Por solo una donaci\u00f3n de $200 al Basie Center, transmitiremos su mensaje durante dos horas, seg\u00fan su elecci\u00f3n. Difunde el amor, impresiona a tu San Valent\u00edn, proponle matrimonio... \u00a1es TU momento estrella!<\/div>\n<div style=\"font-family: 'Montserrat', sans-serif; font-size: 18px; font-weight: bold; color: #ff0000; margin-top: 20px; margin-bottom: 40px;\"><span style=\"color: #ff0000;\">\u00a1Haga clic a continuaci\u00f3n para elegir su horario y enviarnos su mensaje!<\/span><\/div>\n<p><a href=\"https:\/\/fs30.formsite.com\/countbasietheatre\/marqueemoments\/index.html\"><img loading=\"lazy\" decoding=\"async\" class=\"alignnone\" src=\"https:\/\/thebasie.org\/wp-content\/uploads\/2020\/11\/BUTTON-MARQUEE-MOMENT-1.png\" alt=\"\" width=\"350\" height=\"115\" \/><\/a><\/p>\n<p><span style=\"font-family: 'Montserrat', sans-serif; font-size: 18px; font-weight: bold; display: block;\">Visibilidad perfecta antes del espect\u00e1culo o despu\u00e9s de la cena, un mensaje especial para tus seguidores en las redes sociales, la propuesta de matrimonio de tus seres queridos\u2026 \u00a1lo que sea!<\/span><\/p>\n<hr style=\"height: 4px; border-width: 0; color: #ccc; background-color: #ccc; margin: 50px 0px 50px 0px; display: block; position: relative;\" \/>\n<div style=\"display: block; margin-top: 60px; font-size: 16px;\">El Centro de las Artes Count Basie se reserva el derecho de rechazar cualquier mensaje que considere inadecuado. En caso de condiciones clim\u00e1ticas extremas o peligrosas o cortes de energ\u00eda, el Centro Count Basie trabajar\u00e1 con los donantes para reprogramar sus mensajes. Los intervalos de tiempo de los mensajes pueden incluir otros mensajes de Basie Center y hasta cinco mensajes m\u00e1s de Marquee Moments. \u00bfPreguntas? Correo electr\u00f3nico <a href=\"mailto:info@thebasie.org\" target=\"_blank\" rel=\"noopener noreferrer\">info@thebasie.org <\/a><\/div>","protected":false},"excerpt":{"rendered":"<p>\u00a1EL AMOR EST\u00c1 EN EL AIRE! \u00a1EL FIN DE SEMANA DEL D\u00cdA DE SAN VALENT\u00cdN EN EL COUNT BASIE CENTER FOR THE ARTS! \u00a1Dale vida a tu cita del D\u00eda de San Valent\u00edn con un saludo personal en la hist\u00f3rica marquesina del Basie Center! Por solo una donaci\u00f3n de $200 al Basie Center, publicaremos tu mensaje durante las dos horas que elijas. Difunde el amor, impresiona [\u2026]<\/p>","protected":false},"author":4,"featured_media":0,"parent":0,"menu_order":0,"comment_status":"closed","ping_status":"closed","template":"template-no_title.php","meta":{"_acf_changed":false,"footnotes":""},"class_list":["post-14128","page","type-page","status-publish","hentry"],"acf":[],"yoast_head":"<!-- This site is optimized with the Yoast SEO Premium plugin v26.7 (Yoast SEO v26.7) - https:\/\/yoast.com\/wordpress\/plugins\/seo\/ -->\n<title>Marquee Moments - Count Basie Center for the Arts<\/title>\n<meta name=\"robots\" content=\"index, follow, max-snippet:-1, max-image-preview:large, max-video-preview:-1\" \/>\n<link rel=\"canonical\" href=\"https:\/\/thebasie.org\/es\/marquesina\/\" \/>\n<meta property=\"og:locale\" content=\"es_MX\" \/>\n<meta property=\"og:type\" content=\"article\" \/>\n<meta property=\"og:title\" content=\"A &#039;Marquee Moment&#039; is the perfect way to say &quot;I Love You!&quot; in bright lights at the Basie Center\" \/>\n<meta property=\"og:description\" content=\"Spread the love, celebrate a birthday or anniversary, surprise your friends and family, propose\u2026 it\u2019s YOUR marquee moment!\" \/>\n<meta property=\"og:url\" content=\"https:\/\/thebasie.org\/es\/marquesina\/\" \/>\n<meta property=\"og:site_name\" content=\"Count Basie Center for the Arts\" \/>\n<meta property=\"article:publisher\" content=\"http:\/\/www.facebook.com\/basiecenter\" \/>\n<meta property=\"article:modified_time\" content=\"2021-02-12T17:48:04+00:00\" \/>\n<meta property=\"og:image\" content=\"https:\/\/thebasie.org\/wp-content\/uploads\/2021\/01\/R1-Marquee-Moments-FEBRUARY-2021-FACEBOOK.jpg\" \/>\n\t<meta property=\"og:image:width\" content=\"1200\" \/>\n\t<meta property=\"og:image:height\" content=\"630\" \/>\n\t<meta property=\"og:image:type\" content=\"image\/jpeg\" \/>\n<meta name=\"twitter:card\" content=\"summary_large_image\" \/>\n<meta name=\"twitter:title\" content=\"Marquee Moments\" \/>\n<meta name=\"twitter:site\" content=\"@basiecenter\" \/>\n<meta name=\"twitter:label1\" content=\"Tiempo de lectura\" \/>\n\t<meta name=\"twitter:data1\" content=\"1 minuto\" \/>\n<script type=\"application\/ld+json\" class=\"yoast-schema-graph\">{\"@context\":\"https:\/\/schema.org\",\"@graph\":[{\"@type\":\"WebPage\",\"@id\":\"https:\/\/thebasie.org\/marquee\/\",\"url\":\"https:\/\/thebasie.org\/marquee\/\",\"name\":\"Marquee Moments - Count Basie Center for the Arts\",\"isPartOf\":{\"@id\":\"https:\/\/thebasie.org\/#website\"},\"primaryImageOfPage\":{\"@id\":\"https:\/\/thebasie.org\/marquee\/#primaryimage\"},\"image\":{\"@id\":\"https:\/\/thebasie.org\/marquee\/#primaryimage\"},\"thumbnailUrl\":\"https:\/\/thebasie.org\/wp-content\/uploads\/2021\/02\/R1-Holiday-Marquee-Moments-February-12-HEADER-1240.jpg\",\"datePublished\":\"2020-11-19T23:32:18+00:00\",\"dateModified\":\"2021-02-12T17:48:04+00:00\",\"breadcrumb\":{\"@id\":\"https:\/\/thebasie.org\/marquee\/#breadcrumb\"},\"inLanguage\":\"es\",\"potentialAction\":[{\"@type\":\"ReadAction\",\"target\":[\"https:\/\/thebasie.org\/marquee\/\"]}]},{\"@type\":\"ImageObject\",\"inLanguage\":\"es\",\"@id\":\"https:\/\/thebasie.org\/marquee\/#primaryimage\",\"url\":\"https:\/\/thebasie.org\/wp-content\/uploads\/2021\/02\/R1-Holiday-Marquee-Moments-February-12-HEADER-1240.jpg\",\"contentUrl\":\"https:\/\/thebasie.org\/wp-content\/uploads\/2021\/02\/R1-Holiday-Marquee-Moments-February-12-HEADER-1240.jpg\"},{\"@type\":\"BreadcrumbList\",\"@id\":\"https:\/\/thebasie.org\/marquee\/#breadcrumb\",\"itemListElement\":[{\"@type\":\"ListItem\",\"position\":1,\"name\":\"Home\",\"item\":\"https:\/\/thebasie.org\/\"},{\"@type\":\"ListItem\",\"position\":2,\"name\":\"Marquee Moments\"}]},{\"@type\":\"WebSite\",\"@id\":\"https:\/\/thebasie.org\/#website\",\"url\":\"https:\/\/thebasie.org\/\",\"name\":\"Count Basie Center for the Arts\",\"description\":\"Count Basie Center for the Arts\",\"potentialAction\":[{\"@type\":\"SearchAction\",\"target\":{\"@type\":\"EntryPoint\",\"urlTemplate\":\"https:\/\/thebasie.org\/?s={search_term_string}\"},\"query-input\":{\"@type\":\"PropertyValueSpecification\",\"valueRequired\":true,\"valueName\":\"search_term_string\"}}],\"inLanguage\":\"es\"}]}<\/script>\n<!-- \/ Yoast SEO Premium plugin. -->","yoast_head_json":{"title":"Momentos de marquesina - Centro de las Artes Count Basie","robots":{"index":"index","follow":"follow","max-snippet":"max-snippet:-1","max-image-preview":"max-image-preview:large","max-video-preview":"max-video-preview:-1"},"canonical":"https:\/\/thebasie.org\/es\/marquesina\/","og_locale":"es_MX","og_type":"article","og_title":"A 'Marquee Moment' is the perfect way to say \"I Love You!\" in bright lights at the Basie Center","og_description":"Spread the love, celebrate a birthday or anniversary, surprise your friends and family, propose\u2026 it\u2019s YOUR marquee moment!","og_url":"https:\/\/thebasie.org\/es\/marquesina\/","og_site_name":"Count Basie Center for the Arts","article_publisher":"http:\/\/www.facebook.com\/basiecenter","article_modified_time":"2021-02-12T17:48:04+00:00","og_image":[{"width":1200,"height":630,"url":"https:\/\/thebasie.org\/wp-content\/uploads\/2021\/01\/R1-Marquee-Moments-FEBRUARY-2021-FACEBOOK.jpg","type":"image\/jpeg"}],"twitter_card":"summary_large_image","twitter_title":"Marquee Moments","twitter_site":"@basiecenter","twitter_misc":{"Tiempo de lectura":"1 minuto"},"schema":{"@context":"https:\/\/schema.org","@graph":[{"@type":"WebPage","@id":"https:\/\/thebasie.org\/marquee\/","url":"https:\/\/thebasie.org\/marquee\/","name":"Momentos de marquesina - Centro de las Artes Count Basie","isPartOf":{"@id":"https:\/\/thebasie.org\/#website"},"primaryImageOfPage":{"@id":"https:\/\/thebasie.org\/marquee\/#primaryimage"},"image":{"@id":"https:\/\/thebasie.org\/marquee\/#primaryimage"},"thumbnailUrl":"https:\/\/thebasie.org\/wp-content\/uploads\/2021\/02\/R1-Holiday-Marquee-Moments-February-12-HEADER-1240.jpg","datePublished":"2020-11-19T23:32:18+00:00","dateModified":"2021-02-12T17:48:04+00:00","breadcrumb":{"@id":"https:\/\/thebasie.org\/marquee\/#breadcrumb"},"inLanguage":"es","potentialAction":[{"@type":"ReadAction","target":["https:\/\/thebasie.org\/marquee\/"]}]},{"@type":"ImageObject","inLanguage":"es","@id":"https:\/\/thebasie.org\/marquee\/#primaryimage","url":"https:\/\/thebasie.org\/wp-content\/uploads\/2021\/02\/R1-Holiday-Marquee-Moments-February-12-HEADER-1240.jpg","contentUrl":"https:\/\/thebasie.org\/wp-content\/uploads\/2021\/02\/R1-Holiday-Marquee-Moments-February-12-HEADER-1240.jpg"},{"@type":"BreadcrumbList","@id":"https:\/\/thebasie.org\/marquee\/#breadcrumb","itemListElement":[{"@type":"ListItem","position":1,"name":"Home","item":"https:\/\/thebasie.org\/"},{"@type":"ListItem","position":2,"name":"Marquee Moments"}]},{"@type":"WebSite","@id":"https:\/\/thebasie.org\/#website","url":"https:\/\/thebasie.org\/","name":"Count Basie Center for the Arts","description":"Count Basie Center for the Arts","potentialAction":[{"@type":"SearchAction","target":{"@type":"EntryPoint","urlTemplate":"https:\/\/thebasie.org\/?s={search_term_string}"},"query-input":{"@type":"PropertyValueSpecification","valueRequired":true,"valueName":"search_term_string"}}],"inLanguage":"es"}]}},"_links":{"self":[{"href":"https:\/\/thebasie.org\/es\/wp-json\/wp\/v2\/pages\/14128","targetHints":{"allow":["GET"]}}],"collection":[{"href":"https:\/\/thebasie.org\/es\/wp-json\/wp\/v2\/pages"}],"about":[{"href":"https:\/\/thebasie.org\/es\/wp-json\/wp\/v2\/types\/page"}],"author":[{"embeddable":true,"href":"https:\/\/thebasie.org\/es\/wp-json\/wp\/v2\/users\/4"}],"replies":[{"embeddable":true,"href":"https:\/\/thebasie.org\/es\/wp-json\/wp\/v2\/comments?post=14128"}],"version-history":[{"count":0,"href":"https:\/\/thebasie.org\/es\/wp-json\/wp\/v2\/pages\/14128\/revisions"}],"wp:attachment":[{"href":"https:\/\/thebasie.org\/es\/wp-json\/wp\/v2\/media?parent=14128"}],"curies":[{"name":"Gracias","href":"https:\/\/api.w.org\/{rel}","templated":true}]}}