{"id":13779,"date":"2020-10-22T15:27:12","date_gmt":"2020-10-22T19:27:12","guid":{"rendered":"https:\/\/thebasie.org\/?page_id=13779"},"modified":"2020-10-22T16:51:44","modified_gmt":"2020-10-22T20:51:44","slug":"en-un-centro-base-de-primer-conteo-puede-aceptar-donaciones-en-criotpomonedas","status":"publish","type":"page","link":"https:\/\/thebasie.org\/es\/en-un-centro-base-de-primer-conteo-puede-aceptar-donaciones-en-criotpomonedas\/","title":{"rendered":"Por primera vez, el Centro Count Basie puede aceptar donaciones en criptomonedas"},"content":{"rendered":"<p>&nbsp;<\/p>\n<p><span style=\"font-size: 14pt;\"><strong><em>Ahora se aceptan obsequios de Bitcoin, Ether y otras criptomonedas <\/em><em>como parte del Fondo de Recuperaci\u00f3n Basie<\/em><\/strong><\/span><\/p>\n<p><strong>(22 DE OCTUBRE DE 2020 | BANCO ROJO) <\/strong>Mientras intenta salir de un cierre de m\u00e1s de siete meses debido a la pandemia global, el hist\u00f3rico Centro para las Artes Count Basie anunci\u00f3 hoy que se ha convertido en una de las primeras organizaciones de artes esc\u00e9nicas del mundo en aceptar obsequios de criptomonedas.<\/p>\n<p>El Centro Basie se ha asociado con <strong>El bloque de dar<\/strong> (<a href=\"http:\/\/www.thegivingblock.com\">www.thegivingblock.com<\/a>), la \u00fanica soluci\u00f3n espec\u00edfica sin fines de lucro para aceptar donaciones en criptomonedas. Visitando <a href=\"https:\/\/thebasie.org\/es\/donarcriptomoneda\/\">www.thebasie.org\/donatecryptocurrency<\/a>, titulares de <strong>Bitcoin, Ether, Litecoin, Bitcoin Cash, Zcash, Gemini Dollar, Token de atenci\u00f3n b\u00e1sica, XRP<\/strong> y <strong>Eslab\u00f3n de la cadena<\/strong> puede donar participaciones a la organizaci\u00f3n sin fines de lucro Basie y, espec\u00edficamente, a la <strong>Fondo de recuperaci\u00f3n b\u00e1sico<\/strong>, que busca mantener a flote a la organizaci\u00f3n mientras resiste la emergencia pand\u00e9mica.<img loading=\"lazy\" decoding=\"async\" class=\"wp-image-13775 alignright\" src=\"https:\/\/thebasie.org\/wp-content\/uploads\/2020\/10\/BCRF.jpg\" alt=\"\" width=\"708\" height=\"194\" srcset=\"https:\/\/thebasie.org\/wp-content\/uploads\/2020\/10\/BCRF.jpg 872w, https:\/\/thebasie.org\/wp-content\/uploads\/2020\/10\/BCRF-300x82.jpg 300w, https:\/\/thebasie.org\/wp-content\/uploads\/2020\/10\/BCRF-768x210.jpg 768w\" sizes=\"auto, (max-width: 708px) 100vw, 708px\" \/><\/p>\n<p>Y debido a que el IRS trata las criptomonedas como una propiedad, los poseedores de la moneda digital disfrutan de un enorme incentivo fiscal al donar a la organizaci\u00f3n sin fines de lucro Basie, espec\u00edficamente, no ser responsables del impuesto a las ganancias de capital y cancelar sus impuestos, de manera muy similar a una donaci\u00f3n de acciones.<\/p>\n<p>&quot;La recaudaci\u00f3n de fondos es vital para la organizaci\u00f3n del Centro Basie y las monedas digitales se est\u00e1n convirtiendo cada vez m\u00e1s en parte de las carteras de nuestros donantes&quot;, dijo <strong>Adam Philipson, presidente y director ejecutivo, Centro para las Artes Count Basie<\/strong>. &quot;Es importante que las organizaciones sin fines de lucro se alineen con las tendencias financieras, para que tanto los donantes como las organizaciones puedan maximizar el potencial de sus donaciones&quot;.<\/p>\n<p>&quot;Como alguien que creci\u00f3 en Jersey, es especialmente emocionante trabajar con Basie en la recaudaci\u00f3n de fondos en criptomonedas&quot;, dijo <strong>Pat Duffy, cofundador de The Giving Block<\/strong>. \u201cEste es un lugar incre\u00edble, con una incre\u00edble organizaci\u00f3n sin fines de lucro detr\u00e1s. Tenemos la esperanza de que la comunidad criptogr\u00e1fica en general los apoye como una organizaci\u00f3n sin fines de lucro que lidera la adopci\u00f3n de las criptomonedas en las artes\u201d.<\/p>\n<p><strong>El Fondo de Recuperaci\u00f3n del Centro Basie<\/strong><\/p>\n<p>El Basie Center se encuentra en medio de una campa\u00f1a de recuperaci\u00f3n de $2 millones, un esfuerzo que, seg\u00fan el director ejecutivo, Phiipson, es necesario para mantener a flote la organizaci\u00f3n sin fines de lucro mientras capea la tormenta de la pandemia. Como muchas empresas, la organizaci\u00f3n Basie cerr\u00f3 sus puertas en marzo pasado, apenas unos meses antes de presentar al p\u00fablico una expansi\u00f3n tan esperada. Aunque r\u00e1pidamente puso sus programas de educaci\u00f3n art\u00edstica en l\u00ednea y estableci\u00f3 autocines y una serie de cenas al aire libre en el cercano Monmouth Park, los ingresos representaron solo una fracci\u00f3n de lo que el Basie habr\u00eda generado normalmente.<\/p>\n<p>Sin embargo, con la esperanza de convertirse en un ejemplo de resiliencia y recuperaci\u00f3n, el Centro Basie ha comenzado lentamente a impartir clases en vivo en su nuevo edificio de educaci\u00f3n art\u00edstica Grunin, as\u00ed como presentaciones de peque\u00f1a capacidad en The Vogel, un nuevo lugar para presentaciones en su campus de Red Bank. .<\/p>\n<p>\u201cEl Fondo de Recuperaci\u00f3n Basie determinar\u00e1 en \u00faltima instancia si nuestra organizaci\u00f3n sin fines de lucro sigue siendo viable despu\u00e9s de la pandemia\u201d, dijo Philipson. &quot;Al asegurarnos de que podemos aceptar criptomonedas y todas las opciones financieras disponibles para los posibles donantes, aumentamos las posibilidades de que este fondo est\u00e9 ah\u00ed para sostener a nuestras organizaciones en estos tiempos sin precedentes&quot;.<\/p>\n<p>&quot;El Centro para las Artes Count Basie siempre ha tenido en cuenta las tendencias financieras y la capacidad de donaci\u00f3n de los donantes&quot;, dijo <strong>Stu Alderoty<\/strong>, miembro desde hace mucho tiempo del Comit\u00e9 Ejecutivo y la Junta Directiva del Basie Center y un abogado l\u00edder en el campo de blockchain y criptomonedas. &quot;Al aceptar donaciones en criptomonedas, Basie permanece a la vanguardia como una fuerza en el competitivo panorama actual de recaudaci\u00f3n de fondos&quot;.<\/p>\n<p>&nbsp;<\/p>","protected":false},"excerpt":{"rendered":"<p>&nbsp; Ahora se aceptan obsequios de Bitcoin, Ether y otras criptomonedas como parte del Fondo de Recuperaci\u00f3n Basie (22 DE OCTUBRE DE 2020 | RED BANK) Mientras intenta salir de un cierre de m\u00e1s de 7 meses debido a la pandemia global, el hist\u00f3rico Centro Count Basie para el Arts anunci\u00f3 hoy que se ha convertido en uno de los primeros [\u2026]<\/p>","protected":false},"author":3,"featured_media":0,"parent":0,"menu_order":0,"comment_status":"closed","ping_status":"closed","template":"","meta":{"_acf_changed":false,"footnotes":""},"class_list":["post-13779","page","type-page","status-publish","hentry"],"acf":[],"yoast_head":"<!-- This site is optimized with the Yoast SEO Premium plugin v26.7 (Yoast SEO v26.7) - https:\/\/yoast.com\/wordpress\/plugins\/seo\/ -->\n<title>In a first, Count Basie Center can accept cryotpcurrency donations - Count Basie Center for the Arts<\/title>\n<meta name=\"robots\" content=\"index, follow, max-snippet:-1, max-image-preview:large, max-video-preview:-1\" \/>\n<link rel=\"canonical\" href=\"https:\/\/thebasie.org\/es\/en-un-centro-base-de-primer-conteo-puede-aceptar-donaciones-en-criotpomonedas\/\" \/>\n<meta property=\"og:locale\" content=\"es_MX\" \/>\n<meta property=\"og:type\" content=\"article\" \/>\n<meta property=\"og:title\" content=\"In a first, Count Basie Center can accept cryotpcurrency donations\" \/>\n<meta property=\"og:description\" content=\"&nbsp; Gifts of Bitcoin, Ether and other cryptocurrencies now accepted as part of the Basie Recovery Fund (OCT. 22 2020 | RED BANK) As it attempts to emerge from a 7+ month closure due to the global pandemic,\u00a0 the historic Count Basie Center for the Arts announced today it has become one of the first [&hellip;]\" \/>\n<meta property=\"og:url\" content=\"https:\/\/thebasie.org\/es\/en-un-centro-base-de-primer-conteo-puede-aceptar-donaciones-en-criotpomonedas\/\" \/>\n<meta property=\"og:site_name\" content=\"Count Basie Center for the Arts\" \/>\n<meta property=\"article:publisher\" content=\"http:\/\/www.facebook.com\/basiecenter\" \/>\n<meta property=\"article:modified_time\" content=\"2020-10-22T20:51:44+00:00\" \/>\n<meta property=\"og:image\" content=\"https:\/\/thebasie.org\/wp-content\/uploads\/2020\/09\/R2-OPT2-SOS-Donation-Basie-Center-Recovery-Fund-FACEBOOK.jpg\" \/>\n\t<meta property=\"og:image:width\" content=\"1200\" \/>\n\t<meta property=\"og:image:height\" content=\"628\" \/>\n\t<meta property=\"og:image:type\" content=\"image\/jpeg\" \/>\n<meta name=\"twitter:card\" content=\"summary_large_image\" \/>\n<meta name=\"twitter:title\" content=\"In a first, Count Basie Center can accept cryotpcurrency donations\" \/>\n<meta name=\"twitter:site\" content=\"@basiecenter\" \/>\n<meta name=\"twitter:label1\" content=\"Tiempo de lectura\" \/>\n\t<meta name=\"twitter:data1\" content=\"3 minutos\" \/>\n<script type=\"application\/ld+json\" class=\"yoast-schema-graph\">{\"@context\":\"https:\/\/schema.org\",\"@graph\":[{\"@type\":\"WebPage\",\"@id\":\"https:\/\/thebasie.org\/in-a-first-count-basie-center-can-accept-cryotpcurrency-donations\/\",\"url\":\"https:\/\/thebasie.org\/in-a-first-count-basie-center-can-accept-cryotpcurrency-donations\/\",\"name\":\"In a first, Count Basie Center can accept cryotpcurrency donations - Count Basie Center for the Arts\",\"isPartOf\":{\"@id\":\"https:\/\/thebasie.org\/#website\"},\"primaryImageOfPage\":{\"@id\":\"https:\/\/thebasie.org\/in-a-first-count-basie-center-can-accept-cryotpcurrency-donations\/#primaryimage\"},\"image\":{\"@id\":\"https:\/\/thebasie.org\/in-a-first-count-basie-center-can-accept-cryotpcurrency-donations\/#primaryimage\"},\"thumbnailUrl\":\"https:\/\/thebasie.org\/wp-content\/uploads\/2020\/10\/BCRF.jpg\",\"datePublished\":\"2020-10-22T19:27:12+00:00\",\"dateModified\":\"2020-10-22T20:51:44+00:00\",\"breadcrumb\":{\"@id\":\"https:\/\/thebasie.org\/in-a-first-count-basie-center-can-accept-cryotpcurrency-donations\/#breadcrumb\"},\"inLanguage\":\"es\",\"potentialAction\":[{\"@type\":\"ReadAction\",\"target\":[\"https:\/\/thebasie.org\/in-a-first-count-basie-center-can-accept-cryotpcurrency-donations\/\"]}]},{\"@type\":\"ImageObject\",\"inLanguage\":\"es\",\"@id\":\"https:\/\/thebasie.org\/in-a-first-count-basie-center-can-accept-cryotpcurrency-donations\/#primaryimage\",\"url\":\"https:\/\/thebasie.org\/wp-content\/uploads\/2020\/10\/BCRF.jpg\",\"contentUrl\":\"https:\/\/thebasie.org\/wp-content\/uploads\/2020\/10\/BCRF.jpg\"},{\"@type\":\"BreadcrumbList\",\"@id\":\"https:\/\/thebasie.org\/in-a-first-count-basie-center-can-accept-cryotpcurrency-donations\/#breadcrumb\",\"itemListElement\":[{\"@type\":\"ListItem\",\"position\":1,\"name\":\"Home\",\"item\":\"https:\/\/thebasie.org\/\"},{\"@type\":\"ListItem\",\"position\":2,\"name\":\"In a first, Count Basie Center can accept cryotpcurrency donations\"}]},{\"@type\":\"WebSite\",\"@id\":\"https:\/\/thebasie.org\/#website\",\"url\":\"https:\/\/thebasie.org\/\",\"name\":\"Count Basie Center for the Arts\",\"description\":\"Count Basie Center for the Arts\",\"potentialAction\":[{\"@type\":\"SearchAction\",\"target\":{\"@type\":\"EntryPoint\",\"urlTemplate\":\"https:\/\/thebasie.org\/?s={search_term_string}\"},\"query-input\":{\"@type\":\"PropertyValueSpecification\",\"valueRequired\":true,\"valueName\":\"search_term_string\"}}],\"inLanguage\":\"es\"}]}<\/script>\n<!-- \/ Yoast SEO Premium plugin. -->","yoast_head_json":{"title":"Por primera vez, el Centro Count Basie puede aceptar donaciones en criptomonedas - Count Basie Center for the Arts","robots":{"index":"index","follow":"follow","max-snippet":"max-snippet:-1","max-image-preview":"max-image-preview:large","max-video-preview":"max-video-preview:-1"},"canonical":"https:\/\/thebasie.org\/es\/en-un-centro-base-de-primer-conteo-puede-aceptar-donaciones-en-criotpomonedas\/","og_locale":"es_MX","og_type":"article","og_title":"In a first, Count Basie Center can accept cryotpcurrency donations","og_description":"&nbsp; Gifts of Bitcoin, Ether and other cryptocurrencies now accepted as part of the Basie Recovery Fund (OCT. 22 2020 | RED BANK) As it attempts to emerge from a 7+ month closure due to the global pandemic,\u00a0 the historic Count Basie Center for the Arts announced today it has become one of the first [&hellip;]","og_url":"https:\/\/thebasie.org\/es\/en-un-centro-base-de-primer-conteo-puede-aceptar-donaciones-en-criotpomonedas\/","og_site_name":"Count Basie Center for the Arts","article_publisher":"http:\/\/www.facebook.com\/basiecenter","article_modified_time":"2020-10-22T20:51:44+00:00","og_image":[{"width":1200,"height":628,"url":"https:\/\/thebasie.org\/wp-content\/uploads\/2020\/09\/R2-OPT2-SOS-Donation-Basie-Center-Recovery-Fund-FACEBOOK.jpg","type":"image\/jpeg"}],"twitter_card":"summary_large_image","twitter_title":"In a first, Count Basie Center can accept cryotpcurrency donations","twitter_site":"@basiecenter","twitter_misc":{"Tiempo de lectura":"3 minutos"},"schema":{"@context":"https:\/\/schema.org","@graph":[{"@type":"WebPage","@id":"https:\/\/thebasie.org\/in-a-first-count-basie-center-can-accept-cryotpcurrency-donations\/","url":"https:\/\/thebasie.org\/in-a-first-count-basie-center-can-accept-cryotpcurrency-donations\/","name":"Por primera vez, el Centro Count Basie puede aceptar donaciones en criptomonedas - Count Basie Center for the Arts","isPartOf":{"@id":"https:\/\/thebasie.org\/#website"},"primaryImageOfPage":{"@id":"https:\/\/thebasie.org\/in-a-first-count-basie-center-can-accept-cryotpcurrency-donations\/#primaryimage"},"image":{"@id":"https:\/\/thebasie.org\/in-a-first-count-basie-center-can-accept-cryotpcurrency-donations\/#primaryimage"},"thumbnailUrl":"https:\/\/thebasie.org\/wp-content\/uploads\/2020\/10\/BCRF.jpg","datePublished":"2020-10-22T19:27:12+00:00","dateModified":"2020-10-22T20:51:44+00:00","breadcrumb":{"@id":"https:\/\/thebasie.org\/in-a-first-count-basie-center-can-accept-cryotpcurrency-donations\/#breadcrumb"},"inLanguage":"es","potentialAction":[{"@type":"ReadAction","target":["https:\/\/thebasie.org\/in-a-first-count-basie-center-can-accept-cryotpcurrency-donations\/"]}]},{"@type":"ImageObject","inLanguage":"es","@id":"https:\/\/thebasie.org\/in-a-first-count-basie-center-can-accept-cryotpcurrency-donations\/#primaryimage","url":"https:\/\/thebasie.org\/wp-content\/uploads\/2020\/10\/BCRF.jpg","contentUrl":"https:\/\/thebasie.org\/wp-content\/uploads\/2020\/10\/BCRF.jpg"},{"@type":"BreadcrumbList","@id":"https:\/\/thebasie.org\/in-a-first-count-basie-center-can-accept-cryotpcurrency-donations\/#breadcrumb","itemListElement":[{"@type":"ListItem","position":1,"name":"Home","item":"https:\/\/thebasie.org\/"},{"@type":"ListItem","position":2,"name":"In a first, Count Basie Center can accept cryotpcurrency donations"}]},{"@type":"WebSite","@id":"https:\/\/thebasie.org\/#website","url":"https:\/\/thebasie.org\/","name":"Count Basie Center for the Arts","description":"Count Basie Center for the Arts","potentialAction":[{"@type":"SearchAction","target":{"@type":"EntryPoint","urlTemplate":"https:\/\/thebasie.org\/?s={search_term_string}"},"query-input":{"@type":"PropertyValueSpecification","valueRequired":true,"valueName":"search_term_string"}}],"inLanguage":"es"}]}},"_links":{"self":[{"href":"https:\/\/thebasie.org\/es\/wp-json\/wp\/v2\/pages\/13779","targetHints":{"allow":["GET"]}}],"collection":[{"href":"https:\/\/thebasie.org\/es\/wp-json\/wp\/v2\/pages"}],"about":[{"href":"https:\/\/thebasie.org\/es\/wp-json\/wp\/v2\/types\/page"}],"author":[{"embeddable":true,"href":"https:\/\/thebasie.org\/es\/wp-json\/wp\/v2\/users\/3"}],"replies":[{"embeddable":true,"href":"https:\/\/thebasie.org\/es\/wp-json\/wp\/v2\/comments?post=13779"}],"version-history":[{"count":0,"href":"https:\/\/thebasie.org\/es\/wp-json\/wp\/v2\/pages\/13779\/revisions"}],"wp:attachment":[{"href":"https:\/\/thebasie.org\/es\/wp-json\/wp\/v2\/media?parent=13779"}],"curies":[{"name":"Gracias","href":"https:\/\/api.w.org\/{rel}","templated":true}]}}