{"id":13036,"date":"2020-09-16T13:52:53","date_gmt":"2020-09-16T17:52:53","guid":{"rendered":"https:\/\/thebasie.org\/?page_id=13036"},"modified":"2025-01-28T11:37:29","modified_gmt":"2025-01-28T16:37:29","slug":"alquilar","status":"publish","type":"page","link":"https:\/\/thebasie.org\/es\/alquilar\/","title":{"rendered":"Alquiler de eventos especiales"},"content":{"rendered":"<style type=\"text\/css\"> .logos { display: visible;} .rent-intro-photo {display: inline-block; float: right; position: relative; max-width: 500px;} .rent-intro-info {display: inline-block; max-width: 500px; float: left; position: relative;} .rent-directory-wrapper {text-align: center; vertical-align: top; margin: 80px 0px 160px 0px; } .rent-directory { vertical-align: top; display: inline-block; margin: 20px 2px 20px 20px; max-width: 340px; text-align: center; } .rent-directory p {font-family: 'Montserrat'; margin: 0px 0px 0px 0px; font-size: 22px; font-weight: bold} .rent-location {margin: 20px 0px 100px 0px; } .rent-divider {margin: 40px 0px 0px 0px;} h3, .rent-location-name {margin: 0px; font-size: 28px;} h4, .rent-location-features {margin: 0px;} .basiepromolisting { max-width: 380px; display: inline-block; margin-right: 14px; margin-left: 14px; text-align: center; vertical-align: top; min-height: 343px; background-color: #ffffff; } .basiemobile { visibility: hidden; display: none; } .basiedesktop { display: block; margin-top: 80px; }  @media screen and (max-width:767px) { .basiemobile {  visibility: visible !important; display: block !important; } .basiedesktop { visibility: hidden !important; display: none !important; }  } <\/style>\n<p><img loading=\"lazy\" decoding=\"async\" class=\"alignnone size-full wp-image-13357\" src=\"https:\/\/thebasie.org\/wp-content\/uploads\/2020\/09\/HEADER-SPECIAL-EVENT-RENTAL.jpg\" alt=\"UNA ESCENA PARA CADA OCASI\u00d3N: su evento especial en el Centro para las Artes Count Basie\" width=\"1240\" height=\"700\" srcset=\"https:\/\/thebasie.org\/wp-content\/uploads\/2020\/09\/HEADER-SPECIAL-EVENT-RENTAL.jpg 1240w, https:\/\/thebasie.org\/wp-content\/uploads\/2020\/09\/HEADER-SPECIAL-EVENT-RENTAL-300x169.jpg 300w, https:\/\/thebasie.org\/wp-content\/uploads\/2020\/09\/HEADER-SPECIAL-EVENT-RENTAL-1024x578.jpg 1024w, https:\/\/thebasie.org\/wp-content\/uploads\/2020\/09\/HEADER-SPECIAL-EVENT-RENTAL-768x434.jpg 768w, https:\/\/thebasie.org\/wp-content\/uploads\/2020\/09\/HEADER-SPECIAL-EVENT-RENTAL-1020x576.jpg 1020w\" sizes=\"auto, (max-width: 1240px) 100vw, 1240px\" \/><\/p>\n<div class=\"rent-intro\">\n<div class=\"rent-intro-photo\"><img loading=\"lazy\" decoding=\"async\" src=\"https:\/\/thebasie.org\/wp-content\/uploads\/2020\/09\/DRESSING-ROOM-SPECIAL-EVENT-RENTAL.jpg\" alt=\"\" width=\"500\" height=\"500\" \/><\/div>\n<div class=\"rent-intro-info\">\n<p><strong style=\"font-size: 26px; font-family: 'Montserrat';\">La noche de vuestras vidas.<\/strong><\/p>\n<p>El noviazgo.<br \/>\nLa propuesta.<br \/>\nLa celebraci\u00f3n de todo.<\/p>\n<p>En el reci\u00e9n ampliado Centro para las Artes Count Basie, su noche de bodas u ocasi\u00f3n especial es m\u00e1s que un momento: es un espect\u00e1culo cinematogr\u00e1fico, envuelto en la tradici\u00f3n del teatro hist\u00f3rico restaurado del Centro Basie y el glamour de los espacios m\u00e1s nuevos del edificio, desde su impresionante y espacioso lobby y una plaza al aire libre contigua, hasta nuestro nuevo club de \u00faltima generaci\u00f3n y nuestro moderno sal\u00f3n de baile.<\/p>\n<p>Para m\u00e1s informaci\u00f3n, cont\u00e1ctenos al <a href=\"mailto:events@thebasie.org\">eventos@thebasie.org<\/a>.<\/p>\n<\/div>\n<\/div>\n<p><img loading=\"lazy\" decoding=\"async\" class=\"alignnone size-full wp-image-13359\" style=\"margin-top: 20px;\" src=\"https:\/\/thebasie.org\/wp-content\/uploads\/2020\/09\/WEDDINGS-CORPORATE-GATHERINGS-PARTIES-CELEBATIONS-SPECIAL-EVENT-RENTAL.jpg\" alt=\"Bodas, reuniones corporativas, fiestas y celebraciones\" width=\"1240\" height=\"700\" srcset=\"https:\/\/thebasie.org\/wp-content\/uploads\/2020\/09\/WEDDINGS-CORPORATE-GATHERINGS-PARTIES-CELEBATIONS-SPECIAL-EVENT-RENTAL.jpg 1240w, https:\/\/thebasie.org\/wp-content\/uploads\/2020\/09\/WEDDINGS-CORPORATE-GATHERINGS-PARTIES-CELEBATIONS-SPECIAL-EVENT-RENTAL-300x169.jpg 300w, https:\/\/thebasie.org\/wp-content\/uploads\/2020\/09\/WEDDINGS-CORPORATE-GATHERINGS-PARTIES-CELEBATIONS-SPECIAL-EVENT-RENTAL-1024x578.jpg 1024w, https:\/\/thebasie.org\/wp-content\/uploads\/2020\/09\/WEDDINGS-CORPORATE-GATHERINGS-PARTIES-CELEBATIONS-SPECIAL-EVENT-RENTAL-768x434.jpg 768w, https:\/\/thebasie.org\/wp-content\/uploads\/2020\/09\/WEDDINGS-CORPORATE-GATHERINGS-PARTIES-CELEBATIONS-SPECIAL-EVENT-RENTAL-1020x576.jpg 1020w\" sizes=\"auto, (max-width: 1240px) 100vw, 1240px\" \/><\/p>\n<div class=\"rent-directory-wrapper\">\n<div class=\"rent-directory\">\n<p><a href=\"#historic-theater\"><img loading=\"lazy\" decoding=\"async\" src=\"https:\/\/thebasie.org\/wp-content\/uploads\/2020\/09\/RENTAL-HISTORIC-THEATRE-435x343-1.jpg\" alt=\"\" width=\"435\" height=\"343\" \/><\/a>El Teatro Hist\u00f3rico<\/p>\n<\/div>\n<div class=\"rent-directory\">\n<p><a href=\"#grand-lobby\"><img loading=\"lazy\" decoding=\"async\" src=\"https:\/\/thebasie.org\/wp-content\/uploads\/2020\/09\/RENTAL-GRAND-LOBBY-EAST-435x343-1.jpg\" alt=\"\" width=\"435\" height=\"343\" \/><\/a>Gran vest\u00edbulo<\/p>\n<\/div>\n<div class=\"rent-directory\">\n<p><a href=\"#diamond-lounge\"><img loading=\"lazy\" decoding=\"async\" src=\"https:\/\/thebasie.org\/wp-content\/uploads\/2024\/01\/RENTAL-2024-DIAMOND-LOUNGE-EAST-435x343-1.jpg\" alt=\"\" width=\"435\" height=\"343\" class=\"alignnone size-full wp-image-27428\" srcset=\"https:\/\/thebasie.org\/wp-content\/uploads\/2024\/01\/RENTAL-2024-DIAMOND-LOUNGE-EAST-435x343-1.jpg 435w, https:\/\/thebasie.org\/wp-content\/uploads\/2024\/01\/RENTAL-2024-DIAMOND-LOUNGE-EAST-435x343-1-300x237.jpg 300w, https:\/\/thebasie.org\/wp-content\/uploads\/2024\/01\/RENTAL-2024-DIAMOND-LOUNGE-EAST-435x343-1-15x12.jpg 15w\" sizes=\"auto, (max-width: 435px) 100vw, 435px\" \/><\/a>Sal\u00f3n Diamante<\/p>\n<\/div>\n<div class=\"rent-directory\">\n<p><a href=\"#arts-plaza\"><img loading=\"lazy\" decoding=\"async\" src=\"https:\/\/thebasie.org\/wp-content\/uploads\/2020\/09\/RENTAL-ARTS-PLAZA-435x343-1.jpg\" alt=\"\" width=\"435\" height=\"343\" \/><\/a>Plaza de las Artes William y Catherine Basie<\/p>\n<\/div>\n<div class=\"rent-directory\">\n<p><a href=\"#new-venue\"><img loading=\"lazy\" decoding=\"async\" src=\"https:\/\/thebasie.org\/wp-content\/uploads\/2020\/09\/RENTAL-THE-NEW-VENUE-435x343-1.jpg\" alt=\"\" width=\"435\" height=\"343\" \/><\/a>The Vogel<\/p>\n<\/div>\n<div class=\"rent-directory\">\n<p><a href=\"#k-lounge\"><img loading=\"lazy\" decoding=\"async\" class=\"alignnone size-full wp-image-13413\" src=\"https:\/\/thebasie.org\/wp-content\/uploads\/2020\/09\/RENTAL-K-LOUNGE-435x343-1.jpg\" alt=\"\" width=\"435\" height=\"343\" srcset=\"https:\/\/thebasie.org\/wp-content\/uploads\/2020\/09\/RENTAL-K-LOUNGE-435x343-1.jpg 435w, https:\/\/thebasie.org\/wp-content\/uploads\/2020\/09\/RENTAL-K-LOUNGE-435x343-1-300x237.jpg 300w\" sizes=\"auto, (max-width: 435px) 100vw, 435px\" \/><\/a>El sal\u00f3n K<\/p>\n<\/div>\n<div class=\"rent-directory\">\n<p><a href=\"#rooftop-lounge\"><img loading=\"lazy\" decoding=\"async\" src=\"https:\/\/thebasie.org\/wp-content\/uploads\/2020\/09\/RENTAL-ROOFTOP-LOUNGE-435x343-1.jpg\" alt=\"\" width=\"435\" height=\"343\" \/><\/a>Sal\u00f3n en la azotea<\/p>\n<\/div>\n<\/div>\n<div id=\"historic-theater\" class=\"rent-location\"><img loading=\"lazy\" decoding=\"async\" class=\"alignnone size-full wp-image-13397\" src=\"https:\/\/thebasie.org\/wp-content\/uploads\/2020\/09\/RENTAL-HISTORIC-THEATRE.jpg\" alt=\"\" width=\"1240\" height=\"700\" srcset=\"https:\/\/thebasie.org\/wp-content\/uploads\/2020\/09\/RENTAL-HISTORIC-THEATRE.jpg 1240w, https:\/\/thebasie.org\/wp-content\/uploads\/2020\/09\/RENTAL-HISTORIC-THEATRE-300x169.jpg 300w, https:\/\/thebasie.org\/wp-content\/uploads\/2020\/09\/RENTAL-HISTORIC-THEATRE-1024x578.jpg 1024w, https:\/\/thebasie.org\/wp-content\/uploads\/2020\/09\/RENTAL-HISTORIC-THEATRE-768x434.jpg 768w, https:\/\/thebasie.org\/wp-content\/uploads\/2020\/09\/RENTAL-HISTORIC-THEATRE-1020x576.jpg 1020w\" sizes=\"auto, (max-width: 1240px) 100vw, 1240px\" \/><\/div>\n<h3 class=\"rent-location-name\">El Teatro Hist\u00f3rico<\/h3>\n<h4 class=\"rent-location-features\">ESCENARIO + 2 BARES + 4 BA\u00d1OS<\/h4>\n<div class=\"rent-location-specs\">CAPACIDAD: 1.568 SENTADOS<\/div>\n<div class=\"rent-location-size\">Ideal para: grandes eventos<\/div>\n<div class=\"rent-location-info\">Perfecto para albergar bodas y otros eventos grandes, el hist\u00f3rico teatro de Basie, sede de algunas de las estrellas m\u00e1s importantes de la m\u00fasica durante 97 a\u00f1os y contando, prepara el escenario para el comienzo de algo grande.<\/div>\n<hr class=\"rent-divider\" \/>\n<div id=\"grand-lobby\" class=\"rent-location\">\n<p><img loading=\"lazy\" decoding=\"async\" class=\"alignnone size-full wp-image-13398\" src=\"https:\/\/thebasie.org\/wp-content\/uploads\/2020\/09\/RENTAL-GRAND-LOBBY-EAST.jpg\" alt=\"\" width=\"1240\" height=\"700\" srcset=\"https:\/\/thebasie.org\/wp-content\/uploads\/2020\/09\/RENTAL-GRAND-LOBBY-EAST.jpg 1240w, https:\/\/thebasie.org\/wp-content\/uploads\/2020\/09\/RENTAL-GRAND-LOBBY-EAST-300x169.jpg 300w, https:\/\/thebasie.org\/wp-content\/uploads\/2020\/09\/RENTAL-GRAND-LOBBY-EAST-1024x578.jpg 1024w, https:\/\/thebasie.org\/wp-content\/uploads\/2020\/09\/RENTAL-GRAND-LOBBY-EAST-768x434.jpg 768w, https:\/\/thebasie.org\/wp-content\/uploads\/2020\/09\/RENTAL-GRAND-LOBBY-EAST-1020x576.jpg 1020w\" sizes=\"auto, (max-width: 1240px) 100vw, 1240px\" \/><\/p>\n<h3 class=\"rent-location-name\">Gran vest\u00edbulo<\/h3>\n<h4 class=\"rent-location-features\">2 PLANTAS + 2 BARES + 4 BA\u00d1OS<\/h4>\n<div class=\"rent-location-specs\">CAPACIDAD: 260 SENTADOS, 943 DE PIE \u2022 UBICACI\u00d3N: LADO ESTE<\/div>\n<div class=\"rent-location-size\">Ideal para: grandes eventos<\/div>\n<div class=\"rent-location-info\">La joya m\u00e1s nueva del Basie Center: un imponente lobby de dos pisos marcado por una impresionante gran escalera, iluminaci\u00f3n exuberante, m\u00faltiples barras de servicio y suficiente espacio para crear una reuni\u00f3n c\u00e1lida e \u00edntima de amigos y familiares.<\/div>\n<hr class=\"rent-divider\" \/>\n<\/div>\n<div id=\"diamond-lounge\" class=\"rent-location\">\n<p><img loading=\"lazy\" decoding=\"async\" src=\"https:\/\/thebasie.org\/wp-content\/uploads\/2024\/01\/RENTAL-2024-DIAMOND-LOUNGE-EAST.jpg\" alt=\"\" width=\"1240\" height=\"700\" class=\"alignnone size-full wp-image-27427\" srcset=\"https:\/\/thebasie.org\/wp-content\/uploads\/2024\/01\/RENTAL-2024-DIAMOND-LOUNGE-EAST.jpg 1240w, https:\/\/thebasie.org\/wp-content\/uploads\/2024\/01\/RENTAL-2024-DIAMOND-LOUNGE-EAST-300x169.jpg 300w, https:\/\/thebasie.org\/wp-content\/uploads\/2024\/01\/RENTAL-2024-DIAMOND-LOUNGE-EAST-1024x578.jpg 1024w, https:\/\/thebasie.org\/wp-content\/uploads\/2024\/01\/RENTAL-2024-DIAMOND-LOUNGE-EAST-768x434.jpg 768w, https:\/\/thebasie.org\/wp-content\/uploads\/2024\/01\/RENTAL-2024-DIAMOND-LOUNGE-EAST-18x10.jpg 18w, https:\/\/thebasie.org\/wp-content\/uploads\/2024\/01\/RENTAL-2024-DIAMOND-LOUNGE-EAST-1020x576.jpg 1020w\" sizes=\"auto, (max-width: 1240px) 100vw, 1240px\" \/><\/p>\n<h3 class=\"rent-location-name\">Sal\u00f3n Diamante<\/h3>\n<h4 class=\"rent-location-features\">HABITACI\u00d3N PRIVADA<\/h4>\n<div class=\"rent-location-specs\">CAPACIDAD: 50 SENTADOS, 63 DE PIE \u2022 UBICACI\u00d3N: LADO ESTE<\/div>\n<div class=\"rent-location-size\">Ideal para: peque\u00f1os eventos<\/div>\n<div class=\"rent-location-info\">Un espacio de inspiraci\u00f3n metropolitana, decorado en nogal y con vistas a William J. Basie Arts Plaza, que crea el entorno perfecto para reuniones \u00edntimas o el hogar de la suite nupcial o el sal\u00f3n de padrinos de boda el d\u00eda de su boda.<\/div>\n<hr class=\"rent-divider\" \/>\n<\/div>\n<div id=\"arts-plaza\" class=\"rent-location\">\n<p><img loading=\"lazy\" decoding=\"async\" class=\"alignnone size-full wp-image-13401\" src=\"https:\/\/thebasie.org\/wp-content\/uploads\/2020\/09\/RENTAL-ARTS-PLAZA.jpg\" alt=\"\" width=\"1240\" height=\"700\" srcset=\"https:\/\/thebasie.org\/wp-content\/uploads\/2020\/09\/RENTAL-ARTS-PLAZA.jpg 1240w, https:\/\/thebasie.org\/wp-content\/uploads\/2020\/09\/RENTAL-ARTS-PLAZA-300x169.jpg 300w, https:\/\/thebasie.org\/wp-content\/uploads\/2020\/09\/RENTAL-ARTS-PLAZA-1024x578.jpg 1024w, https:\/\/thebasie.org\/wp-content\/uploads\/2020\/09\/RENTAL-ARTS-PLAZA-768x434.jpg 768w, https:\/\/thebasie.org\/wp-content\/uploads\/2020\/09\/RENTAL-ARTS-PLAZA-1020x576.jpg 1020w\" sizes=\"auto, (max-width: 1240px) 100vw, 1240px\" \/><\/p>\n<h3 class=\"rent-location-name\">Plaza de las Artes William y Catherine Basie<\/h3>\n<h4 class=\"rent-location-features\">BAR + PLAZA + BALC\u00d3N<\/h4>\n<div class=\"rent-location-specs\">CAPACIDAD: 150 SENTADOS, 255 DE PIE \u2022 UBICACI\u00d3N: LADO ESTE<\/div>\n<div class=\"rent-location-size\">Ideal para: grandes eventos<\/div>\n<div class=\"rent-location-info\">El William J. Basie Arts Plaza, c\u00e1lidamente iluminado por el gran vest\u00edbulo por la noche y con un balc\u00f3n para ver el espacio en su conjunto, ofrece un ambiente \u00edntimo al aire libre o un \u00e1rea para ampliar su sal\u00f3n para miembros o evento en el Gran vest\u00edbulo. .<\/div>\n<hr class=\"rent-divider\" \/>\n<\/div>\n<div id=\"new-venue\" class=\"rent-location\">\n<p><img loading=\"lazy\" decoding=\"async\" class=\"alignnone size-full wp-image-13402\" src=\"https:\/\/thebasie.org\/wp-content\/uploads\/2020\/09\/RENTAL-THE-NEW-VENUE.jpg\" alt=\"\" width=\"1240\" height=\"700\" srcset=\"https:\/\/thebasie.org\/wp-content\/uploads\/2020\/09\/RENTAL-THE-NEW-VENUE.jpg 1240w, https:\/\/thebasie.org\/wp-content\/uploads\/2020\/09\/RENTAL-THE-NEW-VENUE-300x169.jpg 300w, https:\/\/thebasie.org\/wp-content\/uploads\/2020\/09\/RENTAL-THE-NEW-VENUE-1024x578.jpg 1024w, https:\/\/thebasie.org\/wp-content\/uploads\/2020\/09\/RENTAL-THE-NEW-VENUE-768x434.jpg 768w, https:\/\/thebasie.org\/wp-content\/uploads\/2020\/09\/RENTAL-THE-NEW-VENUE-1020x576.jpg 1020w\" sizes=\"auto, (max-width: 1240px) 100vw, 1240px\" \/><\/p>\n<h3 class=\"rent-location-name\">The Vogel<\/h3>\n<h4 class=\"rent-location-features\">ESCENARIO + 2 PLANTAS + 2 BARES + 4 BA\u00d1OS + LOBBY<\/h4>\n<div class=\"rent-location-specs\">CAPACIDAD: 400 SENTADOS, 984 DE PIE \u2022 UBICACI\u00d3N: LADO OESTE<\/div>\n<div class=\"rent-location-size\">Ideal para: grandes eventos<\/div>\n<div class=\"rent-location-info\">Lo m\u00e1s nuevo del Basie es su lugar multiusos de \u00faltima generaci\u00f3n: una sala de dos niveles con balcones equipada con una est\u00e9tica r\u00fastica e industrial. Dise\u00f1ado para experiencias inmersivas, completo con \u00e1reas detr\u00e1s del escenario, un sal\u00f3n en el segundo piso y tecnolog\u00eda para crear ambientes deslumbrantes con paquetes de video e iluminaci\u00f3n.<\/div>\n<hr class=\"rent-divider\" \/>\n<\/div>\n<div id=\"k-lounge\" class=\"rent-location\">\n<p><img loading=\"lazy\" decoding=\"async\" src=\"https:\/\/thebasie.org\/wp-content\/uploads\/2020\/09\/RENTAL-R2-K-LOUNGE.jpg\" alt=\"\" width=\"1240\" height=\"700\" \/><\/p>\n<h3 class=\"rent-location-name\">El sal\u00f3n K<\/h3>\n<h4 class=\"rent-location-features\">HABITACI\u00d3N PRIVADA<\/h4>\n<div class=\"rent-location-specs\">CAPACIDAD: 38 SENTADOS, 38 DE PIE \u2022 UBICACI\u00d3N: LADO OESTE<\/div>\n<div class=\"rent-location-size\">Ideal para: peque\u00f1os eventos<\/div>\n<div class=\"rent-location-info\">Una suite VIP ubicada en el segundo piso del sal\u00f3n de baile de Basie, el K Lounge est\u00e1 destinado a ser un espacio de reuni\u00f3n exclusivo para eventos, un retiro durante presentaciones o un espacio de uso exclusivo durante bodas, reuniones corporativas u otras ocasiones especiales.<\/div>\n<hr class=\"rent-divider\" \/>\n<\/div>\n<div id=\"rooftop-lounge\" class=\"rent-location\">\n<p><img loading=\"lazy\" decoding=\"async\" class=\"alignnone size-full wp-image-13403\" src=\"https:\/\/thebasie.org\/wp-content\/uploads\/2020\/09\/RENTAL-ROOFTOP-LOUNGE.jpg\" alt=\"\" width=\"1240\" height=\"700\" srcset=\"https:\/\/thebasie.org\/wp-content\/uploads\/2020\/09\/RENTAL-ROOFTOP-LOUNGE.jpg 1240w, https:\/\/thebasie.org\/wp-content\/uploads\/2020\/09\/RENTAL-ROOFTOP-LOUNGE-300x169.jpg 300w, https:\/\/thebasie.org\/wp-content\/uploads\/2020\/09\/RENTAL-ROOFTOP-LOUNGE-1024x578.jpg 1024w, https:\/\/thebasie.org\/wp-content\/uploads\/2020\/09\/RENTAL-ROOFTOP-LOUNGE-768x434.jpg 768w, https:\/\/thebasie.org\/wp-content\/uploads\/2020\/09\/RENTAL-ROOFTOP-LOUNGE-1020x576.jpg 1020w\" sizes=\"auto, (max-width: 1240px) 100vw, 1240px\" \/><\/p>\n<h3 class=\"rent-location-name\">Sal\u00f3n en la azotea<\/h3>\n<h4 class=\"rent-location-features\">BAR + PATIO<\/h4>\n<div class=\"rent-location-specs\">CAPACIDAD: 130 SENTADOS, 150 DE PIE \u2022 UBICACI\u00d3N: LADO OESTE<\/div>\n<div class=\"rent-location-size\">Ideal para: eventos medianos<\/div>\n<div class=\"rent-location-info\">Ofreciendo una vista panor\u00e1mica amplia de Red Bank y el cercano r\u00edo Navesink, nuestro nuevo sal\u00f3n en la azotea es un lugar exclusivo, cuando hace buen tiempo, para su reuni\u00f3n social o corporativa o cualquier otra funci\u00f3n social que pueda so\u00f1ar. Con acceso por ascensor al nuevo espacio del lugar, un bar de alta gama y m\u00e1s.<\/div>\n<hr class=\"rent-divider\" \/>\n<\/div>\n<div style=\"text-align: center;\"><span style=\"font-size: 26px; font-weight: bold; font-family: 'Montserrat';\">\u00a1Estamos emocionados de hacer que su evento sea \u00e9pico!<\/span><br \/>\n<span style=\"font-size: 18px; font-weight: bold; font-family: 'Montserrat';\">Bodas \u2022 Reuniones Corporativas \u2022 Cumplea\u00f1os \u2022 Quincea\u00f1eras \u2022 Fiestas de Aniversario \u2022 Jubilaciones \u2022 Otras Celebraciones<\/span><\/div>\n<hr style=\"margin: 40px 0px 40px 0px;\" \/>\n<div style=\"text-align: center;\"><span style=\"font-size: 20px; font-weight: bold; font-family: 'Montserrat';\">CONTACTO PARA EVENTOS ESPECIALES:<\/span><br \/>\n<a href=\"mailto:events@thebasie.org\"><span style=\"font-size: 14pt;\">eventos@thebasie.org<\/span><\/a><\/div>","protected":false},"excerpt":{"rendered":"<p>La noche de vuestras vidas. El noviazgo. La propuesta. La celebraci\u00f3n de todo. En el recientemente ampliado Centro para las Artes Count Basie, su noche de bodas u ocasi\u00f3n especial es m\u00e1s que un momento: es un espect\u00e1culo cinematogr\u00e1fico, envuelto en la tradici\u00f3n del teatro hist\u00f3rico restaurado del Centro Basie con el glamour de [\u2026]<\/p>","protected":false},"author":4,"featured_media":0,"parent":0,"menu_order":0,"comment_status":"closed","ping_status":"closed","template":"template-no_title.php","meta":{"_acf_changed":false,"footnotes":""},"class_list":["post-13036","page","type-page","status-publish","hentry"],"acf":[],"yoast_head":"<!-- This site is optimized with the Yoast SEO Premium plugin v26.7 (Yoast SEO v26.7) - https:\/\/yoast.com\/wordpress\/plugins\/seo\/ -->\n<title>Special Event Rental - Count Basie Center for the Arts<\/title>\n<meta name=\"robots\" content=\"index, follow, max-snippet:-1, max-image-preview:large, max-video-preview:-1\" \/>\n<link rel=\"canonical\" href=\"https:\/\/thebasie.org\/es\/alquilar\/\" \/>\n<meta property=\"og:locale\" content=\"es_MX\" \/>\n<meta property=\"og:type\" content=\"article\" \/>\n<meta property=\"og:title\" content=\"Your special event at the new Count Basie Center for the Arts\" \/>\n<meta property=\"og:description\" content=\"The night of your lives. The courtship. The proposal. The celebration of it all. At the newly expanded Count Basie Center for the Arts, your wedding night or special occasion is more than a moment \u2013 it\u2019s a cinematic spectacle, draped in the tradition of the Basie Center\u2019s restored historic theater to the glamour of [&hellip;]\" \/>\n<meta property=\"og:url\" content=\"https:\/\/thebasie.org\/es\/alquilar\/\" \/>\n<meta property=\"og:site_name\" content=\"Count Basie Center for the Arts\" \/>\n<meta property=\"article:publisher\" content=\"http:\/\/www.facebook.com\/basiecenter\" \/>\n<meta property=\"article:modified_time\" content=\"2025-01-28T16:37:29+00:00\" \/>\n<meta property=\"og:image\" content=\"https:\/\/thebasie.org\/wp-content\/uploads\/2020\/09\/R1-Special-Events-Basie-GRAND-LOBBY-PLAZA-GALA-STAGE-1200x630-1.jpg\" \/>\n\t<meta property=\"og:image:width\" content=\"1200\" \/>\n\t<meta property=\"og:image:height\" content=\"630\" \/>\n\t<meta property=\"og:image:type\" content=\"image\/jpeg\" \/>\n<meta name=\"twitter:card\" content=\"summary_large_image\" \/>\n<meta name=\"twitter:title\" content=\"Special Event Rental\" \/>\n<meta name=\"twitter:site\" content=\"@basiecenter\" \/>\n<meta name=\"twitter:label1\" content=\"Tiempo de lectura\" \/>\n\t<meta name=\"twitter:data1\" content=\"6 minutos\" \/>\n<script type=\"application\/ld+json\" class=\"yoast-schema-graph\">{\"@context\":\"https:\/\/schema.org\",\"@graph\":[{\"@type\":\"WebPage\",\"@id\":\"https:\/\/thebasie.org\/rent\/\",\"url\":\"https:\/\/thebasie.org\/rent\/\",\"name\":\"Special Event Rental - Count Basie Center for the Arts\",\"isPartOf\":{\"@id\":\"https:\/\/thebasie.org\/#website\"},\"primaryImageOfPage\":{\"@id\":\"https:\/\/thebasie.org\/rent\/#primaryimage\"},\"image\":{\"@id\":\"https:\/\/thebasie.org\/rent\/#primaryimage\"},\"thumbnailUrl\":\"https:\/\/thebasie.org\/wp-content\/uploads\/2020\/09\/HEADER-SPECIAL-EVENT-RENTAL.jpg\",\"datePublished\":\"2020-09-16T17:52:53+00:00\",\"dateModified\":\"2025-01-28T16:37:29+00:00\",\"breadcrumb\":{\"@id\":\"https:\/\/thebasie.org\/rent\/#breadcrumb\"},\"inLanguage\":\"es\",\"potentialAction\":[{\"@type\":\"ReadAction\",\"target\":[\"https:\/\/thebasie.org\/rent\/\"]}]},{\"@type\":\"ImageObject\",\"inLanguage\":\"es\",\"@id\":\"https:\/\/thebasie.org\/rent\/#primaryimage\",\"url\":\"https:\/\/thebasie.org\/wp-content\/uploads\/2020\/09\/HEADER-SPECIAL-EVENT-RENTAL.jpg\",\"contentUrl\":\"https:\/\/thebasie.org\/wp-content\/uploads\/2020\/09\/HEADER-SPECIAL-EVENT-RENTAL.jpg\"},{\"@type\":\"BreadcrumbList\",\"@id\":\"https:\/\/thebasie.org\/rent\/#breadcrumb\",\"itemListElement\":[{\"@type\":\"ListItem\",\"position\":1,\"name\":\"Home\",\"item\":\"https:\/\/thebasie.org\/\"},{\"@type\":\"ListItem\",\"position\":2,\"name\":\"Special Event Rental\"}]},{\"@type\":\"WebSite\",\"@id\":\"https:\/\/thebasie.org\/#website\",\"url\":\"https:\/\/thebasie.org\/\",\"name\":\"Count Basie Center for the Arts\",\"description\":\"Count Basie Center for the Arts\",\"potentialAction\":[{\"@type\":\"SearchAction\",\"target\":{\"@type\":\"EntryPoint\",\"urlTemplate\":\"https:\/\/thebasie.org\/?s={search_term_string}\"},\"query-input\":{\"@type\":\"PropertyValueSpecification\",\"valueRequired\":true,\"valueName\":\"search_term_string\"}}],\"inLanguage\":\"es\"}]}<\/script>\n<!-- \/ Yoast SEO Premium plugin. -->","yoast_head_json":{"title":"Alquiler de eventos especiales - Centro de las Artes Count Basie","robots":{"index":"index","follow":"follow","max-snippet":"max-snippet:-1","max-image-preview":"max-image-preview:large","max-video-preview":"max-video-preview:-1"},"canonical":"https:\/\/thebasie.org\/es\/alquilar\/","og_locale":"es_MX","og_type":"article","og_title":"Your special event at the new Count Basie Center for the Arts","og_description":"The night of your lives. The courtship. The proposal. The celebration of it all. At the newly expanded Count Basie Center for the Arts, your wedding night or special occasion is more than a moment \u2013 it\u2019s a cinematic spectacle, draped in the tradition of the Basie Center\u2019s restored historic theater to the glamour of [&hellip;]","og_url":"https:\/\/thebasie.org\/es\/alquilar\/","og_site_name":"Count Basie Center for the Arts","article_publisher":"http:\/\/www.facebook.com\/basiecenter","article_modified_time":"2025-01-28T16:37:29+00:00","og_image":[{"width":1200,"height":630,"url":"https:\/\/thebasie.org\/wp-content\/uploads\/2020\/09\/R1-Special-Events-Basie-GRAND-LOBBY-PLAZA-GALA-STAGE-1200x630-1.jpg","type":"image\/jpeg"}],"twitter_card":"summary_large_image","twitter_title":"Special Event Rental","twitter_site":"@basiecenter","twitter_misc":{"Tiempo de lectura":"6 minutos"},"schema":{"@context":"https:\/\/schema.org","@graph":[{"@type":"WebPage","@id":"https:\/\/thebasie.org\/rent\/","url":"https:\/\/thebasie.org\/rent\/","name":"Alquiler de eventos especiales - Centro de las Artes Count Basie","isPartOf":{"@id":"https:\/\/thebasie.org\/#website"},"primaryImageOfPage":{"@id":"https:\/\/thebasie.org\/rent\/#primaryimage"},"image":{"@id":"https:\/\/thebasie.org\/rent\/#primaryimage"},"thumbnailUrl":"https:\/\/thebasie.org\/wp-content\/uploads\/2020\/09\/HEADER-SPECIAL-EVENT-RENTAL.jpg","datePublished":"2020-09-16T17:52:53+00:00","dateModified":"2025-01-28T16:37:29+00:00","breadcrumb":{"@id":"https:\/\/thebasie.org\/rent\/#breadcrumb"},"inLanguage":"es","potentialAction":[{"@type":"ReadAction","target":["https:\/\/thebasie.org\/rent\/"]}]},{"@type":"ImageObject","inLanguage":"es","@id":"https:\/\/thebasie.org\/rent\/#primaryimage","url":"https:\/\/thebasie.org\/wp-content\/uploads\/2020\/09\/HEADER-SPECIAL-EVENT-RENTAL.jpg","contentUrl":"https:\/\/thebasie.org\/wp-content\/uploads\/2020\/09\/HEADER-SPECIAL-EVENT-RENTAL.jpg"},{"@type":"BreadcrumbList","@id":"https:\/\/thebasie.org\/rent\/#breadcrumb","itemListElement":[{"@type":"ListItem","position":1,"name":"Home","item":"https:\/\/thebasie.org\/"},{"@type":"ListItem","position":2,"name":"Special Event Rental"}]},{"@type":"WebSite","@id":"https:\/\/thebasie.org\/#website","url":"https:\/\/thebasie.org\/","name":"Count Basie Center for the Arts","description":"Count Basie Center for the Arts","potentialAction":[{"@type":"SearchAction","target":{"@type":"EntryPoint","urlTemplate":"https:\/\/thebasie.org\/?s={search_term_string}"},"query-input":{"@type":"PropertyValueSpecification","valueRequired":true,"valueName":"search_term_string"}}],"inLanguage":"es"}]}},"_links":{"self":[{"href":"https:\/\/thebasie.org\/es\/wp-json\/wp\/v2\/pages\/13036","targetHints":{"allow":["GET"]}}],"collection":[{"href":"https:\/\/thebasie.org\/es\/wp-json\/wp\/v2\/pages"}],"about":[{"href":"https:\/\/thebasie.org\/es\/wp-json\/wp\/v2\/types\/page"}],"author":[{"embeddable":true,"href":"https:\/\/thebasie.org\/es\/wp-json\/wp\/v2\/users\/4"}],"replies":[{"embeddable":true,"href":"https:\/\/thebasie.org\/es\/wp-json\/wp\/v2\/comments?post=13036"}],"version-history":[{"count":0,"href":"https:\/\/thebasie.org\/es\/wp-json\/wp\/v2\/pages\/13036\/revisions"}],"wp:attachment":[{"href":"https:\/\/thebasie.org\/es\/wp-json\/wp\/v2\/media?parent=13036"}],"curies":[{"name":"Gracias","href":"https:\/\/api.w.org\/{rel}","templated":true}]}}