{"id":12344,"date":"2020-06-01T09:06:45","date_gmt":"2020-06-01T13:06:45","guid":{"rendered":"https:\/\/thebasie.org\/?page_id=12344"},"modified":"2020-08-27T13:07:32","modified_gmt":"2020-08-27T17:07:32","slug":"conducir-en","status":"publish","type":"page","link":"https:\/\/thebasie.org\/es\/conducir-en\/","title":{"rendered":"Conducir en"},"content":{"rendered":"<style type=\"text\/css\"><span data-mce-type=\"bookmark\" style=\"display: inline-block; width: 0px; overflow: hidden; line-height: 0;\" class=\"mce_SELRES_start\">\ufeff<\/span><span data-mce-type=\"bookmark\" style=\"display: inline-block; width: 0px; overflow: hidden; line-height: 0;\" class=\"mce_SELRES_start\">\ufeff<\/span><span style=\"display: inline-block; width: 0px; overflow: hidden; line-height: 0;\" data-mce-type=\"bookmark\" class=\"mce_SELRES_start\">\ufeff<\/span><span data-mce-type=\"bookmark\" style=\"display: inline-block; width: 0px; overflow: hidden; line-height: 0;\" class=\"mce_SELRES_start\">\ufeff<\/span><span style=\"display: inline-block; width: 0px; overflow: hidden; line-height: 0;\" data-mce-type=\"bookmark\" class=\"mce_SELRES_start\">\ufeff<\/span> .logos { display: none;} .drive-info { margin-top: 50px; } .wrapper-drive-in-shows { text-align: center;} .drive-in-title { color: #3185c9; } .drive-in-show { max-width: 550px; display: inline-block; margin: 0px 20px 0px 20px} .basiepromolisting { max-width: 380px; display: inline-block; margin-right: 14px; margin-left: 14px; text-align: center; vertical-align: top; min-height: 343px; background-color: #ffffff; } .basiemobile { visibility: hidden; display: none; } .basiedesktop { display: block; }  @media screen and (max-width:767px) { .basiemobile {  visibility: visible !important; display: block !important; } .basiedesktop { visibility: hidden !important; display: none !important; }  } <\/style>\n<p><img loading=\"lazy\" decoding=\"async\" class=\"alignnone size-full wp-image-12450\" style=\"margin-bottom: 20px;\" src=\"https:\/\/thebasie.org\/wp-content\/uploads\/2020\/06\/HEADER-DRIVE-IN-LIVE-JUNE-4-2020.jpg\" alt=\"\" width=\"1240\" height=\"1001\" srcset=\"https:\/\/thebasie.org\/wp-content\/uploads\/2020\/06\/HEADER-DRIVE-IN-LIVE-JUNE-4-2020.jpg 1240w, https:\/\/thebasie.org\/wp-content\/uploads\/2020\/06\/HEADER-DRIVE-IN-LIVE-JUNE-4-2020-300x242.jpg 300w, https:\/\/thebasie.org\/wp-content\/uploads\/2020\/06\/HEADER-DRIVE-IN-LIVE-JUNE-4-2020-1024x827.jpg 1024w, https:\/\/thebasie.org\/wp-content\/uploads\/2020\/06\/HEADER-DRIVE-IN-LIVE-JUNE-4-2020-768x620.jpg 768w, https:\/\/thebasie.org\/wp-content\/uploads\/2020\/06\/HEADER-DRIVE-IN-LIVE-JUNE-4-2020-714x576.jpg 714w\" sizes=\"auto, (max-width: 1240px) 100vw, 1240px\" \/><\/p>\n<div class=\"wrapper-drive-in-shows\">\n<div class=\"drive-in-show\" style=\"margin-bottom: 36px;\"><a href=\"https:\/\/www.ticketmaster.com\/the-front-bottoms\/event\/000058F4D1A30D46\"><img loading=\"lazy\" decoding=\"async\" class=\"alignnone size-full wp-image-12859\" src=\"https:\/\/thebasie.org\/wp-content\/uploads\/2020\/07\/R2-FRONT-BOTTOMS-TIX-DRIVE-IN-LIVE-WEBPAGE-LISTING-550x735-1.jpg\" alt=\"\" width=\"550\" height=\"735\" srcset=\"https:\/\/thebasie.org\/wp-content\/uploads\/2020\/07\/R2-FRONT-BOTTOMS-TIX-DRIVE-IN-LIVE-WEBPAGE-LISTING-550x735-1.jpg 550w, https:\/\/thebasie.org\/wp-content\/uploads\/2020\/07\/R2-FRONT-BOTTOMS-TIX-DRIVE-IN-LIVE-WEBPAGE-LISTING-550x735-1-224x300.jpg 224w, https:\/\/thebasie.org\/wp-content\/uploads\/2020\/07\/R2-FRONT-BOTTOMS-TIX-DRIVE-IN-LIVE-WEBPAGE-LISTING-550x735-1-431x576.jpg 431w\" sizes=\"auto, (max-width: 550px) 100vw, 550px\" \/><\/a><\/div>\n<\/div>\n<div class=\"drive-info\">\n<div style=\"text-align: center;\">\n<p>&nbsp;<\/p>\n<h1 class=\"drive-in-title\">LOS FONDO DELANTEROS<\/h1>\n<p><strong>JUEVES 27 DE AGOSTO \u2022 5PM PUERTAS, 7PM ESPECT\u00c1CULO<\/strong><\/p>\n<p>_________________________<\/p>\n<p><span style=\"font-size: 14pt;\"><strong><em>CONCIERTOS PARA<\/em><\/strong><strong><em> BENEFICIA AL CENTRO DE LAS ARTES COUNT BASIE, CON UNA PARTE DE <\/em><\/strong><\/span><strong><em><span style=\"font-size: 14pt;\">PRODUCTO <\/span><\/em><\/strong><strong><em><span style=\"font-size: 14pt;\">HACIA<\/span><\/em><\/strong> <strong><em><span style=\"font-size: 14pt;\">FONDO DE RECUPERACI\u00d3N DE ARTES Y CULTURA DE NUEVA JERSEY Y FONDO DE RESPUESTA AL COVID-19 DE HACKENSACK MERIDIAN HEALTH<\/span><br \/>\n<\/em><\/strong><\/p>\n<p><span style=\"color: #ff0000;\"><strong>UN BOLETO POR COCHE \u2022 4 PERSONAS M\u00c1XIMO POR VEH\u00cdCULO<\/strong><\/span><\/p>\n<\/div>\n<\/div>\n<p>&nbsp;<\/p>\n<p><strong>Las medidas de distanciamiento social para todas las presentaciones de Drive-In Live operar\u00e1n de acuerdo con las pautas de Nueva Jersey:<\/strong><\/p>\n<ul>\n<li><strong>Los veh\u00edculos estar\u00e1n espaciados aproximadamente a 9&#039;. Las ventanas pueden permanecer abiertas a esta distancia.<\/strong><\/li>\n<li><strong>Los autom\u00f3viles se estacionar\u00e1n de manera escalonada para lograr espacio y mejor visibilidad.<\/strong><\/li>\n<li><strong>Los clientes deben permanecer dentro de las cabinas de sus veh\u00edculos.<\/strong><\/li>\n<li><strong>Los clientes solo podr\u00e1n salir de sus veh\u00edculos para usar los ba\u00f1os y deber\u00e1n usar m\u00e1scaras y mantener el distanciamiento social.<\/strong><\/li>\n<li><strong>Los ba\u00f1os port\u00e1tiles de un solo puesto se limpiar\u00e1n entre usuarios.<\/strong><\/li>\n<\/ul>\n<p><strong>Informaci\u00f3n adicional para estas experiencias de conciertos \u00fanicas en su tipo:<\/strong><\/p>\n<ul>\n<li><strong>S\u00f3lo veh\u00edculos de pasajeros. No se permiten motocicletas, autobuses, autobuses de fiesta, limusinas, bicicletas ni tr\u00e1nsito peatonal. Se permitir\u00e1n veh\u00edculos accesibles seg\u00fan la ADA.<\/strong><\/li>\n<li><strong>Todas las entradas son de entrada general y no se pueden reservar plazas.\u00a0<\/strong><\/li>\n<li><strong>Los eventos son lluvia o sol.<\/strong><\/li>\n<li><strong>El concierto tendr\u00e1 lugar en el Estacionamiento General de Tribuna. <u>Los coches deben entrar por la avenida Port-au-Peck.<\/u> Instrucciones espec\u00edficas a continuaci\u00f3n.<\/strong><\/li>\n<li><strong>Pr\u00f3ximamente informaci\u00f3n sobre concesiones. No se servir\u00e1 alcohol.<\/strong><\/li>\n<li><strong>Absolutamente no se permiten reuniones cerca del veh\u00edculo ni reuniones fuera del veh\u00edculo.<\/strong><\/li>\n<li><strong>Los asistentes podr\u00e1n escuchar los conciertos a trav\u00e9s del audio del escenario y la radio FM. Detalles del d\u00eda del espect\u00e1culo.<\/strong><\/li>\n<li><strong>Los coches con m\u00e1s de cuatro ocupantes ser\u00e1n rechazados sin reembolso.<\/strong><\/li>\n<li><strong>Los veh\u00edculos est\u00e1n sujetos a registro al ingresar.<\/strong><\/li>\n<li><strong>No se permiten mascotas.\u00a0<\/strong><\/li>\n<\/ul>\n<p>La orientaci\u00f3n estatal sobre distanciamiento social, reuniones p\u00fablicas y ciertos procedimientos y pr\u00e1cticas est\u00e1 sujeta a cambios. Basie Presents mantendr\u00e1 a los clientes informados sobre los cambios relacionados con estos eventos en <a href=\"https:\/\/thebasie.org\/es\/conducir-en\/\"><strong>thebasie.org\/drivein<\/strong><\/a> y <strong><a href=\"http:\/\/www.monmouthpark.com\">Monmouthpark.com<\/a><\/strong>.<\/p>\n<p style=\"text-align: left;\"><strong id=\"directions\">DIRECCIONES:<\/strong><\/p>\n<p style=\"text-align: left;\">Tome la salida 105 de GSP hacia 36 este. Contin\u00fae pasando Monmouth Mall, Best Buy y Bed Bath and Beyond a su derecha. Despu\u00e9s del supermercado ALDI, cruce la siguiente intersecci\u00f3n y tome la manija hacia 537 West \/ Monmouth Park Raceway Grandstand. Cruce la autopista y tome 537 West (Eatontown Boulevard) pasando el \u00e1rea recreativa de Wolf Hill hasta Port au Peck Avenue. Gire a la derecha. La entrada de Port Au Peck a Monmouth Park estar\u00e1 a su derecha.<\/p>\n<p style=\"text-align: center;\"><span style=\"font-size: 8pt; font-family: arial, helvetica, sans-serif;\"><strong>RENUNCIA DE RESPONSABILIDAD Y ASUNCI\u00d3N DE RIESGO.<\/strong> Todos los asistentes, al comprar una entrada y\/o asistir al evento, aceptan asumir todos los riesgos, peligros y peligros que puedan surgir o estar relacionados de alguna manera con el riesgo de contraer una enfermedad o dolencia transmisible (incluida la exposici\u00f3n a COVID-19, una bacteria, virus u otro pat\u00f3geno capaz de causar una enfermedad o dolencia transmisible) ya sea que haya ocurrido antes, durante o despu\u00e9s del evento, sin importar c\u00f3mo se haya causado o contra\u00eddo. Por lo tanto, cualquier persona que compre un boleto y\/o asista al evento, por la presente renuncia a todos y cada uno de los reclamos contra el Count Basie Center for the Arts, Monmouth Park, UMTPresents, el artista y\/o todos los patrocinadores relacionados relacionados con todos los riesgos de lesiones personales. , enfermedad, incapacidad permanente y\/o muerte.<\/span><\/p>\n<p style=\"text-align: center;\"><span style=\"font-family: arial, helvetica, sans-serif; font-size: 8pt;\">.<br \/>\n<\/span><\/p>\n<p><img loading=\"lazy\" decoding=\"async\" class=\"alignnone size-full wp-image-12733\" style=\"margin-top: 30px;\" src=\"https:\/\/thebasie.org\/wp-content\/uploads\/2020\/06\/DRIVE-IN-LIVE-BASIE-WEBPAGE-FOOTER-JUNE-29-2020.jpg\" alt=\"\" width=\"1240\" height=\"239\" srcset=\"https:\/\/thebasie.org\/wp-content\/uploads\/2020\/06\/DRIVE-IN-LIVE-BASIE-WEBPAGE-FOOTER-JUNE-29-2020.jpg 1240w, https:\/\/thebasie.org\/wp-content\/uploads\/2020\/06\/DRIVE-IN-LIVE-BASIE-WEBPAGE-FOOTER-JUNE-29-2020-300x58.jpg 300w, https:\/\/thebasie.org\/wp-content\/uploads\/2020\/06\/DRIVE-IN-LIVE-BASIE-WEBPAGE-FOOTER-JUNE-29-2020-1024x197.jpg 1024w, https:\/\/thebasie.org\/wp-content\/uploads\/2020\/06\/DRIVE-IN-LIVE-BASIE-WEBPAGE-FOOTER-JUNE-29-2020-768x148.jpg 768w\" sizes=\"auto, (max-width: 1240px) 100vw, 1240px\" \/><\/p>","protected":false},"excerpt":{"rendered":"<p>&nbsp; THE FRONT BOTTOMS JUEVES 27 DE AGOSTO \u2022 5PM PUERTAS, 7PM ESPECT\u00c1CULO _________________________ CONCIERTOS A BENEFICIO DEL CENTRO DE LAS ARTES COUNT BASIE, CON UNA PARTE DE LAS GANANCIAS AL FONDO DE RECUPERACI\u00d3N DE ARTES Y CULTURA DE NUEVA JERSEY Y AL FONDO DE RESPUESTA AL COVID-19 DE HACKENSACK MERIDIAN HEALTH UN BOLETO POR COCHE \u2022 4 PERSONAS M\u00c1XIMO POR VEH\u00cdCULO Distanciamiento social [\u2026]<\/p>","protected":false},"author":4,"featured_media":0,"parent":0,"menu_order":0,"comment_status":"closed","ping_status":"closed","template":"template-no_title.php","meta":{"_acf_changed":false,"footnotes":""},"class_list":["post-12344","page","type-page","status-publish","hentry"],"acf":[],"yoast_head":"<!-- This site is optimized with the Yoast SEO Premium plugin v26.7 (Yoast SEO v26.7) - https:\/\/yoast.com\/wordpress\/plugins\/seo\/ -->\n<title>DriveIn - Count Basie Center for the Arts<\/title>\n<meta name=\"robots\" content=\"index, follow, max-snippet:-1, max-image-preview:large, max-video-preview:-1\" \/>\n<link rel=\"canonical\" href=\"https:\/\/thebasie.org\/es\/conducir-en\/\" \/>\n<meta property=\"og:locale\" content=\"es_MX\" \/>\n<meta property=\"og:type\" content=\"article\" \/>\n<meta property=\"og:title\" content=\"The Basie Presents Drive-In Live at Monmouth Park, sponsored by World Subaru and Bank of America\" \/>\n<meta property=\"og:description\" content=\"Produced by The Basie Presents and sponsored by World Subaru\" \/>\n<meta property=\"og:url\" content=\"https:\/\/thebasie.org\/es\/conducir-en\/\" \/>\n<meta property=\"og:site_name\" content=\"Count Basie Center for the Arts\" \/>\n<meta property=\"article:publisher\" content=\"http:\/\/www.facebook.com\/basiecenter\" \/>\n<meta property=\"article:modified_time\" content=\"2020-08-27T17:07:32+00:00\" \/>\n<meta property=\"og:image\" content=\"https:\/\/thebasie.org\/wp-content\/uploads\/2020\/07\/R2-OPT1-DRIVE-INFO-FACEBOOK.jpg\" \/>\n\t<meta property=\"og:image:width\" content=\"1200\" \/>\n\t<meta property=\"og:image:height\" content=\"628\" \/>\n\t<meta property=\"og:image:type\" content=\"image\/jpeg\" \/>\n<meta name=\"twitter:card\" content=\"summary_large_image\" \/>\n<meta name=\"twitter:title\" content=\"DriveIn\" \/>\n<meta name=\"twitter:site\" content=\"@basiecenter\" \/>\n<meta name=\"twitter:label1\" content=\"Tiempo de lectura\" \/>\n\t<meta name=\"twitter:data1\" content=\"2 minutos\" \/>\n<script type=\"application\/ld+json\" class=\"yoast-schema-graph\">{\"@context\":\"https:\/\/schema.org\",\"@graph\":[{\"@type\":\"WebPage\",\"@id\":\"https:\/\/thebasie.org\/drivein\/\",\"url\":\"https:\/\/thebasie.org\/drivein\/\",\"name\":\"DriveIn - Count Basie Center for the Arts\",\"isPartOf\":{\"@id\":\"https:\/\/thebasie.org\/#website\"},\"primaryImageOfPage\":{\"@id\":\"https:\/\/thebasie.org\/drivein\/#primaryimage\"},\"image\":{\"@id\":\"https:\/\/thebasie.org\/drivein\/#primaryimage\"},\"thumbnailUrl\":\"https:\/\/thebasie.org\/wp-content\/uploads\/2020\/06\/HEADER-DRIVE-IN-LIVE-JUNE-4-2020.jpg\",\"datePublished\":\"2020-06-01T13:06:45+00:00\",\"dateModified\":\"2020-08-27T17:07:32+00:00\",\"breadcrumb\":{\"@id\":\"https:\/\/thebasie.org\/drivein\/#breadcrumb\"},\"inLanguage\":\"es\",\"potentialAction\":[{\"@type\":\"ReadAction\",\"target\":[\"https:\/\/thebasie.org\/drivein\/\"]}]},{\"@type\":\"ImageObject\",\"inLanguage\":\"es\",\"@id\":\"https:\/\/thebasie.org\/drivein\/#primaryimage\",\"url\":\"https:\/\/thebasie.org\/wp-content\/uploads\/2020\/06\/HEADER-DRIVE-IN-LIVE-JUNE-4-2020.jpg\",\"contentUrl\":\"https:\/\/thebasie.org\/wp-content\/uploads\/2020\/06\/HEADER-DRIVE-IN-LIVE-JUNE-4-2020.jpg\"},{\"@type\":\"BreadcrumbList\",\"@id\":\"https:\/\/thebasie.org\/drivein\/#breadcrumb\",\"itemListElement\":[{\"@type\":\"ListItem\",\"position\":1,\"name\":\"Home\",\"item\":\"https:\/\/thebasie.org\/\"},{\"@type\":\"ListItem\",\"position\":2,\"name\":\"DriveIn\"}]},{\"@type\":\"WebSite\",\"@id\":\"https:\/\/thebasie.org\/#website\",\"url\":\"https:\/\/thebasie.org\/\",\"name\":\"Count Basie Center for the Arts\",\"description\":\"Count Basie Center for the Arts\",\"potentialAction\":[{\"@type\":\"SearchAction\",\"target\":{\"@type\":\"EntryPoint\",\"urlTemplate\":\"https:\/\/thebasie.org\/?s={search_term_string}\"},\"query-input\":{\"@type\":\"PropertyValueSpecification\",\"valueRequired\":true,\"valueName\":\"search_term_string\"}}],\"inLanguage\":\"es\"}]}<\/script>\n<!-- \/ Yoast SEO Premium plugin. -->","yoast_head_json":{"title":"DriveIn - Centro de las Artes Count Basie","robots":{"index":"index","follow":"follow","max-snippet":"max-snippet:-1","max-image-preview":"max-image-preview:large","max-video-preview":"max-video-preview:-1"},"canonical":"https:\/\/thebasie.org\/es\/conducir-en\/","og_locale":"es_MX","og_type":"article","og_title":"The Basie Presents Drive-In Live at Monmouth Park, sponsored by World Subaru and Bank of America","og_description":"Produced by The Basie Presents and sponsored by World Subaru","og_url":"https:\/\/thebasie.org\/es\/conducir-en\/","og_site_name":"Count Basie Center for the Arts","article_publisher":"http:\/\/www.facebook.com\/basiecenter","article_modified_time":"2020-08-27T17:07:32+00:00","og_image":[{"width":1200,"height":628,"url":"https:\/\/thebasie.org\/wp-content\/uploads\/2020\/07\/R2-OPT1-DRIVE-INFO-FACEBOOK.jpg","type":"image\/jpeg"}],"twitter_card":"summary_large_image","twitter_title":"DriveIn","twitter_site":"@basiecenter","twitter_misc":{"Tiempo de lectura":"2 minutos"},"schema":{"@context":"https:\/\/schema.org","@graph":[{"@type":"WebPage","@id":"https:\/\/thebasie.org\/drivein\/","url":"https:\/\/thebasie.org\/drivein\/","name":"DriveIn - Centro de las Artes Count Basie","isPartOf":{"@id":"https:\/\/thebasie.org\/#website"},"primaryImageOfPage":{"@id":"https:\/\/thebasie.org\/drivein\/#primaryimage"},"image":{"@id":"https:\/\/thebasie.org\/drivein\/#primaryimage"},"thumbnailUrl":"https:\/\/thebasie.org\/wp-content\/uploads\/2020\/06\/HEADER-DRIVE-IN-LIVE-JUNE-4-2020.jpg","datePublished":"2020-06-01T13:06:45+00:00","dateModified":"2020-08-27T17:07:32+00:00","breadcrumb":{"@id":"https:\/\/thebasie.org\/drivein\/#breadcrumb"},"inLanguage":"es","potentialAction":[{"@type":"ReadAction","target":["https:\/\/thebasie.org\/drivein\/"]}]},{"@type":"ImageObject","inLanguage":"es","@id":"https:\/\/thebasie.org\/drivein\/#primaryimage","url":"https:\/\/thebasie.org\/wp-content\/uploads\/2020\/06\/HEADER-DRIVE-IN-LIVE-JUNE-4-2020.jpg","contentUrl":"https:\/\/thebasie.org\/wp-content\/uploads\/2020\/06\/HEADER-DRIVE-IN-LIVE-JUNE-4-2020.jpg"},{"@type":"BreadcrumbList","@id":"https:\/\/thebasie.org\/drivein\/#breadcrumb","itemListElement":[{"@type":"ListItem","position":1,"name":"Home","item":"https:\/\/thebasie.org\/"},{"@type":"ListItem","position":2,"name":"DriveIn"}]},{"@type":"WebSite","@id":"https:\/\/thebasie.org\/#website","url":"https:\/\/thebasie.org\/","name":"Count Basie Center for the Arts","description":"Count Basie Center for the Arts","potentialAction":[{"@type":"SearchAction","target":{"@type":"EntryPoint","urlTemplate":"https:\/\/thebasie.org\/?s={search_term_string}"},"query-input":{"@type":"PropertyValueSpecification","valueRequired":true,"valueName":"search_term_string"}}],"inLanguage":"es"}]}},"_links":{"self":[{"href":"https:\/\/thebasie.org\/es\/wp-json\/wp\/v2\/pages\/12344","targetHints":{"allow":["GET"]}}],"collection":[{"href":"https:\/\/thebasie.org\/es\/wp-json\/wp\/v2\/pages"}],"about":[{"href":"https:\/\/thebasie.org\/es\/wp-json\/wp\/v2\/types\/page"}],"author":[{"embeddable":true,"href":"https:\/\/thebasie.org\/es\/wp-json\/wp\/v2\/users\/4"}],"replies":[{"embeddable":true,"href":"https:\/\/thebasie.org\/es\/wp-json\/wp\/v2\/comments?post=12344"}],"version-history":[{"count":0,"href":"https:\/\/thebasie.org\/es\/wp-json\/wp\/v2\/pages\/12344\/revisions"}],"wp:attachment":[{"href":"https:\/\/thebasie.org\/es\/wp-json\/wp\/v2\/media?parent=12344"}],"curies":[{"name":"Gracias","href":"https:\/\/api.w.org\/{rel}","templated":true}]}}