{"id":11898,"date":"2020-04-21T16:05:34","date_gmt":"2020-04-21T20:05:34","guid":{"rendered":"https:\/\/thebasie.org\/?page_id=11898"},"modified":"2020-05-13T15:40:37","modified_gmt":"2020-05-13T19:40:37","slug":"aspirantes-a-actores","status":"publish","type":"page","link":"https:\/\/thebasie.org\/es\/aspirantes-a-actores\/","title":{"rendered":"Aprendizaje virtual: herramientas virtuales para aspirantes a actores"},"content":{"rendered":"<style type=\"text\/css\">.basiepromo { text-align: center; } .basiepromo h2 { margin-top: 0px; padding: 0px 20px; color: #ffffff; } .basiepromo h4 { color: #ffffff; margin-bottom: 0px; } .basiepromoimage { max-width: 435px; margin-bottom: 25px !important; padding: 0px !important; } .basiepromorule { clear: both; margin-bottom: 40px; } .title-basiepromo { color: #ffffff; font-size: 46px; letter-spacing: 2px; text-align: center; } .basiepromolisting { max-width: 380px; display: inline-block; margin-right: 14px; margin-left: 14px; margin-bottom: 40px; text-align: center; vertical-align: top; min-height: 500px; background-color: #9dc9dc; } .btn { min-width: 250px !important; margin-bottom: 15px; } } @media screen and (max-width:600px) {  .basiepromolisting { min-height: 400px; }  }<\/style>\n<p><img loading=\"lazy\" decoding=\"async\" class=\"alignnone wp-image-11983 size-full\" src=\"https:\/\/thebasie.org\/wp-content\/uploads\/2020\/04\/Actors-Category-SLIDER-1800x750-1.jpg\" alt=\"\" width=\"1800\" height=\"750\" srcset=\"https:\/\/thebasie.org\/wp-content\/uploads\/2020\/04\/Actors-Category-SLIDER-1800x750-1.jpg 1800w, https:\/\/thebasie.org\/wp-content\/uploads\/2020\/04\/Actors-Category-SLIDER-1800x750-1-300x125.jpg 300w, https:\/\/thebasie.org\/wp-content\/uploads\/2020\/04\/Actors-Category-SLIDER-1800x750-1-1024x427.jpg 1024w, https:\/\/thebasie.org\/wp-content\/uploads\/2020\/04\/Actors-Category-SLIDER-1800x750-1-768x320.jpg 768w, https:\/\/thebasie.org\/wp-content\/uploads\/2020\/04\/Actors-Category-SLIDER-1800x750-1-1536x640.jpg 1536w\" sizes=\"auto, (max-width: 1800px) 100vw, 1800px\" \/><\/p>\n<div class=\"basiepromo\">\n<p>&nbsp;<\/p>\n<div class=\"basiepromolisting\">\n<p><img loading=\"lazy\" decoding=\"async\" class=\"basiepromoimage alignnone wp-image-11497 size-full\" src=\"https:\/\/thebasie.org\/wp-content\/uploads\/2020\/03\/Virtual-Vocal-Preview.jpg\" alt=\"\" width=\"332\" height=\"275\" srcset=\"https:\/\/thebasie.org\/wp-content\/uploads\/2020\/03\/Virtual-Vocal-Preview.jpg 332w, https:\/\/thebasie.org\/wp-content\/uploads\/2020\/03\/Virtual-Vocal-Preview-300x248.jpg 300w\" sizes=\"auto, (max-width: 332px) 100vw, 332px\" \/><\/p>\n<h4>Lecciones de 30 a 45 minutos<br \/>\nEDADES: 10 \u2013 ADULTO<\/h4>\n<h2>CLASES VOCALES PRIVADAS<\/h2>\n<p><a class=\"btn btn--red\" href=\"https:\/\/thebasie.org\/es\/clases-2\/1-02-private-vocal-with-broadway-veteran-deb-lyons-virtual\/\">\u00a1REG\u00cdSTRESE HOY!<\/a><a class=\"btn\" href=\"https:\/\/thebasie.org\/es\/clases-2\/1-02-private-vocal-with-broadway-veteran-deb-lyons-virtual\/\">DETALLES DE LA LECCI\u00d3N<\/a><\/p>\n<\/div>\n<div class=\"basiepromolisting\">\n<p><img loading=\"lazy\" decoding=\"async\" class=\"basiepromoimage alignnone wp-image-11498 size-full\" src=\"https:\/\/thebasie.org\/wp-content\/uploads\/2020\/03\/Virtual-ACting-Preview.jpg\" alt=\"\" width=\"332\" height=\"275\" srcset=\"https:\/\/thebasie.org\/wp-content\/uploads\/2020\/03\/Virtual-ACting-Preview.jpg 332w, https:\/\/thebasie.org\/wp-content\/uploads\/2020\/03\/Virtual-ACting-Preview-300x248.jpg 300w\" sizes=\"auto, (max-width: 332px) 100vw, 332px\" \/><\/p>\n<h4>Lecciones de 30 a 45 minutos<br \/>\nEDADES: 10 \u2013 ADULTO<\/h4>\n<h2>CLASES PRIVADAS DE ACTUACI\u00d3N<\/h2>\n<p><a class=\"btn btn--red\" href=\"https:\/\/thebasie.org\/es\/clases-2\/1-02-private-acting-virtual\/\">\u00a1REG\u00cdSTRESE HOY!<\/a><a class=\"btn\" href=\"https:\/\/thebasie.org\/es\/clases-2\/1-02-private-acting-virtual\/\">DETALLES DE LA LECCI\u00d3N<\/a><\/p>\n<\/div>\n<div class=\"basiepromolisting\">\n<p><img loading=\"lazy\" decoding=\"async\" class=\"basiepromoimage alignnone wp-image-11620 size-full\" src=\"https:\/\/thebasie.org\/wp-content\/uploads\/2020\/02\/tvt3-one-on-one-Preview-1.jpg\" alt=\"\" width=\"332\" height=\"275\" srcset=\"https:\/\/thebasie.org\/wp-content\/uploads\/2020\/02\/tvt3-one-on-one-Preview-1.jpg 332w, https:\/\/thebasie.org\/wp-content\/uploads\/2020\/02\/tvt3-one-on-one-Preview-1-300x248.jpg 300w\" sizes=\"auto, (max-width: 332px) 100vw, 332px\" \/><\/p>\n<h4>Lecciones de 30 a 45 minutos<br \/>\nEDADES: 6-ADULTO<\/h4>\n<h2>ENTRENAMIENTO PRIVADO TVT3<\/h2>\n<p><a class=\"btn btn--red\" href=\"https:\/\/thebasie.org\/es\/clases-2\/1-12-tvt3-one-on-one-training-spring-2020\/\">\u00a1REG\u00cdSTRESE HOY!<\/a><a class=\"btn\" href=\"https:\/\/thebasie.org\/es\/clases-2\/1-12-tvt3-one-on-one-training-spring-2020\/\">DETALLES DE LA LECCI\u00d3N<\/a><\/p>\n<\/div>\n<div class=\"basiepromolisting\">\n<p><img loading=\"lazy\" decoding=\"async\" class=\"basiepromoimage alignnone wp-image-12007 size-full\" src=\"https:\/\/thebasie.org\/wp-content\/uploads\/2020\/05\/Character-LEARNING-CLASSES-PREVIEW.jpg\" alt=\"\" width=\"332\" height=\"275\" srcset=\"https:\/\/thebasie.org\/wp-content\/uploads\/2020\/05\/Character-LEARNING-CLASSES-PREVIEW.jpg 332w, https:\/\/thebasie.org\/wp-content\/uploads\/2020\/05\/Character-LEARNING-CLASSES-PREVIEW-300x248.jpg 300w\" sizes=\"auto, (max-width: 332px) 100vw, 332px\" \/><\/p>\n<h4>Lecciones de 30 a 45 minutos<br \/>\nEDADES: 12+<\/h4>\n<h2><b>CLASE PRIVADA DE PERSONAJES AVANZADOS<br \/>\ncon Mike O&#039;Keeffe<\/b><\/h2>\n<p><a class=\"btn btn--red\" href=\"https:\/\/thebasie.org\/es\/clases-2\/0-00-private-character-virtual\/\">\u00a1REG\u00cdSTRESE HOY!<\/a><a class=\"btn\" href=\"https:\/\/thebasie.org\/es\/clases-2\/0-00-private-character-virtual\/\">DETALLES DE LA LECCI\u00d3N<\/a><\/p>\n<\/div>\n<div class=\"basiepromolisting\">\n<p><img loading=\"lazy\" decoding=\"async\" class=\"basiepromoimage alignnone wp-image-11085 size-full\" src=\"https:\/\/thebasie.org\/wp-content\/uploads\/2020\/03\/Musical-theatre-dance-Virtual-PREVIEW.jpg\" alt=\"\" width=\"332\" height=\"275\" \/><\/p>\n<h4>LUNES \u2022 4 DE MAYO \u2013 25 DE MAYO<br \/>\n4-5PM \u2022 EDADES: 13+<\/h4>\n<h2>TEATRO MUSICAL + DANZA CULTURA POP<\/h2>\n<p><a class=\"btn btn--red\" href=\"https:\/\/campscui.active.com\/orgs\/CountBasieTheatreCamps?season=2779207&amp;session=46856806 \">\u00a1REG\u00cdSTRESE HOY!<\/a> <a class=\"btn\" href=\"https:\/\/thebasie.org\/es\/clases-2\/00-5-04-teen-musical-theatre-pop-culture-dance-ages13up-virtual-may\/\">DETALLES DE LA CLASE<\/a><\/p>\n<\/div>\n<div class=\"basiepromolisting\">\n<p><img loading=\"lazy\" decoding=\"async\" class=\"basiepromoimage alignnone wp-image-11570 size-full\" src=\"https:\/\/thebasie.org\/wp-content\/uploads\/2020\/03\/Advanced-Acting-Teens-PREVIEW.jpg\" alt=\"\" width=\"332\" height=\"275\" srcset=\"https:\/\/thebasie.org\/wp-content\/uploads\/2020\/03\/Advanced-Acting-Teens-PREVIEW.jpg 332w, https:\/\/thebasie.org\/wp-content\/uploads\/2020\/03\/Advanced-Acting-Teens-PREVIEW-300x248.jpg 300w\" sizes=\"auto, (max-width: 332px) 100vw, 332px\" \/><\/p>\n<h4>MARTES \u2022 5 DE MAYO \u2013 26 DE MAYO<br \/>\n4-6PM \u2022 EDADES: 13-18<\/h4>\n<h2>ACTUACI\u00d3N AVANZADA PARA ADOLESCENTES<\/h2>\n<p><a class=\"btn btn--red\" href=\"https:\/\/campscui.active.com\/orgs\/CountBasieTheatreCamps?season=2779207&amp;session=46862612 \">\u00a1REG\u00cdSTRESE HOY!<\/a> <a class=\"btn\" href=\"https:\/\/thebasie.org\/es\/clases-2\/00-5-05-advanced-acting-for-teens-ages13-18-virtual-may\/\">DETALLES DE LA CLASE<\/a><\/p>\n<\/div>\n<div class=\"basiepromolisting\">\n<p><img loading=\"lazy\" decoding=\"async\" class=\"basiepromoimage alignnone wp-image-11674 size-full\" src=\"https:\/\/thebasie.org\/wp-content\/uploads\/2020\/03\/Virtual-Actors-Playground-PREVIEW.jpg\" alt=\"\" width=\"332\" height=\"275\" srcset=\"https:\/\/thebasie.org\/wp-content\/uploads\/2020\/03\/Virtual-Actors-Playground-PREVIEW.jpg 332w, https:\/\/thebasie.org\/wp-content\/uploads\/2020\/03\/Virtual-Actors-Playground-PREVIEW-300x248.jpg 300w\" sizes=\"auto, (max-width: 332px) 100vw, 332px\" \/><\/p>\n<h4>MI\u00c9RCOLES \u2022 A PARTIR DEL 6 DE MAYO<sup>TH<\/sup><br \/>\n5:30-7PM \u2022 EDADES: 12+<\/h4>\n<h2>PATIO DE JUEGOS DE ACTORES<\/h2>\n<p><a class=\"btn btn--red\" href=\"https:\/\/campscui.active.com\/orgs\/CountBasieTheatreCamps?season=2779207&amp;session=46858104 \">\u00a1REG\u00cdSTRESE HOY!<\/a> <a class=\"btn\" href=\"https:\/\/thebasie.org\/es\/clases-2\/00-5-6-actors-playground-ages12up-virtual-may\/\">DETALLES DE LA CLASE<\/a><\/p>\n<\/div>\n<div class=\"basiepromolisting\">\n<p><img loading=\"lazy\" decoding=\"async\" class=\"basiepromoimage alignnone wp-image-11925 size-full\" src=\"https:\/\/thebasie.org\/wp-content\/uploads\/2020\/04\/Virtual-acting-Classes-Mamma-Mia-PREVIEW.jpg\" alt=\"\" width=\"332\" height=\"275\" srcset=\"https:\/\/thebasie.org\/wp-content\/uploads\/2020\/04\/Virtual-acting-Classes-Mamma-Mia-PREVIEW.jpg 332w, https:\/\/thebasie.org\/wp-content\/uploads\/2020\/04\/Virtual-acting-Classes-Mamma-Mia-PREVIEW-300x248.jpg 300w\" sizes=\"auto, (max-width: 332px) 100vw, 332px\" \/><\/p>\n<h4>MI\u00c9RCOLES \u2022 6 DE MAYO \u2013 27 DE MAYO<br \/>\n5:15-6:15 \u2022 EDADES: 13+<\/h4>\n<h2>Mamma Mia Dance: \u00a1una clase de baile fitness para adolescentes y sus mam\u00e1s!<\/h2>\n<p><a class=\"btn btn--red\" href=\"https:\/\/campscui.active.com\/orgs\/CountBasieTheatreCamps?season=2779207&amp;session=46894805\">\u00a1REG\u00cdSTRESE HOY!<\/a> <a class=\"btn\" href=\"https:\/\/thebasie.org\/es\/clases-2\/00-5-06-mamma-mia-dance-virtual-may4-25\/\">DETALLES DE LA CLASE<\/a><\/p>\n<\/div>\n<div class=\"basiepromolisting\">\n<p><img loading=\"lazy\" decoding=\"async\" class=\"basiepromoimage alignnone wp-image-11814 size-full\" src=\"https:\/\/thebasie.org\/wp-content\/uploads\/2020\/04\/Beginner-Acting-Preview.jpg\" alt=\"\" width=\"332\" height=\"275\" srcset=\"https:\/\/thebasie.org\/wp-content\/uploads\/2020\/04\/Beginner-Acting-Preview.jpg 332w, https:\/\/thebasie.org\/wp-content\/uploads\/2020\/04\/Beginner-Acting-Preview-300x248.jpg 300w\" sizes=\"auto, (max-width: 332px) 100vw, 332px\" \/><\/p>\n<h4>MI\u00c9RCOLES \u2022 6 DE MAYO \u2013 27 DE MAYO<br \/>\n3-4PM \u2022 EDADES: 9-12<\/h4>\n<h2>ACTUACI\u00d3N DE PRINCIPIANTES<\/h2>\n<p><a class=\"btn btn--red\" href=\"https:\/\/campscui.active.com\/orgs\/CountBasieTheatreCamps?season=2779207&amp;session=46854614 \">\u00a1REG\u00cdSTRESE HOY!<\/a> <a class=\"btn\" href=\"https:\/\/thebasie.org\/es\/clases-2\/00-5-06-beginner-acting-ages8-12-virtual-may\/\">DETALLES DE LA CLASE<\/a><\/p>\n<\/div>\n<div class=\"basiepromolisting\">\n<p><img loading=\"lazy\" decoding=\"async\" class=\"basiepromoimage alignnone wp-image-11085 size-full\" src=\"https:\/\/thebasie.org\/wp-content\/uploads\/2020\/03\/Musical-theatre-dance-Virtual-PREVIEW.jpg\" alt=\"\" width=\"332\" height=\"275\" \/><\/p>\n<h4>VIERNES \u2022 8 DE MAYO \u2013 29 DE MAYO<br \/>\n3-4PM \u2022 EDADES: 13+<\/h4>\n<h2>TEATRO MUSICAL + DANZA CULTURA POP<\/h2>\n<p><a class=\"btn btn--red\" href=\"https:\/\/campscui.active.com\/orgs\/CountBasieTheatreCamps?season=2779207&amp;session=46861303 \">\u00a1REG\u00cdSTRESE HOY!<\/a> <a class=\"btn\" href=\"https:\/\/thebasie.org\/es\/clases-2\/00-5-01-teen-musical-theatre-pop-culture-dance-ages13up-virtual-may\/\">DETALLES DE LA CLASE<\/a><\/p>\n<\/div>\n<div class=\"basiepromolisting\">\n<p><img loading=\"lazy\" decoding=\"async\" class=\"basiepromoimage alignnone wp-image-11883 size-full\" src=\"https:\/\/thebasie.org\/wp-content\/uploads\/2020\/02\/See-the-film-Preview-1.jpg\" alt=\"\" width=\"332\" height=\"275\" srcset=\"https:\/\/thebasie.org\/wp-content\/uploads\/2020\/02\/See-the-film-Preview-1.jpg 332w, https:\/\/thebasie.org\/wp-content\/uploads\/2020\/02\/See-the-film-Preview-1-300x248.jpg 300w\" sizes=\"auto, (max-width: 332px) 100vw, 332px\" \/><\/p>\n<h4>MARTES \u2022 12 DE MAYO \u2013 9 DE JUNIO<br \/>\n6 \u2013 7:30PM \u2022 EDADES: 7-ADULTO<\/h4>\n<h2>Ver la pel\u00edcula, actuar la escena<\/h2>\n<p><a class=\"btn btn--red\" href=\"https:\/\/campscui.active.com\/orgs\/CountBasieTheatreCamps#\/selectSessions\/2779207\/filter\/session=45863307\">\u00a1REG\u00cdSTRESE HOY!<\/a> <a class=\"btn\" href=\"https:\/\/thebasie.org\/es\/clases-2\/1-13-see-the-film-act-the-scene-for-kids-spring-2020\/\">DETALLES DE LA CLASE<\/a><\/p>\n<\/div>\n<div class=\"basiepromolisting\">\n<p><img loading=\"lazy\" decoding=\"async\" class=\"basiepromoimage alignnone wp-image-11614 size-full\" src=\"https:\/\/thebasie.org\/wp-content\/uploads\/2020\/02\/master-audition-Preview.jpg\" alt=\"\" width=\"332\" height=\"275\" srcset=\"https:\/\/thebasie.org\/wp-content\/uploads\/2020\/02\/master-audition-Preview.jpg 332w, https:\/\/thebasie.org\/wp-content\/uploads\/2020\/02\/master-audition-Preview-300x248.jpg 300w\" sizes=\"auto, (max-width: 332px) 100vw, 332px\" \/><\/p>\n<h4>MARTES \u2022 12 DE MAYO \u2013 9 DE JUNIO<br \/>\n7:30-8:30PM \u2022 EDADES: 7-ADULTOS<\/h4>\n<h2>DOMINAR LA AUTOPRESENTACI\u00d3N DE LA AUDICI\u00d3N<\/h2>\n<p><a class=\"btn btn--red\" href=\"https:\/\/thebasie.org\/es\/1-12-master-the-audition-self-submission-spring-2020\/\">\u00a1REG\u00cdSTRESE HOY!<\/a> <a class=\"btn\" href=\"https:\/\/thebasie.org\/es\/1-12-master-the-audition-self-submission-spring-2020\/\">DETALLES DE LA CLASE<\/a><\/p>\n<\/div>\n<div class=\"basiepromolisting\">\n<p><img loading=\"lazy\" decoding=\"async\" class=\"basiepromoimage alignnone wp-image-11845 size-full\" src=\"https:\/\/thebasie.org\/wp-content\/uploads\/2020\/04\/Harry-Potter-Preview.jpg\" alt=\"\" width=\"332\" height=\"275\" srcset=\"https:\/\/thebasie.org\/wp-content\/uploads\/2020\/04\/Harry-Potter-Preview.jpg 332w, https:\/\/thebasie.org\/wp-content\/uploads\/2020\/04\/Harry-Potter-Preview-300x248.jpg 300w\" sizes=\"auto, (max-width: 332px) 100vw, 332px\" \/><\/p>\n<h4>VIERNES \u2022 15 DE MAYO \u2022 4-5PM \u2022 EDADES: 12+<\/h4>\n<h2><strong>Dialectos y acentos: DIALECTOS EN HARRY POTTER<\/strong><\/h2>\n<p><a class=\"btn btn--red\" href=\"https:\/\/campscui.active.com\/orgs\/CountBasieTheatreCamps?season=2779207&amp;session=46869302\">\u00a1REG\u00cdSTRESE HOY!<\/a> <a class=\"btn\" href=\"https:\/\/thebasie.org\/es\/clases-2\/00-5-15-dialects-accents-ages12up-virtual-may\/\">DETALLES DEL TALLER<\/a><\/p>\n<\/div>\n<div class=\"basiepromolisting\">\n<p><img loading=\"lazy\" decoding=\"async\" class=\"basiepromoimage alignnone wp-image-11601 size-full\" src=\"https:\/\/thebasie.org\/wp-content\/uploads\/2020\/03\/musical-theatre-anaylsis-Preview.jpg\" alt=\"\" width=\"332\" height=\"275\" srcset=\"https:\/\/thebasie.org\/wp-content\/uploads\/2020\/03\/musical-theatre-anaylsis-Preview.jpg 332w, https:\/\/thebasie.org\/wp-content\/uploads\/2020\/03\/musical-theatre-anaylsis-Preview-300x248.jpg 300w\" sizes=\"auto, (max-width: 332px) 100vw, 332px\" \/><\/p>\n<h4>MI\u00c9RCOLES \u2022 20 DE MAYO \u2022 4-5PM \u2022 Edades: 12+<\/h4>\n<h2>El an\u00e1lisis del teatro musical \u2013 Estimado Evan Hansen<\/h2>\n<p><a class=\"btn btn--red\" href=\"https:\/\/campscui.active.com\/orgs\/CountBasieTheatreCamps?season=2779207&amp;session=46631404\">\u00a1REG\u00cdSTRESE HOY!<\/a> <a class=\"btn\" href=\"https:\/\/thebasie.org\/es\/clases-2\/4-13-musical-theatre-analysis-dear-evan-hansen-virtual-masterclass-april-13\/\">DETALLES DEL TALLER<\/a><\/p>\n<\/div>\n<div class=\"basiepromolisting\">\n<p><img loading=\"lazy\" decoding=\"async\" class=\"basiepromoimage alignnone wp-image-11849 size-full\" src=\"https:\/\/thebasie.org\/wp-content\/uploads\/2020\/04\/NY-PREVIEW.jpg\" alt=\"\" width=\"332\" height=\"275\" srcset=\"https:\/\/thebasie.org\/wp-content\/uploads\/2020\/04\/NY-PREVIEW.jpg 332w, https:\/\/thebasie.org\/wp-content\/uploads\/2020\/04\/NY-PREVIEW-300x248.jpg 300w\" sizes=\"auto, (max-width: 332px) 100vw, 332px\" \/><\/p>\n<h4>VIERNES \u2022 22 DE MAYO \u2022 4-5PM \u2022 EDADES: 12+<\/h4>\n<h2><strong>Dialectos y acentos:<br \/>\nNUEVA YORK \/ ISLA LARGA<\/strong><\/h2>\n<p><a class=\"btn btn--red\" href=\"https:\/\/campscui.active.com\/orgs\/CountBasieTheatreCamps?season=2779207&amp;session=46869302\">\u00a1REG\u00cdSTRESE HOY!<\/a> <a class=\"btn\" href=\"https:\/\/thebasie.org\/es\/clases-2\/00-5-22-dialects-accents-ages12up-virtual-may\/\">DETALLES DEL TALLER<\/a><\/p>\n<\/div>\n<div class=\"basiepromolisting\">\n<p><img loading=\"lazy\" decoding=\"async\" class=\"basiepromoimage alignnone wp-image-11874 size-full\" src=\"https:\/\/thebasie.org\/wp-content\/uploads\/2020\/04\/South-accent-PREVIEW.jpg\" alt=\"\" width=\"332\" height=\"275\" srcset=\"https:\/\/thebasie.org\/wp-content\/uploads\/2020\/04\/South-accent-PREVIEW.jpg 332w, https:\/\/thebasie.org\/wp-content\/uploads\/2020\/04\/South-accent-PREVIEW-300x248.jpg 300w\" sizes=\"auto, (max-width: 332px) 100vw, 332px\" \/><\/p>\n<h4>VIERNES \u2022 29 DE MAYO \u2022 4-5PM \u2022 EDADES: 12+<\/h4>\n<h2><strong>Dialectos y acentos: SUR AMERICANO<\/strong><\/h2>\n<p><a class=\"btn btn--red\" href=\"https:\/\/campscui.active.com\/orgs\/CountBasieTheatreCamps?season=2779207&amp;session=46869302\">\u00a1REG\u00cdSTRESE HOY!<\/a> <a class=\"btn\" href=\"https:\/\/thebasie.org\/es\/clases-2\/00-5-29-dialects-accents-ages12up-virtual-may\/\">DETALLES DEL TALLER<\/a><\/p>\n<\/div>\n<p><a href=\"https:\/\/thebasie.org\/es\/virtual\/\"><img loading=\"lazy\" decoding=\"async\" class=\"alignnone wp-image-12013 size-full\" src=\"https:\/\/thebasie.org\/wp-content\/uploads\/2020\/05\/virtual-Banner.jpg\" alt=\"\" width=\"1240\" height=\"98\" srcset=\"https:\/\/thebasie.org\/wp-content\/uploads\/2020\/05\/virtual-Banner.jpg 1240w, https:\/\/thebasie.org\/wp-content\/uploads\/2020\/05\/virtual-Banner-300x24.jpg 300w, https:\/\/thebasie.org\/wp-content\/uploads\/2020\/05\/virtual-Banner-1024x81.jpg 1024w, https:\/\/thebasie.org\/wp-content\/uploads\/2020\/05\/virtual-Banner-768x61.jpg 768w\" sizes=\"auto, (max-width: 1240px) 100vw, 1240px\" \/><\/a><\/p>\n<\/div>","protected":false},"excerpt":{"rendered":"<p>&nbsp; Lecciones de 30 a 45 minutos EDADES: 10 A\u00d1OS CLASES PRIVADAS DE VOCAL PARA ADULTOS \u00a1REG\u00cdSTRESE HOY! DETALLES DE LA LECCI\u00d3N Lecciones de 30 a 45 minutos EDADES: 10 A\u00d1OS CLASES PRIVADAS DE ACTUACI\u00d3N \u00a1REG\u00cdSTRESE HOY! DETALLES DE LA LECCI\u00d3N Lecciones de 30 a 45 minutos EDADES: 6 A\u00d1OS ENTRENAMIENTO PRIVADO TVT3 PARA ADULTOS \u00a1REG\u00cdSTRESE HOY! DETALLES DE LA LECCI\u00d3N Lecciones de 30 a 45 minutos EDADES: 12 A\u00d1OS+ CLASE PRIVADA DE CAR\u00c1CTER AVANZADO [\u2026]<\/p>","protected":false},"author":11,"featured_media":0,"parent":0,"menu_order":0,"comment_status":"closed","ping_status":"closed","template":"template-no_title.php","meta":{"_acf_changed":false,"footnotes":""},"class_list":["post-11898","page","type-page","status-publish","hentry"],"acf":[],"yoast_head":"<!-- This site is optimized with the Yoast SEO Premium plugin v26.7 (Yoast SEO v26.7) - https:\/\/yoast.com\/wordpress\/plugins\/seo\/ -->\n<title>Virtual Learning - Virtual Tools for Aspiring Actors - Count Basie Center for the Arts<\/title>\n<meta name=\"robots\" content=\"index, follow, max-snippet:-1, max-image-preview:large, max-video-preview:-1\" \/>\n<link rel=\"canonical\" href=\"https:\/\/thebasie.org\/es\/aspirantes-a-actores\/\" \/>\n<meta property=\"og:locale\" content=\"es_MX\" \/>\n<meta property=\"og:type\" content=\"article\" \/>\n<meta property=\"og:title\" content=\"Count Basie Center Academy Online | Virtual Tools for Aspiring Actors\" \/>\n<meta property=\"og:description\" content=\"From monologue studies to musical theatre vocals, peer networking, improvisation, the Actors Playground proram...\" \/>\n<meta property=\"og:url\" content=\"https:\/\/thebasie.org\/es\/aspirantes-a-actores\/\" \/>\n<meta property=\"og:site_name\" content=\"Count Basie Center for the Arts\" \/>\n<meta property=\"article:publisher\" content=\"http:\/\/www.facebook.com\/basiecenter\" \/>\n<meta property=\"article:modified_time\" content=\"2020-05-13T19:40:37+00:00\" \/>\n<meta property=\"og:image\" content=\"https:\/\/thebasie.org\/wp-content\/uploads\/2020\/04\/Aspiring-Actors-Virtual-FACEBOOK.jpg\" \/>\n\t<meta property=\"og:image:width\" content=\"1200\" \/>\n\t<meta property=\"og:image:height\" content=\"630\" \/>\n\t<meta property=\"og:image:type\" content=\"image\/jpeg\" \/>\n<meta name=\"twitter:card\" content=\"summary_large_image\" \/>\n<meta name=\"twitter:title\" content=\"Virtual Learning - Virtual Tools for Aspiring Actors\" \/>\n<meta name=\"twitter:site\" content=\"@basiecenter\" \/>\n<meta name=\"twitter:label1\" content=\"Tiempo de lectura\" \/>\n\t<meta name=\"twitter:data1\" content=\"1 minuto\" \/>\n<script type=\"application\/ld+json\" class=\"yoast-schema-graph\">{\"@context\":\"https:\/\/schema.org\",\"@graph\":[{\"@type\":\"WebPage\",\"@id\":\"https:\/\/thebasie.org\/aspiring-actors\/\",\"url\":\"https:\/\/thebasie.org\/aspiring-actors\/\",\"name\":\"Virtual Learning - Virtual Tools for Aspiring Actors - Count Basie Center for the Arts\",\"isPartOf\":{\"@id\":\"https:\/\/thebasie.org\/#website\"},\"primaryImageOfPage\":{\"@id\":\"https:\/\/thebasie.org\/aspiring-actors\/#primaryimage\"},\"image\":{\"@id\":\"https:\/\/thebasie.org\/aspiring-actors\/#primaryimage\"},\"thumbnailUrl\":\"https:\/\/thebasie.org\/wp-content\/uploads\/2020\/04\/Actors-Category-SLIDER-1800x750-1.jpg\",\"datePublished\":\"2020-04-21T20:05:34+00:00\",\"dateModified\":\"2020-05-13T19:40:37+00:00\",\"breadcrumb\":{\"@id\":\"https:\/\/thebasie.org\/aspiring-actors\/#breadcrumb\"},\"inLanguage\":\"es\",\"potentialAction\":[{\"@type\":\"ReadAction\",\"target\":[\"https:\/\/thebasie.org\/aspiring-actors\/\"]}]},{\"@type\":\"ImageObject\",\"inLanguage\":\"es\",\"@id\":\"https:\/\/thebasie.org\/aspiring-actors\/#primaryimage\",\"url\":\"https:\/\/thebasie.org\/wp-content\/uploads\/2020\/04\/Actors-Category-SLIDER-1800x750-1.jpg\",\"contentUrl\":\"https:\/\/thebasie.org\/wp-content\/uploads\/2020\/04\/Actors-Category-SLIDER-1800x750-1.jpg\"},{\"@type\":\"BreadcrumbList\",\"@id\":\"https:\/\/thebasie.org\/aspiring-actors\/#breadcrumb\",\"itemListElement\":[{\"@type\":\"ListItem\",\"position\":1,\"name\":\"Home\",\"item\":\"https:\/\/thebasie.org\/\"},{\"@type\":\"ListItem\",\"position\":2,\"name\":\"Virtual Learning &#8211; Virtual Tools for Aspiring Actors\"}]},{\"@type\":\"WebSite\",\"@id\":\"https:\/\/thebasie.org\/#website\",\"url\":\"https:\/\/thebasie.org\/\",\"name\":\"Count Basie Center for the Arts\",\"description\":\"Count Basie Center for the Arts\",\"potentialAction\":[{\"@type\":\"SearchAction\",\"target\":{\"@type\":\"EntryPoint\",\"urlTemplate\":\"https:\/\/thebasie.org\/?s={search_term_string}\"},\"query-input\":{\"@type\":\"PropertyValueSpecification\",\"valueRequired\":true,\"valueName\":\"search_term_string\"}}],\"inLanguage\":\"es\"}]}<\/script>\n<!-- \/ Yoast SEO Premium plugin. -->","yoast_head_json":{"title":"Aprendizaje virtual: herramientas virtuales para aspirantes a actores - Centro Count Basie para las Artes","robots":{"index":"index","follow":"follow","max-snippet":"max-snippet:-1","max-image-preview":"max-image-preview:large","max-video-preview":"max-video-preview:-1"},"canonical":"https:\/\/thebasie.org\/es\/aspirantes-a-actores\/","og_locale":"es_MX","og_type":"article","og_title":"Count Basie Center Academy Online | Virtual Tools for Aspiring Actors","og_description":"From monologue studies to musical theatre vocals, peer networking, improvisation, the Actors Playground proram...","og_url":"https:\/\/thebasie.org\/es\/aspirantes-a-actores\/","og_site_name":"Count Basie Center for the Arts","article_publisher":"http:\/\/www.facebook.com\/basiecenter","article_modified_time":"2020-05-13T19:40:37+00:00","og_image":[{"width":1200,"height":630,"url":"https:\/\/thebasie.org\/wp-content\/uploads\/2020\/04\/Aspiring-Actors-Virtual-FACEBOOK.jpg","type":"image\/jpeg"}],"twitter_card":"summary_large_image","twitter_title":"Virtual Learning - Virtual Tools for Aspiring Actors","twitter_site":"@basiecenter","twitter_misc":{"Tiempo de lectura":"1 minuto"},"schema":{"@context":"https:\/\/schema.org","@graph":[{"@type":"WebPage","@id":"https:\/\/thebasie.org\/aspiring-actors\/","url":"https:\/\/thebasie.org\/aspiring-actors\/","name":"Aprendizaje virtual: herramientas virtuales para aspirantes a actores - Centro Count Basie para las Artes","isPartOf":{"@id":"https:\/\/thebasie.org\/#website"},"primaryImageOfPage":{"@id":"https:\/\/thebasie.org\/aspiring-actors\/#primaryimage"},"image":{"@id":"https:\/\/thebasie.org\/aspiring-actors\/#primaryimage"},"thumbnailUrl":"https:\/\/thebasie.org\/wp-content\/uploads\/2020\/04\/Actors-Category-SLIDER-1800x750-1.jpg","datePublished":"2020-04-21T20:05:34+00:00","dateModified":"2020-05-13T19:40:37+00:00","breadcrumb":{"@id":"https:\/\/thebasie.org\/aspiring-actors\/#breadcrumb"},"inLanguage":"es","potentialAction":[{"@type":"ReadAction","target":["https:\/\/thebasie.org\/aspiring-actors\/"]}]},{"@type":"ImageObject","inLanguage":"es","@id":"https:\/\/thebasie.org\/aspiring-actors\/#primaryimage","url":"https:\/\/thebasie.org\/wp-content\/uploads\/2020\/04\/Actors-Category-SLIDER-1800x750-1.jpg","contentUrl":"https:\/\/thebasie.org\/wp-content\/uploads\/2020\/04\/Actors-Category-SLIDER-1800x750-1.jpg"},{"@type":"BreadcrumbList","@id":"https:\/\/thebasie.org\/aspiring-actors\/#breadcrumb","itemListElement":[{"@type":"ListItem","position":1,"name":"Home","item":"https:\/\/thebasie.org\/"},{"@type":"ListItem","position":2,"name":"Virtual Learning &#8211; Virtual Tools for Aspiring Actors"}]},{"@type":"WebSite","@id":"https:\/\/thebasie.org\/#website","url":"https:\/\/thebasie.org\/","name":"Count Basie Center for the Arts","description":"Count Basie Center for the Arts","potentialAction":[{"@type":"SearchAction","target":{"@type":"EntryPoint","urlTemplate":"https:\/\/thebasie.org\/?s={search_term_string}"},"query-input":{"@type":"PropertyValueSpecification","valueRequired":true,"valueName":"search_term_string"}}],"inLanguage":"es"}]}},"_links":{"self":[{"href":"https:\/\/thebasie.org\/es\/wp-json\/wp\/v2\/pages\/11898","targetHints":{"allow":["GET"]}}],"collection":[{"href":"https:\/\/thebasie.org\/es\/wp-json\/wp\/v2\/pages"}],"about":[{"href":"https:\/\/thebasie.org\/es\/wp-json\/wp\/v2\/types\/page"}],"author":[{"embeddable":true,"href":"https:\/\/thebasie.org\/es\/wp-json\/wp\/v2\/users\/11"}],"replies":[{"embeddable":true,"href":"https:\/\/thebasie.org\/es\/wp-json\/wp\/v2\/comments?post=11898"}],"version-history":[{"count":0,"href":"https:\/\/thebasie.org\/es\/wp-json\/wp\/v2\/pages\/11898\/revisions"}],"wp:attachment":[{"href":"https:\/\/thebasie.org\/es\/wp-json\/wp\/v2\/media?parent=11898"}],"curies":[{"name":"Gracias","href":"https:\/\/api.w.org\/{rel}","templated":true}]}}